{"id":79701,"date":"2017-04-08T18:53:12","date_gmt":"2017-04-08T16:53:12","guid":{"rendered":"https:\/\/profumix.it\/prodotto\/miya-shinma-feuillage-vert-eau-de-parfum-spray-55ml\/"},"modified":"2022-10-19T12:09:31","modified_gmt":"2022-10-19T10:09:31","slug":"miya-shinma-feuillage-vert-eau-de-parfum-spray-55ml","status":"publish","type":"product","link":"https:\/\/profumix.it\/en\/prodotto\/miya-shinma-feuillage-vert-eau-de-parfum-spray-55ml\/","title":{"rendered":"MIYA SHINMA FEUILLAGE VERT EAU DE PARFUM SPRAY 55ML"},"content":{"rendered":"<p>Miya Shinma \u00e8 una nuova marca di fragranze Giapponesi. Il primo \u00e8 stato creato nel 2015 e il pi\u00f9 recente \u00e8 del 2017. Il naso che ha lavorato alla creazione delle fragranze \u00e8 Miya Shinma.<\/p>\n<p>Feuillage vert di Miya Shinma \u00e8 una fragranza del gruppo Floreale Verde da donna e da uomo.<\/p>\n<p>Le note di testa sono Agrumi, Legno di Palissandro e Bamb\u00f9;<\/p>\n<p>le note di cuore sono Fresia, Foglie Verdi e Cardamomo;<\/p>\n<p>le note di base sono Cedro e Muschio Animale.<\/p>\n","protected":false},"excerpt":{"rendered":"<p>Miya Shinma \u00e8 una nuova marca di fragranze Giapponesi. Il primo \u00e8 stato creato nel 2015 e il pi\u00f9 recente \u00e8 del 2017. Il naso che ha lavorato alla creazione delle fragranze \u00e8 Miya Shinma.<\/p>\n<p>Feuillage vert di Miya Shinma \u00e8 una fragranza del gruppo Floreale Verde da donna e da uomo.<\/p>\n<p>Le note di testa sono Agrumi, Legno di Palissandro e Bamb\u00f9;<\/p>\n<p>le note di cuore sono Fresia, Foglie Verdi e Cardamomo;<\/p>\n<p>le note di base sono Cedro e Muschio Animale.<\/p>\n","protected":false},"featured_media":79700,"comment_status":"open","ping_status":"closed","template":"","meta":{"_et_pb_use_builder":"","_et_pb_old_content":"","_et_gb_content_width":""},"product_brand":[],"product_cat":[7100,7098,7106,7108],"product_tag":[],"class_list":{"0":"post-79701","1":"product","2":"type-product","3":"status-publish","4":"has-post-thumbnail","6":"product_cat-in-vetrina","7":"product_cat-default-category","8":"product_cat-profumi-default-category","9":"product_cat-unisex","10":"pa_categoria_desc-profumiunisex","11":"pa_confezione_desc-2e-confezioneoriginale_bliste","12":"pa_formato_filtro-55ml","13":"pa_manufacturer-miyashinma","14":"pa_spedizione_gratuita-si","15":"pa_tipo_filtro-sprayeaudeparfum","17":"first","18":"outofstock","19":"shipping-taxable","20":"purchasable","21":"product-type-simple"},"yoast_head":"<!-- This site is optimized with the Yoast SEO plugin v27.4 - https:\/\/yoast.com\/product\/yoast-seo-wordpress\/ -->\n<title>MIYA SHINMA FEUILLAGE VERT EAU DE PARFUM SPRAY 55ML<\/title>\n<meta name=\"robots\" content=\"index, follow, max-snippet:-1, max-image-preview:large, max-video-preview:-1\" \/>\n<link rel=\"canonical\" href=\"https:\/\/profumix.it\/en\/prodotto\/miya-shinma-feuillage-vert-eau-de-parfum-spray-55ml\/\" \/>\n<meta property=\"og:locale\" content=\"en_US\" \/>\n<meta property=\"og:type\" content=\"article\" \/>\n<meta property=\"og:title\" content=\"MIYA SHINMA FEUILLAGE VERT EAU DE PARFUM SPRAY 55ML\" \/>\n<meta property=\"og:description\" content=\"Miya Shinma \u00e8 una nuova marca di fragranze Giapponesi. Il primo \u00e8 stato creato nel 2015 e il pi\u00f9 recente \u00e8 del 2017. Il naso che ha lavorato alla creazione delle fragranze \u00e8 Miya Shinma.  Feuillage vert di Miya Shinma \u00e8 una fragranza del gruppo Floreale Verde da donna e da uomo.  Le note di testa sono Agrumi, Legno di Palissandro e Bamb\u00f9;  le note di cuore sono Fresia, Foglie Verdi e Cardamomo;  le note di base sono Cedro e Muschio Animale.\" \/>\n<meta property=\"og:url\" content=\"https:\/\/profumix.it\/en\/prodotto\/miya-shinma-feuillage-vert-eau-de-parfum-spray-55ml\/\" \/>\n<meta property=\"og:site_name\" content=\"Profumix Perfumes\" \/>\n<meta property=\"article:publisher\" content=\"https:\/\/www.facebook.com\/profumix\" \/>\n<meta property=\"article:modified_time\" content=\"2022-10-19T10:09:31+00:00\" \/>\n<meta property=\"og:image\" content=\"https:\/\/profumix.it\/wp-content\/uploads\/2017\/04\/product_m_i_miyashinma_feuillagevert_edp55ml.jpg\" \/>\n\t<meta property=\"og:image:width\" content=\"1276\" \/>\n\t<meta property=\"og:image:height\" content=\"1276\" \/>\n\t<meta property=\"og:image:type\" content=\"image\/jpeg\" \/>\n<meta name=\"twitter:card\" content=\"summary_large_image\" \/>\n<script type=\"application\/ld+json\" class=\"yoast-schema-graph\">{\"@context\":\"https:\\\/\\\/schema.org\",\"@graph\":[{\"@type\":\"WebPage\",\"@id\":\"https:\\\/\\\/profumix.it\\\/en\\\/prodotto\\\/miya-shinma-feuillage-vert-eau-de-parfum-spray-55ml\\\/\",\"url\":\"https:\\\/\\\/profumix.it\\\/en\\\/prodotto\\\/miya-shinma-feuillage-vert-eau-de-parfum-spray-55ml\\\/\",\"name\":\"MIYA SHINMA FEUILLAGE VERT EAU DE PARFUM SPRAY 55ML\",\"isPartOf\":{\"@id\":\"https:\\\/\\\/profumix.it\\\/en\\\/#website\"},\"primaryImageOfPage\":{\"@id\":\"https:\\\/\\\/profumix.it\\\/en\\\/prodotto\\\/miya-shinma-feuillage-vert-eau-de-parfum-spray-55ml\\\/#primaryimage\"},\"image\":{\"@id\":\"https:\\\/\\\/profumix.it\\\/en\\\/prodotto\\\/miya-shinma-feuillage-vert-eau-de-parfum-spray-55ml\\\/#primaryimage\"},\"thumbnailUrl\":\"https:\\\/\\\/profumix.it\\\/wp-content\\\/uploads\\\/2017\\\/04\\\/product_m_i_miyashinma_feuillagevert_edp55ml.jpg\",\"datePublished\":\"2017-04-08T16:53:12+00:00\",\"dateModified\":\"2022-10-19T10:09:31+00:00\",\"breadcrumb\":{\"@id\":\"https:\\\/\\\/profumix.it\\\/en\\\/prodotto\\\/miya-shinma-feuillage-vert-eau-de-parfum-spray-55ml\\\/#breadcrumb\"},\"inLanguage\":\"en-US\",\"potentialAction\":[{\"@type\":\"ReadAction\",\"target\":[\"https:\\\/\\\/profumix.it\\\/en\\\/prodotto\\\/miya-shinma-feuillage-vert-eau-de-parfum-spray-55ml\\\/\"]}]},{\"@type\":\"ImageObject\",\"inLanguage\":\"en-US\",\"@id\":\"https:\\\/\\\/profumix.it\\\/en\\\/prodotto\\\/miya-shinma-feuillage-vert-eau-de-parfum-spray-55ml\\\/#primaryimage\",\"url\":\"https:\\\/\\\/profumix.it\\\/wp-content\\\/uploads\\\/2017\\\/04\\\/product_m_i_miyashinma_feuillagevert_edp55ml.jpg\",\"contentUrl\":\"https:\\\/\\\/profumix.it\\\/wp-content\\\/uploads\\\/2017\\\/04\\\/product_m_i_miyashinma_feuillagevert_edp55ml.jpg\",\"width\":1276,\"height\":1276,\"caption\":\"MIYA SHINMA FEUILLAGE VERT EAU DE PARFUM SPRAY 55ML\"},{\"@type\":\"BreadcrumbList\",\"@id\":\"https:\\\/\\\/profumix.it\\\/en\\\/prodotto\\\/miya-shinma-feuillage-vert-eau-de-parfum-spray-55ml\\\/#breadcrumb\",\"itemListElement\":[{\"@type\":\"ListItem\",\"position\":1,\"name\":\"Home\",\"item\":\"https:\\\/\\\/profumix.it\\\/en\\\/home\\\/\"},{\"@type\":\"ListItem\",\"position\":2,\"name\":\"Shop\",\"item\":\"https:\\\/\\\/profumix.it\\\/en\\\/shop\\\/\"},{\"@type\":\"ListItem\",\"position\":3,\"name\":\"MIYA SHINMA FEUILLAGE VERT EAU DE PARFUM SPRAY 55ML\"}]},{\"@type\":\"WebSite\",\"@id\":\"https:\\\/\\\/profumix.it\\\/en\\\/#website\",\"url\":\"https:\\\/\\\/profumix.it\\\/en\\\/\",\"name\":\"Profumix Perfumes\",\"description\":\"\",\"potentialAction\":[{\"@type\":\"SearchAction\",\"target\":{\"@type\":\"EntryPoint\",\"urlTemplate\":\"https:\\\/\\\/profumix.it\\\/en\\\/?s={search_term_string}\"},\"query-input\":{\"@type\":\"PropertyValueSpecification\",\"valueRequired\":true,\"valueName\":\"search_term_string\"}}],\"inLanguage\":\"en-US\"}]}<\/script>\n<!-- \/ Yoast SEO plugin. -->","yoast_head_json":{"title":"MIYA SHINMA FEUILLAGE VERT EAU DE PARFUM SPRAY 55ML","robots":{"index":"index","follow":"follow","max-snippet":"max-snippet:-1","max-image-preview":"max-image-preview:large","max-video-preview":"max-video-preview:-1"},"canonical":"https:\/\/profumix.it\/en\/prodotto\/miya-shinma-feuillage-vert-eau-de-parfum-spray-55ml\/","og_locale":"en_US","og_type":"article","og_title":"MIYA SHINMA FEUILLAGE VERT EAU DE PARFUM SPRAY 55ML","og_description":"Miya Shinma \u00e8 una nuova marca di fragranze Giapponesi. Il primo \u00e8 stato creato nel 2015 e il pi\u00f9 recente \u00e8 del 2017. Il naso che ha lavorato alla creazione delle fragranze \u00e8 Miya Shinma.  Feuillage vert di Miya Shinma \u00e8 una fragranza del gruppo Floreale Verde da donna e da uomo.  Le note di testa sono Agrumi, Legno di Palissandro e Bamb\u00f9;  le note di cuore sono Fresia, Foglie Verdi e Cardamomo;  le note di base sono Cedro e Muschio Animale.","og_url":"https:\/\/profumix.it\/en\/prodotto\/miya-shinma-feuillage-vert-eau-de-parfum-spray-55ml\/","og_site_name":"Profumix Perfumes","article_publisher":"https:\/\/www.facebook.com\/profumix","article_modified_time":"2022-10-19T10:09:31+00:00","og_image":[{"width":1276,"height":1276,"url":"https:\/\/profumix.it\/wp-content\/uploads\/2017\/04\/product_m_i_miyashinma_feuillagevert_edp55ml.jpg","type":"image\/jpeg"}],"twitter_card":"summary_large_image","schema":{"@context":"https:\/\/schema.org","@graph":[{"@type":"WebPage","@id":"https:\/\/profumix.it\/en\/prodotto\/miya-shinma-feuillage-vert-eau-de-parfum-spray-55ml\/","url":"https:\/\/profumix.it\/en\/prodotto\/miya-shinma-feuillage-vert-eau-de-parfum-spray-55ml\/","name":"MIYA SHINMA FEUILLAGE VERT EAU DE PARFUM SPRAY 55ML","isPartOf":{"@id":"https:\/\/profumix.it\/en\/#website"},"primaryImageOfPage":{"@id":"https:\/\/profumix.it\/en\/prodotto\/miya-shinma-feuillage-vert-eau-de-parfum-spray-55ml\/#primaryimage"},"image":{"@id":"https:\/\/profumix.it\/en\/prodotto\/miya-shinma-feuillage-vert-eau-de-parfum-spray-55ml\/#primaryimage"},"thumbnailUrl":"https:\/\/profumix.it\/wp-content\/uploads\/2017\/04\/product_m_i_miyashinma_feuillagevert_edp55ml.jpg","datePublished":"2017-04-08T16:53:12+00:00","dateModified":"2022-10-19T10:09:31+00:00","breadcrumb":{"@id":"https:\/\/profumix.it\/en\/prodotto\/miya-shinma-feuillage-vert-eau-de-parfum-spray-55ml\/#breadcrumb"},"inLanguage":"en-US","potentialAction":[{"@type":"ReadAction","target":["https:\/\/profumix.it\/en\/prodotto\/miya-shinma-feuillage-vert-eau-de-parfum-spray-55ml\/"]}]},{"@type":"ImageObject","inLanguage":"en-US","@id":"https:\/\/profumix.it\/en\/prodotto\/miya-shinma-feuillage-vert-eau-de-parfum-spray-55ml\/#primaryimage","url":"https:\/\/profumix.it\/wp-content\/uploads\/2017\/04\/product_m_i_miyashinma_feuillagevert_edp55ml.jpg","contentUrl":"https:\/\/profumix.it\/wp-content\/uploads\/2017\/04\/product_m_i_miyashinma_feuillagevert_edp55ml.jpg","width":1276,"height":1276,"caption":"MIYA SHINMA FEUILLAGE VERT EAU DE PARFUM SPRAY 55ML"},{"@type":"BreadcrumbList","@id":"https:\/\/profumix.it\/en\/prodotto\/miya-shinma-feuillage-vert-eau-de-parfum-spray-55ml\/#breadcrumb","itemListElement":[{"@type":"ListItem","position":1,"name":"Home","item":"https:\/\/profumix.it\/en\/home\/"},{"@type":"ListItem","position":2,"name":"Shop","item":"https:\/\/profumix.it\/en\/shop\/"},{"@type":"ListItem","position":3,"name":"MIYA SHINMA FEUILLAGE VERT EAU DE PARFUM SPRAY 55ML"}]},{"@type":"WebSite","@id":"https:\/\/profumix.it\/en\/#website","url":"https:\/\/profumix.it\/en\/","name":"Profumix Perfumes","description":"","potentialAction":[{"@type":"SearchAction","target":{"@type":"EntryPoint","urlTemplate":"https:\/\/profumix.it\/en\/?s={search_term_string}"},"query-input":{"@type":"PropertyValueSpecification","valueRequired":true,"valueName":"search_term_string"}}],"inLanguage":"en-US"}]}},"_links":{"self":[{"href":"https:\/\/profumix.it\/en\/wp-json\/wp\/v2\/product\/79701","targetHints":{"allow":["GET"]}}],"collection":[{"href":"https:\/\/profumix.it\/en\/wp-json\/wp\/v2\/product"}],"about":[{"href":"https:\/\/profumix.it\/en\/wp-json\/wp\/v2\/types\/product"}],"replies":[{"embeddable":true,"href":"https:\/\/profumix.it\/en\/wp-json\/wp\/v2\/comments?post=79701"}],"wp:featuredmedia":[{"embeddable":true,"href":"https:\/\/profumix.it\/en\/wp-json\/wp\/v2\/media\/79700"}],"wp:attachment":[{"href":"https:\/\/profumix.it\/en\/wp-json\/wp\/v2\/media?parent=79701"}],"wp:term":[{"taxonomy":"product_brand","embeddable":true,"href":"https:\/\/profumix.it\/en\/wp-json\/wp\/v2\/product_brand?post=79701"},{"taxonomy":"product_cat","embeddable":true,"href":"https:\/\/profumix.it\/en\/wp-json\/wp\/v2\/product_cat?post=79701"},{"taxonomy":"product_tag","embeddable":true,"href":"https:\/\/profumix.it\/en\/wp-json\/wp\/v2\/product_tag?post=79701"}],"curies":[{"name":"wp","href":"https:\/\/api.w.org\/{rel}","templated":true}]}}