{"id":79713,"date":"2017-04-11T09:58:22","date_gmt":"2017-04-11T07:58:22","guid":{"rendered":"https:\/\/profumix.it\/prodotto\/miya-shinma-tsubaki-eau-de-parfum-spray-55ml\/"},"modified":"2022-10-19T12:09:32","modified_gmt":"2022-10-19T10:09:32","slug":"miya-shinma-tsubaki-eau-de-parfum-spray-55ml","status":"publish","type":"product","link":"https:\/\/profumix.it\/en\/prodotto\/miya-shinma-tsubaki-eau-de-parfum-spray-55ml\/","title":{"rendered":"MIYA SHINMA TSUBAKI EAU DE PARFUM SPRAY 55ML"},"content":{"rendered":"<p>Miya Shinma \u00e8 una nuova marca di fragranze Giapponesi. Il primo \u00e8 stato creato nel 2015 e il pi\u00f9 recente \u00e8 del 2017. Il naso che ha lavorato alla creazione delle fragranze \u00e8 Miya Shinma.<\/p>\n<p>Tsubaki di Miya Shinma \u00e8 una fragranza del gruppo Chypre da donna e da uomo. E&#8217; una nuova fragranza. Tsubaki \u00e8 stato lanciato sul mercato nel 2015.<\/p>\n<p>Le note di cuore sono Camelia e Gelsomino;<\/p>\n<p>Le note di base sono Patchouli, Legno di Agar (Oud) e Muschio Animale<\/p>\n","protected":false},"excerpt":{"rendered":"<p>Miya Shinma \u00e8 una nuova marca di fragranze Giapponesi. Il primo \u00e8 stato creato nel 2015 e il pi\u00f9 recente \u00e8 del 2017. Il naso che ha lavorato alla creazione delle fragranze \u00e8 Miya Shinma.<\/p>\n<p>Tsubaki di Miya Shinma \u00e8 una fragranza del gruppo Chypre da donna e da uomo. E&#8217; una nuova fragranza. Tsubaki \u00e8 stato lanciato sul mercato nel 2015.<\/p>\n<p>Le note di cuore sono Camelia e Gelsomino;<\/p>\n<p>Le note di base sono Patchouli, Legno di Agar (Oud) e Muschio Animale<\/p>\n","protected":false},"featured_media":79712,"comment_status":"open","ping_status":"closed","template":"","meta":{"_et_pb_use_builder":"","_et_pb_old_content":"","_et_gb_content_width":""},"product_brand":[],"product_cat":[7100,7098,7106,7108],"product_tag":[],"class_list":{"0":"post-79713","1":"product","2":"type-product","3":"status-publish","4":"has-post-thumbnail","6":"product_cat-in-vetrina","7":"product_cat-default-category","8":"product_cat-profumi-default-category","9":"product_cat-unisex","10":"pa_categoria_desc-profumiunisex","11":"pa_confezione_desc-2e-confezioneoriginale_bliste","12":"pa_formato_filtro-55ml","13":"pa_manufacturer-miyashinma","14":"pa_spedizione_gratuita-si","15":"pa_tipo_filtro-sprayeaudeparfum","17":"first","18":"outofstock","19":"shipping-taxable","20":"purchasable","21":"product-type-simple"},"yoast_head":"<!-- This site is optimized with the Yoast SEO plugin v27.4 - https:\/\/yoast.com\/product\/yoast-seo-wordpress\/ -->\n<title>MIYA SHINMA TSUBAKI EAU DE PARFUM SPRAY 55ML<\/title>\n<meta name=\"robots\" content=\"index, follow, max-snippet:-1, max-image-preview:large, max-video-preview:-1\" \/>\n<link rel=\"canonical\" href=\"https:\/\/profumix.it\/en\/prodotto\/miya-shinma-tsubaki-eau-de-parfum-spray-55ml\/\" \/>\n<meta property=\"og:locale\" content=\"en_US\" \/>\n<meta property=\"og:type\" content=\"article\" \/>\n<meta property=\"og:title\" content=\"MIYA SHINMA TSUBAKI EAU DE PARFUM SPRAY 55ML\" \/>\n<meta property=\"og:description\" content=\"Miya Shinma \u00e8 una nuova marca di fragranze Giapponesi. Il primo \u00e8 stato creato nel 2015 e il pi\u00f9 recente \u00e8 del 2017. Il naso che ha lavorato alla creazione delle fragranze \u00e8 Miya Shinma.  Tsubaki di Miya Shinma \u00e8 una fragranza del gruppo Chypre da donna e da uomo. E&#039; una nuova fragranza. Tsubaki \u00e8 stato lanciato sul mercato nel 2015.  Le note di cuore sono Camelia e Gelsomino;  Le note di base sono Patchouli, Legno di Agar (Oud) e Muschio Animale\" \/>\n<meta property=\"og:url\" content=\"https:\/\/profumix.it\/en\/prodotto\/miya-shinma-tsubaki-eau-de-parfum-spray-55ml\/\" \/>\n<meta property=\"og:site_name\" content=\"Profumix Perfumes\" \/>\n<meta property=\"article:publisher\" content=\"https:\/\/www.facebook.com\/profumix\" \/>\n<meta property=\"article:modified_time\" content=\"2022-10-19T10:09:32+00:00\" \/>\n<meta property=\"og:image\" content=\"https:\/\/profumix.it\/wp-content\/uploads\/2017\/04\/product_m_i_miyashinma_tsubaki_edp55ml.jpg\" \/>\n\t<meta property=\"og:image:width\" content=\"1000\" \/>\n\t<meta property=\"og:image:height\" content=\"1000\" \/>\n\t<meta property=\"og:image:type\" content=\"image\/jpeg\" \/>\n<meta name=\"twitter:card\" content=\"summary_large_image\" \/>\n<script type=\"application\/ld+json\" class=\"yoast-schema-graph\">{\"@context\":\"https:\\\/\\\/schema.org\",\"@graph\":[{\"@type\":\"WebPage\",\"@id\":\"https:\\\/\\\/profumix.it\\\/en\\\/prodotto\\\/miya-shinma-tsubaki-eau-de-parfum-spray-55ml\\\/\",\"url\":\"https:\\\/\\\/profumix.it\\\/en\\\/prodotto\\\/miya-shinma-tsubaki-eau-de-parfum-spray-55ml\\\/\",\"name\":\"MIYA SHINMA TSUBAKI EAU DE PARFUM SPRAY 55ML\",\"isPartOf\":{\"@id\":\"https:\\\/\\\/profumix.it\\\/en\\\/#website\"},\"primaryImageOfPage\":{\"@id\":\"https:\\\/\\\/profumix.it\\\/en\\\/prodotto\\\/miya-shinma-tsubaki-eau-de-parfum-spray-55ml\\\/#primaryimage\"},\"image\":{\"@id\":\"https:\\\/\\\/profumix.it\\\/en\\\/prodotto\\\/miya-shinma-tsubaki-eau-de-parfum-spray-55ml\\\/#primaryimage\"},\"thumbnailUrl\":\"https:\\\/\\\/profumix.it\\\/wp-content\\\/uploads\\\/2017\\\/04\\\/product_m_i_miyashinma_tsubaki_edp55ml.jpg\",\"datePublished\":\"2017-04-11T07:58:22+00:00\",\"dateModified\":\"2022-10-19T10:09:32+00:00\",\"breadcrumb\":{\"@id\":\"https:\\\/\\\/profumix.it\\\/en\\\/prodotto\\\/miya-shinma-tsubaki-eau-de-parfum-spray-55ml\\\/#breadcrumb\"},\"inLanguage\":\"en-US\",\"potentialAction\":[{\"@type\":\"ReadAction\",\"target\":[\"https:\\\/\\\/profumix.it\\\/en\\\/prodotto\\\/miya-shinma-tsubaki-eau-de-parfum-spray-55ml\\\/\"]}]},{\"@type\":\"ImageObject\",\"inLanguage\":\"en-US\",\"@id\":\"https:\\\/\\\/profumix.it\\\/en\\\/prodotto\\\/miya-shinma-tsubaki-eau-de-parfum-spray-55ml\\\/#primaryimage\",\"url\":\"https:\\\/\\\/profumix.it\\\/wp-content\\\/uploads\\\/2017\\\/04\\\/product_m_i_miyashinma_tsubaki_edp55ml.jpg\",\"contentUrl\":\"https:\\\/\\\/profumix.it\\\/wp-content\\\/uploads\\\/2017\\\/04\\\/product_m_i_miyashinma_tsubaki_edp55ml.jpg\",\"width\":1000,\"height\":1000,\"caption\":\"MIYA SHINMA TSUBAKI EAU DE PARFUM SPRAY 55ML\"},{\"@type\":\"BreadcrumbList\",\"@id\":\"https:\\\/\\\/profumix.it\\\/en\\\/prodotto\\\/miya-shinma-tsubaki-eau-de-parfum-spray-55ml\\\/#breadcrumb\",\"itemListElement\":[{\"@type\":\"ListItem\",\"position\":1,\"name\":\"Home\",\"item\":\"https:\\\/\\\/profumix.it\\\/en\\\/home\\\/\"},{\"@type\":\"ListItem\",\"position\":2,\"name\":\"Shop\",\"item\":\"https:\\\/\\\/profumix.it\\\/en\\\/shop\\\/\"},{\"@type\":\"ListItem\",\"position\":3,\"name\":\"MIYA SHINMA TSUBAKI EAU DE PARFUM SPRAY 55ML\"}]},{\"@type\":\"WebSite\",\"@id\":\"https:\\\/\\\/profumix.it\\\/en\\\/#website\",\"url\":\"https:\\\/\\\/profumix.it\\\/en\\\/\",\"name\":\"Profumix Perfumes\",\"description\":\"\",\"potentialAction\":[{\"@type\":\"SearchAction\",\"target\":{\"@type\":\"EntryPoint\",\"urlTemplate\":\"https:\\\/\\\/profumix.it\\\/en\\\/?s={search_term_string}\"},\"query-input\":{\"@type\":\"PropertyValueSpecification\",\"valueRequired\":true,\"valueName\":\"search_term_string\"}}],\"inLanguage\":\"en-US\"}]}<\/script>\n<!-- \/ Yoast SEO plugin. -->","yoast_head_json":{"title":"MIYA SHINMA TSUBAKI EAU DE PARFUM SPRAY 55ML","robots":{"index":"index","follow":"follow","max-snippet":"max-snippet:-1","max-image-preview":"max-image-preview:large","max-video-preview":"max-video-preview:-1"},"canonical":"https:\/\/profumix.it\/en\/prodotto\/miya-shinma-tsubaki-eau-de-parfum-spray-55ml\/","og_locale":"en_US","og_type":"article","og_title":"MIYA SHINMA TSUBAKI EAU DE PARFUM SPRAY 55ML","og_description":"Miya Shinma \u00e8 una nuova marca di fragranze Giapponesi. Il primo \u00e8 stato creato nel 2015 e il pi\u00f9 recente \u00e8 del 2017. Il naso che ha lavorato alla creazione delle fragranze \u00e8 Miya Shinma.  Tsubaki di Miya Shinma \u00e8 una fragranza del gruppo Chypre da donna e da uomo. E' una nuova fragranza. Tsubaki \u00e8 stato lanciato sul mercato nel 2015.  Le note di cuore sono Camelia e Gelsomino;  Le note di base sono Patchouli, Legno di Agar (Oud) e Muschio Animale","og_url":"https:\/\/profumix.it\/en\/prodotto\/miya-shinma-tsubaki-eau-de-parfum-spray-55ml\/","og_site_name":"Profumix Perfumes","article_publisher":"https:\/\/www.facebook.com\/profumix","article_modified_time":"2022-10-19T10:09:32+00:00","og_image":[{"width":1000,"height":1000,"url":"https:\/\/profumix.it\/wp-content\/uploads\/2017\/04\/product_m_i_miyashinma_tsubaki_edp55ml.jpg","type":"image\/jpeg"}],"twitter_card":"summary_large_image","schema":{"@context":"https:\/\/schema.org","@graph":[{"@type":"WebPage","@id":"https:\/\/profumix.it\/en\/prodotto\/miya-shinma-tsubaki-eau-de-parfum-spray-55ml\/","url":"https:\/\/profumix.it\/en\/prodotto\/miya-shinma-tsubaki-eau-de-parfum-spray-55ml\/","name":"MIYA SHINMA TSUBAKI EAU DE PARFUM SPRAY 55ML","isPartOf":{"@id":"https:\/\/profumix.it\/en\/#website"},"primaryImageOfPage":{"@id":"https:\/\/profumix.it\/en\/prodotto\/miya-shinma-tsubaki-eau-de-parfum-spray-55ml\/#primaryimage"},"image":{"@id":"https:\/\/profumix.it\/en\/prodotto\/miya-shinma-tsubaki-eau-de-parfum-spray-55ml\/#primaryimage"},"thumbnailUrl":"https:\/\/profumix.it\/wp-content\/uploads\/2017\/04\/product_m_i_miyashinma_tsubaki_edp55ml.jpg","datePublished":"2017-04-11T07:58:22+00:00","dateModified":"2022-10-19T10:09:32+00:00","breadcrumb":{"@id":"https:\/\/profumix.it\/en\/prodotto\/miya-shinma-tsubaki-eau-de-parfum-spray-55ml\/#breadcrumb"},"inLanguage":"en-US","potentialAction":[{"@type":"ReadAction","target":["https:\/\/profumix.it\/en\/prodotto\/miya-shinma-tsubaki-eau-de-parfum-spray-55ml\/"]}]},{"@type":"ImageObject","inLanguage":"en-US","@id":"https:\/\/profumix.it\/en\/prodotto\/miya-shinma-tsubaki-eau-de-parfum-spray-55ml\/#primaryimage","url":"https:\/\/profumix.it\/wp-content\/uploads\/2017\/04\/product_m_i_miyashinma_tsubaki_edp55ml.jpg","contentUrl":"https:\/\/profumix.it\/wp-content\/uploads\/2017\/04\/product_m_i_miyashinma_tsubaki_edp55ml.jpg","width":1000,"height":1000,"caption":"MIYA SHINMA TSUBAKI EAU DE PARFUM SPRAY 55ML"},{"@type":"BreadcrumbList","@id":"https:\/\/profumix.it\/en\/prodotto\/miya-shinma-tsubaki-eau-de-parfum-spray-55ml\/#breadcrumb","itemListElement":[{"@type":"ListItem","position":1,"name":"Home","item":"https:\/\/profumix.it\/en\/home\/"},{"@type":"ListItem","position":2,"name":"Shop","item":"https:\/\/profumix.it\/en\/shop\/"},{"@type":"ListItem","position":3,"name":"MIYA SHINMA TSUBAKI EAU DE PARFUM SPRAY 55ML"}]},{"@type":"WebSite","@id":"https:\/\/profumix.it\/en\/#website","url":"https:\/\/profumix.it\/en\/","name":"Profumix Perfumes","description":"","potentialAction":[{"@type":"SearchAction","target":{"@type":"EntryPoint","urlTemplate":"https:\/\/profumix.it\/en\/?s={search_term_string}"},"query-input":{"@type":"PropertyValueSpecification","valueRequired":true,"valueName":"search_term_string"}}],"inLanguage":"en-US"}]}},"_links":{"self":[{"href":"https:\/\/profumix.it\/en\/wp-json\/wp\/v2\/product\/79713","targetHints":{"allow":["GET"]}}],"collection":[{"href":"https:\/\/profumix.it\/en\/wp-json\/wp\/v2\/product"}],"about":[{"href":"https:\/\/profumix.it\/en\/wp-json\/wp\/v2\/types\/product"}],"replies":[{"embeddable":true,"href":"https:\/\/profumix.it\/en\/wp-json\/wp\/v2\/comments?post=79713"}],"wp:featuredmedia":[{"embeddable":true,"href":"https:\/\/profumix.it\/en\/wp-json\/wp\/v2\/media\/79712"}],"wp:attachment":[{"href":"https:\/\/profumix.it\/en\/wp-json\/wp\/v2\/media?parent=79713"}],"wp:term":[{"taxonomy":"product_brand","embeddable":true,"href":"https:\/\/profumix.it\/en\/wp-json\/wp\/v2\/product_brand?post=79713"},{"taxonomy":"product_cat","embeddable":true,"href":"https:\/\/profumix.it\/en\/wp-json\/wp\/v2\/product_cat?post=79713"},{"taxonomy":"product_tag","embeddable":true,"href":"https:\/\/profumix.it\/en\/wp-json\/wp\/v2\/product_tag?post=79713"}],"curies":[{"name":"wp","href":"https:\/\/api.w.org\/{rel}","templated":true}]}}