{"id":79779,"date":"2017-04-29T09:25:53","date_gmt":"2017-04-29T07:25:53","guid":{"rendered":"https:\/\/profumix.it\/prodotto\/olivier-durbano-inspiration-promethee-100ml-spray-eau-de-parfum\/"},"modified":"2022-10-19T12:09:45","modified_gmt":"2022-10-19T10:09:45","slug":"olivier-durbano-inspiration-promethee-100ml-spray-eau-de-parfum","status":"publish","type":"product","link":"https:\/\/profumix.it\/en\/prodotto\/olivier-durbano-inspiration-promethee-100ml-spray-eau-de-parfum\/","title":{"rendered":"OLIVIER DURBANO INSPIRATION PROMETHEE 100ML SPRAY EAU DE PARFUM"},"content":{"rendered":"<p>Promethee di Olivier Durbano \u00e8 una fragranza del gruppo Orientale Foug\u00e8re da donna e da uomo. Promethee \u00e8 stato lanciato sul mercato nel 2014. Il Naso di questa fragranza \u00e8 Olivier Durbano.<br \/>\nLa fragranza contiene note di Finocchio, Pepe Rosa, Noce Moscata, Mirto, Labdano, Giglio, Narciso, Salvia, Storace, Incenso, Ambra Grigia, Cedro, Vetiver e Muschio Animale. <\/p>\n","protected":false},"excerpt":{"rendered":"<p>Promethee di Olivier Durbano \u00e8 una fragranza del gruppo Orientale Foug\u00e8re da donna e da uomo. Promethee \u00e8 stato lanciato sul mercato nel 2014. Il Naso di questa fragranza \u00e8 Olivier Durbano.<br \/>\nLa fragranza contiene note di Finocchio, Pepe Rosa, Noce Moscata, Mirto, Labdano, Giglio, Narciso, Salvia, Storace, Incenso, Ambra Grigia, Cedro, Vetiver e Muschio Animale. <\/p>\n","protected":false},"featured_media":79778,"comment_status":"open","ping_status":"closed","template":"","meta":{"_et_pb_use_builder":"","_et_pb_old_content":"","_et_gb_content_width":""},"product_brand":[],"product_cat":[7109,7100,7098,7106,7108,7107],"product_tag":[],"class_list":{"0":"post-79779","1":"product","2":"type-product","3":"status-publish","4":"has-post-thumbnail","6":"product_cat-donna","7":"product_cat-in-vetrina","8":"product_cat-default-category","9":"product_cat-profumi-default-category","10":"product_cat-unisex","11":"product_cat-uomo-profumi-default-category","12":"pa_categoria_desc-profumiunisex","13":"pa_confezione_desc-confezioneoriginalenotester","14":"pa_formato_filtro-100ml","15":"pa_manufacturer-olivierdurbano","16":"pa_spedizione_gratuita-si","17":"pa_tipo_filtro-eaudeparfum","19":"first","20":"outofstock","21":"shipping-taxable","22":"purchasable","23":"product-type-simple"},"yoast_head":"<!-- This site is optimized with the Yoast SEO plugin v27.4 - https:\/\/yoast.com\/product\/yoast-seo-wordpress\/ -->\n<title>OLIVIER DURBANO INSPIRATION PROMETHEE 100ML SPRAY EAU DE PARFUM<\/title>\n<meta name=\"robots\" content=\"index, follow, max-snippet:-1, max-image-preview:large, max-video-preview:-1\" \/>\n<link rel=\"canonical\" href=\"https:\/\/profumix.it\/en\/prodotto\/olivier-durbano-inspiration-promethee-100ml-spray-eau-de-parfum\/\" \/>\n<meta property=\"og:locale\" content=\"en_US\" \/>\n<meta property=\"og:type\" content=\"article\" \/>\n<meta property=\"og:title\" content=\"OLIVIER DURBANO INSPIRATION PROMETHEE 100ML SPRAY EAU DE PARFUM\" \/>\n<meta property=\"og:description\" content=\"Promethee di Olivier Durbano \u00e8 una fragranza del gruppo Orientale Foug\u00e8re da donna e da uomo. Promethee \u00e8 stato lanciato sul mercato nel 2014. Il Naso di questa fragranza \u00e8 Olivier Durbano.  La fragranza contiene note di Finocchio, Pepe Rosa, Noce Moscata, Mirto, Labdano, Giglio, Narciso, Salvia, Storace, Incenso, Ambra Grigia, Cedro, Vetiver e Muschio Animale.\" \/>\n<meta property=\"og:url\" content=\"https:\/\/profumix.it\/en\/prodotto\/olivier-durbano-inspiration-promethee-100ml-spray-eau-de-parfum\/\" \/>\n<meta property=\"og:site_name\" content=\"Profumix Perfumes\" \/>\n<meta property=\"article:publisher\" content=\"https:\/\/www.facebook.com\/profumix\" \/>\n<meta property=\"article:modified_time\" content=\"2022-10-19T10:09:45+00:00\" \/>\n<meta property=\"og:image\" content=\"https:\/\/profumix.it\/wp-content\/uploads\/2017\/04\/product_o_l_olivier_durbano_promethee_100ml_edp.jpg\" \/>\n\t<meta property=\"og:image:width\" content=\"1276\" \/>\n\t<meta property=\"og:image:height\" content=\"1276\" \/>\n\t<meta property=\"og:image:type\" content=\"image\/jpeg\" \/>\n<meta name=\"twitter:card\" content=\"summary_large_image\" \/>\n<script type=\"application\/ld+json\" class=\"yoast-schema-graph\">{\"@context\":\"https:\\\/\\\/schema.org\",\"@graph\":[{\"@type\":\"WebPage\",\"@id\":\"https:\\\/\\\/profumix.it\\\/en\\\/prodotto\\\/olivier-durbano-inspiration-promethee-100ml-spray-eau-de-parfum\\\/\",\"url\":\"https:\\\/\\\/profumix.it\\\/en\\\/prodotto\\\/olivier-durbano-inspiration-promethee-100ml-spray-eau-de-parfum\\\/\",\"name\":\"OLIVIER DURBANO INSPIRATION PROMETHEE 100ML SPRAY EAU DE PARFUM\",\"isPartOf\":{\"@id\":\"https:\\\/\\\/profumix.it\\\/en\\\/#website\"},\"primaryImageOfPage\":{\"@id\":\"https:\\\/\\\/profumix.it\\\/en\\\/prodotto\\\/olivier-durbano-inspiration-promethee-100ml-spray-eau-de-parfum\\\/#primaryimage\"},\"image\":{\"@id\":\"https:\\\/\\\/profumix.it\\\/en\\\/prodotto\\\/olivier-durbano-inspiration-promethee-100ml-spray-eau-de-parfum\\\/#primaryimage\"},\"thumbnailUrl\":\"https:\\\/\\\/profumix.it\\\/wp-content\\\/uploads\\\/2017\\\/04\\\/product_o_l_olivier_durbano_promethee_100ml_edp.jpg\",\"datePublished\":\"2017-04-29T07:25:53+00:00\",\"dateModified\":\"2022-10-19T10:09:45+00:00\",\"breadcrumb\":{\"@id\":\"https:\\\/\\\/profumix.it\\\/en\\\/prodotto\\\/olivier-durbano-inspiration-promethee-100ml-spray-eau-de-parfum\\\/#breadcrumb\"},\"inLanguage\":\"en-US\",\"potentialAction\":[{\"@type\":\"ReadAction\",\"target\":[\"https:\\\/\\\/profumix.it\\\/en\\\/prodotto\\\/olivier-durbano-inspiration-promethee-100ml-spray-eau-de-parfum\\\/\"]}]},{\"@type\":\"ImageObject\",\"inLanguage\":\"en-US\",\"@id\":\"https:\\\/\\\/profumix.it\\\/en\\\/prodotto\\\/olivier-durbano-inspiration-promethee-100ml-spray-eau-de-parfum\\\/#primaryimage\",\"url\":\"https:\\\/\\\/profumix.it\\\/wp-content\\\/uploads\\\/2017\\\/04\\\/product_o_l_olivier_durbano_promethee_100ml_edp.jpg\",\"contentUrl\":\"https:\\\/\\\/profumix.it\\\/wp-content\\\/uploads\\\/2017\\\/04\\\/product_o_l_olivier_durbano_promethee_100ml_edp.jpg\",\"width\":1276,\"height\":1276,\"caption\":\"OLIVIER DURBANO INSPIRATION PROMETHEE 100ML SPRAY EAU DE PARFUM\"},{\"@type\":\"BreadcrumbList\",\"@id\":\"https:\\\/\\\/profumix.it\\\/en\\\/prodotto\\\/olivier-durbano-inspiration-promethee-100ml-spray-eau-de-parfum\\\/#breadcrumb\",\"itemListElement\":[{\"@type\":\"ListItem\",\"position\":1,\"name\":\"Home\",\"item\":\"https:\\\/\\\/profumix.it\\\/en\\\/home\\\/\"},{\"@type\":\"ListItem\",\"position\":2,\"name\":\"Shop\",\"item\":\"https:\\\/\\\/profumix.it\\\/en\\\/shop\\\/\"},{\"@type\":\"ListItem\",\"position\":3,\"name\":\"OLIVIER DURBANO INSPIRATION PROMETHEE 100ML SPRAY EAU DE PARFUM\"}]},{\"@type\":\"WebSite\",\"@id\":\"https:\\\/\\\/profumix.it\\\/en\\\/#website\",\"url\":\"https:\\\/\\\/profumix.it\\\/en\\\/\",\"name\":\"Profumix Perfumes\",\"description\":\"\",\"potentialAction\":[{\"@type\":\"SearchAction\",\"target\":{\"@type\":\"EntryPoint\",\"urlTemplate\":\"https:\\\/\\\/profumix.it\\\/en\\\/?s={search_term_string}\"},\"query-input\":{\"@type\":\"PropertyValueSpecification\",\"valueRequired\":true,\"valueName\":\"search_term_string\"}}],\"inLanguage\":\"en-US\"}]}<\/script>\n<!-- \/ Yoast SEO plugin. -->","yoast_head_json":{"title":"OLIVIER DURBANO INSPIRATION PROMETHEE 100ML SPRAY EAU DE PARFUM","robots":{"index":"index","follow":"follow","max-snippet":"max-snippet:-1","max-image-preview":"max-image-preview:large","max-video-preview":"max-video-preview:-1"},"canonical":"https:\/\/profumix.it\/en\/prodotto\/olivier-durbano-inspiration-promethee-100ml-spray-eau-de-parfum\/","og_locale":"en_US","og_type":"article","og_title":"OLIVIER DURBANO INSPIRATION PROMETHEE 100ML SPRAY EAU DE PARFUM","og_description":"Promethee di Olivier Durbano \u00e8 una fragranza del gruppo Orientale Foug\u00e8re da donna e da uomo. Promethee \u00e8 stato lanciato sul mercato nel 2014. Il Naso di questa fragranza \u00e8 Olivier Durbano.  La fragranza contiene note di Finocchio, Pepe Rosa, Noce Moscata, Mirto, Labdano, Giglio, Narciso, Salvia, Storace, Incenso, Ambra Grigia, Cedro, Vetiver e Muschio Animale.","og_url":"https:\/\/profumix.it\/en\/prodotto\/olivier-durbano-inspiration-promethee-100ml-spray-eau-de-parfum\/","og_site_name":"Profumix Perfumes","article_publisher":"https:\/\/www.facebook.com\/profumix","article_modified_time":"2022-10-19T10:09:45+00:00","og_image":[{"width":1276,"height":1276,"url":"https:\/\/profumix.it\/wp-content\/uploads\/2017\/04\/product_o_l_olivier_durbano_promethee_100ml_edp.jpg","type":"image\/jpeg"}],"twitter_card":"summary_large_image","schema":{"@context":"https:\/\/schema.org","@graph":[{"@type":"WebPage","@id":"https:\/\/profumix.it\/en\/prodotto\/olivier-durbano-inspiration-promethee-100ml-spray-eau-de-parfum\/","url":"https:\/\/profumix.it\/en\/prodotto\/olivier-durbano-inspiration-promethee-100ml-spray-eau-de-parfum\/","name":"OLIVIER DURBANO INSPIRATION PROMETHEE 100ML SPRAY EAU DE PARFUM","isPartOf":{"@id":"https:\/\/profumix.it\/en\/#website"},"primaryImageOfPage":{"@id":"https:\/\/profumix.it\/en\/prodotto\/olivier-durbano-inspiration-promethee-100ml-spray-eau-de-parfum\/#primaryimage"},"image":{"@id":"https:\/\/profumix.it\/en\/prodotto\/olivier-durbano-inspiration-promethee-100ml-spray-eau-de-parfum\/#primaryimage"},"thumbnailUrl":"https:\/\/profumix.it\/wp-content\/uploads\/2017\/04\/product_o_l_olivier_durbano_promethee_100ml_edp.jpg","datePublished":"2017-04-29T07:25:53+00:00","dateModified":"2022-10-19T10:09:45+00:00","breadcrumb":{"@id":"https:\/\/profumix.it\/en\/prodotto\/olivier-durbano-inspiration-promethee-100ml-spray-eau-de-parfum\/#breadcrumb"},"inLanguage":"en-US","potentialAction":[{"@type":"ReadAction","target":["https:\/\/profumix.it\/en\/prodotto\/olivier-durbano-inspiration-promethee-100ml-spray-eau-de-parfum\/"]}]},{"@type":"ImageObject","inLanguage":"en-US","@id":"https:\/\/profumix.it\/en\/prodotto\/olivier-durbano-inspiration-promethee-100ml-spray-eau-de-parfum\/#primaryimage","url":"https:\/\/profumix.it\/wp-content\/uploads\/2017\/04\/product_o_l_olivier_durbano_promethee_100ml_edp.jpg","contentUrl":"https:\/\/profumix.it\/wp-content\/uploads\/2017\/04\/product_o_l_olivier_durbano_promethee_100ml_edp.jpg","width":1276,"height":1276,"caption":"OLIVIER DURBANO INSPIRATION PROMETHEE 100ML SPRAY EAU DE PARFUM"},{"@type":"BreadcrumbList","@id":"https:\/\/profumix.it\/en\/prodotto\/olivier-durbano-inspiration-promethee-100ml-spray-eau-de-parfum\/#breadcrumb","itemListElement":[{"@type":"ListItem","position":1,"name":"Home","item":"https:\/\/profumix.it\/en\/home\/"},{"@type":"ListItem","position":2,"name":"Shop","item":"https:\/\/profumix.it\/en\/shop\/"},{"@type":"ListItem","position":3,"name":"OLIVIER DURBANO INSPIRATION PROMETHEE 100ML SPRAY EAU DE PARFUM"}]},{"@type":"WebSite","@id":"https:\/\/profumix.it\/en\/#website","url":"https:\/\/profumix.it\/en\/","name":"Profumix Perfumes","description":"","potentialAction":[{"@type":"SearchAction","target":{"@type":"EntryPoint","urlTemplate":"https:\/\/profumix.it\/en\/?s={search_term_string}"},"query-input":{"@type":"PropertyValueSpecification","valueRequired":true,"valueName":"search_term_string"}}],"inLanguage":"en-US"}]}},"_links":{"self":[{"href":"https:\/\/profumix.it\/en\/wp-json\/wp\/v2\/product\/79779","targetHints":{"allow":["GET"]}}],"collection":[{"href":"https:\/\/profumix.it\/en\/wp-json\/wp\/v2\/product"}],"about":[{"href":"https:\/\/profumix.it\/en\/wp-json\/wp\/v2\/types\/product"}],"replies":[{"embeddable":true,"href":"https:\/\/profumix.it\/en\/wp-json\/wp\/v2\/comments?post=79779"}],"wp:featuredmedia":[{"embeddable":true,"href":"https:\/\/profumix.it\/en\/wp-json\/wp\/v2\/media\/79778"}],"wp:attachment":[{"href":"https:\/\/profumix.it\/en\/wp-json\/wp\/v2\/media?parent=79779"}],"wp:term":[{"taxonomy":"product_brand","embeddable":true,"href":"https:\/\/profumix.it\/en\/wp-json\/wp\/v2\/product_brand?post=79779"},{"taxonomy":"product_cat","embeddable":true,"href":"https:\/\/profumix.it\/en\/wp-json\/wp\/v2\/product_cat?post=79779"},{"taxonomy":"product_tag","embeddable":true,"href":"https:\/\/profumix.it\/en\/wp-json\/wp\/v2\/product_tag?post=79779"}],"curies":[{"name":"wp","href":"https:\/\/api.w.org\/{rel}","templated":true}]}}