{"id":79859,"date":"2017-06-08T16:19:37","date_gmt":"2017-06-08T14:19:37","guid":{"rendered":"https:\/\/profumix.it\/prodotto\/masaki-matsushim-art-mosaic-80ml-spray-eau-de-parfum\/"},"modified":"2017-06-08T16:19:37","modified_gmt":"2017-06-08T14:19:37","slug":"masaki-matsushim-art-mosaic-80ml-spray-eau-de-parfum","status":"publish","type":"product","link":"https:\/\/profumix.it\/en\/prodotto\/masaki-matsushim-art-mosaic-80ml-spray-eau-de-parfum\/","title":{"rendered":"MASAKI MATSUSHIMA ART MOSAIC 80ML SPRAY EAU DE PARFUM"},"content":{"rendered":"<p>Art Mosaic di Masaki Matsushima \u00e8 una fragranza del gruppo Aromatico Fruttato da donna. Art Mosaic \u00e8 stato lanciato sul mercato nel 2012. Il Naso di questa fragranza \u00e8 Jean Jacques.<br \/>\nLe note di testa sono Tangerino, Pompelmo e Limone;<br \/>\nle note di cuore sono Pepe Rosa e Paulownia;<br \/>\nle note di base sono Muschio Animale e Mango.<\/p>\n","protected":false},"excerpt":{"rendered":"<p>Art Mosaic di Masaki Matsushima \u00e8 una fragranza del gruppo Aromatico Fruttato da donna. Art Mosaic \u00e8 stato lanciato sul mercato nel 2012. Il Naso di questa fragranza \u00e8 Jean Jacques.<br \/>\nLe note di testa sono Tangerino, Pompelmo e Limone;<br \/>\nle note di cuore sono Pepe Rosa e Paulownia;<br \/>\nle note di base sono Muschio Animale e Mango.<\/p>\n","protected":false},"featured_media":79858,"comment_status":"open","ping_status":"closed","template":"","meta":{"_et_pb_use_builder":"","_et_pb_old_content":"","_et_gb_content_width":""},"product_brand":[],"product_cat":[7109,7098,7106],"product_tag":[],"class_list":{"0":"post-79859","1":"product","2":"type-product","3":"status-publish","4":"has-post-thumbnail","6":"product_cat-donna","7":"product_cat-default-category","8":"product_cat-profumi-default-category","9":"pa_bollino-offerta_speciale","10":"pa_categoria_desc-profumidonna","11":"pa_confezione_desc-confezioneoriginalenotester","12":"pa_formato_filtro-80ml","13":"pa_manufacturer-masakimatsushima","14":"pa_sconto_desc-6906","15":"pa_spedizione_gratuita-no","16":"pa_tipo_filtro-sprayeaudeparfum","18":"first","19":"outofstock","20":"sale","21":"shipping-taxable","22":"purchasable","23":"product-type-simple"},"yoast_head":"<!-- This site is optimized with the Yoast SEO plugin v27.4 - https:\/\/yoast.com\/product\/yoast-seo-wordpress\/ -->\n<title>MASAKI MATSUSHIMA ART MOSAIC 80ML SPRAY EAU DE PARFUM<\/title>\n<meta name=\"robots\" content=\"index, follow, max-snippet:-1, max-image-preview:large, max-video-preview:-1\" \/>\n<link rel=\"canonical\" href=\"https:\/\/profumix.it\/en\/prodotto\/masaki-matsushim-art-mosaic-80ml-spray-eau-de-parfum\/\" \/>\n<meta property=\"og:locale\" content=\"en_US\" \/>\n<meta property=\"og:type\" content=\"article\" \/>\n<meta property=\"og:title\" content=\"MASAKI MATSUSHIMA ART MOSAIC 80ML SPRAY EAU DE PARFUM\" \/>\n<meta property=\"og:description\" content=\"Art Mosaic di Masaki Matsushima \u00e8 una fragranza del gruppo Aromatico Fruttato da donna. Art Mosaic \u00e8 stato lanciato sul mercato nel 2012. Il Naso di questa fragranza \u00e8 Jean Jacques.  Le note di testa sono Tangerino, Pompelmo e Limone;  le note di cuore sono Pepe Rosa e Paulownia;  le note di base sono Muschio Animale e Mango.\" \/>\n<meta property=\"og:url\" content=\"https:\/\/profumix.it\/en\/prodotto\/masaki-matsushim-art-mosaic-80ml-spray-eau-de-parfum\/\" \/>\n<meta property=\"og:site_name\" content=\"Profumix Perfumes\" \/>\n<meta property=\"article:publisher\" content=\"https:\/\/www.facebook.com\/profumix\" \/>\n<meta property=\"og:image\" content=\"https:\/\/profumix.it\/wp-content\/uploads\/2017\/06\/product_m_a_masaki-matsushima-art-mosaic-80ml-spray-edp.jpg\" \/>\n\t<meta property=\"og:image:width\" content=\"1000\" \/>\n\t<meta property=\"og:image:height\" content=\"1000\" \/>\n\t<meta property=\"og:image:type\" content=\"image\/jpeg\" \/>\n<meta name=\"twitter:card\" content=\"summary_large_image\" \/>\n<script type=\"application\/ld+json\" class=\"yoast-schema-graph\">{\"@context\":\"https:\\\/\\\/schema.org\",\"@graph\":[{\"@type\":\"WebPage\",\"@id\":\"https:\\\/\\\/profumix.it\\\/en\\\/prodotto\\\/masaki-matsushim-art-mosaic-80ml-spray-eau-de-parfum\\\/\",\"url\":\"https:\\\/\\\/profumix.it\\\/en\\\/prodotto\\\/masaki-matsushim-art-mosaic-80ml-spray-eau-de-parfum\\\/\",\"name\":\"MASAKI MATSUSHIMA ART MOSAIC 80ML SPRAY EAU DE PARFUM\",\"isPartOf\":{\"@id\":\"https:\\\/\\\/profumix.it\\\/en\\\/#website\"},\"primaryImageOfPage\":{\"@id\":\"https:\\\/\\\/profumix.it\\\/en\\\/prodotto\\\/masaki-matsushim-art-mosaic-80ml-spray-eau-de-parfum\\\/#primaryimage\"},\"image\":{\"@id\":\"https:\\\/\\\/profumix.it\\\/en\\\/prodotto\\\/masaki-matsushim-art-mosaic-80ml-spray-eau-de-parfum\\\/#primaryimage\"},\"thumbnailUrl\":\"https:\\\/\\\/profumix.it\\\/wp-content\\\/uploads\\\/2017\\\/06\\\/product_m_a_masaki-matsushima-art-mosaic-80ml-spray-edp.jpg\",\"datePublished\":\"2017-06-08T14:19:37+00:00\",\"breadcrumb\":{\"@id\":\"https:\\\/\\\/profumix.it\\\/en\\\/prodotto\\\/masaki-matsushim-art-mosaic-80ml-spray-eau-de-parfum\\\/#breadcrumb\"},\"inLanguage\":\"en-US\",\"potentialAction\":[{\"@type\":\"ReadAction\",\"target\":[\"https:\\\/\\\/profumix.it\\\/en\\\/prodotto\\\/masaki-matsushim-art-mosaic-80ml-spray-eau-de-parfum\\\/\"]}]},{\"@type\":\"ImageObject\",\"inLanguage\":\"en-US\",\"@id\":\"https:\\\/\\\/profumix.it\\\/en\\\/prodotto\\\/masaki-matsushim-art-mosaic-80ml-spray-eau-de-parfum\\\/#primaryimage\",\"url\":\"https:\\\/\\\/profumix.it\\\/wp-content\\\/uploads\\\/2017\\\/06\\\/product_m_a_masaki-matsushima-art-mosaic-80ml-spray-edp.jpg\",\"contentUrl\":\"https:\\\/\\\/profumix.it\\\/wp-content\\\/uploads\\\/2017\\\/06\\\/product_m_a_masaki-matsushima-art-mosaic-80ml-spray-edp.jpg\",\"width\":1000,\"height\":1000,\"caption\":\"MASAKI MATSUSHIMA ART MOSAIC 80ML SPRAY EAU DE PARFUM\"},{\"@type\":\"BreadcrumbList\",\"@id\":\"https:\\\/\\\/profumix.it\\\/en\\\/prodotto\\\/masaki-matsushim-art-mosaic-80ml-spray-eau-de-parfum\\\/#breadcrumb\",\"itemListElement\":[{\"@type\":\"ListItem\",\"position\":1,\"name\":\"Home\",\"item\":\"https:\\\/\\\/profumix.it\\\/en\\\/home\\\/\"},{\"@type\":\"ListItem\",\"position\":2,\"name\":\"Shop\",\"item\":\"https:\\\/\\\/profumix.it\\\/en\\\/shop\\\/\"},{\"@type\":\"ListItem\",\"position\":3,\"name\":\"MASAKI MATSUSHIMA ART MOSAIC 80ML SPRAY EAU DE PARFUM\"}]},{\"@type\":\"WebSite\",\"@id\":\"https:\\\/\\\/profumix.it\\\/en\\\/#website\",\"url\":\"https:\\\/\\\/profumix.it\\\/en\\\/\",\"name\":\"Profumix Perfumes\",\"description\":\"\",\"potentialAction\":[{\"@type\":\"SearchAction\",\"target\":{\"@type\":\"EntryPoint\",\"urlTemplate\":\"https:\\\/\\\/profumix.it\\\/en\\\/?s={search_term_string}\"},\"query-input\":{\"@type\":\"PropertyValueSpecification\",\"valueRequired\":true,\"valueName\":\"search_term_string\"}}],\"inLanguage\":\"en-US\"}]}<\/script>\n<!-- \/ Yoast SEO plugin. -->","yoast_head_json":{"title":"MASAKI MATSUSHIMA ART MOSAIC 80ML SPRAY EAU DE PARFUM","robots":{"index":"index","follow":"follow","max-snippet":"max-snippet:-1","max-image-preview":"max-image-preview:large","max-video-preview":"max-video-preview:-1"},"canonical":"https:\/\/profumix.it\/en\/prodotto\/masaki-matsushim-art-mosaic-80ml-spray-eau-de-parfum\/","og_locale":"en_US","og_type":"article","og_title":"MASAKI MATSUSHIMA ART MOSAIC 80ML SPRAY EAU DE PARFUM","og_description":"Art Mosaic di Masaki Matsushima \u00e8 una fragranza del gruppo Aromatico Fruttato da donna. Art Mosaic \u00e8 stato lanciato sul mercato nel 2012. Il Naso di questa fragranza \u00e8 Jean Jacques.  Le note di testa sono Tangerino, Pompelmo e Limone;  le note di cuore sono Pepe Rosa e Paulownia;  le note di base sono Muschio Animale e Mango.","og_url":"https:\/\/profumix.it\/en\/prodotto\/masaki-matsushim-art-mosaic-80ml-spray-eau-de-parfum\/","og_site_name":"Profumix Perfumes","article_publisher":"https:\/\/www.facebook.com\/profumix","og_image":[{"width":1000,"height":1000,"url":"https:\/\/profumix.it\/wp-content\/uploads\/2017\/06\/product_m_a_masaki-matsushima-art-mosaic-80ml-spray-edp.jpg","type":"image\/jpeg"}],"twitter_card":"summary_large_image","schema":{"@context":"https:\/\/schema.org","@graph":[{"@type":"WebPage","@id":"https:\/\/profumix.it\/en\/prodotto\/masaki-matsushim-art-mosaic-80ml-spray-eau-de-parfum\/","url":"https:\/\/profumix.it\/en\/prodotto\/masaki-matsushim-art-mosaic-80ml-spray-eau-de-parfum\/","name":"MASAKI MATSUSHIMA ART MOSAIC 80ML SPRAY EAU DE PARFUM","isPartOf":{"@id":"https:\/\/profumix.it\/en\/#website"},"primaryImageOfPage":{"@id":"https:\/\/profumix.it\/en\/prodotto\/masaki-matsushim-art-mosaic-80ml-spray-eau-de-parfum\/#primaryimage"},"image":{"@id":"https:\/\/profumix.it\/en\/prodotto\/masaki-matsushim-art-mosaic-80ml-spray-eau-de-parfum\/#primaryimage"},"thumbnailUrl":"https:\/\/profumix.it\/wp-content\/uploads\/2017\/06\/product_m_a_masaki-matsushima-art-mosaic-80ml-spray-edp.jpg","datePublished":"2017-06-08T14:19:37+00:00","breadcrumb":{"@id":"https:\/\/profumix.it\/en\/prodotto\/masaki-matsushim-art-mosaic-80ml-spray-eau-de-parfum\/#breadcrumb"},"inLanguage":"en-US","potentialAction":[{"@type":"ReadAction","target":["https:\/\/profumix.it\/en\/prodotto\/masaki-matsushim-art-mosaic-80ml-spray-eau-de-parfum\/"]}]},{"@type":"ImageObject","inLanguage":"en-US","@id":"https:\/\/profumix.it\/en\/prodotto\/masaki-matsushim-art-mosaic-80ml-spray-eau-de-parfum\/#primaryimage","url":"https:\/\/profumix.it\/wp-content\/uploads\/2017\/06\/product_m_a_masaki-matsushima-art-mosaic-80ml-spray-edp.jpg","contentUrl":"https:\/\/profumix.it\/wp-content\/uploads\/2017\/06\/product_m_a_masaki-matsushima-art-mosaic-80ml-spray-edp.jpg","width":1000,"height":1000,"caption":"MASAKI MATSUSHIMA ART MOSAIC 80ML SPRAY EAU DE PARFUM"},{"@type":"BreadcrumbList","@id":"https:\/\/profumix.it\/en\/prodotto\/masaki-matsushim-art-mosaic-80ml-spray-eau-de-parfum\/#breadcrumb","itemListElement":[{"@type":"ListItem","position":1,"name":"Home","item":"https:\/\/profumix.it\/en\/home\/"},{"@type":"ListItem","position":2,"name":"Shop","item":"https:\/\/profumix.it\/en\/shop\/"},{"@type":"ListItem","position":3,"name":"MASAKI MATSUSHIMA ART MOSAIC 80ML SPRAY EAU DE PARFUM"}]},{"@type":"WebSite","@id":"https:\/\/profumix.it\/en\/#website","url":"https:\/\/profumix.it\/en\/","name":"Profumix Perfumes","description":"","potentialAction":[{"@type":"SearchAction","target":{"@type":"EntryPoint","urlTemplate":"https:\/\/profumix.it\/en\/?s={search_term_string}"},"query-input":{"@type":"PropertyValueSpecification","valueRequired":true,"valueName":"search_term_string"}}],"inLanguage":"en-US"}]}},"_links":{"self":[{"href":"https:\/\/profumix.it\/en\/wp-json\/wp\/v2\/product\/79859","targetHints":{"allow":["GET"]}}],"collection":[{"href":"https:\/\/profumix.it\/en\/wp-json\/wp\/v2\/product"}],"about":[{"href":"https:\/\/profumix.it\/en\/wp-json\/wp\/v2\/types\/product"}],"replies":[{"embeddable":true,"href":"https:\/\/profumix.it\/en\/wp-json\/wp\/v2\/comments?post=79859"}],"wp:featuredmedia":[{"embeddable":true,"href":"https:\/\/profumix.it\/en\/wp-json\/wp\/v2\/media\/79858"}],"wp:attachment":[{"href":"https:\/\/profumix.it\/en\/wp-json\/wp\/v2\/media?parent=79859"}],"wp:term":[{"taxonomy":"product_brand","embeddable":true,"href":"https:\/\/profumix.it\/en\/wp-json\/wp\/v2\/product_brand?post=79859"},{"taxonomy":"product_cat","embeddable":true,"href":"https:\/\/profumix.it\/en\/wp-json\/wp\/v2\/product_cat?post=79859"},{"taxonomy":"product_tag","embeddable":true,"href":"https:\/\/profumix.it\/en\/wp-json\/wp\/v2\/product_tag?post=79859"}],"curies":[{"name":"wp","href":"https:\/\/api.w.org\/{rel}","templated":true}]}}