{"id":79889,"date":"2017-06-13T14:36:38","date_gmt":"2017-06-13T12:36:38","guid":{"rendered":"https:\/\/profumix.it\/prodotto\/paco-rabanne-black-xs-100ml-spray-eau-de-toilette\/"},"modified":"2017-06-13T14:36:38","modified_gmt":"2017-06-13T12:36:38","slug":"paco-rabanne-black-xs-100ml-spray-eau-de-toilette","status":"publish","type":"product","link":"https:\/\/profumix.it\/en\/prodotto\/paco-rabanne-black-xs-100ml-spray-eau-de-toilette\/","title":{"rendered":"PACO RABANNE BLACK XS 100ML SPRAY EAU DE TOILETTE"},"content":{"rendered":"<p>Black XS di Paco Rabanne \u00e8 una fragranza del gruppo Orientale Legnoso da uomo. Black XS \u00e8 stato lanciato sul mercato nel 2005. Black XS \u00e8 stato creato da Olivier Cresp e Rosendo Mateu.<br \/>\nLe note di testa sono Salvia e Limone;<br \/>\nle note di cuore sono Balsamo del Tol\u00f9, Cardamomo Nero, Cannella e Pralina;<br \/>\nle note di base sono Patchouli, Ambra Nera e Legno di Rosa Brasiliano. <\/p>\n","protected":false},"excerpt":{"rendered":"<p>Black XS di Paco Rabanne \u00e8 una fragranza del gruppo Orientale Legnoso da uomo. Black XS \u00e8 stato lanciato sul mercato nel 2005. Black XS \u00e8 stato creato da Olivier Cresp e Rosendo Mateu.<br \/>\nLe note di testa sono Salvia e Limone;<br \/>\nle note di cuore sono Balsamo del Tol\u00f9, Cardamomo Nero, Cannella e Pralina;<br \/>\nle note di base sono Patchouli, Ambra Nera e Legno di Rosa Brasiliano. <\/p>\n","protected":false},"featured_media":79888,"comment_status":"open","ping_status":"closed","template":"","meta":{"_et_pb_use_builder":"","_et_pb_old_content":"","_et_gb_content_width":""},"product_brand":[],"product_cat":[7098,7106,7107],"product_tag":[],"class_list":{"0":"post-79889","1":"product","2":"type-product","3":"status-publish","4":"has-post-thumbnail","6":"product_cat-default-category","7":"product_cat-profumi-default-category","8":"product_cat-uomo-profumi-default-category","9":"pa_bollino-offerta_speciale","10":"pa_categoria_desc-profumiuomo","11":"pa_confezione_desc-confezioneoriginalenotester","12":"pa_formato_filtro-100ml","13":"pa_manufacturer-pacorabanne","14":"pa_sconto_desc-6896","15":"pa_spedizione_gratuita-no","16":"pa_tipo_filtro-sprayeaudetoilette","18":"first","19":"outofstock","20":"sale","21":"shipping-taxable","22":"purchasable","23":"product-type-simple"},"yoast_head":"<!-- This site is optimized with the Yoast SEO plugin v27.4 - https:\/\/yoast.com\/product\/yoast-seo-wordpress\/ -->\n<title>PACO RABANNE BLACK XS 100ML SPRAY EAU DE TOILETTE<\/title>\n<meta name=\"robots\" content=\"index, follow, max-snippet:-1, max-image-preview:large, max-video-preview:-1\" \/>\n<link rel=\"canonical\" href=\"https:\/\/profumix.it\/en\/prodotto\/paco-rabanne-black-xs-100ml-spray-eau-de-toilette\/\" \/>\n<meta property=\"og:locale\" content=\"en_US\" \/>\n<meta property=\"og:type\" content=\"article\" \/>\n<meta property=\"og:title\" content=\"PACO RABANNE BLACK XS 100ML SPRAY EAU DE TOILETTE\" \/>\n<meta property=\"og:description\" content=\"Black XS di Paco Rabanne \u00e8 una fragranza del gruppo Orientale Legnoso da uomo. Black XS \u00e8 stato lanciato sul mercato nel 2005. Black XS \u00e8 stato creato da Olivier Cresp e Rosendo Mateu.  Le note di testa sono Salvia e Limone;  le note di cuore sono Balsamo del Tol\u00f9, Cardamomo Nero, Cannella e Pralina;  le note di base sono Patchouli, Ambra Nera e Legno di Rosa Brasiliano.\" \/>\n<meta property=\"og:url\" content=\"https:\/\/profumix.it\/en\/prodotto\/paco-rabanne-black-xs-100ml-spray-eau-de-toilette\/\" \/>\n<meta property=\"og:site_name\" content=\"Profumix Perfumes\" \/>\n<meta property=\"article:publisher\" content=\"https:\/\/www.facebook.com\/profumix\" \/>\n<meta property=\"og:image\" content=\"https:\/\/profumix.it\/wp-content\/uploads\/2017\/06\/product_p_a_paco-rabanne-black-xs-100ml-spray-edt.jpg\" \/>\n\t<meta property=\"og:image:width\" content=\"1000\" \/>\n\t<meta property=\"og:image:height\" content=\"1000\" \/>\n\t<meta property=\"og:image:type\" content=\"image\/jpeg\" \/>\n<meta name=\"twitter:card\" content=\"summary_large_image\" \/>\n<script type=\"application\/ld+json\" class=\"yoast-schema-graph\">{\"@context\":\"https:\\\/\\\/schema.org\",\"@graph\":[{\"@type\":\"WebPage\",\"@id\":\"https:\\\/\\\/profumix.it\\\/en\\\/prodotto\\\/paco-rabanne-black-xs-100ml-spray-eau-de-toilette\\\/\",\"url\":\"https:\\\/\\\/profumix.it\\\/en\\\/prodotto\\\/paco-rabanne-black-xs-100ml-spray-eau-de-toilette\\\/\",\"name\":\"PACO RABANNE BLACK XS 100ML SPRAY EAU DE TOILETTE\",\"isPartOf\":{\"@id\":\"https:\\\/\\\/profumix.it\\\/en\\\/#website\"},\"primaryImageOfPage\":{\"@id\":\"https:\\\/\\\/profumix.it\\\/en\\\/prodotto\\\/paco-rabanne-black-xs-100ml-spray-eau-de-toilette\\\/#primaryimage\"},\"image\":{\"@id\":\"https:\\\/\\\/profumix.it\\\/en\\\/prodotto\\\/paco-rabanne-black-xs-100ml-spray-eau-de-toilette\\\/#primaryimage\"},\"thumbnailUrl\":\"https:\\\/\\\/profumix.it\\\/wp-content\\\/uploads\\\/2017\\\/06\\\/product_p_a_paco-rabanne-black-xs-100ml-spray-edt.jpg\",\"datePublished\":\"2017-06-13T12:36:38+00:00\",\"breadcrumb\":{\"@id\":\"https:\\\/\\\/profumix.it\\\/en\\\/prodotto\\\/paco-rabanne-black-xs-100ml-spray-eau-de-toilette\\\/#breadcrumb\"},\"inLanguage\":\"en-US\",\"potentialAction\":[{\"@type\":\"ReadAction\",\"target\":[\"https:\\\/\\\/profumix.it\\\/en\\\/prodotto\\\/paco-rabanne-black-xs-100ml-spray-eau-de-toilette\\\/\"]}]},{\"@type\":\"ImageObject\",\"inLanguage\":\"en-US\",\"@id\":\"https:\\\/\\\/profumix.it\\\/en\\\/prodotto\\\/paco-rabanne-black-xs-100ml-spray-eau-de-toilette\\\/#primaryimage\",\"url\":\"https:\\\/\\\/profumix.it\\\/wp-content\\\/uploads\\\/2017\\\/06\\\/product_p_a_paco-rabanne-black-xs-100ml-spray-edt.jpg\",\"contentUrl\":\"https:\\\/\\\/profumix.it\\\/wp-content\\\/uploads\\\/2017\\\/06\\\/product_p_a_paco-rabanne-black-xs-100ml-spray-edt.jpg\",\"width\":1000,\"height\":1000,\"caption\":\"PACO RABANNE BLACK XS 100ML SPRAY EAU DE TOILETTE\"},{\"@type\":\"BreadcrumbList\",\"@id\":\"https:\\\/\\\/profumix.it\\\/en\\\/prodotto\\\/paco-rabanne-black-xs-100ml-spray-eau-de-toilette\\\/#breadcrumb\",\"itemListElement\":[{\"@type\":\"ListItem\",\"position\":1,\"name\":\"Home\",\"item\":\"https:\\\/\\\/profumix.it\\\/en\\\/home\\\/\"},{\"@type\":\"ListItem\",\"position\":2,\"name\":\"Shop\",\"item\":\"https:\\\/\\\/profumix.it\\\/en\\\/shop\\\/\"},{\"@type\":\"ListItem\",\"position\":3,\"name\":\"PACO RABANNE BLACK XS 100ML SPRAY EAU DE TOILETTE\"}]},{\"@type\":\"WebSite\",\"@id\":\"https:\\\/\\\/profumix.it\\\/en\\\/#website\",\"url\":\"https:\\\/\\\/profumix.it\\\/en\\\/\",\"name\":\"Profumix Perfumes\",\"description\":\"\",\"potentialAction\":[{\"@type\":\"SearchAction\",\"target\":{\"@type\":\"EntryPoint\",\"urlTemplate\":\"https:\\\/\\\/profumix.it\\\/en\\\/?s={search_term_string}\"},\"query-input\":{\"@type\":\"PropertyValueSpecification\",\"valueRequired\":true,\"valueName\":\"search_term_string\"}}],\"inLanguage\":\"en-US\"}]}<\/script>\n<!-- \/ Yoast SEO plugin. -->","yoast_head_json":{"title":"PACO RABANNE BLACK XS 100ML SPRAY EAU DE TOILETTE","robots":{"index":"index","follow":"follow","max-snippet":"max-snippet:-1","max-image-preview":"max-image-preview:large","max-video-preview":"max-video-preview:-1"},"canonical":"https:\/\/profumix.it\/en\/prodotto\/paco-rabanne-black-xs-100ml-spray-eau-de-toilette\/","og_locale":"en_US","og_type":"article","og_title":"PACO RABANNE BLACK XS 100ML SPRAY EAU DE TOILETTE","og_description":"Black XS di Paco Rabanne \u00e8 una fragranza del gruppo Orientale Legnoso da uomo. Black XS \u00e8 stato lanciato sul mercato nel 2005. Black XS \u00e8 stato creato da Olivier Cresp e Rosendo Mateu.  Le note di testa sono Salvia e Limone;  le note di cuore sono Balsamo del Tol\u00f9, Cardamomo Nero, Cannella e Pralina;  le note di base sono Patchouli, Ambra Nera e Legno di Rosa Brasiliano.","og_url":"https:\/\/profumix.it\/en\/prodotto\/paco-rabanne-black-xs-100ml-spray-eau-de-toilette\/","og_site_name":"Profumix Perfumes","article_publisher":"https:\/\/www.facebook.com\/profumix","og_image":[{"width":1000,"height":1000,"url":"https:\/\/profumix.it\/wp-content\/uploads\/2017\/06\/product_p_a_paco-rabanne-black-xs-100ml-spray-edt.jpg","type":"image\/jpeg"}],"twitter_card":"summary_large_image","schema":{"@context":"https:\/\/schema.org","@graph":[{"@type":"WebPage","@id":"https:\/\/profumix.it\/en\/prodotto\/paco-rabanne-black-xs-100ml-spray-eau-de-toilette\/","url":"https:\/\/profumix.it\/en\/prodotto\/paco-rabanne-black-xs-100ml-spray-eau-de-toilette\/","name":"PACO RABANNE BLACK XS 100ML SPRAY EAU DE TOILETTE","isPartOf":{"@id":"https:\/\/profumix.it\/en\/#website"},"primaryImageOfPage":{"@id":"https:\/\/profumix.it\/en\/prodotto\/paco-rabanne-black-xs-100ml-spray-eau-de-toilette\/#primaryimage"},"image":{"@id":"https:\/\/profumix.it\/en\/prodotto\/paco-rabanne-black-xs-100ml-spray-eau-de-toilette\/#primaryimage"},"thumbnailUrl":"https:\/\/profumix.it\/wp-content\/uploads\/2017\/06\/product_p_a_paco-rabanne-black-xs-100ml-spray-edt.jpg","datePublished":"2017-06-13T12:36:38+00:00","breadcrumb":{"@id":"https:\/\/profumix.it\/en\/prodotto\/paco-rabanne-black-xs-100ml-spray-eau-de-toilette\/#breadcrumb"},"inLanguage":"en-US","potentialAction":[{"@type":"ReadAction","target":["https:\/\/profumix.it\/en\/prodotto\/paco-rabanne-black-xs-100ml-spray-eau-de-toilette\/"]}]},{"@type":"ImageObject","inLanguage":"en-US","@id":"https:\/\/profumix.it\/en\/prodotto\/paco-rabanne-black-xs-100ml-spray-eau-de-toilette\/#primaryimage","url":"https:\/\/profumix.it\/wp-content\/uploads\/2017\/06\/product_p_a_paco-rabanne-black-xs-100ml-spray-edt.jpg","contentUrl":"https:\/\/profumix.it\/wp-content\/uploads\/2017\/06\/product_p_a_paco-rabanne-black-xs-100ml-spray-edt.jpg","width":1000,"height":1000,"caption":"PACO RABANNE BLACK XS 100ML SPRAY EAU DE TOILETTE"},{"@type":"BreadcrumbList","@id":"https:\/\/profumix.it\/en\/prodotto\/paco-rabanne-black-xs-100ml-spray-eau-de-toilette\/#breadcrumb","itemListElement":[{"@type":"ListItem","position":1,"name":"Home","item":"https:\/\/profumix.it\/en\/home\/"},{"@type":"ListItem","position":2,"name":"Shop","item":"https:\/\/profumix.it\/en\/shop\/"},{"@type":"ListItem","position":3,"name":"PACO RABANNE BLACK XS 100ML SPRAY EAU DE TOILETTE"}]},{"@type":"WebSite","@id":"https:\/\/profumix.it\/en\/#website","url":"https:\/\/profumix.it\/en\/","name":"Profumix Perfumes","description":"","potentialAction":[{"@type":"SearchAction","target":{"@type":"EntryPoint","urlTemplate":"https:\/\/profumix.it\/en\/?s={search_term_string}"},"query-input":{"@type":"PropertyValueSpecification","valueRequired":true,"valueName":"search_term_string"}}],"inLanguage":"en-US"}]}},"_links":{"self":[{"href":"https:\/\/profumix.it\/en\/wp-json\/wp\/v2\/product\/79889","targetHints":{"allow":["GET"]}}],"collection":[{"href":"https:\/\/profumix.it\/en\/wp-json\/wp\/v2\/product"}],"about":[{"href":"https:\/\/profumix.it\/en\/wp-json\/wp\/v2\/types\/product"}],"replies":[{"embeddable":true,"href":"https:\/\/profumix.it\/en\/wp-json\/wp\/v2\/comments?post=79889"}],"wp:featuredmedia":[{"embeddable":true,"href":"https:\/\/profumix.it\/en\/wp-json\/wp\/v2\/media\/79888"}],"wp:attachment":[{"href":"https:\/\/profumix.it\/en\/wp-json\/wp\/v2\/media?parent=79889"}],"wp:term":[{"taxonomy":"product_brand","embeddable":true,"href":"https:\/\/profumix.it\/en\/wp-json\/wp\/v2\/product_brand?post=79889"},{"taxonomy":"product_cat","embeddable":true,"href":"https:\/\/profumix.it\/en\/wp-json\/wp\/v2\/product_cat?post=79889"},{"taxonomy":"product_tag","embeddable":true,"href":"https:\/\/profumix.it\/en\/wp-json\/wp\/v2\/product_tag?post=79889"}],"curies":[{"name":"wp","href":"https:\/\/api.w.org\/{rel}","templated":true}]}}