{"id":79905,"date":"2017-06-14T15:29:00","date_gmt":"2017-06-14T13:29:00","guid":{"rendered":"https:\/\/profumix.it\/prodotto\/narciso-rodriguez-l-absolu-for-her-50ml-spray-eau-de-parfum\/"},"modified":"2017-06-14T15:29:00","modified_gmt":"2017-06-14T13:29:00","slug":"narciso-rodriguez-l-absolu-for-her-50ml-spray-eau-de-parfum","status":"publish","type":"product","link":"https:\/\/profumix.it\/en\/prodotto\/narciso-rodriguez-l-absolu-for-her-50ml-spray-eau-de-parfum\/","title":{"rendered":"NARCISO RODRIGUEZ L&#8217;ABSOLU FOR HER 50ML SPRAY EAU DE PARFUM"},"content":{"rendered":"<p>Narciso Rodriguez For Her L&#8217;Absolu di Narciso Rodriguez \u00e8 una fragranza del gruppo Floreale Legnoso Muschiato da donna. E&#8217; una nuova fragranza. Narciso Rodriguez For Her L&#8217;Absolu \u00e8 stato lanciato sul mercato nel 2015.<br \/>\nIl Naso di questa fragranza \u00e8 Aurelien Guichard.<br \/>\nLe note di testa sono Tuberosa e Gelsomino;<br \/>\nla nota di cuore \u00e8 Muschio Animale;<br \/>\nle note di base sono Ambra, Patchouli e Sandalo. <\/p>\n","protected":false},"excerpt":{"rendered":"<p>Narciso Rodriguez For Her L&#8217;Absolu di Narciso Rodriguez \u00e8 una fragranza del gruppo Floreale Legnoso Muschiato da donna. E&#8217; una nuova fragranza. Narciso Rodriguez For Her L&#8217;Absolu \u00e8 stato lanciato sul mercato nel 2015.<br \/>\nIl Naso di questa fragranza \u00e8 Aurelien Guichard.<br \/>\nLe note di testa sono Tuberosa e Gelsomino;<br \/>\nla nota di cuore \u00e8 Muschio Animale;<br \/>\nle note di base sono Ambra, Patchouli e Sandalo. <\/p>\n","protected":false},"featured_media":79904,"comment_status":"open","ping_status":"closed","template":"","meta":{"_et_pb_use_builder":"","_et_pb_old_content":"","_et_gb_content_width":""},"product_brand":[],"product_cat":[7109,7099,7106],"product_tag":[],"class_list":{"0":"post-79905","1":"product","2":"type-product","3":"status-publish","4":"has-post-thumbnail","6":"product_cat-donna","7":"product_cat-offerte-da-non-perdere-default-category","8":"product_cat-profumi-default-category","9":"pa_bollino-offerta_speciale","10":"pa_categoria_desc-profumodonna","11":"pa_confezione_desc-confezioneoriginalenotester","12":"pa_formato_filtro-50ml","13":"pa_manufacturer-narcisorodriguez","14":"pa_sconto_desc-6899","15":"pa_spedizione_gratuita-no","16":"pa_tipo_filtro-sprayeaudeparfum","18":"first","19":"outofstock","20":"sale","21":"shipping-taxable","22":"purchasable","23":"product-type-simple"},"yoast_head":"<!-- This site is optimized with the Yoast SEO plugin v27.4 - https:\/\/yoast.com\/product\/yoast-seo-wordpress\/ -->\n<title>NARCISO RODRIGUEZ L&#039;ABSOLU FOR HER 50ML SPRAY EAU DE PARFUM<\/title>\n<meta name=\"robots\" content=\"index, follow, max-snippet:-1, max-image-preview:large, max-video-preview:-1\" \/>\n<link rel=\"canonical\" href=\"https:\/\/profumix.it\/en\/prodotto\/narciso-rodriguez-l-absolu-for-her-50ml-spray-eau-de-parfum\/\" \/>\n<meta property=\"og:locale\" content=\"en_US\" \/>\n<meta property=\"og:type\" content=\"article\" \/>\n<meta property=\"og:title\" content=\"NARCISO RODRIGUEZ L&#039;ABSOLU FOR HER 50ML SPRAY EAU DE PARFUM\" \/>\n<meta property=\"og:description\" content=\"Narciso Rodriguez For Her L&#039;Absolu di Narciso Rodriguez \u00e8 una fragranza del gruppo Floreale Legnoso Muschiato da donna. E&#039; una nuova fragranza. Narciso Rodriguez For Her L&#039;Absolu \u00e8 stato lanciato sul mercato nel 2015.  Il Naso di questa fragranza \u00e8 Aurelien Guichard.  Le note di testa sono Tuberosa e Gelsomino;  la nota di cuore \u00e8 Muschio Animale;  le note di base sono Ambra, Patchouli e Sandalo.\" \/>\n<meta property=\"og:url\" content=\"https:\/\/profumix.it\/en\/prodotto\/narciso-rodriguez-l-absolu-for-her-50ml-spray-eau-de-parfum\/\" \/>\n<meta property=\"og:site_name\" content=\"Profumix Perfumes\" \/>\n<meta property=\"article:publisher\" content=\"https:\/\/www.facebook.com\/profumix\" \/>\n<meta property=\"og:image\" content=\"https:\/\/profumix.it\/wp-content\/uploads\/2017\/06\/product_n_a_narciso-rodriguez-for-her-l-absolu-50ml-spray-eau-de-parfum.jpg\" \/>\n\t<meta property=\"og:image:width\" content=\"1000\" \/>\n\t<meta property=\"og:image:height\" content=\"940\" \/>\n\t<meta property=\"og:image:type\" content=\"image\/jpeg\" \/>\n<meta name=\"twitter:card\" content=\"summary_large_image\" \/>\n<script type=\"application\/ld+json\" class=\"yoast-schema-graph\">{\"@context\":\"https:\\\/\\\/schema.org\",\"@graph\":[{\"@type\":\"WebPage\",\"@id\":\"https:\\\/\\\/profumix.it\\\/en\\\/prodotto\\\/narciso-rodriguez-l-absolu-for-her-50ml-spray-eau-de-parfum\\\/\",\"url\":\"https:\\\/\\\/profumix.it\\\/en\\\/prodotto\\\/narciso-rodriguez-l-absolu-for-her-50ml-spray-eau-de-parfum\\\/\",\"name\":\"NARCISO RODRIGUEZ L'ABSOLU FOR HER 50ML SPRAY EAU DE PARFUM\",\"isPartOf\":{\"@id\":\"https:\\\/\\\/profumix.it\\\/en\\\/#website\"},\"primaryImageOfPage\":{\"@id\":\"https:\\\/\\\/profumix.it\\\/en\\\/prodotto\\\/narciso-rodriguez-l-absolu-for-her-50ml-spray-eau-de-parfum\\\/#primaryimage\"},\"image\":{\"@id\":\"https:\\\/\\\/profumix.it\\\/en\\\/prodotto\\\/narciso-rodriguez-l-absolu-for-her-50ml-spray-eau-de-parfum\\\/#primaryimage\"},\"thumbnailUrl\":\"https:\\\/\\\/profumix.it\\\/wp-content\\\/uploads\\\/2017\\\/06\\\/product_n_a_narciso-rodriguez-for-her-l-absolu-50ml-spray-eau-de-parfum.jpg\",\"datePublished\":\"2017-06-14T13:29:00+00:00\",\"breadcrumb\":{\"@id\":\"https:\\\/\\\/profumix.it\\\/en\\\/prodotto\\\/narciso-rodriguez-l-absolu-for-her-50ml-spray-eau-de-parfum\\\/#breadcrumb\"},\"inLanguage\":\"en-US\",\"potentialAction\":[{\"@type\":\"ReadAction\",\"target\":[\"https:\\\/\\\/profumix.it\\\/en\\\/prodotto\\\/narciso-rodriguez-l-absolu-for-her-50ml-spray-eau-de-parfum\\\/\"]}]},{\"@type\":\"ImageObject\",\"inLanguage\":\"en-US\",\"@id\":\"https:\\\/\\\/profumix.it\\\/en\\\/prodotto\\\/narciso-rodriguez-l-absolu-for-her-50ml-spray-eau-de-parfum\\\/#primaryimage\",\"url\":\"https:\\\/\\\/profumix.it\\\/wp-content\\\/uploads\\\/2017\\\/06\\\/product_n_a_narciso-rodriguez-for-her-l-absolu-50ml-spray-eau-de-parfum.jpg\",\"contentUrl\":\"https:\\\/\\\/profumix.it\\\/wp-content\\\/uploads\\\/2017\\\/06\\\/product_n_a_narciso-rodriguez-for-her-l-absolu-50ml-spray-eau-de-parfum.jpg\",\"width\":1000,\"height\":940,\"caption\":\"NARCISO RODRIGUEZ L'ABSOLU FOR HER 50ML SPRAY EAU DE PARFUM\"},{\"@type\":\"BreadcrumbList\",\"@id\":\"https:\\\/\\\/profumix.it\\\/en\\\/prodotto\\\/narciso-rodriguez-l-absolu-for-her-50ml-spray-eau-de-parfum\\\/#breadcrumb\",\"itemListElement\":[{\"@type\":\"ListItem\",\"position\":1,\"name\":\"Home\",\"item\":\"https:\\\/\\\/profumix.it\\\/en\\\/home\\\/\"},{\"@type\":\"ListItem\",\"position\":2,\"name\":\"Shop\",\"item\":\"https:\\\/\\\/profumix.it\\\/en\\\/shop\\\/\"},{\"@type\":\"ListItem\",\"position\":3,\"name\":\"NARCISO RODRIGUEZ L&#8217;ABSOLU FOR HER 50ML SPRAY EAU DE PARFUM\"}]},{\"@type\":\"WebSite\",\"@id\":\"https:\\\/\\\/profumix.it\\\/en\\\/#website\",\"url\":\"https:\\\/\\\/profumix.it\\\/en\\\/\",\"name\":\"Profumix Perfumes\",\"description\":\"\",\"potentialAction\":[{\"@type\":\"SearchAction\",\"target\":{\"@type\":\"EntryPoint\",\"urlTemplate\":\"https:\\\/\\\/profumix.it\\\/en\\\/?s={search_term_string}\"},\"query-input\":{\"@type\":\"PropertyValueSpecification\",\"valueRequired\":true,\"valueName\":\"search_term_string\"}}],\"inLanguage\":\"en-US\"}]}<\/script>\n<!-- \/ Yoast SEO plugin. -->","yoast_head_json":{"title":"NARCISO RODRIGUEZ L'ABSOLU FOR HER 50ML SPRAY EAU DE PARFUM","robots":{"index":"index","follow":"follow","max-snippet":"max-snippet:-1","max-image-preview":"max-image-preview:large","max-video-preview":"max-video-preview:-1"},"canonical":"https:\/\/profumix.it\/en\/prodotto\/narciso-rodriguez-l-absolu-for-her-50ml-spray-eau-de-parfum\/","og_locale":"en_US","og_type":"article","og_title":"NARCISO RODRIGUEZ L'ABSOLU FOR HER 50ML SPRAY EAU DE PARFUM","og_description":"Narciso Rodriguez For Her L'Absolu di Narciso Rodriguez \u00e8 una fragranza del gruppo Floreale Legnoso Muschiato da donna. E' una nuova fragranza. Narciso Rodriguez For Her L'Absolu \u00e8 stato lanciato sul mercato nel 2015.  Il Naso di questa fragranza \u00e8 Aurelien Guichard.  Le note di testa sono Tuberosa e Gelsomino;  la nota di cuore \u00e8 Muschio Animale;  le note di base sono Ambra, Patchouli e Sandalo.","og_url":"https:\/\/profumix.it\/en\/prodotto\/narciso-rodriguez-l-absolu-for-her-50ml-spray-eau-de-parfum\/","og_site_name":"Profumix Perfumes","article_publisher":"https:\/\/www.facebook.com\/profumix","og_image":[{"width":1000,"height":940,"url":"https:\/\/profumix.it\/wp-content\/uploads\/2017\/06\/product_n_a_narciso-rodriguez-for-her-l-absolu-50ml-spray-eau-de-parfum.jpg","type":"image\/jpeg"}],"twitter_card":"summary_large_image","schema":{"@context":"https:\/\/schema.org","@graph":[{"@type":"WebPage","@id":"https:\/\/profumix.it\/en\/prodotto\/narciso-rodriguez-l-absolu-for-her-50ml-spray-eau-de-parfum\/","url":"https:\/\/profumix.it\/en\/prodotto\/narciso-rodriguez-l-absolu-for-her-50ml-spray-eau-de-parfum\/","name":"NARCISO RODRIGUEZ L'ABSOLU FOR HER 50ML SPRAY EAU DE PARFUM","isPartOf":{"@id":"https:\/\/profumix.it\/en\/#website"},"primaryImageOfPage":{"@id":"https:\/\/profumix.it\/en\/prodotto\/narciso-rodriguez-l-absolu-for-her-50ml-spray-eau-de-parfum\/#primaryimage"},"image":{"@id":"https:\/\/profumix.it\/en\/prodotto\/narciso-rodriguez-l-absolu-for-her-50ml-spray-eau-de-parfum\/#primaryimage"},"thumbnailUrl":"https:\/\/profumix.it\/wp-content\/uploads\/2017\/06\/product_n_a_narciso-rodriguez-for-her-l-absolu-50ml-spray-eau-de-parfum.jpg","datePublished":"2017-06-14T13:29:00+00:00","breadcrumb":{"@id":"https:\/\/profumix.it\/en\/prodotto\/narciso-rodriguez-l-absolu-for-her-50ml-spray-eau-de-parfum\/#breadcrumb"},"inLanguage":"en-US","potentialAction":[{"@type":"ReadAction","target":["https:\/\/profumix.it\/en\/prodotto\/narciso-rodriguez-l-absolu-for-her-50ml-spray-eau-de-parfum\/"]}]},{"@type":"ImageObject","inLanguage":"en-US","@id":"https:\/\/profumix.it\/en\/prodotto\/narciso-rodriguez-l-absolu-for-her-50ml-spray-eau-de-parfum\/#primaryimage","url":"https:\/\/profumix.it\/wp-content\/uploads\/2017\/06\/product_n_a_narciso-rodriguez-for-her-l-absolu-50ml-spray-eau-de-parfum.jpg","contentUrl":"https:\/\/profumix.it\/wp-content\/uploads\/2017\/06\/product_n_a_narciso-rodriguez-for-her-l-absolu-50ml-spray-eau-de-parfum.jpg","width":1000,"height":940,"caption":"NARCISO RODRIGUEZ L'ABSOLU FOR HER 50ML SPRAY EAU DE PARFUM"},{"@type":"BreadcrumbList","@id":"https:\/\/profumix.it\/en\/prodotto\/narciso-rodriguez-l-absolu-for-her-50ml-spray-eau-de-parfum\/#breadcrumb","itemListElement":[{"@type":"ListItem","position":1,"name":"Home","item":"https:\/\/profumix.it\/en\/home\/"},{"@type":"ListItem","position":2,"name":"Shop","item":"https:\/\/profumix.it\/en\/shop\/"},{"@type":"ListItem","position":3,"name":"NARCISO RODRIGUEZ L&#8217;ABSOLU FOR HER 50ML SPRAY EAU DE PARFUM"}]},{"@type":"WebSite","@id":"https:\/\/profumix.it\/en\/#website","url":"https:\/\/profumix.it\/en\/","name":"Profumix Perfumes","description":"","potentialAction":[{"@type":"SearchAction","target":{"@type":"EntryPoint","urlTemplate":"https:\/\/profumix.it\/en\/?s={search_term_string}"},"query-input":{"@type":"PropertyValueSpecification","valueRequired":true,"valueName":"search_term_string"}}],"inLanguage":"en-US"}]}},"_links":{"self":[{"href":"https:\/\/profumix.it\/en\/wp-json\/wp\/v2\/product\/79905","targetHints":{"allow":["GET"]}}],"collection":[{"href":"https:\/\/profumix.it\/en\/wp-json\/wp\/v2\/product"}],"about":[{"href":"https:\/\/profumix.it\/en\/wp-json\/wp\/v2\/types\/product"}],"replies":[{"embeddable":true,"href":"https:\/\/profumix.it\/en\/wp-json\/wp\/v2\/comments?post=79905"}],"wp:featuredmedia":[{"embeddable":true,"href":"https:\/\/profumix.it\/en\/wp-json\/wp\/v2\/media\/79904"}],"wp:attachment":[{"href":"https:\/\/profumix.it\/en\/wp-json\/wp\/v2\/media?parent=79905"}],"wp:term":[{"taxonomy":"product_brand","embeddable":true,"href":"https:\/\/profumix.it\/en\/wp-json\/wp\/v2\/product_brand?post=79905"},{"taxonomy":"product_cat","embeddable":true,"href":"https:\/\/profumix.it\/en\/wp-json\/wp\/v2\/product_cat?post=79905"},{"taxonomy":"product_tag","embeddable":true,"href":"https:\/\/profumix.it\/en\/wp-json\/wp\/v2\/product_tag?post=79905"}],"curies":[{"name":"wp","href":"https:\/\/api.w.org\/{rel}","templated":true}]}}