{"id":79909,"date":"2017-06-14T16:42:03","date_gmt":"2017-06-14T14:42:03","guid":{"rendered":"https:\/\/profumix.it\/prodotto\/hugo-boss-boss-the-scent-deodorant-stick-75ml\/"},"modified":"2017-06-14T16:42:03","modified_gmt":"2017-06-14T14:42:03","slug":"hugo-boss-boss-the-scent-deodorant-stick-75ml","status":"publish","type":"product","link":"https:\/\/profumix.it\/en\/prodotto\/hugo-boss-boss-the-scent-deodorant-stick-75ml\/","title":{"rendered":"HUGO BOSS BOSS THE SCENT DEODORANT STICK 75ML FOR MEN"},"content":{"rendered":"<p>Boss The Scent di Hugo Boss \u00e8 una fragranza del gruppo Aromatico Speziato da uomo. E&#8217; una nuova fragranza. Boss The Scent \u00e8 stato lanciato sul mercato nel 2015. Boss The Scent \u00e8 stato creato da Bruno Jovanovic e Pascal Gaurin.<br \/>\nLe note di testa sono Zenzero, Bergamotto e Mandarino;<br \/>\nle note di cuore sono Lavanda e Maninka;<br \/>\nle note di base sono Cuoio e Note Legnose. <\/p>\n","protected":false},"excerpt":{"rendered":"<p>Boss The Scent di Hugo Boss \u00e8 una fragranza del gruppo Aromatico Speziato da uomo. E&#8217; una nuova fragranza. Boss The Scent \u00e8 stato lanciato sul mercato nel 2015. Boss The Scent \u00e8 stato creato da Bruno Jovanovic e Pascal Gaurin.<br \/>\nLe note di testa sono Zenzero, Bergamotto e Mandarino;<br \/>\nle note di cuore sono Lavanda e Maninka;<br \/>\nle note di base sono Cuoio e Note Legnose. <\/p>\n","protected":false},"featured_media":79908,"comment_status":"open","ping_status":"closed","template":"","meta":{"_et_pb_use_builder":"","_et_pb_old_content":"","_et_gb_content_width":""},"product_brand":[],"product_cat":[7104,7099,7098,7110,7111,7103],"product_tag":[],"class_list":{"0":"post-79909","1":"product","2":"type-product","3":"status-publish","4":"has-post-thumbnail","6":"product_cat-deodoranti","7":"product_cat-offerte-da-non-perdere-default-category","8":"product_cat-default-category","9":"product_cat-tester","10":"product_cat-uomo-1","11":"product_cat-trattameni-corpo","12":"pa_bollino-offerta_speciale","13":"pa_categoria_desc-deodoranteuomo","14":"pa_confezione_desc-2e-confezioneoriginale_bliste","15":"pa_formato_filtro-75ml","16":"pa_manufacturer-hugoboss","17":"pa_sconto_desc-6896","18":"pa_spedizione_gratuita-no","19":"pa_tipo_filtro-stick","21":"first","22":"outofstock","23":"sale","24":"shipping-taxable","25":"purchasable","26":"product-type-simple"},"yoast_head":"<!-- This site is optimized with the Yoast SEO plugin v27.4 - https:\/\/yoast.com\/product\/yoast-seo-wordpress\/ -->\n<title>HUGO BOSS BOSS THE SCENT DEODORANT STICK 75ML FOR MEN<\/title>\n<meta name=\"robots\" content=\"index, follow, max-snippet:-1, max-image-preview:large, max-video-preview:-1\" \/>\n<link rel=\"canonical\" href=\"https:\/\/profumix.it\/en\/prodotto\/hugo-boss-boss-the-scent-deodorant-stick-75ml\/\" \/>\n<meta property=\"og:locale\" content=\"en_US\" \/>\n<meta property=\"og:type\" content=\"article\" \/>\n<meta property=\"og:title\" content=\"HUGO BOSS BOSS THE SCENT DEODORANT STICK 75ML FOR MEN\" \/>\n<meta property=\"og:description\" content=\"Boss The Scent di Hugo Boss \u00e8 una fragranza del gruppo Aromatico Speziato da uomo. E&#039; una nuova fragranza. Boss The Scent \u00e8 stato lanciato sul mercato nel 2015. Boss The Scent \u00e8 stato creato da Bruno Jovanovic e Pascal Gaurin.  Le note di testa sono Zenzero, Bergamotto e Mandarino;  le note di cuore sono Lavanda e Maninka;  le note di base sono Cuoio e Note Legnose.\" \/>\n<meta property=\"og:url\" content=\"https:\/\/profumix.it\/en\/prodotto\/hugo-boss-boss-the-scent-deodorant-stick-75ml\/\" \/>\n<meta property=\"og:site_name\" content=\"Profumix Perfumes\" \/>\n<meta property=\"article:publisher\" content=\"https:\/\/www.facebook.com\/profumix\" \/>\n<meta property=\"og:image\" content=\"https:\/\/profumix.it\/wp-content\/uploads\/2017\/06\/product_h_u_hugo-boss-boss-the-scent-deo-stick-75ml.jpg\" \/>\n\t<meta property=\"og:image:width\" content=\"1161\" \/>\n\t<meta property=\"og:image:height\" content=\"1161\" \/>\n\t<meta property=\"og:image:type\" content=\"image\/jpeg\" \/>\n<meta name=\"twitter:card\" content=\"summary_large_image\" \/>\n<script type=\"application\/ld+json\" class=\"yoast-schema-graph\">{\"@context\":\"https:\\\/\\\/schema.org\",\"@graph\":[{\"@type\":\"WebPage\",\"@id\":\"https:\\\/\\\/profumix.it\\\/en\\\/prodotto\\\/hugo-boss-boss-the-scent-deodorant-stick-75ml\\\/\",\"url\":\"https:\\\/\\\/profumix.it\\\/en\\\/prodotto\\\/hugo-boss-boss-the-scent-deodorant-stick-75ml\\\/\",\"name\":\"HUGO BOSS BOSS THE SCENT DEODORANT STICK 75ML FOR MEN\",\"isPartOf\":{\"@id\":\"https:\\\/\\\/profumix.it\\\/en\\\/#website\"},\"primaryImageOfPage\":{\"@id\":\"https:\\\/\\\/profumix.it\\\/en\\\/prodotto\\\/hugo-boss-boss-the-scent-deodorant-stick-75ml\\\/#primaryimage\"},\"image\":{\"@id\":\"https:\\\/\\\/profumix.it\\\/en\\\/prodotto\\\/hugo-boss-boss-the-scent-deodorant-stick-75ml\\\/#primaryimage\"},\"thumbnailUrl\":\"https:\\\/\\\/profumix.it\\\/wp-content\\\/uploads\\\/2017\\\/06\\\/product_h_u_hugo-boss-boss-the-scent-deo-stick-75ml.jpg\",\"datePublished\":\"2017-06-14T14:42:03+00:00\",\"breadcrumb\":{\"@id\":\"https:\\\/\\\/profumix.it\\\/en\\\/prodotto\\\/hugo-boss-boss-the-scent-deodorant-stick-75ml\\\/#breadcrumb\"},\"inLanguage\":\"en-US\",\"potentialAction\":[{\"@type\":\"ReadAction\",\"target\":[\"https:\\\/\\\/profumix.it\\\/en\\\/prodotto\\\/hugo-boss-boss-the-scent-deodorant-stick-75ml\\\/\"]}]},{\"@type\":\"ImageObject\",\"inLanguage\":\"en-US\",\"@id\":\"https:\\\/\\\/profumix.it\\\/en\\\/prodotto\\\/hugo-boss-boss-the-scent-deodorant-stick-75ml\\\/#primaryimage\",\"url\":\"https:\\\/\\\/profumix.it\\\/wp-content\\\/uploads\\\/2017\\\/06\\\/product_h_u_hugo-boss-boss-the-scent-deo-stick-75ml.jpg\",\"contentUrl\":\"https:\\\/\\\/profumix.it\\\/wp-content\\\/uploads\\\/2017\\\/06\\\/product_h_u_hugo-boss-boss-the-scent-deo-stick-75ml.jpg\",\"width\":1161,\"height\":1161,\"caption\":\"HUGO BOSS BOSS THE SCENT DEODORANT STICK 75ML FOR MEN\"},{\"@type\":\"BreadcrumbList\",\"@id\":\"https:\\\/\\\/profumix.it\\\/en\\\/prodotto\\\/hugo-boss-boss-the-scent-deodorant-stick-75ml\\\/#breadcrumb\",\"itemListElement\":[{\"@type\":\"ListItem\",\"position\":1,\"name\":\"Home\",\"item\":\"https:\\\/\\\/profumix.it\\\/en\\\/home\\\/\"},{\"@type\":\"ListItem\",\"position\":2,\"name\":\"Shop\",\"item\":\"https:\\\/\\\/profumix.it\\\/en\\\/shop\\\/\"},{\"@type\":\"ListItem\",\"position\":3,\"name\":\"HUGO BOSS BOSS THE SCENT DEODORANT STICK 75ML FOR MEN\"}]},{\"@type\":\"WebSite\",\"@id\":\"https:\\\/\\\/profumix.it\\\/en\\\/#website\",\"url\":\"https:\\\/\\\/profumix.it\\\/en\\\/\",\"name\":\"Profumix Perfumes\",\"description\":\"\",\"potentialAction\":[{\"@type\":\"SearchAction\",\"target\":{\"@type\":\"EntryPoint\",\"urlTemplate\":\"https:\\\/\\\/profumix.it\\\/en\\\/?s={search_term_string}\"},\"query-input\":{\"@type\":\"PropertyValueSpecification\",\"valueRequired\":true,\"valueName\":\"search_term_string\"}}],\"inLanguage\":\"en-US\"}]}<\/script>\n<!-- \/ Yoast SEO plugin. -->","yoast_head_json":{"title":"HUGO BOSS BOSS THE SCENT DEODORANT STICK 75ML FOR MEN","robots":{"index":"index","follow":"follow","max-snippet":"max-snippet:-1","max-image-preview":"max-image-preview:large","max-video-preview":"max-video-preview:-1"},"canonical":"https:\/\/profumix.it\/en\/prodotto\/hugo-boss-boss-the-scent-deodorant-stick-75ml\/","og_locale":"en_US","og_type":"article","og_title":"HUGO BOSS BOSS THE SCENT DEODORANT STICK 75ML FOR MEN","og_description":"Boss The Scent di Hugo Boss \u00e8 una fragranza del gruppo Aromatico Speziato da uomo. E' una nuova fragranza. Boss The Scent \u00e8 stato lanciato sul mercato nel 2015. Boss The Scent \u00e8 stato creato da Bruno Jovanovic e Pascal Gaurin.  Le note di testa sono Zenzero, Bergamotto e Mandarino;  le note di cuore sono Lavanda e Maninka;  le note di base sono Cuoio e Note Legnose.","og_url":"https:\/\/profumix.it\/en\/prodotto\/hugo-boss-boss-the-scent-deodorant-stick-75ml\/","og_site_name":"Profumix Perfumes","article_publisher":"https:\/\/www.facebook.com\/profumix","og_image":[{"width":1161,"height":1161,"url":"https:\/\/profumix.it\/wp-content\/uploads\/2017\/06\/product_h_u_hugo-boss-boss-the-scent-deo-stick-75ml.jpg","type":"image\/jpeg"}],"twitter_card":"summary_large_image","schema":{"@context":"https:\/\/schema.org","@graph":[{"@type":"WebPage","@id":"https:\/\/profumix.it\/en\/prodotto\/hugo-boss-boss-the-scent-deodorant-stick-75ml\/","url":"https:\/\/profumix.it\/en\/prodotto\/hugo-boss-boss-the-scent-deodorant-stick-75ml\/","name":"HUGO BOSS BOSS THE SCENT DEODORANT STICK 75ML FOR MEN","isPartOf":{"@id":"https:\/\/profumix.it\/en\/#website"},"primaryImageOfPage":{"@id":"https:\/\/profumix.it\/en\/prodotto\/hugo-boss-boss-the-scent-deodorant-stick-75ml\/#primaryimage"},"image":{"@id":"https:\/\/profumix.it\/en\/prodotto\/hugo-boss-boss-the-scent-deodorant-stick-75ml\/#primaryimage"},"thumbnailUrl":"https:\/\/profumix.it\/wp-content\/uploads\/2017\/06\/product_h_u_hugo-boss-boss-the-scent-deo-stick-75ml.jpg","datePublished":"2017-06-14T14:42:03+00:00","breadcrumb":{"@id":"https:\/\/profumix.it\/en\/prodotto\/hugo-boss-boss-the-scent-deodorant-stick-75ml\/#breadcrumb"},"inLanguage":"en-US","potentialAction":[{"@type":"ReadAction","target":["https:\/\/profumix.it\/en\/prodotto\/hugo-boss-boss-the-scent-deodorant-stick-75ml\/"]}]},{"@type":"ImageObject","inLanguage":"en-US","@id":"https:\/\/profumix.it\/en\/prodotto\/hugo-boss-boss-the-scent-deodorant-stick-75ml\/#primaryimage","url":"https:\/\/profumix.it\/wp-content\/uploads\/2017\/06\/product_h_u_hugo-boss-boss-the-scent-deo-stick-75ml.jpg","contentUrl":"https:\/\/profumix.it\/wp-content\/uploads\/2017\/06\/product_h_u_hugo-boss-boss-the-scent-deo-stick-75ml.jpg","width":1161,"height":1161,"caption":"HUGO BOSS BOSS THE SCENT DEODORANT STICK 75ML FOR MEN"},{"@type":"BreadcrumbList","@id":"https:\/\/profumix.it\/en\/prodotto\/hugo-boss-boss-the-scent-deodorant-stick-75ml\/#breadcrumb","itemListElement":[{"@type":"ListItem","position":1,"name":"Home","item":"https:\/\/profumix.it\/en\/home\/"},{"@type":"ListItem","position":2,"name":"Shop","item":"https:\/\/profumix.it\/en\/shop\/"},{"@type":"ListItem","position":3,"name":"HUGO BOSS BOSS THE SCENT DEODORANT STICK 75ML FOR MEN"}]},{"@type":"WebSite","@id":"https:\/\/profumix.it\/en\/#website","url":"https:\/\/profumix.it\/en\/","name":"Profumix Perfumes","description":"","potentialAction":[{"@type":"SearchAction","target":{"@type":"EntryPoint","urlTemplate":"https:\/\/profumix.it\/en\/?s={search_term_string}"},"query-input":{"@type":"PropertyValueSpecification","valueRequired":true,"valueName":"search_term_string"}}],"inLanguage":"en-US"}]}},"_links":{"self":[{"href":"https:\/\/profumix.it\/en\/wp-json\/wp\/v2\/product\/79909","targetHints":{"allow":["GET"]}}],"collection":[{"href":"https:\/\/profumix.it\/en\/wp-json\/wp\/v2\/product"}],"about":[{"href":"https:\/\/profumix.it\/en\/wp-json\/wp\/v2\/types\/product"}],"replies":[{"embeddable":true,"href":"https:\/\/profumix.it\/en\/wp-json\/wp\/v2\/comments?post=79909"}],"wp:featuredmedia":[{"embeddable":true,"href":"https:\/\/profumix.it\/en\/wp-json\/wp\/v2\/media\/79908"}],"wp:attachment":[{"href":"https:\/\/profumix.it\/en\/wp-json\/wp\/v2\/media?parent=79909"}],"wp:term":[{"taxonomy":"product_brand","embeddable":true,"href":"https:\/\/profumix.it\/en\/wp-json\/wp\/v2\/product_brand?post=79909"},{"taxonomy":"product_cat","embeddable":true,"href":"https:\/\/profumix.it\/en\/wp-json\/wp\/v2\/product_cat?post=79909"},{"taxonomy":"product_tag","embeddable":true,"href":"https:\/\/profumix.it\/en\/wp-json\/wp\/v2\/product_tag?post=79909"}],"curies":[{"name":"wp","href":"https:\/\/api.w.org\/{rel}","templated":true}]}}