{"id":79925,"date":"2017-06-16T14:53:37","date_gmt":"2017-06-16T12:53:37","guid":{"rendered":"https:\/\/profumix.it\/prodotto\/jaguar-prestige-spirit-100ml-spray-eau-de-toilette\/"},"modified":"2017-06-16T14:53:37","modified_gmt":"2017-06-16T12:53:37","slug":"jaguar-prestige-spirit-100ml-spray-eau-de-toilette","status":"publish","type":"product","link":"https:\/\/profumix.it\/en\/prodotto\/jaguar-prestige-spirit-100ml-spray-eau-de-toilette\/","title":{"rendered":"JAGUAR PRESTIGE SPIRIT 100ML SPRAY EAU DE TOILETTE"},"content":{"rendered":"<p>Jaguar Prestige Spirit di Jaguar \u00e8 una fragranza del gruppo Orientale Foug\u00e8re da uomo. Jaguar Prestige Spirit \u00e8 stato lanciato sul mercato nel 2009. Il Naso di questa fragranza \u00e8 Michel Almairac.<br \/>\nLe note di testa sono Pompelmo, Ribes Nero e Mela Rossa;<br \/>\nle note di cuore sono Muschio Animale, Sandalo e Cedro della Virginia;<br \/>\nle note di base sono Muschio di Quercia, Fava Tonka e Legno di Rosa Brasiliano. <\/p>\n","protected":false},"excerpt":{"rendered":"<p>Jaguar Prestige Spirit di Jaguar \u00e8 una fragranza del gruppo Orientale Foug\u00e8re da uomo. Jaguar Prestige Spirit \u00e8 stato lanciato sul mercato nel 2009. Il Naso di questa fragranza \u00e8 Michel Almairac.<br \/>\nLe note di testa sono Pompelmo, Ribes Nero e Mela Rossa;<br \/>\nle note di cuore sono Muschio Animale, Sandalo e Cedro della Virginia;<br \/>\nle note di base sono Muschio di Quercia, Fava Tonka e Legno di Rosa Brasiliano. <\/p>\n","protected":false},"featured_media":79924,"comment_status":"open","ping_status":"closed","template":"","meta":{"_et_pb_use_builder":"","_et_pb_old_content":"","_et_gb_content_width":""},"product_brand":[],"product_cat":[7099,7098,7106,7107],"product_tag":[],"class_list":{"0":"post-79925","1":"product","2":"type-product","3":"status-publish","4":"has-post-thumbnail","6":"product_cat-offerte-da-non-perdere-default-category","7":"product_cat-default-category","8":"product_cat-profumi-default-category","9":"product_cat-uomo-profumi-default-category","10":"pa_bollino-offerta_speciale","11":"pa_categoria_desc-profumiuomo","12":"pa_confezione_desc-confezioneoriginalenotester","13":"pa_formato_filtro-100ml","14":"pa_manufacturer-jaguar","15":"pa_sconto_desc-6927","16":"pa_spedizione_gratuita-no","17":"pa_tipo_filtro-sprayeaudetoilette","19":"first","20":"outofstock","21":"sale","22":"shipping-taxable","23":"purchasable","24":"product-type-simple"},"yoast_head":"<!-- This site is optimized with the Yoast SEO plugin v27.4 - https:\/\/yoast.com\/product\/yoast-seo-wordpress\/ -->\n<title>JAGUAR PRESTIGE SPIRIT 100ML SPRAY EAU DE TOILETTE<\/title>\n<meta name=\"robots\" content=\"index, follow, max-snippet:-1, max-image-preview:large, max-video-preview:-1\" \/>\n<link rel=\"canonical\" href=\"https:\/\/profumix.it\/en\/prodotto\/jaguar-prestige-spirit-100ml-spray-eau-de-toilette\/\" \/>\n<meta property=\"og:locale\" content=\"en_US\" \/>\n<meta property=\"og:type\" content=\"article\" \/>\n<meta property=\"og:title\" content=\"JAGUAR PRESTIGE SPIRIT 100ML SPRAY EAU DE TOILETTE\" \/>\n<meta property=\"og:description\" content=\"Jaguar Prestige Spirit di Jaguar \u00e8 una fragranza del gruppo Orientale Foug\u00e8re da uomo. Jaguar Prestige Spirit \u00e8 stato lanciato sul mercato nel 2009. Il Naso di questa fragranza \u00e8 Michel Almairac.  Le note di testa sono Pompelmo, Ribes Nero e Mela Rossa;  le note di cuore sono Muschio Animale, Sandalo e Cedro della Virginia;  le note di base sono Muschio di Quercia, Fava Tonka e Legno di Rosa Brasiliano.\" \/>\n<meta property=\"og:url\" content=\"https:\/\/profumix.it\/en\/prodotto\/jaguar-prestige-spirit-100ml-spray-eau-de-toilette\/\" \/>\n<meta property=\"og:site_name\" content=\"Profumix Perfumes\" \/>\n<meta property=\"article:publisher\" content=\"https:\/\/www.facebook.com\/profumix\" \/>\n<meta property=\"og:image\" content=\"https:\/\/profumix.it\/wp-content\/uploads\/2017\/06\/product_j_a_jaguar-prestige-spirit-eau-de-toilette-100ml-spray-edt.jpg\" \/>\n\t<meta property=\"og:image:width\" content=\"1000\" \/>\n\t<meta property=\"og:image:height\" content=\"1000\" \/>\n\t<meta property=\"og:image:type\" content=\"image\/jpeg\" \/>\n<meta name=\"twitter:card\" content=\"summary_large_image\" \/>\n<script type=\"application\/ld+json\" class=\"yoast-schema-graph\">{\"@context\":\"https:\\\/\\\/schema.org\",\"@graph\":[{\"@type\":\"WebPage\",\"@id\":\"https:\\\/\\\/profumix.it\\\/en\\\/prodotto\\\/jaguar-prestige-spirit-100ml-spray-eau-de-toilette\\\/\",\"url\":\"https:\\\/\\\/profumix.it\\\/en\\\/prodotto\\\/jaguar-prestige-spirit-100ml-spray-eau-de-toilette\\\/\",\"name\":\"JAGUAR PRESTIGE SPIRIT 100ML SPRAY EAU DE TOILETTE\",\"isPartOf\":{\"@id\":\"https:\\\/\\\/profumix.it\\\/en\\\/#website\"},\"primaryImageOfPage\":{\"@id\":\"https:\\\/\\\/profumix.it\\\/en\\\/prodotto\\\/jaguar-prestige-spirit-100ml-spray-eau-de-toilette\\\/#primaryimage\"},\"image\":{\"@id\":\"https:\\\/\\\/profumix.it\\\/en\\\/prodotto\\\/jaguar-prestige-spirit-100ml-spray-eau-de-toilette\\\/#primaryimage\"},\"thumbnailUrl\":\"https:\\\/\\\/profumix.it\\\/wp-content\\\/uploads\\\/2017\\\/06\\\/product_j_a_jaguar-prestige-spirit-eau-de-toilette-100ml-spray-edt.jpg\",\"datePublished\":\"2017-06-16T12:53:37+00:00\",\"breadcrumb\":{\"@id\":\"https:\\\/\\\/profumix.it\\\/en\\\/prodotto\\\/jaguar-prestige-spirit-100ml-spray-eau-de-toilette\\\/#breadcrumb\"},\"inLanguage\":\"en-US\",\"potentialAction\":[{\"@type\":\"ReadAction\",\"target\":[\"https:\\\/\\\/profumix.it\\\/en\\\/prodotto\\\/jaguar-prestige-spirit-100ml-spray-eau-de-toilette\\\/\"]}]},{\"@type\":\"ImageObject\",\"inLanguage\":\"en-US\",\"@id\":\"https:\\\/\\\/profumix.it\\\/en\\\/prodotto\\\/jaguar-prestige-spirit-100ml-spray-eau-de-toilette\\\/#primaryimage\",\"url\":\"https:\\\/\\\/profumix.it\\\/wp-content\\\/uploads\\\/2017\\\/06\\\/product_j_a_jaguar-prestige-spirit-eau-de-toilette-100ml-spray-edt.jpg\",\"contentUrl\":\"https:\\\/\\\/profumix.it\\\/wp-content\\\/uploads\\\/2017\\\/06\\\/product_j_a_jaguar-prestige-spirit-eau-de-toilette-100ml-spray-edt.jpg\",\"width\":1000,\"height\":1000,\"caption\":\"JAGUAR PRESTIGE SPIRIT 100ML SPRAY EAU DE TOILETTE\"},{\"@type\":\"BreadcrumbList\",\"@id\":\"https:\\\/\\\/profumix.it\\\/en\\\/prodotto\\\/jaguar-prestige-spirit-100ml-spray-eau-de-toilette\\\/#breadcrumb\",\"itemListElement\":[{\"@type\":\"ListItem\",\"position\":1,\"name\":\"Home\",\"item\":\"https:\\\/\\\/profumix.it\\\/en\\\/home\\\/\"},{\"@type\":\"ListItem\",\"position\":2,\"name\":\"Shop\",\"item\":\"https:\\\/\\\/profumix.it\\\/en\\\/shop\\\/\"},{\"@type\":\"ListItem\",\"position\":3,\"name\":\"JAGUAR PRESTIGE SPIRIT 100ML SPRAY EAU DE TOILETTE\"}]},{\"@type\":\"WebSite\",\"@id\":\"https:\\\/\\\/profumix.it\\\/en\\\/#website\",\"url\":\"https:\\\/\\\/profumix.it\\\/en\\\/\",\"name\":\"Profumix Perfumes\",\"description\":\"\",\"potentialAction\":[{\"@type\":\"SearchAction\",\"target\":{\"@type\":\"EntryPoint\",\"urlTemplate\":\"https:\\\/\\\/profumix.it\\\/en\\\/?s={search_term_string}\"},\"query-input\":{\"@type\":\"PropertyValueSpecification\",\"valueRequired\":true,\"valueName\":\"search_term_string\"}}],\"inLanguage\":\"en-US\"}]}<\/script>\n<!-- \/ Yoast SEO plugin. -->","yoast_head_json":{"title":"JAGUAR PRESTIGE SPIRIT 100ML SPRAY EAU DE TOILETTE","robots":{"index":"index","follow":"follow","max-snippet":"max-snippet:-1","max-image-preview":"max-image-preview:large","max-video-preview":"max-video-preview:-1"},"canonical":"https:\/\/profumix.it\/en\/prodotto\/jaguar-prestige-spirit-100ml-spray-eau-de-toilette\/","og_locale":"en_US","og_type":"article","og_title":"JAGUAR PRESTIGE SPIRIT 100ML SPRAY EAU DE TOILETTE","og_description":"Jaguar Prestige Spirit di Jaguar \u00e8 una fragranza del gruppo Orientale Foug\u00e8re da uomo. Jaguar Prestige Spirit \u00e8 stato lanciato sul mercato nel 2009. Il Naso di questa fragranza \u00e8 Michel Almairac.  Le note di testa sono Pompelmo, Ribes Nero e Mela Rossa;  le note di cuore sono Muschio Animale, Sandalo e Cedro della Virginia;  le note di base sono Muschio di Quercia, Fava Tonka e Legno di Rosa Brasiliano.","og_url":"https:\/\/profumix.it\/en\/prodotto\/jaguar-prestige-spirit-100ml-spray-eau-de-toilette\/","og_site_name":"Profumix Perfumes","article_publisher":"https:\/\/www.facebook.com\/profumix","og_image":[{"width":1000,"height":1000,"url":"https:\/\/profumix.it\/wp-content\/uploads\/2017\/06\/product_j_a_jaguar-prestige-spirit-eau-de-toilette-100ml-spray-edt.jpg","type":"image\/jpeg"}],"twitter_card":"summary_large_image","schema":{"@context":"https:\/\/schema.org","@graph":[{"@type":"WebPage","@id":"https:\/\/profumix.it\/en\/prodotto\/jaguar-prestige-spirit-100ml-spray-eau-de-toilette\/","url":"https:\/\/profumix.it\/en\/prodotto\/jaguar-prestige-spirit-100ml-spray-eau-de-toilette\/","name":"JAGUAR PRESTIGE SPIRIT 100ML SPRAY EAU DE TOILETTE","isPartOf":{"@id":"https:\/\/profumix.it\/en\/#website"},"primaryImageOfPage":{"@id":"https:\/\/profumix.it\/en\/prodotto\/jaguar-prestige-spirit-100ml-spray-eau-de-toilette\/#primaryimage"},"image":{"@id":"https:\/\/profumix.it\/en\/prodotto\/jaguar-prestige-spirit-100ml-spray-eau-de-toilette\/#primaryimage"},"thumbnailUrl":"https:\/\/profumix.it\/wp-content\/uploads\/2017\/06\/product_j_a_jaguar-prestige-spirit-eau-de-toilette-100ml-spray-edt.jpg","datePublished":"2017-06-16T12:53:37+00:00","breadcrumb":{"@id":"https:\/\/profumix.it\/en\/prodotto\/jaguar-prestige-spirit-100ml-spray-eau-de-toilette\/#breadcrumb"},"inLanguage":"en-US","potentialAction":[{"@type":"ReadAction","target":["https:\/\/profumix.it\/en\/prodotto\/jaguar-prestige-spirit-100ml-spray-eau-de-toilette\/"]}]},{"@type":"ImageObject","inLanguage":"en-US","@id":"https:\/\/profumix.it\/en\/prodotto\/jaguar-prestige-spirit-100ml-spray-eau-de-toilette\/#primaryimage","url":"https:\/\/profumix.it\/wp-content\/uploads\/2017\/06\/product_j_a_jaguar-prestige-spirit-eau-de-toilette-100ml-spray-edt.jpg","contentUrl":"https:\/\/profumix.it\/wp-content\/uploads\/2017\/06\/product_j_a_jaguar-prestige-spirit-eau-de-toilette-100ml-spray-edt.jpg","width":1000,"height":1000,"caption":"JAGUAR PRESTIGE SPIRIT 100ML SPRAY EAU DE TOILETTE"},{"@type":"BreadcrumbList","@id":"https:\/\/profumix.it\/en\/prodotto\/jaguar-prestige-spirit-100ml-spray-eau-de-toilette\/#breadcrumb","itemListElement":[{"@type":"ListItem","position":1,"name":"Home","item":"https:\/\/profumix.it\/en\/home\/"},{"@type":"ListItem","position":2,"name":"Shop","item":"https:\/\/profumix.it\/en\/shop\/"},{"@type":"ListItem","position":3,"name":"JAGUAR PRESTIGE SPIRIT 100ML SPRAY EAU DE TOILETTE"}]},{"@type":"WebSite","@id":"https:\/\/profumix.it\/en\/#website","url":"https:\/\/profumix.it\/en\/","name":"Profumix Perfumes","description":"","potentialAction":[{"@type":"SearchAction","target":{"@type":"EntryPoint","urlTemplate":"https:\/\/profumix.it\/en\/?s={search_term_string}"},"query-input":{"@type":"PropertyValueSpecification","valueRequired":true,"valueName":"search_term_string"}}],"inLanguage":"en-US"}]}},"_links":{"self":[{"href":"https:\/\/profumix.it\/en\/wp-json\/wp\/v2\/product\/79925","targetHints":{"allow":["GET"]}}],"collection":[{"href":"https:\/\/profumix.it\/en\/wp-json\/wp\/v2\/product"}],"about":[{"href":"https:\/\/profumix.it\/en\/wp-json\/wp\/v2\/types\/product"}],"replies":[{"embeddable":true,"href":"https:\/\/profumix.it\/en\/wp-json\/wp\/v2\/comments?post=79925"}],"wp:featuredmedia":[{"embeddable":true,"href":"https:\/\/profumix.it\/en\/wp-json\/wp\/v2\/media\/79924"}],"wp:attachment":[{"href":"https:\/\/profumix.it\/en\/wp-json\/wp\/v2\/media?parent=79925"}],"wp:term":[{"taxonomy":"product_brand","embeddable":true,"href":"https:\/\/profumix.it\/en\/wp-json\/wp\/v2\/product_brand?post=79925"},{"taxonomy":"product_cat","embeddable":true,"href":"https:\/\/profumix.it\/en\/wp-json\/wp\/v2\/product_cat?post=79925"},{"taxonomy":"product_tag","embeddable":true,"href":"https:\/\/profumix.it\/en\/wp-json\/wp\/v2\/product_tag?post=79925"}],"curies":[{"name":"wp","href":"https:\/\/api.w.org\/{rel}","templated":true}]}}