{"id":79993,"date":"2017-06-24T13:59:17","date_gmt":"2017-06-24T11:59:17","guid":{"rendered":"https:\/\/profumix.it\/prodotto\/lanvin-jeanne-100ml-spray-eau-de-parfum\/"},"modified":"2025-10-17T11:12:16","modified_gmt":"2025-10-17T09:12:16","slug":"lanvin-jeanne-100ml-spray-eau-de-parfum","status":"publish","type":"product","link":"https:\/\/profumix.it\/en\/prodotto\/lanvin-jeanne-100ml-spray-eau-de-parfum\/","title":{"rendered":"LANVIN JEANNE 100ML SPRAY EAU DE PARFUM"},"content":{"rendered":"<p>Jeanne Lanvin di Lanvin \u00e8 una fragranza del gruppo Floreale Fruttato da donna. Jeanne Lanvin \u00e8 stato lanciato sul mercato nel 2008. Il Naso di questa fragranza \u00e8 Anne Flipo. Le note di testa sono Mora, Limone e Pera; le note di cuore sono Peonia, Fresia, Lampone e Rosa; le note di base sono Sandalo, Ambra e Muschio Animale. <\/p>\n","protected":false},"excerpt":{"rendered":"<p>Jeanne Lanvin di Lanvin \u00e8 una fragranza del gruppo Floreale Fruttato da donna. Jeanne Lanvin \u00e8 stato lanciato sul mercato nel 2008. Il Naso di questa fragranza \u00e8 Anne Flipo. Le note di testa sono Mora, Limone e Pera; le note di cuore sono Peonia, Fresia, Lampone e Rosa; le note di base sono Sandalo, Ambra e Muschio Animale. <\/p>\n","protected":false},"featured_media":79992,"comment_status":"open","ping_status":"closed","template":"","meta":{"_et_pb_use_builder":"","_et_pb_old_content":"","_et_gb_content_width":""},"product_brand":[],"product_cat":[7109,7099,7098,7106],"product_tag":[],"class_list":{"0":"post-79993","1":"product","2":"type-product","3":"status-publish","4":"has-post-thumbnail","6":"product_cat-donna","7":"product_cat-offerte-da-non-perdere-default-category","8":"product_cat-default-category","9":"product_cat-profumi-default-category","10":"pa_bollino-offerta_speciale","11":"pa_categoria_desc-profumidonna","12":"pa_confezione_desc-confezioneoriginalenotester","13":"pa_formato_filtro-100ml","14":"pa_manufacturer-lanvinparis","15":"pa_sconto_desc-6917","16":"pa_spedizione_gratuita-no","17":"pa_tipo_filtro-sprayeaudeparfum","19":"first","20":"outofstock","21":"sale","22":"shipping-taxable","23":"purchasable","24":"product-type-simple"},"yoast_head":"<!-- This site is optimized with the Yoast SEO plugin v27.4 - https:\/\/yoast.com\/product\/yoast-seo-wordpress\/ -->\n<title>LANVIN JEANNE 100ML SPRAY EAU DE PARFUM<\/title>\n<meta name=\"robots\" content=\"index, follow, max-snippet:-1, max-image-preview:large, max-video-preview:-1\" \/>\n<link rel=\"canonical\" href=\"https:\/\/profumix.it\/en\/prodotto\/lanvin-jeanne-100ml-spray-eau-de-parfum\/\" \/>\n<meta property=\"og:locale\" content=\"en_US\" \/>\n<meta property=\"og:type\" content=\"article\" \/>\n<meta property=\"og:title\" content=\"LANVIN JEANNE 100ML SPRAY EAU DE PARFUM\" \/>\n<meta property=\"og:description\" content=\"Jeanne Lanvin di Lanvin \u00e8 una fragranza del gruppo Floreale Fruttato da donna. Jeanne Lanvin \u00e8 stato lanciato sul mercato nel 2008. Il Naso di questa fragranza \u00e8 Anne Flipo. Le note di testa sono Mora, Limone e Pera; le note di cuore sono Peonia, Fresia, Lampone e Rosa; le note di base sono Sandalo, Ambra e Muschio Animale.\" \/>\n<meta property=\"og:url\" content=\"https:\/\/profumix.it\/en\/prodotto\/lanvin-jeanne-100ml-spray-eau-de-parfum\/\" \/>\n<meta property=\"og:site_name\" content=\"Profumix Perfumes\" \/>\n<meta property=\"article:publisher\" content=\"https:\/\/www.facebook.com\/profumix\" \/>\n<meta property=\"article:modified_time\" content=\"2025-10-17T09:12:16+00:00\" \/>\n<meta property=\"og:image\" content=\"https:\/\/profumix.it\/wp-content\/uploads\/2017\/06\/product_l_a_lanvin-jeanne-edp-spray-100ml.jpg\" \/>\n\t<meta property=\"og:image:width\" content=\"1024\" \/>\n\t<meta property=\"og:image:height\" content=\"1024\" \/>\n\t<meta property=\"og:image:type\" content=\"image\/jpeg\" \/>\n<meta name=\"twitter:card\" content=\"summary_large_image\" \/>\n<script type=\"application\/ld+json\" class=\"yoast-schema-graph\">{\"@context\":\"https:\\\/\\\/schema.org\",\"@graph\":[{\"@type\":\"WebPage\",\"@id\":\"https:\\\/\\\/profumix.it\\\/en\\\/prodotto\\\/lanvin-jeanne-100ml-spray-eau-de-parfum\\\/\",\"url\":\"https:\\\/\\\/profumix.it\\\/en\\\/prodotto\\\/lanvin-jeanne-100ml-spray-eau-de-parfum\\\/\",\"name\":\"LANVIN JEANNE 100ML SPRAY EAU DE PARFUM\",\"isPartOf\":{\"@id\":\"https:\\\/\\\/profumix.it\\\/en\\\/#website\"},\"primaryImageOfPage\":{\"@id\":\"https:\\\/\\\/profumix.it\\\/en\\\/prodotto\\\/lanvin-jeanne-100ml-spray-eau-de-parfum\\\/#primaryimage\"},\"image\":{\"@id\":\"https:\\\/\\\/profumix.it\\\/en\\\/prodotto\\\/lanvin-jeanne-100ml-spray-eau-de-parfum\\\/#primaryimage\"},\"thumbnailUrl\":\"https:\\\/\\\/profumix.it\\\/wp-content\\\/uploads\\\/2017\\\/06\\\/product_l_a_lanvin-jeanne-edp-spray-100ml.jpg\",\"datePublished\":\"2017-06-24T11:59:17+00:00\",\"dateModified\":\"2025-10-17T09:12:16+00:00\",\"breadcrumb\":{\"@id\":\"https:\\\/\\\/profumix.it\\\/en\\\/prodotto\\\/lanvin-jeanne-100ml-spray-eau-de-parfum\\\/#breadcrumb\"},\"inLanguage\":\"en-US\",\"potentialAction\":[{\"@type\":\"ReadAction\",\"target\":[\"https:\\\/\\\/profumix.it\\\/en\\\/prodotto\\\/lanvin-jeanne-100ml-spray-eau-de-parfum\\\/\"]}]},{\"@type\":\"ImageObject\",\"inLanguage\":\"en-US\",\"@id\":\"https:\\\/\\\/profumix.it\\\/en\\\/prodotto\\\/lanvin-jeanne-100ml-spray-eau-de-parfum\\\/#primaryimage\",\"url\":\"https:\\\/\\\/profumix.it\\\/wp-content\\\/uploads\\\/2017\\\/06\\\/product_l_a_lanvin-jeanne-edp-spray-100ml.jpg\",\"contentUrl\":\"https:\\\/\\\/profumix.it\\\/wp-content\\\/uploads\\\/2017\\\/06\\\/product_l_a_lanvin-jeanne-edp-spray-100ml.jpg\",\"width\":1024,\"height\":1024,\"caption\":\"LANVIN JEANNE 100ML SPRAY EAU DE PARFUM\"},{\"@type\":\"BreadcrumbList\",\"@id\":\"https:\\\/\\\/profumix.it\\\/en\\\/prodotto\\\/lanvin-jeanne-100ml-spray-eau-de-parfum\\\/#breadcrumb\",\"itemListElement\":[{\"@type\":\"ListItem\",\"position\":1,\"name\":\"Home\",\"item\":\"https:\\\/\\\/profumix.it\\\/en\\\/home\\\/\"},{\"@type\":\"ListItem\",\"position\":2,\"name\":\"Shop\",\"item\":\"https:\\\/\\\/profumix.it\\\/en\\\/shop\\\/\"},{\"@type\":\"ListItem\",\"position\":3,\"name\":\"LANVIN JEANNE 100ML SPRAY EAU DE PARFUM\"}]},{\"@type\":\"WebSite\",\"@id\":\"https:\\\/\\\/profumix.it\\\/en\\\/#website\",\"url\":\"https:\\\/\\\/profumix.it\\\/en\\\/\",\"name\":\"Profumix Perfumes\",\"description\":\"\",\"potentialAction\":[{\"@type\":\"SearchAction\",\"target\":{\"@type\":\"EntryPoint\",\"urlTemplate\":\"https:\\\/\\\/profumix.it\\\/en\\\/?s={search_term_string}\"},\"query-input\":{\"@type\":\"PropertyValueSpecification\",\"valueRequired\":true,\"valueName\":\"search_term_string\"}}],\"inLanguage\":\"en-US\"}]}<\/script>\n<!-- \/ Yoast SEO plugin. -->","yoast_head_json":{"title":"LANVIN JEANNE 100ML SPRAY EAU DE PARFUM","robots":{"index":"index","follow":"follow","max-snippet":"max-snippet:-1","max-image-preview":"max-image-preview:large","max-video-preview":"max-video-preview:-1"},"canonical":"https:\/\/profumix.it\/en\/prodotto\/lanvin-jeanne-100ml-spray-eau-de-parfum\/","og_locale":"en_US","og_type":"article","og_title":"LANVIN JEANNE 100ML SPRAY EAU DE PARFUM","og_description":"Jeanne Lanvin di Lanvin \u00e8 una fragranza del gruppo Floreale Fruttato da donna. Jeanne Lanvin \u00e8 stato lanciato sul mercato nel 2008. Il Naso di questa fragranza \u00e8 Anne Flipo. Le note di testa sono Mora, Limone e Pera; le note di cuore sono Peonia, Fresia, Lampone e Rosa; le note di base sono Sandalo, Ambra e Muschio Animale.","og_url":"https:\/\/profumix.it\/en\/prodotto\/lanvin-jeanne-100ml-spray-eau-de-parfum\/","og_site_name":"Profumix Perfumes","article_publisher":"https:\/\/www.facebook.com\/profumix","article_modified_time":"2025-10-17T09:12:16+00:00","og_image":[{"width":1024,"height":1024,"url":"https:\/\/profumix.it\/wp-content\/uploads\/2017\/06\/product_l_a_lanvin-jeanne-edp-spray-100ml.jpg","type":"image\/jpeg"}],"twitter_card":"summary_large_image","schema":{"@context":"https:\/\/schema.org","@graph":[{"@type":"WebPage","@id":"https:\/\/profumix.it\/en\/prodotto\/lanvin-jeanne-100ml-spray-eau-de-parfum\/","url":"https:\/\/profumix.it\/en\/prodotto\/lanvin-jeanne-100ml-spray-eau-de-parfum\/","name":"LANVIN JEANNE 100ML SPRAY EAU DE PARFUM","isPartOf":{"@id":"https:\/\/profumix.it\/en\/#website"},"primaryImageOfPage":{"@id":"https:\/\/profumix.it\/en\/prodotto\/lanvin-jeanne-100ml-spray-eau-de-parfum\/#primaryimage"},"image":{"@id":"https:\/\/profumix.it\/en\/prodotto\/lanvin-jeanne-100ml-spray-eau-de-parfum\/#primaryimage"},"thumbnailUrl":"https:\/\/profumix.it\/wp-content\/uploads\/2017\/06\/product_l_a_lanvin-jeanne-edp-spray-100ml.jpg","datePublished":"2017-06-24T11:59:17+00:00","dateModified":"2025-10-17T09:12:16+00:00","breadcrumb":{"@id":"https:\/\/profumix.it\/en\/prodotto\/lanvin-jeanne-100ml-spray-eau-de-parfum\/#breadcrumb"},"inLanguage":"en-US","potentialAction":[{"@type":"ReadAction","target":["https:\/\/profumix.it\/en\/prodotto\/lanvin-jeanne-100ml-spray-eau-de-parfum\/"]}]},{"@type":"ImageObject","inLanguage":"en-US","@id":"https:\/\/profumix.it\/en\/prodotto\/lanvin-jeanne-100ml-spray-eau-de-parfum\/#primaryimage","url":"https:\/\/profumix.it\/wp-content\/uploads\/2017\/06\/product_l_a_lanvin-jeanne-edp-spray-100ml.jpg","contentUrl":"https:\/\/profumix.it\/wp-content\/uploads\/2017\/06\/product_l_a_lanvin-jeanne-edp-spray-100ml.jpg","width":1024,"height":1024,"caption":"LANVIN JEANNE 100ML SPRAY EAU DE PARFUM"},{"@type":"BreadcrumbList","@id":"https:\/\/profumix.it\/en\/prodotto\/lanvin-jeanne-100ml-spray-eau-de-parfum\/#breadcrumb","itemListElement":[{"@type":"ListItem","position":1,"name":"Home","item":"https:\/\/profumix.it\/en\/home\/"},{"@type":"ListItem","position":2,"name":"Shop","item":"https:\/\/profumix.it\/en\/shop\/"},{"@type":"ListItem","position":3,"name":"LANVIN JEANNE 100ML SPRAY EAU DE PARFUM"}]},{"@type":"WebSite","@id":"https:\/\/profumix.it\/en\/#website","url":"https:\/\/profumix.it\/en\/","name":"Profumix Perfumes","description":"","potentialAction":[{"@type":"SearchAction","target":{"@type":"EntryPoint","urlTemplate":"https:\/\/profumix.it\/en\/?s={search_term_string}"},"query-input":{"@type":"PropertyValueSpecification","valueRequired":true,"valueName":"search_term_string"}}],"inLanguage":"en-US"}]}},"_links":{"self":[{"href":"https:\/\/profumix.it\/en\/wp-json\/wp\/v2\/product\/79993","targetHints":{"allow":["GET"]}}],"collection":[{"href":"https:\/\/profumix.it\/en\/wp-json\/wp\/v2\/product"}],"about":[{"href":"https:\/\/profumix.it\/en\/wp-json\/wp\/v2\/types\/product"}],"replies":[{"embeddable":true,"href":"https:\/\/profumix.it\/en\/wp-json\/wp\/v2\/comments?post=79993"}],"wp:featuredmedia":[{"embeddable":true,"href":"https:\/\/profumix.it\/en\/wp-json\/wp\/v2\/media\/79992"}],"wp:attachment":[{"href":"https:\/\/profumix.it\/en\/wp-json\/wp\/v2\/media?parent=79993"}],"wp:term":[{"taxonomy":"product_brand","embeddable":true,"href":"https:\/\/profumix.it\/en\/wp-json\/wp\/v2\/product_brand?post=79993"},{"taxonomy":"product_cat","embeddable":true,"href":"https:\/\/profumix.it\/en\/wp-json\/wp\/v2\/product_cat?post=79993"},{"taxonomy":"product_tag","embeddable":true,"href":"https:\/\/profumix.it\/en\/wp-json\/wp\/v2\/product_tag?post=79993"}],"curies":[{"name":"wp","href":"https:\/\/api.w.org\/{rel}","templated":true}]}}