{"id":80476,"date":"2017-10-31T09:16:33","date_gmt":"2017-10-31T08:16:33","guid":{"rendered":"https:\/\/profumix.it\/prodotto\/guerlain-l-instant-de-guerlain-pour-homme-75ml-spray-eau-de-toilette-6\/"},"modified":"2022-10-19T12:10:57","modified_gmt":"2022-10-19T10:10:57","slug":"guerlain-l-instant-de-guerlain-pour-homme-75ml-spray-eau-de-toilette-6","status":"publish","type":"product","link":"https:\/\/profumix.it\/en\/prodotto\/guerlain-l-instant-de-guerlain-pour-homme-75ml-spray-eau-de-toilette-6\/","title":{"rendered":"GUERLAIN HERITAGE 75ML AFTER SHAVE LOTION OLD VERSION lotto zk2cb1 ref.170"},"content":{"rendered":"<p>Heritage Eau de Toilette di Guerlain \u00e8 una fragranza del gruppo Legnoso Speziato da uomo. Heritage Eau de Toilette \u00e8 stato lanciato sul mercato nel 1992. Il Naso di questa fragranza \u00e8 Jean-Paul Guerlain. Le note di testa sono Aldeidi, Bacche di Ginepro, Lavanda, Note Verdi, Violetta, Salvia Sclarea, Petitgrain, Bergamotto e Limone; le note di cuore sono Ciclamino, Coriandolo, Garofano, Patchouli, Pepe, Abete Balsamo (Abies balsamea), Rizoma di Iris, Gelsomino, Mughetto, Rosa, Geranio e Pepe Rosa; le note di base sono Sandalo, Ambra, Muschio Animale, Muschio di Quercia e Cedro.<\/p>\n","protected":false},"excerpt":{"rendered":"<p>Heritage Eau de Toilette di Guerlain \u00e8 una fragranza del gruppo Legnoso Speziato da uomo. Heritage Eau de Toilette \u00e8 stato lanciato sul mercato nel 1992. Il Naso di questa fragranza \u00e8 Jean-Paul Guerlain. Le note di testa sono Aldeidi, Bacche di Ginepro, Lavanda, Note Verdi, Violetta, Salvia Sclarea, Petitgrain, Bergamotto e Limone; le note di cuore sono Ciclamino, Coriandolo, Garofano, Patchouli, Pepe, Abete Balsamo (Abies balsamea), Rizoma di Iris, Gelsomino, Mughetto, Rosa, Geranio e Pepe Rosa; le note di base sono Sandalo, Ambra, Muschio Animale, Muschio di Quercia e Cedro.<\/p>\n","protected":false},"featured_media":80475,"comment_status":"open","ping_status":"closed","template":"","meta":{"_et_pb_use_builder":"","_et_pb_old_content":"","_et_gb_content_width":""},"product_brand":[],"product_cat":[7173,7102,7101,7099,7098,7106,7107],"product_tag":[],"class_list":{"0":"post-80476","1":"product","2":"type-product","3":"status-publish","4":"has-post-thumbnail","6":"product_cat-articoli-fuori-produzione-e-rarita","7":"product_cat-dopobarba","8":"product_cat-linea-uomo","9":"product_cat-offerte-da-non-perdere-default-category","10":"product_cat-default-category","11":"product_cat-profumi-default-category","12":"product_cat-uomo-profumi-default-category","13":"pa_categoria_desc-dopobarba","14":"pa_confezione_desc-11-scatolaoriginalecomedafoto","15":"pa_formato_filtro-75ml","16":"pa_manufacturer-guerlain","17":"pa_spedizione_gratuita-no","18":"pa_tipo_filtro-lozione","20":"first","21":"outofstock","22":"shipping-taxable","23":"purchasable","24":"product-type-simple"},"yoast_head":"<!-- This site is optimized with the Yoast SEO plugin v27.4 - https:\/\/yoast.com\/product\/yoast-seo-wordpress\/ -->\n<title>GUERLAIN HERITAGE 75ML AFTER SHAVE LOTION OLD VERSION lotto zk2cb1 ref.170<\/title>\n<meta name=\"robots\" content=\"index, follow, max-snippet:-1, max-image-preview:large, max-video-preview:-1\" \/>\n<link rel=\"canonical\" href=\"https:\/\/profumix.it\/en\/prodotto\/guerlain-l-instant-de-guerlain-pour-homme-75ml-spray-eau-de-toilette-6\/\" \/>\n<meta property=\"og:locale\" content=\"en_US\" \/>\n<meta property=\"og:type\" content=\"article\" \/>\n<meta property=\"og:title\" content=\"GUERLAIN HERITAGE 75ML AFTER SHAVE LOTION OLD VERSION lotto zk2cb1 ref.170\" \/>\n<meta property=\"og:description\" content=\"Heritage Eau de Toilette di Guerlain \u00e8 una fragranza del gruppo Legnoso Speziato da uomo. Heritage Eau de Toilette \u00e8 stato lanciato sul mercato nel 1992. Il Naso di questa fragranza \u00e8 Jean-Paul Guerlain. Le note di testa sono Aldeidi, Bacche di Ginepro, Lavanda, Note Verdi, Violetta, Salvia Sclarea, Petitgrain, Bergamotto e Limone; le note di cuore sono Ciclamino, Coriandolo, Garofano, Patchouli, Pepe, Abete Balsamo (Abies balsamea), Rizoma di Iris, Gelsomino, Mughetto, Rosa, Geranio e Pepe Rosa; le note di base sono Sandalo, Ambra, Muschio Animale, Muschio di Quercia e Cedro.\" \/>\n<meta property=\"og:url\" content=\"https:\/\/profumix.it\/en\/prodotto\/guerlain-l-instant-de-guerlain-pour-homme-75ml-spray-eau-de-toilette-6\/\" \/>\n<meta property=\"og:site_name\" content=\"Profumix Perfumes\" \/>\n<meta property=\"article:publisher\" content=\"https:\/\/www.facebook.com\/profumix\" \/>\n<meta property=\"article:modified_time\" content=\"2022-10-19T10:10:57+00:00\" \/>\n<meta property=\"og:image\" content=\"https:\/\/profumix.it\/wp-content\/uploads\/2017\/10\/product_h_e_heritage-de-guerlain-after-shave-75ml-splash-old-version-lotto_zk2cb1.jpg\" \/>\n\t<meta property=\"og:image:width\" content=\"1000\" \/>\n\t<meta property=\"og:image:height\" content=\"750\" \/>\n\t<meta property=\"og:image:type\" content=\"image\/jpeg\" \/>\n<meta name=\"twitter:card\" content=\"summary_large_image\" \/>\n<script type=\"application\/ld+json\" class=\"yoast-schema-graph\">{\"@context\":\"https:\\\/\\\/schema.org\",\"@graph\":[{\"@type\":\"WebPage\",\"@id\":\"https:\\\/\\\/profumix.it\\\/en\\\/prodotto\\\/guerlain-l-instant-de-guerlain-pour-homme-75ml-spray-eau-de-toilette-6\\\/\",\"url\":\"https:\\\/\\\/profumix.it\\\/en\\\/prodotto\\\/guerlain-l-instant-de-guerlain-pour-homme-75ml-spray-eau-de-toilette-6\\\/\",\"name\":\"GUERLAIN HERITAGE 75ML AFTER SHAVE LOTION OLD VERSION lotto zk2cb1 ref.170\",\"isPartOf\":{\"@id\":\"https:\\\/\\\/profumix.it\\\/en\\\/#website\"},\"primaryImageOfPage\":{\"@id\":\"https:\\\/\\\/profumix.it\\\/en\\\/prodotto\\\/guerlain-l-instant-de-guerlain-pour-homme-75ml-spray-eau-de-toilette-6\\\/#primaryimage\"},\"image\":{\"@id\":\"https:\\\/\\\/profumix.it\\\/en\\\/prodotto\\\/guerlain-l-instant-de-guerlain-pour-homme-75ml-spray-eau-de-toilette-6\\\/#primaryimage\"},\"thumbnailUrl\":\"https:\\\/\\\/profumix.it\\\/wp-content\\\/uploads\\\/2017\\\/10\\\/product_h_e_heritage-de-guerlain-after-shave-75ml-splash-old-version-lotto_zk2cb1.jpg\",\"datePublished\":\"2017-10-31T08:16:33+00:00\",\"dateModified\":\"2022-10-19T10:10:57+00:00\",\"breadcrumb\":{\"@id\":\"https:\\\/\\\/profumix.it\\\/en\\\/prodotto\\\/guerlain-l-instant-de-guerlain-pour-homme-75ml-spray-eau-de-toilette-6\\\/#breadcrumb\"},\"inLanguage\":\"en-US\",\"potentialAction\":[{\"@type\":\"ReadAction\",\"target\":[\"https:\\\/\\\/profumix.it\\\/en\\\/prodotto\\\/guerlain-l-instant-de-guerlain-pour-homme-75ml-spray-eau-de-toilette-6\\\/\"]}]},{\"@type\":\"ImageObject\",\"inLanguage\":\"en-US\",\"@id\":\"https:\\\/\\\/profumix.it\\\/en\\\/prodotto\\\/guerlain-l-instant-de-guerlain-pour-homme-75ml-spray-eau-de-toilette-6\\\/#primaryimage\",\"url\":\"https:\\\/\\\/profumix.it\\\/wp-content\\\/uploads\\\/2017\\\/10\\\/product_h_e_heritage-de-guerlain-after-shave-75ml-splash-old-version-lotto_zk2cb1.jpg\",\"contentUrl\":\"https:\\\/\\\/profumix.it\\\/wp-content\\\/uploads\\\/2017\\\/10\\\/product_h_e_heritage-de-guerlain-after-shave-75ml-splash-old-version-lotto_zk2cb1.jpg\",\"width\":1000,\"height\":750,\"caption\":\"GUERLAIN HERITAGE 75ML AFTER SHAVE LOTION OLD VERSION lotto zk2cb1 ref.170\"},{\"@type\":\"BreadcrumbList\",\"@id\":\"https:\\\/\\\/profumix.it\\\/en\\\/prodotto\\\/guerlain-l-instant-de-guerlain-pour-homme-75ml-spray-eau-de-toilette-6\\\/#breadcrumb\",\"itemListElement\":[{\"@type\":\"ListItem\",\"position\":1,\"name\":\"Home\",\"item\":\"https:\\\/\\\/profumix.it\\\/en\\\/home\\\/\"},{\"@type\":\"ListItem\",\"position\":2,\"name\":\"Shop\",\"item\":\"https:\\\/\\\/profumix.it\\\/en\\\/shop\\\/\"},{\"@type\":\"ListItem\",\"position\":3,\"name\":\"GUERLAIN HERITAGE 75ML AFTER SHAVE LOTION OLD VERSION lotto zk2cb1 ref.170\"}]},{\"@type\":\"WebSite\",\"@id\":\"https:\\\/\\\/profumix.it\\\/en\\\/#website\",\"url\":\"https:\\\/\\\/profumix.it\\\/en\\\/\",\"name\":\"Profumix Perfumes\",\"description\":\"\",\"potentialAction\":[{\"@type\":\"SearchAction\",\"target\":{\"@type\":\"EntryPoint\",\"urlTemplate\":\"https:\\\/\\\/profumix.it\\\/en\\\/?s={search_term_string}\"},\"query-input\":{\"@type\":\"PropertyValueSpecification\",\"valueRequired\":true,\"valueName\":\"search_term_string\"}}],\"inLanguage\":\"en-US\"}]}<\/script>\n<!-- \/ Yoast SEO plugin. -->","yoast_head_json":{"title":"GUERLAIN HERITAGE 75ML AFTER SHAVE LOTION OLD VERSION lotto zk2cb1 ref.170","robots":{"index":"index","follow":"follow","max-snippet":"max-snippet:-1","max-image-preview":"max-image-preview:large","max-video-preview":"max-video-preview:-1"},"canonical":"https:\/\/profumix.it\/en\/prodotto\/guerlain-l-instant-de-guerlain-pour-homme-75ml-spray-eau-de-toilette-6\/","og_locale":"en_US","og_type":"article","og_title":"GUERLAIN HERITAGE 75ML AFTER SHAVE LOTION OLD VERSION lotto zk2cb1 ref.170","og_description":"Heritage Eau de Toilette di Guerlain \u00e8 una fragranza del gruppo Legnoso Speziato da uomo. Heritage Eau de Toilette \u00e8 stato lanciato sul mercato nel 1992. Il Naso di questa fragranza \u00e8 Jean-Paul Guerlain. Le note di testa sono Aldeidi, Bacche di Ginepro, Lavanda, Note Verdi, Violetta, Salvia Sclarea, Petitgrain, Bergamotto e Limone; le note di cuore sono Ciclamino, Coriandolo, Garofano, Patchouli, Pepe, Abete Balsamo (Abies balsamea), Rizoma di Iris, Gelsomino, Mughetto, Rosa, Geranio e Pepe Rosa; le note di base sono Sandalo, Ambra, Muschio Animale, Muschio di Quercia e Cedro.","og_url":"https:\/\/profumix.it\/en\/prodotto\/guerlain-l-instant-de-guerlain-pour-homme-75ml-spray-eau-de-toilette-6\/","og_site_name":"Profumix Perfumes","article_publisher":"https:\/\/www.facebook.com\/profumix","article_modified_time":"2022-10-19T10:10:57+00:00","og_image":[{"width":1000,"height":750,"url":"https:\/\/profumix.it\/wp-content\/uploads\/2017\/10\/product_h_e_heritage-de-guerlain-after-shave-75ml-splash-old-version-lotto_zk2cb1.jpg","type":"image\/jpeg"}],"twitter_card":"summary_large_image","schema":{"@context":"https:\/\/schema.org","@graph":[{"@type":"WebPage","@id":"https:\/\/profumix.it\/en\/prodotto\/guerlain-l-instant-de-guerlain-pour-homme-75ml-spray-eau-de-toilette-6\/","url":"https:\/\/profumix.it\/en\/prodotto\/guerlain-l-instant-de-guerlain-pour-homme-75ml-spray-eau-de-toilette-6\/","name":"GUERLAIN HERITAGE 75ML AFTER SHAVE LOTION OLD VERSION lotto zk2cb1 ref.170","isPartOf":{"@id":"https:\/\/profumix.it\/en\/#website"},"primaryImageOfPage":{"@id":"https:\/\/profumix.it\/en\/prodotto\/guerlain-l-instant-de-guerlain-pour-homme-75ml-spray-eau-de-toilette-6\/#primaryimage"},"image":{"@id":"https:\/\/profumix.it\/en\/prodotto\/guerlain-l-instant-de-guerlain-pour-homme-75ml-spray-eau-de-toilette-6\/#primaryimage"},"thumbnailUrl":"https:\/\/profumix.it\/wp-content\/uploads\/2017\/10\/product_h_e_heritage-de-guerlain-after-shave-75ml-splash-old-version-lotto_zk2cb1.jpg","datePublished":"2017-10-31T08:16:33+00:00","dateModified":"2022-10-19T10:10:57+00:00","breadcrumb":{"@id":"https:\/\/profumix.it\/en\/prodotto\/guerlain-l-instant-de-guerlain-pour-homme-75ml-spray-eau-de-toilette-6\/#breadcrumb"},"inLanguage":"en-US","potentialAction":[{"@type":"ReadAction","target":["https:\/\/profumix.it\/en\/prodotto\/guerlain-l-instant-de-guerlain-pour-homme-75ml-spray-eau-de-toilette-6\/"]}]},{"@type":"ImageObject","inLanguage":"en-US","@id":"https:\/\/profumix.it\/en\/prodotto\/guerlain-l-instant-de-guerlain-pour-homme-75ml-spray-eau-de-toilette-6\/#primaryimage","url":"https:\/\/profumix.it\/wp-content\/uploads\/2017\/10\/product_h_e_heritage-de-guerlain-after-shave-75ml-splash-old-version-lotto_zk2cb1.jpg","contentUrl":"https:\/\/profumix.it\/wp-content\/uploads\/2017\/10\/product_h_e_heritage-de-guerlain-after-shave-75ml-splash-old-version-lotto_zk2cb1.jpg","width":1000,"height":750,"caption":"GUERLAIN HERITAGE 75ML AFTER SHAVE LOTION OLD VERSION lotto zk2cb1 ref.170"},{"@type":"BreadcrumbList","@id":"https:\/\/profumix.it\/en\/prodotto\/guerlain-l-instant-de-guerlain-pour-homme-75ml-spray-eau-de-toilette-6\/#breadcrumb","itemListElement":[{"@type":"ListItem","position":1,"name":"Home","item":"https:\/\/profumix.it\/en\/home\/"},{"@type":"ListItem","position":2,"name":"Shop","item":"https:\/\/profumix.it\/en\/shop\/"},{"@type":"ListItem","position":3,"name":"GUERLAIN HERITAGE 75ML AFTER SHAVE LOTION OLD VERSION lotto zk2cb1 ref.170"}]},{"@type":"WebSite","@id":"https:\/\/profumix.it\/en\/#website","url":"https:\/\/profumix.it\/en\/","name":"Profumix Perfumes","description":"","potentialAction":[{"@type":"SearchAction","target":{"@type":"EntryPoint","urlTemplate":"https:\/\/profumix.it\/en\/?s={search_term_string}"},"query-input":{"@type":"PropertyValueSpecification","valueRequired":true,"valueName":"search_term_string"}}],"inLanguage":"en-US"}]}},"_links":{"self":[{"href":"https:\/\/profumix.it\/en\/wp-json\/wp\/v2\/product\/80476","targetHints":{"allow":["GET"]}}],"collection":[{"href":"https:\/\/profumix.it\/en\/wp-json\/wp\/v2\/product"}],"about":[{"href":"https:\/\/profumix.it\/en\/wp-json\/wp\/v2\/types\/product"}],"replies":[{"embeddable":true,"href":"https:\/\/profumix.it\/en\/wp-json\/wp\/v2\/comments?post=80476"}],"wp:featuredmedia":[{"embeddable":true,"href":"https:\/\/profumix.it\/en\/wp-json\/wp\/v2\/media\/80475"}],"wp:attachment":[{"href":"https:\/\/profumix.it\/en\/wp-json\/wp\/v2\/media?parent=80476"}],"wp:term":[{"taxonomy":"product_brand","embeddable":true,"href":"https:\/\/profumix.it\/en\/wp-json\/wp\/v2\/product_brand?post=80476"},{"taxonomy":"product_cat","embeddable":true,"href":"https:\/\/profumix.it\/en\/wp-json\/wp\/v2\/product_cat?post=80476"},{"taxonomy":"product_tag","embeddable":true,"href":"https:\/\/profumix.it\/en\/wp-json\/wp\/v2\/product_tag?post=80476"}],"curies":[{"name":"wp","href":"https:\/\/api.w.org\/{rel}","templated":true}]}}