{"id":80484,"date":"2017-11-04T16:07:59","date_gmt":"2017-11-04T15:07:59","guid":{"rendered":"https:\/\/profumix.it\/prodotto\/azzaro-visit-100ml-spray-eau-de-toilette-tester-121\/"},"modified":"2017-11-04T16:07:59","modified_gmt":"2017-11-04T15:07:59","slug":"azzaro-visit-100ml-spray-eau-de-toilette-tester-121","status":"publish","type":"product","link":"https:\/\/profumix.it\/en\/prodotto\/azzaro-visit-100ml-spray-eau-de-toilette-tester-121\/","title":{"rendered":"GIFT SET ZADIG &#038; VOLTAIRE THIS IS HER! EAU DE PARFUM POUR ELLE SPRAY 50ML + BODY LOTION 75ML"},"content":{"rendered":"<p>THIS IS HER DI ZADIG &#038; VOLTAIRE \u00c8 UNA FRAGRANZA DEL GRUPPO ORIENTALE VANIGLIATO DA DONNA. E&#8217; UNA NUOVA FRAGRANZA. THIS IS HER \u00c8 STATO LANCIATO SUL MERCATO NEL 2016. THIS IS HER \u00c8 STATO CREATO DA SIDONIE LANCESSEUR E MICHEL ALMAIRAC. <\/p>\n<p>LE NOTE DI TESTA SONO GELSOMINO SAMBAC, PEPE ROSA E FIORE DELL&#8217;ALBERO DELLA SETA;<br \/>\nLE NOTE DI CUORE SONO CASTAGNA, PANNA MONTATA E VANIGLIA;<br \/>\nLE NOTE DI BASE SONO SANDALO E LEGNO DI CASHMERE.<\/p>\n","protected":false},"excerpt":{"rendered":"<p>THIS IS HER DI ZADIG &#038; VOLTAIRE \u00c8 UNA FRAGRANZA DEL GRUPPO ORIENTALE VANIGLIATO DA DONNA. E&#8217; UNA NUOVA FRAGRANZA. THIS IS HER \u00c8 STATO LANCIATO SUL MERCATO NEL 2016. THIS IS HER \u00c8 STATO CREATO DA SIDONIE LANCESSEUR E MICHEL ALMAIRAC. <\/p>\n<p>LE NOTE DI TESTA SONO GELSOMINO SAMBAC, PEPE ROSA E FIORE DELL&#8217;ALBERO DELLA SETA;<br \/>\nLE NOTE DI CUORE SONO CASTAGNA, PANNA MONTATA E VANIGLIA;<br \/>\nLE NOTE DI BASE SONO SANDALO E LEGNO DI CASHMERE.<\/p>\n","protected":false},"featured_media":80483,"comment_status":"open","ping_status":"closed","template":"","meta":{"_et_pb_use_builder":"","_et_pb_old_content":"","_et_gb_content_width":""},"product_brand":[],"product_cat":[7113,7118,7109,7098,7106],"product_tag":[],"class_list":{"0":"post-80484","1":"product","2":"type-product","3":"status-publish","4":"has-post-thumbnail","6":"product_cat-confezioni-regalo","7":"product_cat-donna-1-confezioni-regalo","8":"product_cat-donna","9":"product_cat-default-category","10":"product_cat-profumi-default-category","11":"pa_bollino-offerta_speciale","12":"pa_categoria_desc-confezioniregalo","13":"pa_confezione_desc-confezioneoriginalenotester","14":"pa_formato_filtro-50ml","15":"pa_manufacturer-zadigvoltaire","16":"pa_sconto_desc-6903","17":"pa_spedizione_gratuita-no","18":"pa_tipo_filtro-sprayeaudeparfum","20":"first","21":"outofstock","22":"sale","23":"shipping-taxable","24":"purchasable","25":"product-type-simple"},"yoast_head":"<!-- This site is optimized with the Yoast SEO plugin v27.4 - https:\/\/yoast.com\/product\/yoast-seo-wordpress\/ -->\n<title>GIFT SET ZADIG &amp; VOLTAIRE THIS IS HER! EAU DE PARFUM POUR ELLE SPRAY 50ML + BODY LOTION 75ML<\/title>\n<meta name=\"robots\" content=\"index, follow, max-snippet:-1, max-image-preview:large, max-video-preview:-1\" \/>\n<link rel=\"canonical\" href=\"https:\/\/profumix.it\/en\/prodotto\/azzaro-visit-100ml-spray-eau-de-toilette-tester-121\/\" \/>\n<meta property=\"og:locale\" content=\"en_US\" \/>\n<meta property=\"og:type\" content=\"article\" \/>\n<meta property=\"og:title\" content=\"GIFT SET ZADIG &amp; VOLTAIRE THIS IS HER! EAU DE PARFUM POUR ELLE SPRAY 50ML + BODY LOTION 75ML\" \/>\n<meta property=\"og:description\" content=\"THIS IS HER DI ZADIG &amp; VOLTAIRE \u00c8 UNA FRAGRANZA DEL GRUPPO ORIENTALE VANIGLIATO DA DONNA. E&#039; UNA NUOVA FRAGRANZA. THIS IS HER \u00c8 STATO LANCIATO SUL MERCATO NEL 2016. THIS IS HER \u00c8 STATO CREATO DA SIDONIE LANCESSEUR E MICHEL ALMAIRAC.   LE NOTE DI TESTA SONO GELSOMINO SAMBAC, PEPE ROSA E FIORE DELL&#039;ALBERO DELLA SETA;  LE NOTE DI CUORE SONO CASTAGNA, PANNA MONTATA E VANIGLIA;  LE NOTE DI BASE SONO SANDALO E LEGNO DI CASHMERE.\" \/>\n<meta property=\"og:url\" content=\"https:\/\/profumix.it\/en\/prodotto\/azzaro-visit-100ml-spray-eau-de-toilette-tester-121\/\" \/>\n<meta property=\"og:site_name\" content=\"Profumix Perfumes\" \/>\n<meta property=\"article:publisher\" content=\"https:\/\/www.facebook.com\/profumix\" \/>\n<meta property=\"og:image\" content=\"https:\/\/profumix.it\/wp-content\/uploads\/2017\/11\/product_z_a_zadig-_-voltaire-this-is-her_-eau-de-parfum-spray-50ml-gift-set_nuovo_1.jpg\" \/>\n\t<meta property=\"og:image:width\" content=\"1000\" \/>\n\t<meta property=\"og:image:height\" content=\"1000\" \/>\n\t<meta property=\"og:image:type\" content=\"image\/jpeg\" \/>\n<meta name=\"twitter:card\" content=\"summary_large_image\" \/>\n<script type=\"application\/ld+json\" class=\"yoast-schema-graph\">{\"@context\":\"https:\\\/\\\/schema.org\",\"@graph\":[{\"@type\":\"WebPage\",\"@id\":\"https:\\\/\\\/profumix.it\\\/en\\\/prodotto\\\/azzaro-visit-100ml-spray-eau-de-toilette-tester-121\\\/\",\"url\":\"https:\\\/\\\/profumix.it\\\/en\\\/prodotto\\\/azzaro-visit-100ml-spray-eau-de-toilette-tester-121\\\/\",\"name\":\"GIFT SET ZADIG & VOLTAIRE THIS IS HER! EAU DE PARFUM POUR ELLE SPRAY 50ML + BODY LOTION 75ML\",\"isPartOf\":{\"@id\":\"https:\\\/\\\/profumix.it\\\/en\\\/#website\"},\"primaryImageOfPage\":{\"@id\":\"https:\\\/\\\/profumix.it\\\/en\\\/prodotto\\\/azzaro-visit-100ml-spray-eau-de-toilette-tester-121\\\/#primaryimage\"},\"image\":{\"@id\":\"https:\\\/\\\/profumix.it\\\/en\\\/prodotto\\\/azzaro-visit-100ml-spray-eau-de-toilette-tester-121\\\/#primaryimage\"},\"thumbnailUrl\":\"https:\\\/\\\/profumix.it\\\/wp-content\\\/uploads\\\/2017\\\/11\\\/product_z_a_zadig-_-voltaire-this-is-her_-eau-de-parfum-spray-50ml-gift-set_nuovo_1.jpg\",\"datePublished\":\"2017-11-04T15:07:59+00:00\",\"breadcrumb\":{\"@id\":\"https:\\\/\\\/profumix.it\\\/en\\\/prodotto\\\/azzaro-visit-100ml-spray-eau-de-toilette-tester-121\\\/#breadcrumb\"},\"inLanguage\":\"en-US\",\"potentialAction\":[{\"@type\":\"ReadAction\",\"target\":[\"https:\\\/\\\/profumix.it\\\/en\\\/prodotto\\\/azzaro-visit-100ml-spray-eau-de-toilette-tester-121\\\/\"]}]},{\"@type\":\"ImageObject\",\"inLanguage\":\"en-US\",\"@id\":\"https:\\\/\\\/profumix.it\\\/en\\\/prodotto\\\/azzaro-visit-100ml-spray-eau-de-toilette-tester-121\\\/#primaryimage\",\"url\":\"https:\\\/\\\/profumix.it\\\/wp-content\\\/uploads\\\/2017\\\/11\\\/product_z_a_zadig-_-voltaire-this-is-her_-eau-de-parfum-spray-50ml-gift-set_nuovo_1.jpg\",\"contentUrl\":\"https:\\\/\\\/profumix.it\\\/wp-content\\\/uploads\\\/2017\\\/11\\\/product_z_a_zadig-_-voltaire-this-is-her_-eau-de-parfum-spray-50ml-gift-set_nuovo_1.jpg\",\"width\":1000,\"height\":1000,\"caption\":\"GIFT SET ZADIG & VOLTAIRE THIS IS HER! EAU DE PARFUM POUR ELLE SPRAY 50ML + BODY LOTION 75ML\"},{\"@type\":\"BreadcrumbList\",\"@id\":\"https:\\\/\\\/profumix.it\\\/en\\\/prodotto\\\/azzaro-visit-100ml-spray-eau-de-toilette-tester-121\\\/#breadcrumb\",\"itemListElement\":[{\"@type\":\"ListItem\",\"position\":1,\"name\":\"Home\",\"item\":\"https:\\\/\\\/profumix.it\\\/en\\\/home\\\/\"},{\"@type\":\"ListItem\",\"position\":2,\"name\":\"Shop\",\"item\":\"https:\\\/\\\/profumix.it\\\/en\\\/shop\\\/\"},{\"@type\":\"ListItem\",\"position\":3,\"name\":\"GIFT SET ZADIG &#038; VOLTAIRE THIS IS HER! EAU DE PARFUM POUR ELLE SPRAY 50ML + BODY LOTION 75ML\"}]},{\"@type\":\"WebSite\",\"@id\":\"https:\\\/\\\/profumix.it\\\/en\\\/#website\",\"url\":\"https:\\\/\\\/profumix.it\\\/en\\\/\",\"name\":\"Profumix Perfumes\",\"description\":\"\",\"potentialAction\":[{\"@type\":\"SearchAction\",\"target\":{\"@type\":\"EntryPoint\",\"urlTemplate\":\"https:\\\/\\\/profumix.it\\\/en\\\/?s={search_term_string}\"},\"query-input\":{\"@type\":\"PropertyValueSpecification\",\"valueRequired\":true,\"valueName\":\"search_term_string\"}}],\"inLanguage\":\"en-US\"}]}<\/script>\n<!-- \/ Yoast SEO plugin. -->","yoast_head_json":{"title":"GIFT SET ZADIG & VOLTAIRE THIS IS HER! EAU DE PARFUM POUR ELLE SPRAY 50ML + BODY LOTION 75ML","robots":{"index":"index","follow":"follow","max-snippet":"max-snippet:-1","max-image-preview":"max-image-preview:large","max-video-preview":"max-video-preview:-1"},"canonical":"https:\/\/profumix.it\/en\/prodotto\/azzaro-visit-100ml-spray-eau-de-toilette-tester-121\/","og_locale":"en_US","og_type":"article","og_title":"GIFT SET ZADIG & VOLTAIRE THIS IS HER! EAU DE PARFUM POUR ELLE SPRAY 50ML + BODY LOTION 75ML","og_description":"THIS IS HER DI ZADIG & VOLTAIRE \u00c8 UNA FRAGRANZA DEL GRUPPO ORIENTALE VANIGLIATO DA DONNA. E' UNA NUOVA FRAGRANZA. THIS IS HER \u00c8 STATO LANCIATO SUL MERCATO NEL 2016. THIS IS HER \u00c8 STATO CREATO DA SIDONIE LANCESSEUR E MICHEL ALMAIRAC.   LE NOTE DI TESTA SONO GELSOMINO SAMBAC, PEPE ROSA E FIORE DELL'ALBERO DELLA SETA;  LE NOTE DI CUORE SONO CASTAGNA, PANNA MONTATA E VANIGLIA;  LE NOTE DI BASE SONO SANDALO E LEGNO DI CASHMERE.","og_url":"https:\/\/profumix.it\/en\/prodotto\/azzaro-visit-100ml-spray-eau-de-toilette-tester-121\/","og_site_name":"Profumix Perfumes","article_publisher":"https:\/\/www.facebook.com\/profumix","og_image":[{"width":1000,"height":1000,"url":"https:\/\/profumix.it\/wp-content\/uploads\/2017\/11\/product_z_a_zadig-_-voltaire-this-is-her_-eau-de-parfum-spray-50ml-gift-set_nuovo_1.jpg","type":"image\/jpeg"}],"twitter_card":"summary_large_image","schema":{"@context":"https:\/\/schema.org","@graph":[{"@type":"WebPage","@id":"https:\/\/profumix.it\/en\/prodotto\/azzaro-visit-100ml-spray-eau-de-toilette-tester-121\/","url":"https:\/\/profumix.it\/en\/prodotto\/azzaro-visit-100ml-spray-eau-de-toilette-tester-121\/","name":"GIFT SET ZADIG & VOLTAIRE THIS IS HER! EAU DE PARFUM POUR ELLE SPRAY 50ML + BODY LOTION 75ML","isPartOf":{"@id":"https:\/\/profumix.it\/en\/#website"},"primaryImageOfPage":{"@id":"https:\/\/profumix.it\/en\/prodotto\/azzaro-visit-100ml-spray-eau-de-toilette-tester-121\/#primaryimage"},"image":{"@id":"https:\/\/profumix.it\/en\/prodotto\/azzaro-visit-100ml-spray-eau-de-toilette-tester-121\/#primaryimage"},"thumbnailUrl":"https:\/\/profumix.it\/wp-content\/uploads\/2017\/11\/product_z_a_zadig-_-voltaire-this-is-her_-eau-de-parfum-spray-50ml-gift-set_nuovo_1.jpg","datePublished":"2017-11-04T15:07:59+00:00","breadcrumb":{"@id":"https:\/\/profumix.it\/en\/prodotto\/azzaro-visit-100ml-spray-eau-de-toilette-tester-121\/#breadcrumb"},"inLanguage":"en-US","potentialAction":[{"@type":"ReadAction","target":["https:\/\/profumix.it\/en\/prodotto\/azzaro-visit-100ml-spray-eau-de-toilette-tester-121\/"]}]},{"@type":"ImageObject","inLanguage":"en-US","@id":"https:\/\/profumix.it\/en\/prodotto\/azzaro-visit-100ml-spray-eau-de-toilette-tester-121\/#primaryimage","url":"https:\/\/profumix.it\/wp-content\/uploads\/2017\/11\/product_z_a_zadig-_-voltaire-this-is-her_-eau-de-parfum-spray-50ml-gift-set_nuovo_1.jpg","contentUrl":"https:\/\/profumix.it\/wp-content\/uploads\/2017\/11\/product_z_a_zadig-_-voltaire-this-is-her_-eau-de-parfum-spray-50ml-gift-set_nuovo_1.jpg","width":1000,"height":1000,"caption":"GIFT SET ZADIG & VOLTAIRE THIS IS HER! EAU DE PARFUM POUR ELLE SPRAY 50ML + BODY LOTION 75ML"},{"@type":"BreadcrumbList","@id":"https:\/\/profumix.it\/en\/prodotto\/azzaro-visit-100ml-spray-eau-de-toilette-tester-121\/#breadcrumb","itemListElement":[{"@type":"ListItem","position":1,"name":"Home","item":"https:\/\/profumix.it\/en\/home\/"},{"@type":"ListItem","position":2,"name":"Shop","item":"https:\/\/profumix.it\/en\/shop\/"},{"@type":"ListItem","position":3,"name":"GIFT SET ZADIG &#038; VOLTAIRE THIS IS HER! EAU DE PARFUM POUR ELLE SPRAY 50ML + BODY LOTION 75ML"}]},{"@type":"WebSite","@id":"https:\/\/profumix.it\/en\/#website","url":"https:\/\/profumix.it\/en\/","name":"Profumix Perfumes","description":"","potentialAction":[{"@type":"SearchAction","target":{"@type":"EntryPoint","urlTemplate":"https:\/\/profumix.it\/en\/?s={search_term_string}"},"query-input":{"@type":"PropertyValueSpecification","valueRequired":true,"valueName":"search_term_string"}}],"inLanguage":"en-US"}]}},"_links":{"self":[{"href":"https:\/\/profumix.it\/en\/wp-json\/wp\/v2\/product\/80484","targetHints":{"allow":["GET"]}}],"collection":[{"href":"https:\/\/profumix.it\/en\/wp-json\/wp\/v2\/product"}],"about":[{"href":"https:\/\/profumix.it\/en\/wp-json\/wp\/v2\/types\/product"}],"replies":[{"embeddable":true,"href":"https:\/\/profumix.it\/en\/wp-json\/wp\/v2\/comments?post=80484"}],"wp:featuredmedia":[{"embeddable":true,"href":"https:\/\/profumix.it\/en\/wp-json\/wp\/v2\/media\/80483"}],"wp:attachment":[{"href":"https:\/\/profumix.it\/en\/wp-json\/wp\/v2\/media?parent=80484"}],"wp:term":[{"taxonomy":"product_brand","embeddable":true,"href":"https:\/\/profumix.it\/en\/wp-json\/wp\/v2\/product_brand?post=80484"},{"taxonomy":"product_cat","embeddable":true,"href":"https:\/\/profumix.it\/en\/wp-json\/wp\/v2\/product_cat?post=80484"},{"taxonomy":"product_tag","embeddable":true,"href":"https:\/\/profumix.it\/en\/wp-json\/wp\/v2\/product_tag?post=80484"}],"curies":[{"name":"wp","href":"https:\/\/api.w.org\/{rel}","templated":true}]}}