{"id":80562,"date":"2017-11-11T16:55:10","date_gmt":"2017-11-11T15:55:10","guid":{"rendered":"https:\/\/profumix.it\/prodotto\/paco-rabanne-tenere-100ml-splash-eau-de-toilette-vintage\/"},"modified":"2017-11-11T16:55:10","modified_gmt":"2017-11-11T15:55:10","slug":"paco-rabanne-tenere-100ml-splash-eau-de-toilette-vintage","status":"publish","type":"product","link":"https:\/\/profumix.it\/en\/prodotto\/paco-rabanne-tenere-100ml-splash-eau-de-toilette-vintage\/","title":{"rendered":"PACO RABANNE TENERE 100ML SPLASH EAU DE TOILETTE VINTAGE"},"content":{"rendered":"<p>Tenere di Paco Rabanne \u00e8 una fragranza aromatica per gli uomini. Tenere \u00e8 stato lanciato nel 1988. Il naso dietro a questo profumo \u00e8 Pierre Wargnye. <\/p>\n<p>Note di testa sono il rosmarino, lavanda, note verdi, cassia, pompelmo, bergamotto e limone;<br \/>\nNote di cuore sono il miele, artemisia, garofano, cannella, dragoncello, radice di iris, gelsomino, giglio-of-the-valle, anice e rosa;<br \/>\nNote di fondo sono in pelle, ambra, patchouli, muschio, vetiver e legno di cedro.<\/p>\n","protected":false},"excerpt":{"rendered":"<p>Tenere di Paco Rabanne \u00e8 una fragranza aromatica per gli uomini. Tenere \u00e8 stato lanciato nel 1988. Il naso dietro a questo profumo \u00e8 Pierre Wargnye. <\/p>\n<p>Note di testa sono il rosmarino, lavanda, note verdi, cassia, pompelmo, bergamotto e limone;<br \/>\nNote di cuore sono il miele, artemisia, garofano, cannella, dragoncello, radice di iris, gelsomino, giglio-of-the-valle, anice e rosa;<br \/>\nNote di fondo sono in pelle, ambra, patchouli, muschio, vetiver e legno di cedro.<\/p>\n","protected":false},"featured_media":80561,"comment_status":"open","ping_status":"closed","template":"","meta":{"_et_pb_use_builder":"","_et_pb_old_content":"","_et_gb_content_width":""},"product_brand":[],"product_cat":[7173,7098,7106,7107],"product_tag":[],"class_list":{"0":"post-80562","1":"product","2":"type-product","3":"status-publish","4":"has-post-thumbnail","6":"product_cat-articoli-fuori-produzione-e-rarita","7":"product_cat-default-category","8":"product_cat-profumi-default-category","9":"product_cat-uomo-profumi-default-category","10":"pa_categoria_desc-profumiuomo","11":"pa_confezione_desc-confezioneoriginalecomedafoto","12":"pa_formato_filtro-100ml","13":"pa_manufacturer-pacorabanne","14":"pa_spedizione_gratuita-no","15":"pa_tipo_filtro-nospray","17":"first","18":"outofstock","19":"shipping-taxable","20":"purchasable","21":"product-type-simple"},"yoast_head":"<!-- This site is optimized with the Yoast SEO plugin v27.4 - https:\/\/yoast.com\/product\/yoast-seo-wordpress\/ -->\n<title>PACO RABANNE T\u00c9N\u00c9R\u00c9 100ML SPLASH EAU DE TOILETTE VINTAGE<\/title>\n<meta name=\"robots\" content=\"index, follow, max-snippet:-1, max-image-preview:large, max-video-preview:-1\" \/>\n<link rel=\"canonical\" href=\"https:\/\/profumix.it\/en\/prodotto\/paco-rabanne-tenere-100ml-splash-eau-de-toilette-vintage\/\" \/>\n<meta property=\"og:locale\" content=\"en_US\" \/>\n<meta property=\"og:type\" content=\"article\" \/>\n<meta property=\"og:title\" content=\"PACO RABANNE T\u00c9N\u00c9R\u00c9 100ML SPLASH EAU DE TOILETTE VINTAGE\" \/>\n<meta property=\"og:description\" content=\"Tenere di Paco Rabanne \u00e8 una fragranza aromatica per gli uomini. Tenere \u00e8 stato lanciato nel 1988. Il naso dietro a questo profumo \u00e8 Pierre Wargnye.   Note di testa sono il rosmarino, lavanda, note verdi, cassia, pompelmo, bergamotto e limone;  Note di cuore sono il miele, artemisia, garofano, cannella, dragoncello, radice di iris, gelsomino, giglio-of-the-valle, anice e rosa;  Note di fondo sono in pelle, ambra, patchouli, muschio, vetiver e legno di cedro.\" \/>\n<meta property=\"og:url\" content=\"https:\/\/profumix.it\/en\/prodotto\/paco-rabanne-tenere-100ml-splash-eau-de-toilette-vintage\/\" \/>\n<meta property=\"og:site_name\" content=\"Profumix Perfumes\" \/>\n<meta property=\"article:publisher\" content=\"https:\/\/www.facebook.com\/profumix\" \/>\n<meta property=\"og:image\" content=\"https:\/\/profumix.it\/wp-content\/uploads\/2017\/11\/product_p_a_paco-rabanne-tenere-100ml-edt-spash-vintage.jpg\" \/>\n\t<meta property=\"og:image:width\" content=\"1000\" \/>\n\t<meta property=\"og:image:height\" content=\"1000\" \/>\n\t<meta property=\"og:image:type\" content=\"image\/jpeg\" \/>\n<meta name=\"twitter:card\" content=\"summary_large_image\" \/>\n<script type=\"application\/ld+json\" class=\"yoast-schema-graph\">{\"@context\":\"https:\\\/\\\/schema.org\",\"@graph\":[{\"@type\":\"WebPage\",\"@id\":\"https:\\\/\\\/profumix.it\\\/en\\\/prodotto\\\/paco-rabanne-tenere-100ml-splash-eau-de-toilette-vintage\\\/\",\"url\":\"https:\\\/\\\/profumix.it\\\/en\\\/prodotto\\\/paco-rabanne-tenere-100ml-splash-eau-de-toilette-vintage\\\/\",\"name\":\"PACO RABANNE T\u00c9N\u00c9R\u00c9 100ML SPLASH EAU DE TOILETTE VINTAGE\",\"isPartOf\":{\"@id\":\"https:\\\/\\\/profumix.it\\\/en\\\/#website\"},\"primaryImageOfPage\":{\"@id\":\"https:\\\/\\\/profumix.it\\\/en\\\/prodotto\\\/paco-rabanne-tenere-100ml-splash-eau-de-toilette-vintage\\\/#primaryimage\"},\"image\":{\"@id\":\"https:\\\/\\\/profumix.it\\\/en\\\/prodotto\\\/paco-rabanne-tenere-100ml-splash-eau-de-toilette-vintage\\\/#primaryimage\"},\"thumbnailUrl\":\"https:\\\/\\\/profumix.it\\\/wp-content\\\/uploads\\\/2017\\\/11\\\/product_p_a_paco-rabanne-tenere-100ml-edt-spash-vintage.jpg\",\"datePublished\":\"2017-11-11T15:55:10+00:00\",\"breadcrumb\":{\"@id\":\"https:\\\/\\\/profumix.it\\\/en\\\/prodotto\\\/paco-rabanne-tenere-100ml-splash-eau-de-toilette-vintage\\\/#breadcrumb\"},\"inLanguage\":\"en-US\",\"potentialAction\":[{\"@type\":\"ReadAction\",\"target\":[\"https:\\\/\\\/profumix.it\\\/en\\\/prodotto\\\/paco-rabanne-tenere-100ml-splash-eau-de-toilette-vintage\\\/\"]}]},{\"@type\":\"ImageObject\",\"inLanguage\":\"en-US\",\"@id\":\"https:\\\/\\\/profumix.it\\\/en\\\/prodotto\\\/paco-rabanne-tenere-100ml-splash-eau-de-toilette-vintage\\\/#primaryimage\",\"url\":\"https:\\\/\\\/profumix.it\\\/wp-content\\\/uploads\\\/2017\\\/11\\\/product_p_a_paco-rabanne-tenere-100ml-edt-spash-vintage.jpg\",\"contentUrl\":\"https:\\\/\\\/profumix.it\\\/wp-content\\\/uploads\\\/2017\\\/11\\\/product_p_a_paco-rabanne-tenere-100ml-edt-spash-vintage.jpg\",\"width\":1000,\"height\":1000,\"caption\":\"PACO RABANNE T\u00c9N\u00c9R\u00c9 100ML SPLASH EAU DE TOILETTE VINTAGE\"},{\"@type\":\"BreadcrumbList\",\"@id\":\"https:\\\/\\\/profumix.it\\\/en\\\/prodotto\\\/paco-rabanne-tenere-100ml-splash-eau-de-toilette-vintage\\\/#breadcrumb\",\"itemListElement\":[{\"@type\":\"ListItem\",\"position\":1,\"name\":\"Home\",\"item\":\"https:\\\/\\\/profumix.it\\\/en\\\/home\\\/\"},{\"@type\":\"ListItem\",\"position\":2,\"name\":\"Shop\",\"item\":\"https:\\\/\\\/profumix.it\\\/en\\\/shop\\\/\"},{\"@type\":\"ListItem\",\"position\":3,\"name\":\"PACO RABANNE TENERE 100ML SPLASH EAU DE TOILETTE VINTAGE\"}]},{\"@type\":\"WebSite\",\"@id\":\"https:\\\/\\\/profumix.it\\\/en\\\/#website\",\"url\":\"https:\\\/\\\/profumix.it\\\/en\\\/\",\"name\":\"Profumix Perfumes\",\"description\":\"\",\"potentialAction\":[{\"@type\":\"SearchAction\",\"target\":{\"@type\":\"EntryPoint\",\"urlTemplate\":\"https:\\\/\\\/profumix.it\\\/en\\\/?s={search_term_string}\"},\"query-input\":{\"@type\":\"PropertyValueSpecification\",\"valueRequired\":true,\"valueName\":\"search_term_string\"}}],\"inLanguage\":\"en-US\"}]}<\/script>\n<!-- \/ Yoast SEO plugin. -->","yoast_head_json":{"title":"PACO RABANNE T\u00c9N\u00c9R\u00c9 100ML SPLASH EAU DE TOILETTE VINTAGE","robots":{"index":"index","follow":"follow","max-snippet":"max-snippet:-1","max-image-preview":"max-image-preview:large","max-video-preview":"max-video-preview:-1"},"canonical":"https:\/\/profumix.it\/en\/prodotto\/paco-rabanne-tenere-100ml-splash-eau-de-toilette-vintage\/","og_locale":"en_US","og_type":"article","og_title":"PACO RABANNE T\u00c9N\u00c9R\u00c9 100ML SPLASH EAU DE TOILETTE VINTAGE","og_description":"Tenere di Paco Rabanne \u00e8 una fragranza aromatica per gli uomini. Tenere \u00e8 stato lanciato nel 1988. Il naso dietro a questo profumo \u00e8 Pierre Wargnye.   Note di testa sono il rosmarino, lavanda, note verdi, cassia, pompelmo, bergamotto e limone;  Note di cuore sono il miele, artemisia, garofano, cannella, dragoncello, radice di iris, gelsomino, giglio-of-the-valle, anice e rosa;  Note di fondo sono in pelle, ambra, patchouli, muschio, vetiver e legno di cedro.","og_url":"https:\/\/profumix.it\/en\/prodotto\/paco-rabanne-tenere-100ml-splash-eau-de-toilette-vintage\/","og_site_name":"Profumix Perfumes","article_publisher":"https:\/\/www.facebook.com\/profumix","og_image":[{"width":1000,"height":1000,"url":"https:\/\/profumix.it\/wp-content\/uploads\/2017\/11\/product_p_a_paco-rabanne-tenere-100ml-edt-spash-vintage.jpg","type":"image\/jpeg"}],"twitter_card":"summary_large_image","schema":{"@context":"https:\/\/schema.org","@graph":[{"@type":"WebPage","@id":"https:\/\/profumix.it\/en\/prodotto\/paco-rabanne-tenere-100ml-splash-eau-de-toilette-vintage\/","url":"https:\/\/profumix.it\/en\/prodotto\/paco-rabanne-tenere-100ml-splash-eau-de-toilette-vintage\/","name":"PACO RABANNE T\u00c9N\u00c9R\u00c9 100ML SPLASH EAU DE TOILETTE VINTAGE","isPartOf":{"@id":"https:\/\/profumix.it\/en\/#website"},"primaryImageOfPage":{"@id":"https:\/\/profumix.it\/en\/prodotto\/paco-rabanne-tenere-100ml-splash-eau-de-toilette-vintage\/#primaryimage"},"image":{"@id":"https:\/\/profumix.it\/en\/prodotto\/paco-rabanne-tenere-100ml-splash-eau-de-toilette-vintage\/#primaryimage"},"thumbnailUrl":"https:\/\/profumix.it\/wp-content\/uploads\/2017\/11\/product_p_a_paco-rabanne-tenere-100ml-edt-spash-vintage.jpg","datePublished":"2017-11-11T15:55:10+00:00","breadcrumb":{"@id":"https:\/\/profumix.it\/en\/prodotto\/paco-rabanne-tenere-100ml-splash-eau-de-toilette-vintage\/#breadcrumb"},"inLanguage":"en-US","potentialAction":[{"@type":"ReadAction","target":["https:\/\/profumix.it\/en\/prodotto\/paco-rabanne-tenere-100ml-splash-eau-de-toilette-vintage\/"]}]},{"@type":"ImageObject","inLanguage":"en-US","@id":"https:\/\/profumix.it\/en\/prodotto\/paco-rabanne-tenere-100ml-splash-eau-de-toilette-vintage\/#primaryimage","url":"https:\/\/profumix.it\/wp-content\/uploads\/2017\/11\/product_p_a_paco-rabanne-tenere-100ml-edt-spash-vintage.jpg","contentUrl":"https:\/\/profumix.it\/wp-content\/uploads\/2017\/11\/product_p_a_paco-rabanne-tenere-100ml-edt-spash-vintage.jpg","width":1000,"height":1000,"caption":"PACO RABANNE T\u00c9N\u00c9R\u00c9 100ML SPLASH EAU DE TOILETTE VINTAGE"},{"@type":"BreadcrumbList","@id":"https:\/\/profumix.it\/en\/prodotto\/paco-rabanne-tenere-100ml-splash-eau-de-toilette-vintage\/#breadcrumb","itemListElement":[{"@type":"ListItem","position":1,"name":"Home","item":"https:\/\/profumix.it\/en\/home\/"},{"@type":"ListItem","position":2,"name":"Shop","item":"https:\/\/profumix.it\/en\/shop\/"},{"@type":"ListItem","position":3,"name":"PACO RABANNE TENERE 100ML SPLASH EAU DE TOILETTE VINTAGE"}]},{"@type":"WebSite","@id":"https:\/\/profumix.it\/en\/#website","url":"https:\/\/profumix.it\/en\/","name":"Profumix Perfumes","description":"","potentialAction":[{"@type":"SearchAction","target":{"@type":"EntryPoint","urlTemplate":"https:\/\/profumix.it\/en\/?s={search_term_string}"},"query-input":{"@type":"PropertyValueSpecification","valueRequired":true,"valueName":"search_term_string"}}],"inLanguage":"en-US"}]}},"_links":{"self":[{"href":"https:\/\/profumix.it\/en\/wp-json\/wp\/v2\/product\/80562","targetHints":{"allow":["GET"]}}],"collection":[{"href":"https:\/\/profumix.it\/en\/wp-json\/wp\/v2\/product"}],"about":[{"href":"https:\/\/profumix.it\/en\/wp-json\/wp\/v2\/types\/product"}],"replies":[{"embeddable":true,"href":"https:\/\/profumix.it\/en\/wp-json\/wp\/v2\/comments?post=80562"}],"wp:featuredmedia":[{"embeddable":true,"href":"https:\/\/profumix.it\/en\/wp-json\/wp\/v2\/media\/80561"}],"wp:attachment":[{"href":"https:\/\/profumix.it\/en\/wp-json\/wp\/v2\/media?parent=80562"}],"wp:term":[{"taxonomy":"product_brand","embeddable":true,"href":"https:\/\/profumix.it\/en\/wp-json\/wp\/v2\/product_brand?post=80562"},{"taxonomy":"product_cat","embeddable":true,"href":"https:\/\/profumix.it\/en\/wp-json\/wp\/v2\/product_cat?post=80562"},{"taxonomy":"product_tag","embeddable":true,"href":"https:\/\/profumix.it\/en\/wp-json\/wp\/v2\/product_tag?post=80562"}],"curies":[{"name":"wp","href":"https:\/\/api.w.org\/{rel}","templated":true}]}}