{"id":80622,"date":"2017-11-23T11:22:36","date_gmt":"2017-11-23T10:22:36","guid":{"rendered":"https:\/\/profumix.it\/prodotto\/valentino-gold-100ml-spray-eau-de-parfum-lotto-j252\/"},"modified":"2022-10-19T12:11:16","modified_gmt":"2022-10-19T10:11:16","slug":"valentino-gold-100ml-spray-eau-de-parfum-lotto-j252","status":"publish","type":"product","link":"https:\/\/profumix.it\/en\/prodotto\/valentino-gold-100ml-spray-eau-de-parfum-lotto-j252\/","title":{"rendered":"VALENTINO GOLD 100ML SPRAY EAU DE PARFUM LOTTO J252"},"content":{"rendered":"<p>Valentino Gold di Valentino \u00e8 una fragranza del gruppo Orientale Floreale da donna. Valentino Gold \u00e8 stato lanciato sul mercato nel 2002. Valentino Gold \u00e8 stato creato da Antoine Lie e Cecile Matton. <\/p>\n<p>Le note di testa sono Lime, Mandarino, Pesca e Cardamomo;<br \/>\nLe note di cuore sono Zenzero, Mirtillo Rosso Americano, Ninfea e Rosa;<br \/>\nLe note di base sono Sandalo, Cannella, Iris e Muschio Bianco.<\/p>\n","protected":false},"excerpt":{"rendered":"<p>Valentino Gold di Valentino \u00e8 una fragranza del gruppo Orientale Floreale da donna. Valentino Gold \u00e8 stato lanciato sul mercato nel 2002. Valentino Gold \u00e8 stato creato da Antoine Lie e Cecile Matton. <\/p>\n<p>Le note di testa sono Lime, Mandarino, Pesca e Cardamomo;<br \/>\nLe note di cuore sono Zenzero, Mirtillo Rosso Americano, Ninfea e Rosa;<br \/>\nLe note di base sono Sandalo, Cannella, Iris e Muschio Bianco.<\/p>\n","protected":false},"featured_media":80621,"comment_status":"open","ping_status":"closed","template":"","meta":{"_et_pb_use_builder":"","_et_pb_old_content":"","_et_gb_content_width":""},"product_brand":[],"product_cat":[7173,7109,7098,7106],"product_tag":[],"class_list":{"0":"post-80622","1":"product","2":"type-product","3":"status-publish","4":"has-post-thumbnail","6":"product_cat-articoli-fuori-produzione-e-rarita","7":"product_cat-donna","8":"product_cat-default-category","9":"product_cat-profumi-default-category","10":"pa_categoria_desc-profumidonna","11":"pa_confezione_desc-ce-confezioneoriginaleblister","12":"pa_formato_filtro-100ml","13":"pa_manufacturer-valentino","14":"pa_spedizione_gratuita-no","15":"pa_tipo_filtro-sprayeaudeparfum","17":"first","18":"instock","19":"shipping-taxable","20":"purchasable","21":"product-type-simple"},"yoast_head":"<!-- This site is optimized with the Yoast SEO plugin v27.4 - https:\/\/yoast.com\/product\/yoast-seo-wordpress\/ -->\n<title>VALENTINO GOLD 100ML SPRAY EAU DE PARFUM LOTTO J252<\/title>\n<meta name=\"robots\" content=\"index, follow, max-snippet:-1, max-image-preview:large, max-video-preview:-1\" \/>\n<link rel=\"canonical\" href=\"https:\/\/profumix.it\/en\/prodotto\/valentino-gold-100ml-spray-eau-de-parfum-lotto-j252\/\" \/>\n<meta property=\"og:locale\" content=\"en_US\" \/>\n<meta property=\"og:type\" content=\"article\" \/>\n<meta property=\"og:title\" content=\"VALENTINO GOLD 100ML SPRAY EAU DE PARFUM LOTTO J252\" \/>\n<meta property=\"og:description\" content=\"Valentino Gold di Valentino \u00e8 una fragranza del gruppo Orientale Floreale da donna. Valentino Gold \u00e8 stato lanciato sul mercato nel 2002. Valentino Gold \u00e8 stato creato da Antoine Lie e Cecile Matton.   Le note di testa sono Lime, Mandarino, Pesca e Cardamomo;  Le note di cuore sono Zenzero, Mirtillo Rosso Americano, Ninfea e Rosa;  Le note di base sono Sandalo, Cannella, Iris e Muschio Bianco.\" \/>\n<meta property=\"og:url\" content=\"https:\/\/profumix.it\/en\/prodotto\/valentino-gold-100ml-spray-eau-de-parfum-lotto-j252\/\" \/>\n<meta property=\"og:site_name\" content=\"Profumix Perfumes\" \/>\n<meta property=\"article:publisher\" content=\"https:\/\/www.facebook.com\/profumix\" \/>\n<meta property=\"article:modified_time\" content=\"2022-10-19T10:11:16+00:00\" \/>\n<meta property=\"og:image\" content=\"https:\/\/profumix.it\/wp-content\/uploads\/2017\/11\/product_v_a_valentino-gold-100ml-spray-eau-de-parfum-lotto-j252.jpg\" \/>\n\t<meta property=\"og:image:width\" content=\"1200\" \/>\n\t<meta property=\"og:image:height\" content=\"1600\" \/>\n\t<meta property=\"og:image:type\" content=\"image\/jpeg\" \/>\n<meta name=\"twitter:card\" content=\"summary_large_image\" \/>\n<script type=\"application\/ld+json\" class=\"yoast-schema-graph\">{\"@context\":\"https:\\\/\\\/schema.org\",\"@graph\":[{\"@type\":\"WebPage\",\"@id\":\"https:\\\/\\\/profumix.it\\\/en\\\/prodotto\\\/valentino-gold-100ml-spray-eau-de-parfum-lotto-j252\\\/\",\"url\":\"https:\\\/\\\/profumix.it\\\/en\\\/prodotto\\\/valentino-gold-100ml-spray-eau-de-parfum-lotto-j252\\\/\",\"name\":\"VALENTINO GOLD 100ML SPRAY EAU DE PARFUM LOTTO J252\",\"isPartOf\":{\"@id\":\"https:\\\/\\\/profumix.it\\\/en\\\/#website\"},\"primaryImageOfPage\":{\"@id\":\"https:\\\/\\\/profumix.it\\\/en\\\/prodotto\\\/valentino-gold-100ml-spray-eau-de-parfum-lotto-j252\\\/#primaryimage\"},\"image\":{\"@id\":\"https:\\\/\\\/profumix.it\\\/en\\\/prodotto\\\/valentino-gold-100ml-spray-eau-de-parfum-lotto-j252\\\/#primaryimage\"},\"thumbnailUrl\":\"https:\\\/\\\/profumix.it\\\/wp-content\\\/uploads\\\/2017\\\/11\\\/product_v_a_valentino-gold-100ml-spray-eau-de-parfum-lotto-j252.jpg\",\"datePublished\":\"2017-11-23T10:22:36+00:00\",\"dateModified\":\"2022-10-19T10:11:16+00:00\",\"breadcrumb\":{\"@id\":\"https:\\\/\\\/profumix.it\\\/en\\\/prodotto\\\/valentino-gold-100ml-spray-eau-de-parfum-lotto-j252\\\/#breadcrumb\"},\"inLanguage\":\"en-US\",\"potentialAction\":[{\"@type\":\"ReadAction\",\"target\":[\"https:\\\/\\\/profumix.it\\\/en\\\/prodotto\\\/valentino-gold-100ml-spray-eau-de-parfum-lotto-j252\\\/\"]}]},{\"@type\":\"ImageObject\",\"inLanguage\":\"en-US\",\"@id\":\"https:\\\/\\\/profumix.it\\\/en\\\/prodotto\\\/valentino-gold-100ml-spray-eau-de-parfum-lotto-j252\\\/#primaryimage\",\"url\":\"https:\\\/\\\/profumix.it\\\/wp-content\\\/uploads\\\/2017\\\/11\\\/product_v_a_valentino-gold-100ml-spray-eau-de-parfum-lotto-j252.jpg\",\"contentUrl\":\"https:\\\/\\\/profumix.it\\\/wp-content\\\/uploads\\\/2017\\\/11\\\/product_v_a_valentino-gold-100ml-spray-eau-de-parfum-lotto-j252.jpg\",\"width\":1200,\"height\":1600,\"caption\":\"VALENTINO GOLD 100ML SPRAY EAU DE PARFUM LOTTO J252\"},{\"@type\":\"BreadcrumbList\",\"@id\":\"https:\\\/\\\/profumix.it\\\/en\\\/prodotto\\\/valentino-gold-100ml-spray-eau-de-parfum-lotto-j252\\\/#breadcrumb\",\"itemListElement\":[{\"@type\":\"ListItem\",\"position\":1,\"name\":\"Home\",\"item\":\"https:\\\/\\\/profumix.it\\\/en\\\/home\\\/\"},{\"@type\":\"ListItem\",\"position\":2,\"name\":\"Shop\",\"item\":\"https:\\\/\\\/profumix.it\\\/en\\\/shop\\\/\"},{\"@type\":\"ListItem\",\"position\":3,\"name\":\"VALENTINO GOLD 100ML SPRAY EAU DE PARFUM LOTTO J252\"}]},{\"@type\":\"WebSite\",\"@id\":\"https:\\\/\\\/profumix.it\\\/en\\\/#website\",\"url\":\"https:\\\/\\\/profumix.it\\\/en\\\/\",\"name\":\"Profumix Perfumes\",\"description\":\"\",\"potentialAction\":[{\"@type\":\"SearchAction\",\"target\":{\"@type\":\"EntryPoint\",\"urlTemplate\":\"https:\\\/\\\/profumix.it\\\/en\\\/?s={search_term_string}\"},\"query-input\":{\"@type\":\"PropertyValueSpecification\",\"valueRequired\":true,\"valueName\":\"search_term_string\"}}],\"inLanguage\":\"en-US\"}]}<\/script>\n<!-- \/ Yoast SEO plugin. -->","yoast_head_json":{"title":"VALENTINO GOLD 100ML SPRAY EAU DE PARFUM LOTTO J252","robots":{"index":"index","follow":"follow","max-snippet":"max-snippet:-1","max-image-preview":"max-image-preview:large","max-video-preview":"max-video-preview:-1"},"canonical":"https:\/\/profumix.it\/en\/prodotto\/valentino-gold-100ml-spray-eau-de-parfum-lotto-j252\/","og_locale":"en_US","og_type":"article","og_title":"VALENTINO GOLD 100ML SPRAY EAU DE PARFUM LOTTO J252","og_description":"Valentino Gold di Valentino \u00e8 una fragranza del gruppo Orientale Floreale da donna. Valentino Gold \u00e8 stato lanciato sul mercato nel 2002. Valentino Gold \u00e8 stato creato da Antoine Lie e Cecile Matton.   Le note di testa sono Lime, Mandarino, Pesca e Cardamomo;  Le note di cuore sono Zenzero, Mirtillo Rosso Americano, Ninfea e Rosa;  Le note di base sono Sandalo, Cannella, Iris e Muschio Bianco.","og_url":"https:\/\/profumix.it\/en\/prodotto\/valentino-gold-100ml-spray-eau-de-parfum-lotto-j252\/","og_site_name":"Profumix Perfumes","article_publisher":"https:\/\/www.facebook.com\/profumix","article_modified_time":"2022-10-19T10:11:16+00:00","og_image":[{"width":1200,"height":1600,"url":"https:\/\/profumix.it\/wp-content\/uploads\/2017\/11\/product_v_a_valentino-gold-100ml-spray-eau-de-parfum-lotto-j252.jpg","type":"image\/jpeg"}],"twitter_card":"summary_large_image","schema":{"@context":"https:\/\/schema.org","@graph":[{"@type":"WebPage","@id":"https:\/\/profumix.it\/en\/prodotto\/valentino-gold-100ml-spray-eau-de-parfum-lotto-j252\/","url":"https:\/\/profumix.it\/en\/prodotto\/valentino-gold-100ml-spray-eau-de-parfum-lotto-j252\/","name":"VALENTINO GOLD 100ML SPRAY EAU DE PARFUM LOTTO J252","isPartOf":{"@id":"https:\/\/profumix.it\/en\/#website"},"primaryImageOfPage":{"@id":"https:\/\/profumix.it\/en\/prodotto\/valentino-gold-100ml-spray-eau-de-parfum-lotto-j252\/#primaryimage"},"image":{"@id":"https:\/\/profumix.it\/en\/prodotto\/valentino-gold-100ml-spray-eau-de-parfum-lotto-j252\/#primaryimage"},"thumbnailUrl":"https:\/\/profumix.it\/wp-content\/uploads\/2017\/11\/product_v_a_valentino-gold-100ml-spray-eau-de-parfum-lotto-j252.jpg","datePublished":"2017-11-23T10:22:36+00:00","dateModified":"2022-10-19T10:11:16+00:00","breadcrumb":{"@id":"https:\/\/profumix.it\/en\/prodotto\/valentino-gold-100ml-spray-eau-de-parfum-lotto-j252\/#breadcrumb"},"inLanguage":"en-US","potentialAction":[{"@type":"ReadAction","target":["https:\/\/profumix.it\/en\/prodotto\/valentino-gold-100ml-spray-eau-de-parfum-lotto-j252\/"]}]},{"@type":"ImageObject","inLanguage":"en-US","@id":"https:\/\/profumix.it\/en\/prodotto\/valentino-gold-100ml-spray-eau-de-parfum-lotto-j252\/#primaryimage","url":"https:\/\/profumix.it\/wp-content\/uploads\/2017\/11\/product_v_a_valentino-gold-100ml-spray-eau-de-parfum-lotto-j252.jpg","contentUrl":"https:\/\/profumix.it\/wp-content\/uploads\/2017\/11\/product_v_a_valentino-gold-100ml-spray-eau-de-parfum-lotto-j252.jpg","width":1200,"height":1600,"caption":"VALENTINO GOLD 100ML SPRAY EAU DE PARFUM LOTTO J252"},{"@type":"BreadcrumbList","@id":"https:\/\/profumix.it\/en\/prodotto\/valentino-gold-100ml-spray-eau-de-parfum-lotto-j252\/#breadcrumb","itemListElement":[{"@type":"ListItem","position":1,"name":"Home","item":"https:\/\/profumix.it\/en\/home\/"},{"@type":"ListItem","position":2,"name":"Shop","item":"https:\/\/profumix.it\/en\/shop\/"},{"@type":"ListItem","position":3,"name":"VALENTINO GOLD 100ML SPRAY EAU DE PARFUM LOTTO J252"}]},{"@type":"WebSite","@id":"https:\/\/profumix.it\/en\/#website","url":"https:\/\/profumix.it\/en\/","name":"Profumix Perfumes","description":"","potentialAction":[{"@type":"SearchAction","target":{"@type":"EntryPoint","urlTemplate":"https:\/\/profumix.it\/en\/?s={search_term_string}"},"query-input":{"@type":"PropertyValueSpecification","valueRequired":true,"valueName":"search_term_string"}}],"inLanguage":"en-US"}]}},"_links":{"self":[{"href":"https:\/\/profumix.it\/en\/wp-json\/wp\/v2\/product\/80622","targetHints":{"allow":["GET"]}}],"collection":[{"href":"https:\/\/profumix.it\/en\/wp-json\/wp\/v2\/product"}],"about":[{"href":"https:\/\/profumix.it\/en\/wp-json\/wp\/v2\/types\/product"}],"replies":[{"embeddable":true,"href":"https:\/\/profumix.it\/en\/wp-json\/wp\/v2\/comments?post=80622"}],"wp:featuredmedia":[{"embeddable":true,"href":"https:\/\/profumix.it\/en\/wp-json\/wp\/v2\/media\/80621"}],"wp:attachment":[{"href":"https:\/\/profumix.it\/en\/wp-json\/wp\/v2\/media?parent=80622"}],"wp:term":[{"taxonomy":"product_brand","embeddable":true,"href":"https:\/\/profumix.it\/en\/wp-json\/wp\/v2\/product_brand?post=80622"},{"taxonomy":"product_cat","embeddable":true,"href":"https:\/\/profumix.it\/en\/wp-json\/wp\/v2\/product_cat?post=80622"},{"taxonomy":"product_tag","embeddable":true,"href":"https:\/\/profumix.it\/en\/wp-json\/wp\/v2\/product_tag?post=80622"}],"curies":[{"name":"wp","href":"https:\/\/api.w.org\/{rel}","templated":true}]}}