{"id":80708,"date":"2017-12-15T16:28:59","date_gmt":"2017-12-15T15:28:59","guid":{"rendered":"https:\/\/profumix.it\/prodotto\/abercrombie-fitch-gift-set-first-instinct-pour-homme-100ml-spray-eau-de-toilette-200ml-body-wash\/"},"modified":"2022-10-19T12:11:26","modified_gmt":"2022-10-19T10:11:26","slug":"abercrombie-fitch-gift-set-first-instinct-pour-homme-100ml-spray-eau-de-toilette-200ml-body-wash","status":"publish","type":"product","link":"https:\/\/profumix.it\/en\/prodotto\/abercrombie-fitch-gift-set-first-instinct-pour-homme-100ml-spray-eau-de-toilette-200ml-body-wash\/","title":{"rendered":"ABERCROMBIE &#038; FITCH GIFT SET FIRST INSTINCT POUR HOMME 100ML SPRAY EAU DE TOILETTE + 200ML BODY WASH"},"content":{"rendered":"<p>First Instinct di Abercrombie &#038; Fitch \u00e8 una fragranza del gruppo Aromatico Foug\u00e8re da uomo. E&#8217; una nuova fragranza. First Instinct \u00e8 stato lanciato sul mercato nel 2016. Il Naso di questa fragranza \u00e8 Phillippe Romano. Le note di testa sono Gin, Acqua Tonica e Melone; le note di cuore sono Pepe di Sichuan, Foglia di Violetta e Agrumi; le note di base sono Pelle Scamosciata, Muschio Animale e Ambra. <\/p>\n","protected":false},"excerpt":{"rendered":"<p>First Instinct di Abercrombie &#038; Fitch \u00e8 una fragranza del gruppo Aromatico Foug\u00e8re da uomo. E&#8217; una nuova fragranza. First Instinct \u00e8 stato lanciato sul mercato nel 2016. Il Naso di questa fragranza \u00e8 Phillippe Romano. Le note di testa sono Gin, Acqua Tonica e Melone; le note di cuore sono Pepe di Sichuan, Foglia di Violetta e Agrumi; le note di base sono Pelle Scamosciata, Muschio Animale e Ambra. <\/p>\n","protected":false},"featured_media":80707,"comment_status":"open","ping_status":"closed","template":"","meta":{"_et_pb_use_builder":"","_et_pb_old_content":"","_et_gb_content_width":""},"product_brand":[],"product_cat":[7113,7100,7099,7098,7106,7114,7107],"product_tag":[],"class_list":{"0":"post-80708","1":"product","2":"type-product","3":"status-publish","4":"has-post-thumbnail","6":"product_cat-confezioni-regalo","7":"product_cat-in-vetrina","8":"product_cat-offerte-da-non-perdere-default-category","9":"product_cat-default-category","10":"product_cat-profumi-default-category","11":"product_cat-uomo-1-confezioni-regalo","12":"product_cat-uomo-profumi-default-category","13":"pa_categoria_desc-confezioniregalouomo","14":"pa_confezione_desc-confezioneoriginalenotester","15":"pa_formato_filtro-100ml","16":"pa_manufacturer-abercrombiefitch","17":"pa_spedizione_gratuita-no","18":"pa_tipo_filtro-sprayeaudetoilette","20":"first","21":"outofstock","22":"shipping-taxable","23":"purchasable","24":"product-type-simple"},"yoast_head":"<!-- This site is optimized with the Yoast SEO plugin v27.4 - https:\/\/yoast.com\/product\/yoast-seo-wordpress\/ -->\n<title>ABERCROMBIE &amp; FITCH GIFT SET FIRST INSTINCT POUR HOMME 100ML SPRAY EAU DE TOILETTE + 200ML BODY WASH<\/title>\n<meta name=\"robots\" content=\"index, follow, max-snippet:-1, max-image-preview:large, max-video-preview:-1\" \/>\n<link rel=\"canonical\" href=\"https:\/\/profumix.it\/en\/prodotto\/abercrombie-fitch-gift-set-first-instinct-pour-homme-100ml-spray-eau-de-toilette-200ml-body-wash\/\" \/>\n<meta property=\"og:locale\" content=\"en_US\" \/>\n<meta property=\"og:type\" content=\"article\" \/>\n<meta property=\"og:title\" content=\"ABERCROMBIE &amp; FITCH GIFT SET FIRST INSTINCT POUR HOMME 100ML SPRAY EAU DE TOILETTE + 200ML BODY WASH\" \/>\n<meta property=\"og:description\" content=\"First Instinct di Abercrombie &amp; Fitch \u00e8 una fragranza del gruppo Aromatico Foug\u00e8re da uomo. E&#039; una nuova fragranza. First Instinct \u00e8 stato lanciato sul mercato nel 2016. Il Naso di questa fragranza \u00e8 Phillippe Romano. Le note di testa sono Gin, Acqua Tonica e Melone; le note di cuore sono Pepe di Sichuan, Foglia di Violetta e Agrumi; le note di base sono Pelle Scamosciata, Muschio Animale e Ambra.\" \/>\n<meta property=\"og:url\" content=\"https:\/\/profumix.it\/en\/prodotto\/abercrombie-fitch-gift-set-first-instinct-pour-homme-100ml-spray-eau-de-toilette-200ml-body-wash\/\" \/>\n<meta property=\"og:site_name\" content=\"Profumix Perfumes\" \/>\n<meta property=\"article:publisher\" content=\"https:\/\/www.facebook.com\/profumix\" \/>\n<meta property=\"article:modified_time\" content=\"2022-10-19T10:11:26+00:00\" \/>\n<meta property=\"og:image\" content=\"https:\/\/profumix.it\/wp-content\/uploads\/2017\/12\/product_a_b_abercrombie-_-fitch-first-instinct-man-gift-set-100ml-spray-eau-de-toilette-200ml-body-wash.jpg\" \/>\n\t<meta property=\"og:image:width\" content=\"500\" \/>\n\t<meta property=\"og:image:height\" content=\"500\" \/>\n\t<meta property=\"og:image:type\" content=\"image\/jpeg\" \/>\n<meta name=\"twitter:card\" content=\"summary_large_image\" \/>\n<script type=\"application\/ld+json\" class=\"yoast-schema-graph\">{\"@context\":\"https:\\\/\\\/schema.org\",\"@graph\":[{\"@type\":\"WebPage\",\"@id\":\"https:\\\/\\\/profumix.it\\\/en\\\/prodotto\\\/abercrombie-fitch-gift-set-first-instinct-pour-homme-100ml-spray-eau-de-toilette-200ml-body-wash\\\/\",\"url\":\"https:\\\/\\\/profumix.it\\\/en\\\/prodotto\\\/abercrombie-fitch-gift-set-first-instinct-pour-homme-100ml-spray-eau-de-toilette-200ml-body-wash\\\/\",\"name\":\"ABERCROMBIE & FITCH GIFT SET FIRST INSTINCT POUR HOMME 100ML SPRAY EAU DE TOILETTE + 200ML BODY WASH\",\"isPartOf\":{\"@id\":\"https:\\\/\\\/profumix.it\\\/en\\\/#website\"},\"primaryImageOfPage\":{\"@id\":\"https:\\\/\\\/profumix.it\\\/en\\\/prodotto\\\/abercrombie-fitch-gift-set-first-instinct-pour-homme-100ml-spray-eau-de-toilette-200ml-body-wash\\\/#primaryimage\"},\"image\":{\"@id\":\"https:\\\/\\\/profumix.it\\\/en\\\/prodotto\\\/abercrombie-fitch-gift-set-first-instinct-pour-homme-100ml-spray-eau-de-toilette-200ml-body-wash\\\/#primaryimage\"},\"thumbnailUrl\":\"https:\\\/\\\/profumix.it\\\/wp-content\\\/uploads\\\/2017\\\/12\\\/product_a_b_abercrombie-_-fitch-first-instinct-man-gift-set-100ml-spray-eau-de-toilette-200ml-body-wash.jpg\",\"datePublished\":\"2017-12-15T15:28:59+00:00\",\"dateModified\":\"2022-10-19T10:11:26+00:00\",\"breadcrumb\":{\"@id\":\"https:\\\/\\\/profumix.it\\\/en\\\/prodotto\\\/abercrombie-fitch-gift-set-first-instinct-pour-homme-100ml-spray-eau-de-toilette-200ml-body-wash\\\/#breadcrumb\"},\"inLanguage\":\"en-US\",\"potentialAction\":[{\"@type\":\"ReadAction\",\"target\":[\"https:\\\/\\\/profumix.it\\\/en\\\/prodotto\\\/abercrombie-fitch-gift-set-first-instinct-pour-homme-100ml-spray-eau-de-toilette-200ml-body-wash\\\/\"]}]},{\"@type\":\"ImageObject\",\"inLanguage\":\"en-US\",\"@id\":\"https:\\\/\\\/profumix.it\\\/en\\\/prodotto\\\/abercrombie-fitch-gift-set-first-instinct-pour-homme-100ml-spray-eau-de-toilette-200ml-body-wash\\\/#primaryimage\",\"url\":\"https:\\\/\\\/profumix.it\\\/wp-content\\\/uploads\\\/2017\\\/12\\\/product_a_b_abercrombie-_-fitch-first-instinct-man-gift-set-100ml-spray-eau-de-toilette-200ml-body-wash.jpg\",\"contentUrl\":\"https:\\\/\\\/profumix.it\\\/wp-content\\\/uploads\\\/2017\\\/12\\\/product_a_b_abercrombie-_-fitch-first-instinct-man-gift-set-100ml-spray-eau-de-toilette-200ml-body-wash.jpg\",\"width\":500,\"height\":500,\"caption\":\"ABERCROMBIE & FITCH GIFT SET FIRST INSTINCT POUR HOMME 100ML SPRAY EAU DE TOILETTE + 200ML BODY WASH\"},{\"@type\":\"BreadcrumbList\",\"@id\":\"https:\\\/\\\/profumix.it\\\/en\\\/prodotto\\\/abercrombie-fitch-gift-set-first-instinct-pour-homme-100ml-spray-eau-de-toilette-200ml-body-wash\\\/#breadcrumb\",\"itemListElement\":[{\"@type\":\"ListItem\",\"position\":1,\"name\":\"Home\",\"item\":\"https:\\\/\\\/profumix.it\\\/en\\\/home\\\/\"},{\"@type\":\"ListItem\",\"position\":2,\"name\":\"Shop\",\"item\":\"https:\\\/\\\/profumix.it\\\/en\\\/shop\\\/\"},{\"@type\":\"ListItem\",\"position\":3,\"name\":\"ABERCROMBIE &#038; FITCH GIFT SET FIRST INSTINCT POUR HOMME 100ML SPRAY EAU DE TOILETTE + 200ML BODY WASH\"}]},{\"@type\":\"WebSite\",\"@id\":\"https:\\\/\\\/profumix.it\\\/en\\\/#website\",\"url\":\"https:\\\/\\\/profumix.it\\\/en\\\/\",\"name\":\"Profumix Perfumes\",\"description\":\"\",\"potentialAction\":[{\"@type\":\"SearchAction\",\"target\":{\"@type\":\"EntryPoint\",\"urlTemplate\":\"https:\\\/\\\/profumix.it\\\/en\\\/?s={search_term_string}\"},\"query-input\":{\"@type\":\"PropertyValueSpecification\",\"valueRequired\":true,\"valueName\":\"search_term_string\"}}],\"inLanguage\":\"en-US\"}]}<\/script>\n<!-- \/ Yoast SEO plugin. -->","yoast_head_json":{"title":"ABERCROMBIE & FITCH GIFT SET FIRST INSTINCT POUR HOMME 100ML SPRAY EAU DE TOILETTE + 200ML BODY WASH","robots":{"index":"index","follow":"follow","max-snippet":"max-snippet:-1","max-image-preview":"max-image-preview:large","max-video-preview":"max-video-preview:-1"},"canonical":"https:\/\/profumix.it\/en\/prodotto\/abercrombie-fitch-gift-set-first-instinct-pour-homme-100ml-spray-eau-de-toilette-200ml-body-wash\/","og_locale":"en_US","og_type":"article","og_title":"ABERCROMBIE & FITCH GIFT SET FIRST INSTINCT POUR HOMME 100ML SPRAY EAU DE TOILETTE + 200ML BODY WASH","og_description":"First Instinct di Abercrombie & Fitch \u00e8 una fragranza del gruppo Aromatico Foug\u00e8re da uomo. E' una nuova fragranza. First Instinct \u00e8 stato lanciato sul mercato nel 2016. Il Naso di questa fragranza \u00e8 Phillippe Romano. Le note di testa sono Gin, Acqua Tonica e Melone; le note di cuore sono Pepe di Sichuan, Foglia di Violetta e Agrumi; le note di base sono Pelle Scamosciata, Muschio Animale e Ambra.","og_url":"https:\/\/profumix.it\/en\/prodotto\/abercrombie-fitch-gift-set-first-instinct-pour-homme-100ml-spray-eau-de-toilette-200ml-body-wash\/","og_site_name":"Profumix Perfumes","article_publisher":"https:\/\/www.facebook.com\/profumix","article_modified_time":"2022-10-19T10:11:26+00:00","og_image":[{"width":500,"height":500,"url":"https:\/\/profumix.it\/wp-content\/uploads\/2017\/12\/product_a_b_abercrombie-_-fitch-first-instinct-man-gift-set-100ml-spray-eau-de-toilette-200ml-body-wash.jpg","type":"image\/jpeg"}],"twitter_card":"summary_large_image","schema":{"@context":"https:\/\/schema.org","@graph":[{"@type":"WebPage","@id":"https:\/\/profumix.it\/en\/prodotto\/abercrombie-fitch-gift-set-first-instinct-pour-homme-100ml-spray-eau-de-toilette-200ml-body-wash\/","url":"https:\/\/profumix.it\/en\/prodotto\/abercrombie-fitch-gift-set-first-instinct-pour-homme-100ml-spray-eau-de-toilette-200ml-body-wash\/","name":"ABERCROMBIE & FITCH GIFT SET FIRST INSTINCT POUR HOMME 100ML SPRAY EAU DE TOILETTE + 200ML BODY WASH","isPartOf":{"@id":"https:\/\/profumix.it\/en\/#website"},"primaryImageOfPage":{"@id":"https:\/\/profumix.it\/en\/prodotto\/abercrombie-fitch-gift-set-first-instinct-pour-homme-100ml-spray-eau-de-toilette-200ml-body-wash\/#primaryimage"},"image":{"@id":"https:\/\/profumix.it\/en\/prodotto\/abercrombie-fitch-gift-set-first-instinct-pour-homme-100ml-spray-eau-de-toilette-200ml-body-wash\/#primaryimage"},"thumbnailUrl":"https:\/\/profumix.it\/wp-content\/uploads\/2017\/12\/product_a_b_abercrombie-_-fitch-first-instinct-man-gift-set-100ml-spray-eau-de-toilette-200ml-body-wash.jpg","datePublished":"2017-12-15T15:28:59+00:00","dateModified":"2022-10-19T10:11:26+00:00","breadcrumb":{"@id":"https:\/\/profumix.it\/en\/prodotto\/abercrombie-fitch-gift-set-first-instinct-pour-homme-100ml-spray-eau-de-toilette-200ml-body-wash\/#breadcrumb"},"inLanguage":"en-US","potentialAction":[{"@type":"ReadAction","target":["https:\/\/profumix.it\/en\/prodotto\/abercrombie-fitch-gift-set-first-instinct-pour-homme-100ml-spray-eau-de-toilette-200ml-body-wash\/"]}]},{"@type":"ImageObject","inLanguage":"en-US","@id":"https:\/\/profumix.it\/en\/prodotto\/abercrombie-fitch-gift-set-first-instinct-pour-homme-100ml-spray-eau-de-toilette-200ml-body-wash\/#primaryimage","url":"https:\/\/profumix.it\/wp-content\/uploads\/2017\/12\/product_a_b_abercrombie-_-fitch-first-instinct-man-gift-set-100ml-spray-eau-de-toilette-200ml-body-wash.jpg","contentUrl":"https:\/\/profumix.it\/wp-content\/uploads\/2017\/12\/product_a_b_abercrombie-_-fitch-first-instinct-man-gift-set-100ml-spray-eau-de-toilette-200ml-body-wash.jpg","width":500,"height":500,"caption":"ABERCROMBIE & FITCH GIFT SET FIRST INSTINCT POUR HOMME 100ML SPRAY EAU DE TOILETTE + 200ML BODY WASH"},{"@type":"BreadcrumbList","@id":"https:\/\/profumix.it\/en\/prodotto\/abercrombie-fitch-gift-set-first-instinct-pour-homme-100ml-spray-eau-de-toilette-200ml-body-wash\/#breadcrumb","itemListElement":[{"@type":"ListItem","position":1,"name":"Home","item":"https:\/\/profumix.it\/en\/home\/"},{"@type":"ListItem","position":2,"name":"Shop","item":"https:\/\/profumix.it\/en\/shop\/"},{"@type":"ListItem","position":3,"name":"ABERCROMBIE &#038; FITCH GIFT SET FIRST INSTINCT POUR HOMME 100ML SPRAY EAU DE TOILETTE + 200ML BODY WASH"}]},{"@type":"WebSite","@id":"https:\/\/profumix.it\/en\/#website","url":"https:\/\/profumix.it\/en\/","name":"Profumix Perfumes","description":"","potentialAction":[{"@type":"SearchAction","target":{"@type":"EntryPoint","urlTemplate":"https:\/\/profumix.it\/en\/?s={search_term_string}"},"query-input":{"@type":"PropertyValueSpecification","valueRequired":true,"valueName":"search_term_string"}}],"inLanguage":"en-US"}]}},"_links":{"self":[{"href":"https:\/\/profumix.it\/en\/wp-json\/wp\/v2\/product\/80708","targetHints":{"allow":["GET"]}}],"collection":[{"href":"https:\/\/profumix.it\/en\/wp-json\/wp\/v2\/product"}],"about":[{"href":"https:\/\/profumix.it\/en\/wp-json\/wp\/v2\/types\/product"}],"replies":[{"embeddable":true,"href":"https:\/\/profumix.it\/en\/wp-json\/wp\/v2\/comments?post=80708"}],"wp:featuredmedia":[{"embeddable":true,"href":"https:\/\/profumix.it\/en\/wp-json\/wp\/v2\/media\/80707"}],"wp:attachment":[{"href":"https:\/\/profumix.it\/en\/wp-json\/wp\/v2\/media?parent=80708"}],"wp:term":[{"taxonomy":"product_brand","embeddable":true,"href":"https:\/\/profumix.it\/en\/wp-json\/wp\/v2\/product_brand?post=80708"},{"taxonomy":"product_cat","embeddable":true,"href":"https:\/\/profumix.it\/en\/wp-json\/wp\/v2\/product_cat?post=80708"},{"taxonomy":"product_tag","embeddable":true,"href":"https:\/\/profumix.it\/en\/wp-json\/wp\/v2\/product_tag?post=80708"}],"curies":[{"name":"wp","href":"https:\/\/api.w.org\/{rel}","templated":true}]}}