{"id":80758,"date":"2018-01-13T11:01:35","date_gmt":"2018-01-13T10:01:35","guid":{"rendered":"https:\/\/profumix.it\/prodotto\/guerlain-l-instant-de-guerlain-pour-homme-75ml-spray-eau-de-toilette-7\/"},"modified":"2022-10-19T12:11:29","modified_gmt":"2022-10-19T10:11:29","slug":"guerlain-l-instant-de-guerlain-pour-homme-75ml-spray-eau-de-toilette-7","status":"publish","type":"product","link":"https:\/\/profumix.it\/en\/prodotto\/guerlain-l-instant-de-guerlain-pour-homme-75ml-spray-eau-de-toilette-7\/","title":{"rendered":"GUERLAIN HABIT ROUGE 50ML AFTER SHAVE LOTION OLD VERSION LOTTO PT5EB 8 REF.806"},"content":{"rendered":"<p>Habit Rouge Eau de Cologne di Guerlain \u00e8 una fragranza del gruppo Orientale Legnoso da uomo. Habit Rouge Eau de Cologne \u00e8 stato lanciato sul mercato nel 1965. Il Naso di questa fragranza \u00e8 Jean-Paul Guerlain. Le note di testa sono Arancia, Basilico, Bergamotto, Legno di Palissandro, Limone, Lime e Tangerino; le note di cuore sono Garofano, Sandalo, Patchouli, Cannella, Gelsomino, Estratto di Cedro Bianco e Rosa; le note di base sono Labdano, Ambra, Benzoino, Cuoio, Muschio di Quercia e Vaniglia.<\/p>\n","protected":false},"excerpt":{"rendered":"<p>Habit Rouge Eau de Cologne di Guerlain \u00e8 una fragranza del gruppo Orientale Legnoso da uomo. Habit Rouge Eau de Cologne \u00e8 stato lanciato sul mercato nel 1965. Il Naso di questa fragranza \u00e8 Jean-Paul Guerlain. Le note di testa sono Arancia, Basilico, Bergamotto, Legno di Palissandro, Limone, Lime e Tangerino; le note di cuore sono Garofano, Sandalo, Patchouli, Cannella, Gelsomino, Estratto di Cedro Bianco e Rosa; le note di base sono Labdano, Ambra, Benzoino, Cuoio, Muschio di Quercia e Vaniglia.<\/p>\n","protected":false},"featured_media":80757,"comment_status":"open","ping_status":"closed","template":"","meta":{"_et_pb_use_builder":"","_et_pb_old_content":"","_et_gb_content_width":""},"product_brand":[],"product_cat":[7173,7102,7101,7099,7098,7106,7107],"product_tag":[],"class_list":{"0":"post-80758","1":"product","2":"type-product","3":"status-publish","4":"has-post-thumbnail","6":"product_cat-articoli-fuori-produzione-e-rarita","7":"product_cat-dopobarba","8":"product_cat-linea-uomo","9":"product_cat-offerte-da-non-perdere-default-category","10":"product_cat-default-category","11":"product_cat-profumi-default-category","12":"product_cat-uomo-profumi-default-category","13":"pa_categoria_desc-dopobarba","14":"pa_confezione_desc-3d-scatolaoriginalecomedafoto","15":"pa_formato_filtro-50ml","16":"pa_manufacturer-guerlain","17":"pa_spedizione_gratuita-no","18":"pa_tipo_filtro-lozione","20":"first","21":"instock","22":"shipping-taxable","23":"purchasable","24":"product-type-simple"},"yoast_head":"<!-- This site is optimized with the Yoast SEO plugin v27.4 - https:\/\/yoast.com\/product\/yoast-seo-wordpress\/ -->\n<title>GUERLAIN HABIT ROUGE 50ML AFTER SHAVE LOTION OLD VERSION LOTTO PT5EB 8 REF.806<\/title>\n<meta name=\"robots\" content=\"index, follow, max-snippet:-1, max-image-preview:large, max-video-preview:-1\" \/>\n<link rel=\"canonical\" href=\"https:\/\/profumix.it\/en\/prodotto\/guerlain-l-instant-de-guerlain-pour-homme-75ml-spray-eau-de-toilette-7\/\" \/>\n<meta property=\"og:locale\" content=\"en_US\" \/>\n<meta property=\"og:type\" content=\"article\" \/>\n<meta property=\"og:title\" content=\"GUERLAIN HABIT ROUGE 50ML AFTER SHAVE LOTION OLD VERSION LOTTO PT5EB 8 REF.806\" \/>\n<meta property=\"og:description\" content=\"Habit Rouge Eau de Cologne di Guerlain \u00e8 una fragranza del gruppo Orientale Legnoso da uomo. Habit Rouge Eau de Cologne \u00e8 stato lanciato sul mercato nel 1965. Il Naso di questa fragranza \u00e8 Jean-Paul Guerlain. Le note di testa sono Arancia, Basilico, Bergamotto, Legno di Palissandro, Limone, Lime e Tangerino; le note di cuore sono Garofano, Sandalo, Patchouli, Cannella, Gelsomino, Estratto di Cedro Bianco e Rosa; le note di base sono Labdano, Ambra, Benzoino, Cuoio, Muschio di Quercia e Vaniglia.\" \/>\n<meta property=\"og:url\" content=\"https:\/\/profumix.it\/en\/prodotto\/guerlain-l-instant-de-guerlain-pour-homme-75ml-spray-eau-de-toilette-7\/\" \/>\n<meta property=\"og:site_name\" content=\"Profumix Perfumes\" \/>\n<meta property=\"article:publisher\" content=\"https:\/\/www.facebook.com\/profumix\" \/>\n<meta property=\"article:modified_time\" content=\"2022-10-19T10:11:29+00:00\" \/>\n<meta property=\"og:image\" content=\"https:\/\/profumix.it\/wp-content\/uploads\/2018\/01\/product_h_a_habit-rouge-de-guerlain-after-shave-lotion-50ml-old-version-lotto_pt5eb_8-scaled.jpg\" \/>\n\t<meta property=\"og:image:width\" content=\"2560\" \/>\n\t<meta property=\"og:image:height\" content=\"2524\" \/>\n\t<meta property=\"og:image:type\" content=\"image\/jpeg\" \/>\n<meta name=\"twitter:card\" content=\"summary_large_image\" \/>\n<script type=\"application\/ld+json\" class=\"yoast-schema-graph\">{\"@context\":\"https:\\\/\\\/schema.org\",\"@graph\":[{\"@type\":\"WebPage\",\"@id\":\"https:\\\/\\\/profumix.it\\\/en\\\/prodotto\\\/guerlain-l-instant-de-guerlain-pour-homme-75ml-spray-eau-de-toilette-7\\\/\",\"url\":\"https:\\\/\\\/profumix.it\\\/en\\\/prodotto\\\/guerlain-l-instant-de-guerlain-pour-homme-75ml-spray-eau-de-toilette-7\\\/\",\"name\":\"GUERLAIN HABIT ROUGE 50ML AFTER SHAVE LOTION OLD VERSION LOTTO PT5EB 8 REF.806\",\"isPartOf\":{\"@id\":\"https:\\\/\\\/profumix.it\\\/en\\\/#website\"},\"primaryImageOfPage\":{\"@id\":\"https:\\\/\\\/profumix.it\\\/en\\\/prodotto\\\/guerlain-l-instant-de-guerlain-pour-homme-75ml-spray-eau-de-toilette-7\\\/#primaryimage\"},\"image\":{\"@id\":\"https:\\\/\\\/profumix.it\\\/en\\\/prodotto\\\/guerlain-l-instant-de-guerlain-pour-homme-75ml-spray-eau-de-toilette-7\\\/#primaryimage\"},\"thumbnailUrl\":\"https:\\\/\\\/profumix.it\\\/wp-content\\\/uploads\\\/2018\\\/01\\\/product_h_a_habit-rouge-de-guerlain-after-shave-lotion-50ml-old-version-lotto_pt5eb_8-scaled.jpg\",\"datePublished\":\"2018-01-13T10:01:35+00:00\",\"dateModified\":\"2022-10-19T10:11:29+00:00\",\"breadcrumb\":{\"@id\":\"https:\\\/\\\/profumix.it\\\/en\\\/prodotto\\\/guerlain-l-instant-de-guerlain-pour-homme-75ml-spray-eau-de-toilette-7\\\/#breadcrumb\"},\"inLanguage\":\"en-US\",\"potentialAction\":[{\"@type\":\"ReadAction\",\"target\":[\"https:\\\/\\\/profumix.it\\\/en\\\/prodotto\\\/guerlain-l-instant-de-guerlain-pour-homme-75ml-spray-eau-de-toilette-7\\\/\"]}]},{\"@type\":\"ImageObject\",\"inLanguage\":\"en-US\",\"@id\":\"https:\\\/\\\/profumix.it\\\/en\\\/prodotto\\\/guerlain-l-instant-de-guerlain-pour-homme-75ml-spray-eau-de-toilette-7\\\/#primaryimage\",\"url\":\"https:\\\/\\\/profumix.it\\\/wp-content\\\/uploads\\\/2018\\\/01\\\/product_h_a_habit-rouge-de-guerlain-after-shave-lotion-50ml-old-version-lotto_pt5eb_8-scaled.jpg\",\"contentUrl\":\"https:\\\/\\\/profumix.it\\\/wp-content\\\/uploads\\\/2018\\\/01\\\/product_h_a_habit-rouge-de-guerlain-after-shave-lotion-50ml-old-version-lotto_pt5eb_8-scaled.jpg\",\"width\":2560,\"height\":2524,\"caption\":\"GUERLAIN HABIT ROUGE 50ML AFTER SHAVE LOTION OLD VERSION LOTTO PT5EB 8 REF.806\"},{\"@type\":\"BreadcrumbList\",\"@id\":\"https:\\\/\\\/profumix.it\\\/en\\\/prodotto\\\/guerlain-l-instant-de-guerlain-pour-homme-75ml-spray-eau-de-toilette-7\\\/#breadcrumb\",\"itemListElement\":[{\"@type\":\"ListItem\",\"position\":1,\"name\":\"Home\",\"item\":\"https:\\\/\\\/profumix.it\\\/en\\\/home\\\/\"},{\"@type\":\"ListItem\",\"position\":2,\"name\":\"Shop\",\"item\":\"https:\\\/\\\/profumix.it\\\/en\\\/shop\\\/\"},{\"@type\":\"ListItem\",\"position\":3,\"name\":\"GUERLAIN HABIT ROUGE 50ML AFTER SHAVE LOTION OLD VERSION LOTTO PT5EB 8 REF.806\"}]},{\"@type\":\"WebSite\",\"@id\":\"https:\\\/\\\/profumix.it\\\/en\\\/#website\",\"url\":\"https:\\\/\\\/profumix.it\\\/en\\\/\",\"name\":\"Profumix Perfumes\",\"description\":\"\",\"potentialAction\":[{\"@type\":\"SearchAction\",\"target\":{\"@type\":\"EntryPoint\",\"urlTemplate\":\"https:\\\/\\\/profumix.it\\\/en\\\/?s={search_term_string}\"},\"query-input\":{\"@type\":\"PropertyValueSpecification\",\"valueRequired\":true,\"valueName\":\"search_term_string\"}}],\"inLanguage\":\"en-US\"}]}<\/script>\n<!-- \/ Yoast SEO plugin. -->","yoast_head_json":{"title":"GUERLAIN HABIT ROUGE 50ML AFTER SHAVE LOTION OLD VERSION LOTTO PT5EB 8 REF.806","robots":{"index":"index","follow":"follow","max-snippet":"max-snippet:-1","max-image-preview":"max-image-preview:large","max-video-preview":"max-video-preview:-1"},"canonical":"https:\/\/profumix.it\/en\/prodotto\/guerlain-l-instant-de-guerlain-pour-homme-75ml-spray-eau-de-toilette-7\/","og_locale":"en_US","og_type":"article","og_title":"GUERLAIN HABIT ROUGE 50ML AFTER SHAVE LOTION OLD VERSION LOTTO PT5EB 8 REF.806","og_description":"Habit Rouge Eau de Cologne di Guerlain \u00e8 una fragranza del gruppo Orientale Legnoso da uomo. Habit Rouge Eau de Cologne \u00e8 stato lanciato sul mercato nel 1965. Il Naso di questa fragranza \u00e8 Jean-Paul Guerlain. Le note di testa sono Arancia, Basilico, Bergamotto, Legno di Palissandro, Limone, Lime e Tangerino; le note di cuore sono Garofano, Sandalo, Patchouli, Cannella, Gelsomino, Estratto di Cedro Bianco e Rosa; le note di base sono Labdano, Ambra, Benzoino, Cuoio, Muschio di Quercia e Vaniglia.","og_url":"https:\/\/profumix.it\/en\/prodotto\/guerlain-l-instant-de-guerlain-pour-homme-75ml-spray-eau-de-toilette-7\/","og_site_name":"Profumix Perfumes","article_publisher":"https:\/\/www.facebook.com\/profumix","article_modified_time":"2022-10-19T10:11:29+00:00","og_image":[{"width":2560,"height":2524,"url":"https:\/\/profumix.it\/wp-content\/uploads\/2018\/01\/product_h_a_habit-rouge-de-guerlain-after-shave-lotion-50ml-old-version-lotto_pt5eb_8-scaled.jpg","type":"image\/jpeg"}],"twitter_card":"summary_large_image","schema":{"@context":"https:\/\/schema.org","@graph":[{"@type":"WebPage","@id":"https:\/\/profumix.it\/en\/prodotto\/guerlain-l-instant-de-guerlain-pour-homme-75ml-spray-eau-de-toilette-7\/","url":"https:\/\/profumix.it\/en\/prodotto\/guerlain-l-instant-de-guerlain-pour-homme-75ml-spray-eau-de-toilette-7\/","name":"GUERLAIN HABIT ROUGE 50ML AFTER SHAVE LOTION OLD VERSION LOTTO PT5EB 8 REF.806","isPartOf":{"@id":"https:\/\/profumix.it\/en\/#website"},"primaryImageOfPage":{"@id":"https:\/\/profumix.it\/en\/prodotto\/guerlain-l-instant-de-guerlain-pour-homme-75ml-spray-eau-de-toilette-7\/#primaryimage"},"image":{"@id":"https:\/\/profumix.it\/en\/prodotto\/guerlain-l-instant-de-guerlain-pour-homme-75ml-spray-eau-de-toilette-7\/#primaryimage"},"thumbnailUrl":"https:\/\/profumix.it\/wp-content\/uploads\/2018\/01\/product_h_a_habit-rouge-de-guerlain-after-shave-lotion-50ml-old-version-lotto_pt5eb_8-scaled.jpg","datePublished":"2018-01-13T10:01:35+00:00","dateModified":"2022-10-19T10:11:29+00:00","breadcrumb":{"@id":"https:\/\/profumix.it\/en\/prodotto\/guerlain-l-instant-de-guerlain-pour-homme-75ml-spray-eau-de-toilette-7\/#breadcrumb"},"inLanguage":"en-US","potentialAction":[{"@type":"ReadAction","target":["https:\/\/profumix.it\/en\/prodotto\/guerlain-l-instant-de-guerlain-pour-homme-75ml-spray-eau-de-toilette-7\/"]}]},{"@type":"ImageObject","inLanguage":"en-US","@id":"https:\/\/profumix.it\/en\/prodotto\/guerlain-l-instant-de-guerlain-pour-homme-75ml-spray-eau-de-toilette-7\/#primaryimage","url":"https:\/\/profumix.it\/wp-content\/uploads\/2018\/01\/product_h_a_habit-rouge-de-guerlain-after-shave-lotion-50ml-old-version-lotto_pt5eb_8-scaled.jpg","contentUrl":"https:\/\/profumix.it\/wp-content\/uploads\/2018\/01\/product_h_a_habit-rouge-de-guerlain-after-shave-lotion-50ml-old-version-lotto_pt5eb_8-scaled.jpg","width":2560,"height":2524,"caption":"GUERLAIN HABIT ROUGE 50ML AFTER SHAVE LOTION OLD VERSION LOTTO PT5EB 8 REF.806"},{"@type":"BreadcrumbList","@id":"https:\/\/profumix.it\/en\/prodotto\/guerlain-l-instant-de-guerlain-pour-homme-75ml-spray-eau-de-toilette-7\/#breadcrumb","itemListElement":[{"@type":"ListItem","position":1,"name":"Home","item":"https:\/\/profumix.it\/en\/home\/"},{"@type":"ListItem","position":2,"name":"Shop","item":"https:\/\/profumix.it\/en\/shop\/"},{"@type":"ListItem","position":3,"name":"GUERLAIN HABIT ROUGE 50ML AFTER SHAVE LOTION OLD VERSION LOTTO PT5EB 8 REF.806"}]},{"@type":"WebSite","@id":"https:\/\/profumix.it\/en\/#website","url":"https:\/\/profumix.it\/en\/","name":"Profumix Perfumes","description":"","potentialAction":[{"@type":"SearchAction","target":{"@type":"EntryPoint","urlTemplate":"https:\/\/profumix.it\/en\/?s={search_term_string}"},"query-input":{"@type":"PropertyValueSpecification","valueRequired":true,"valueName":"search_term_string"}}],"inLanguage":"en-US"}]}},"_links":{"self":[{"href":"https:\/\/profumix.it\/en\/wp-json\/wp\/v2\/product\/80758","targetHints":{"allow":["GET"]}}],"collection":[{"href":"https:\/\/profumix.it\/en\/wp-json\/wp\/v2\/product"}],"about":[{"href":"https:\/\/profumix.it\/en\/wp-json\/wp\/v2\/types\/product"}],"replies":[{"embeddable":true,"href":"https:\/\/profumix.it\/en\/wp-json\/wp\/v2\/comments?post=80758"}],"wp:featuredmedia":[{"embeddable":true,"href":"https:\/\/profumix.it\/en\/wp-json\/wp\/v2\/media\/80757"}],"wp:attachment":[{"href":"https:\/\/profumix.it\/en\/wp-json\/wp\/v2\/media?parent=80758"}],"wp:term":[{"taxonomy":"product_brand","embeddable":true,"href":"https:\/\/profumix.it\/en\/wp-json\/wp\/v2\/product_brand?post=80758"},{"taxonomy":"product_cat","embeddable":true,"href":"https:\/\/profumix.it\/en\/wp-json\/wp\/v2\/product_cat?post=80758"},{"taxonomy":"product_tag","embeddable":true,"href":"https:\/\/profumix.it\/en\/wp-json\/wp\/v2\/product_tag?post=80758"}],"curies":[{"name":"wp","href":"https:\/\/api.w.org\/{rel}","templated":true}]}}