{"id":80772,"date":"2018-01-13T16:31:30","date_gmt":"2018-01-13T15:31:30","guid":{"rendered":"https:\/\/profumix.it\/prodotto\/jean-patou-joy-eau-de-toilette-splash-60ml-rare-vintage-lotto-v014vfb\/"},"modified":"2022-10-19T12:11:30","modified_gmt":"2022-10-19T10:11:30","slug":"jean-patou-joy-eau-de-toilette-splash-60ml-rare-vintage-lotto-v014vfb","status":"publish","type":"product","link":"https:\/\/profumix.it\/en\/prodotto\/jean-patou-joy-eau-de-toilette-splash-60ml-rare-vintage-lotto-v014vfb\/","title":{"rendered":"JEAN PATOU JOY EAU DE TOILETTE SPLASH 60ML RARE\/VINTAGE LOTTO V014VFB"},"content":{"rendered":"<p>Joy di Jean Patou \u00e8 una fragranza del gruppo Floreale da donna.<br \/>\nJoy \u00e8 stato lanciato sul mercato nel 1930. Il Naso di questa fragranza \u00e8 Henri Almeras. <\/p>\n<p>Le note di testa sono Tuberosa, Ylang Ylang e Rosa Bulgara;<br \/>\nLe note di cuore sono Gelsomino e Rosa di Maggio;<br \/>\nLe note di base sono Sandalo e Muschio Animale.<\/p>\n","protected":false},"excerpt":{"rendered":"<p>Joy di Jean Patou \u00e8 una fragranza del gruppo Floreale da donna.<br \/>\nJoy \u00e8 stato lanciato sul mercato nel 1930. Il Naso di questa fragranza \u00e8 Henri Almeras. <\/p>\n<p>Le note di testa sono Tuberosa, Ylang Ylang e Rosa Bulgara;<br \/>\nLe note di cuore sono Gelsomino e Rosa di Maggio;<br \/>\nLe note di base sono Sandalo e Muschio Animale.<\/p>\n","protected":false},"featured_media":80771,"comment_status":"open","ping_status":"closed","template":"","meta":{"_et_pb_use_builder":"","_et_pb_old_content":"","_et_gb_content_width":""},"product_brand":[],"product_cat":[7173,7109,7098,7106],"product_tag":[],"class_list":{"0":"post-80772","1":"product","2":"type-product","3":"status-publish","4":"has-post-thumbnail","6":"product_cat-articoli-fuori-produzione-e-rarita","7":"product_cat-donna","8":"product_cat-default-category","9":"product_cat-profumi-default-category","10":"pa_categoria_desc-profumidonna","11":"pa_confezione_desc-dd-confezioneoriginalecomedaf","12":"pa_formato_filtro-60ml","13":"pa_manufacturer-jeanpatou","14":"pa_spedizione_gratuita-no","15":"pa_tipo_filtro-nospray","17":"first","18":"instock","19":"shipping-taxable","20":"purchasable","21":"product-type-simple"},"yoast_head":"<!-- This site is optimized with the Yoast SEO plugin v27.4 - https:\/\/yoast.com\/product\/yoast-seo-wordpress\/ -->\n<title>JEAN PATOU JOY EAU DE TOILETTE SPLASH 60ML RARE\/VINTAGE LOTTO V014VFB<\/title>\n<meta name=\"robots\" content=\"index, follow, max-snippet:-1, max-image-preview:large, max-video-preview:-1\" \/>\n<link rel=\"canonical\" href=\"https:\/\/profumix.it\/en\/prodotto\/jean-patou-joy-eau-de-toilette-splash-60ml-rare-vintage-lotto-v014vfb\/\" \/>\n<meta property=\"og:locale\" content=\"en_US\" \/>\n<meta property=\"og:type\" content=\"article\" \/>\n<meta property=\"og:title\" content=\"JEAN PATOU JOY EAU DE TOILETTE SPLASH 60ML RARE\/VINTAGE LOTTO V014VFB\" \/>\n<meta property=\"og:description\" content=\"Joy di Jean Patou \u00e8 una fragranza del gruppo Floreale da donna.  Joy \u00e8 stato lanciato sul mercato nel 1930. Il Naso di questa fragranza \u00e8 Henri Almeras.   Le note di testa sono Tuberosa, Ylang Ylang e Rosa Bulgara;  Le note di cuore sono Gelsomino e Rosa di Maggio;  Le note di base sono Sandalo e Muschio Animale.\" \/>\n<meta property=\"og:url\" content=\"https:\/\/profumix.it\/en\/prodotto\/jean-patou-joy-eau-de-toilette-splash-60ml-rare-vintage-lotto-v014vfb\/\" \/>\n<meta property=\"og:site_name\" content=\"Profumix Perfumes\" \/>\n<meta property=\"article:publisher\" content=\"https:\/\/www.facebook.com\/profumix\" \/>\n<meta property=\"article:modified_time\" content=\"2022-10-19T10:11:30+00:00\" \/>\n<meta property=\"og:image\" content=\"https:\/\/profumix.it\/wp-content\/uploads\/2018\/01\/product_j_e_jean-patou_joy_60ml.jpg\" \/>\n\t<meta property=\"og:image:width\" content=\"1332\" \/>\n\t<meta property=\"og:image:height\" content=\"1332\" \/>\n\t<meta property=\"og:image:type\" content=\"image\/jpeg\" \/>\n<meta name=\"twitter:card\" content=\"summary_large_image\" \/>\n<script type=\"application\/ld+json\" class=\"yoast-schema-graph\">{\"@context\":\"https:\\\/\\\/schema.org\",\"@graph\":[{\"@type\":\"WebPage\",\"@id\":\"https:\\\/\\\/profumix.it\\\/en\\\/prodotto\\\/jean-patou-joy-eau-de-toilette-splash-60ml-rare-vintage-lotto-v014vfb\\\/\",\"url\":\"https:\\\/\\\/profumix.it\\\/en\\\/prodotto\\\/jean-patou-joy-eau-de-toilette-splash-60ml-rare-vintage-lotto-v014vfb\\\/\",\"name\":\"JEAN PATOU JOY EAU DE TOILETTE SPLASH 60ML RARE\\\/VINTAGE LOTTO V014VFB\",\"isPartOf\":{\"@id\":\"https:\\\/\\\/profumix.it\\\/en\\\/#website\"},\"primaryImageOfPage\":{\"@id\":\"https:\\\/\\\/profumix.it\\\/en\\\/prodotto\\\/jean-patou-joy-eau-de-toilette-splash-60ml-rare-vintage-lotto-v014vfb\\\/#primaryimage\"},\"image\":{\"@id\":\"https:\\\/\\\/profumix.it\\\/en\\\/prodotto\\\/jean-patou-joy-eau-de-toilette-splash-60ml-rare-vintage-lotto-v014vfb\\\/#primaryimage\"},\"thumbnailUrl\":\"https:\\\/\\\/profumix.it\\\/wp-content\\\/uploads\\\/2018\\\/01\\\/product_j_e_jean-patou_joy_60ml.jpg\",\"datePublished\":\"2018-01-13T15:31:30+00:00\",\"dateModified\":\"2022-10-19T10:11:30+00:00\",\"breadcrumb\":{\"@id\":\"https:\\\/\\\/profumix.it\\\/en\\\/prodotto\\\/jean-patou-joy-eau-de-toilette-splash-60ml-rare-vintage-lotto-v014vfb\\\/#breadcrumb\"},\"inLanguage\":\"en-US\",\"potentialAction\":[{\"@type\":\"ReadAction\",\"target\":[\"https:\\\/\\\/profumix.it\\\/en\\\/prodotto\\\/jean-patou-joy-eau-de-toilette-splash-60ml-rare-vintage-lotto-v014vfb\\\/\"]}]},{\"@type\":\"ImageObject\",\"inLanguage\":\"en-US\",\"@id\":\"https:\\\/\\\/profumix.it\\\/en\\\/prodotto\\\/jean-patou-joy-eau-de-toilette-splash-60ml-rare-vintage-lotto-v014vfb\\\/#primaryimage\",\"url\":\"https:\\\/\\\/profumix.it\\\/wp-content\\\/uploads\\\/2018\\\/01\\\/product_j_e_jean-patou_joy_60ml.jpg\",\"contentUrl\":\"https:\\\/\\\/profumix.it\\\/wp-content\\\/uploads\\\/2018\\\/01\\\/product_j_e_jean-patou_joy_60ml.jpg\",\"width\":1332,\"height\":1332,\"caption\":\"JEAN PATOU JOY EAU DE TOILETTE SPLASH 60ML RARE\\\/VINTAGE LOTTO V014VFB\"},{\"@type\":\"BreadcrumbList\",\"@id\":\"https:\\\/\\\/profumix.it\\\/en\\\/prodotto\\\/jean-patou-joy-eau-de-toilette-splash-60ml-rare-vintage-lotto-v014vfb\\\/#breadcrumb\",\"itemListElement\":[{\"@type\":\"ListItem\",\"position\":1,\"name\":\"Home\",\"item\":\"https:\\\/\\\/profumix.it\\\/en\\\/home\\\/\"},{\"@type\":\"ListItem\",\"position\":2,\"name\":\"Shop\",\"item\":\"https:\\\/\\\/profumix.it\\\/en\\\/shop\\\/\"},{\"@type\":\"ListItem\",\"position\":3,\"name\":\"JEAN PATOU JOY EAU DE TOILETTE SPLASH 60ML RARE\\\/VINTAGE LOTTO V014VFB\"}]},{\"@type\":\"WebSite\",\"@id\":\"https:\\\/\\\/profumix.it\\\/en\\\/#website\",\"url\":\"https:\\\/\\\/profumix.it\\\/en\\\/\",\"name\":\"Profumix Perfumes\",\"description\":\"\",\"potentialAction\":[{\"@type\":\"SearchAction\",\"target\":{\"@type\":\"EntryPoint\",\"urlTemplate\":\"https:\\\/\\\/profumix.it\\\/en\\\/?s={search_term_string}\"},\"query-input\":{\"@type\":\"PropertyValueSpecification\",\"valueRequired\":true,\"valueName\":\"search_term_string\"}}],\"inLanguage\":\"en-US\"}]}<\/script>\n<!-- \/ Yoast SEO plugin. -->","yoast_head_json":{"title":"JEAN PATOU JOY EAU DE TOILETTE SPLASH 60ML RARE\/VINTAGE LOTTO V014VFB","robots":{"index":"index","follow":"follow","max-snippet":"max-snippet:-1","max-image-preview":"max-image-preview:large","max-video-preview":"max-video-preview:-1"},"canonical":"https:\/\/profumix.it\/en\/prodotto\/jean-patou-joy-eau-de-toilette-splash-60ml-rare-vintage-lotto-v014vfb\/","og_locale":"en_US","og_type":"article","og_title":"JEAN PATOU JOY EAU DE TOILETTE SPLASH 60ML RARE\/VINTAGE LOTTO V014VFB","og_description":"Joy di Jean Patou \u00e8 una fragranza del gruppo Floreale da donna.  Joy \u00e8 stato lanciato sul mercato nel 1930. Il Naso di questa fragranza \u00e8 Henri Almeras.   Le note di testa sono Tuberosa, Ylang Ylang e Rosa Bulgara;  Le note di cuore sono Gelsomino e Rosa di Maggio;  Le note di base sono Sandalo e Muschio Animale.","og_url":"https:\/\/profumix.it\/en\/prodotto\/jean-patou-joy-eau-de-toilette-splash-60ml-rare-vintage-lotto-v014vfb\/","og_site_name":"Profumix Perfumes","article_publisher":"https:\/\/www.facebook.com\/profumix","article_modified_time":"2022-10-19T10:11:30+00:00","og_image":[{"width":1332,"height":1332,"url":"https:\/\/profumix.it\/wp-content\/uploads\/2018\/01\/product_j_e_jean-patou_joy_60ml.jpg","type":"image\/jpeg"}],"twitter_card":"summary_large_image","schema":{"@context":"https:\/\/schema.org","@graph":[{"@type":"WebPage","@id":"https:\/\/profumix.it\/en\/prodotto\/jean-patou-joy-eau-de-toilette-splash-60ml-rare-vintage-lotto-v014vfb\/","url":"https:\/\/profumix.it\/en\/prodotto\/jean-patou-joy-eau-de-toilette-splash-60ml-rare-vintage-lotto-v014vfb\/","name":"JEAN PATOU JOY EAU DE TOILETTE SPLASH 60ML RARE\/VINTAGE LOTTO V014VFB","isPartOf":{"@id":"https:\/\/profumix.it\/en\/#website"},"primaryImageOfPage":{"@id":"https:\/\/profumix.it\/en\/prodotto\/jean-patou-joy-eau-de-toilette-splash-60ml-rare-vintage-lotto-v014vfb\/#primaryimage"},"image":{"@id":"https:\/\/profumix.it\/en\/prodotto\/jean-patou-joy-eau-de-toilette-splash-60ml-rare-vintage-lotto-v014vfb\/#primaryimage"},"thumbnailUrl":"https:\/\/profumix.it\/wp-content\/uploads\/2018\/01\/product_j_e_jean-patou_joy_60ml.jpg","datePublished":"2018-01-13T15:31:30+00:00","dateModified":"2022-10-19T10:11:30+00:00","breadcrumb":{"@id":"https:\/\/profumix.it\/en\/prodotto\/jean-patou-joy-eau-de-toilette-splash-60ml-rare-vintage-lotto-v014vfb\/#breadcrumb"},"inLanguage":"en-US","potentialAction":[{"@type":"ReadAction","target":["https:\/\/profumix.it\/en\/prodotto\/jean-patou-joy-eau-de-toilette-splash-60ml-rare-vintage-lotto-v014vfb\/"]}]},{"@type":"ImageObject","inLanguage":"en-US","@id":"https:\/\/profumix.it\/en\/prodotto\/jean-patou-joy-eau-de-toilette-splash-60ml-rare-vintage-lotto-v014vfb\/#primaryimage","url":"https:\/\/profumix.it\/wp-content\/uploads\/2018\/01\/product_j_e_jean-patou_joy_60ml.jpg","contentUrl":"https:\/\/profumix.it\/wp-content\/uploads\/2018\/01\/product_j_e_jean-patou_joy_60ml.jpg","width":1332,"height":1332,"caption":"JEAN PATOU JOY EAU DE TOILETTE SPLASH 60ML RARE\/VINTAGE LOTTO V014VFB"},{"@type":"BreadcrumbList","@id":"https:\/\/profumix.it\/en\/prodotto\/jean-patou-joy-eau-de-toilette-splash-60ml-rare-vintage-lotto-v014vfb\/#breadcrumb","itemListElement":[{"@type":"ListItem","position":1,"name":"Home","item":"https:\/\/profumix.it\/en\/home\/"},{"@type":"ListItem","position":2,"name":"Shop","item":"https:\/\/profumix.it\/en\/shop\/"},{"@type":"ListItem","position":3,"name":"JEAN PATOU JOY EAU DE TOILETTE SPLASH 60ML RARE\/VINTAGE LOTTO V014VFB"}]},{"@type":"WebSite","@id":"https:\/\/profumix.it\/en\/#website","url":"https:\/\/profumix.it\/en\/","name":"Profumix Perfumes","description":"","potentialAction":[{"@type":"SearchAction","target":{"@type":"EntryPoint","urlTemplate":"https:\/\/profumix.it\/en\/?s={search_term_string}"},"query-input":{"@type":"PropertyValueSpecification","valueRequired":true,"valueName":"search_term_string"}}],"inLanguage":"en-US"}]}},"_links":{"self":[{"href":"https:\/\/profumix.it\/en\/wp-json\/wp\/v2\/product\/80772","targetHints":{"allow":["GET"]}}],"collection":[{"href":"https:\/\/profumix.it\/en\/wp-json\/wp\/v2\/product"}],"about":[{"href":"https:\/\/profumix.it\/en\/wp-json\/wp\/v2\/types\/product"}],"replies":[{"embeddable":true,"href":"https:\/\/profumix.it\/en\/wp-json\/wp\/v2\/comments?post=80772"}],"wp:featuredmedia":[{"embeddable":true,"href":"https:\/\/profumix.it\/en\/wp-json\/wp\/v2\/media\/80771"}],"wp:attachment":[{"href":"https:\/\/profumix.it\/en\/wp-json\/wp\/v2\/media?parent=80772"}],"wp:term":[{"taxonomy":"product_brand","embeddable":true,"href":"https:\/\/profumix.it\/en\/wp-json\/wp\/v2\/product_brand?post=80772"},{"taxonomy":"product_cat","embeddable":true,"href":"https:\/\/profumix.it\/en\/wp-json\/wp\/v2\/product_cat?post=80772"},{"taxonomy":"product_tag","embeddable":true,"href":"https:\/\/profumix.it\/en\/wp-json\/wp\/v2\/product_tag?post=80772"}],"curies":[{"name":"wp","href":"https:\/\/api.w.org\/{rel}","templated":true}]}}