{"id":80774,"date":"2018-01-13T16:37:55","date_gmt":"2018-01-13T15:37:55","guid":{"rendered":"https:\/\/profumix.it\/prodotto\/jean-patou-1000-eau-de-toilette-splash-30ml-rare-vintage-lotto-x004xle\/"},"modified":"2022-10-19T12:11:30","modified_gmt":"2022-10-19T10:11:30","slug":"jean-patou-1000-eau-de-toilette-splash-30ml-rare-vintage-lotto-x004xle","status":"publish","type":"product","link":"https:\/\/profumix.it\/en\/prodotto\/jean-patou-1000-eau-de-toilette-splash-30ml-rare-vintage-lotto-x004xle\/","title":{"rendered":"JEAN PATOU 1000 EAU DE TOILETTE SPLASH 30ML RARE\/VINTAGE LOTTO X004XLE"},"content":{"rendered":"<p>1000 di Jean Patou \u00e8 una fragranza del gruppo Floreale da donna.<br \/>\n1000 \u00e8 stato lanciato sul mercato nel 1972. Il Naso di questa fragranza \u00e8 Jean Kerleo. <\/p>\n<p>Le note di testa sono Osmanto, Violetta e Albicocca;<br \/>\nle note di cuore sono Gelsomino, Mughetto, Rosa e Geranio;<br \/>\nle note di base sono Sandalo, Patchouli e Quercia.<\/p>\n","protected":false},"excerpt":{"rendered":"<p>1000 di Jean Patou \u00e8 una fragranza del gruppo Floreale da donna.<br \/>\n1000 \u00e8 stato lanciato sul mercato nel 1972. Il Naso di questa fragranza \u00e8 Jean Kerleo. <\/p>\n<p>Le note di testa sono Osmanto, Violetta e Albicocca;<br \/>\nle note di cuore sono Gelsomino, Mughetto, Rosa e Geranio;<br \/>\nle note di base sono Sandalo, Patchouli e Quercia.<\/p>\n","protected":false},"featured_media":80773,"comment_status":"open","ping_status":"closed","template":"","meta":{"_et_pb_use_builder":"","_et_pb_old_content":"","_et_gb_content_width":""},"product_brand":[],"product_cat":[7173,7109,7098,7106],"product_tag":[],"class_list":{"0":"post-80774","1":"product","2":"type-product","3":"status-publish","4":"has-post-thumbnail","6":"product_cat-articoli-fuori-produzione-e-rarita","7":"product_cat-donna","8":"product_cat-default-category","9":"product_cat-profumi-default-category","10":"pa_categoria_desc-profumidonna","11":"pa_confezione_desc-de-confezioneoriginalecomedaf","12":"pa_formato_filtro-30ml","13":"pa_manufacturer-jeanpatou","14":"pa_spedizione_gratuita-no","15":"pa_tipo_filtro-nospray","17":"first","18":"outofstock","19":"shipping-taxable","20":"purchasable","21":"product-type-simple"},"yoast_head":"<!-- This site is optimized with the Yoast SEO plugin v27.4 - https:\/\/yoast.com\/product\/yoast-seo-wordpress\/ -->\n<title>JEAN PATOU 1000 EAU DE TOILETTE SPLASH 30ML RARE\/VINTAGE LOTTO X004XLE<\/title>\n<meta name=\"robots\" content=\"index, follow, max-snippet:-1, max-image-preview:large, max-video-preview:-1\" \/>\n<link rel=\"canonical\" href=\"https:\/\/profumix.it\/en\/prodotto\/jean-patou-1000-eau-de-toilette-splash-30ml-rare-vintage-lotto-x004xle\/\" \/>\n<meta property=\"og:locale\" content=\"en_US\" \/>\n<meta property=\"og:type\" content=\"article\" \/>\n<meta property=\"og:title\" content=\"JEAN PATOU 1000 EAU DE TOILETTE SPLASH 30ML RARE\/VINTAGE LOTTO X004XLE\" \/>\n<meta property=\"og:description\" content=\"1000 di Jean Patou \u00e8 una fragranza del gruppo Floreale da donna.  1000 \u00e8 stato lanciato sul mercato nel 1972. Il Naso di questa fragranza \u00e8 Jean Kerleo.   Le note di testa sono Osmanto, Violetta e Albicocca;  le note di cuore sono Gelsomino, Mughetto, Rosa e Geranio;  le note di base sono Sandalo, Patchouli e Quercia.\" \/>\n<meta property=\"og:url\" content=\"https:\/\/profumix.it\/en\/prodotto\/jean-patou-1000-eau-de-toilette-splash-30ml-rare-vintage-lotto-x004xle\/\" \/>\n<meta property=\"og:site_name\" content=\"Profumix Perfumes\" \/>\n<meta property=\"article:publisher\" content=\"https:\/\/www.facebook.com\/profumix\" \/>\n<meta property=\"article:modified_time\" content=\"2022-10-19T10:11:30+00:00\" \/>\n<meta property=\"og:image\" content=\"https:\/\/profumix.it\/wp-content\/uploads\/2018\/01\/product_j_e_jean-patou_1000_30ml.jpg\" \/>\n\t<meta property=\"og:image:width\" content=\"765\" \/>\n\t<meta property=\"og:image:height\" content=\"765\" \/>\n\t<meta property=\"og:image:type\" content=\"image\/jpeg\" \/>\n<meta name=\"twitter:card\" content=\"summary_large_image\" \/>\n<script type=\"application\/ld+json\" class=\"yoast-schema-graph\">{\"@context\":\"https:\\\/\\\/schema.org\",\"@graph\":[{\"@type\":\"WebPage\",\"@id\":\"https:\\\/\\\/profumix.it\\\/en\\\/prodotto\\\/jean-patou-1000-eau-de-toilette-splash-30ml-rare-vintage-lotto-x004xle\\\/\",\"url\":\"https:\\\/\\\/profumix.it\\\/en\\\/prodotto\\\/jean-patou-1000-eau-de-toilette-splash-30ml-rare-vintage-lotto-x004xle\\\/\",\"name\":\"JEAN PATOU 1000 EAU DE TOILETTE SPLASH 30ML RARE\\\/VINTAGE LOTTO X004XLE\",\"isPartOf\":{\"@id\":\"https:\\\/\\\/profumix.it\\\/en\\\/#website\"},\"primaryImageOfPage\":{\"@id\":\"https:\\\/\\\/profumix.it\\\/en\\\/prodotto\\\/jean-patou-1000-eau-de-toilette-splash-30ml-rare-vintage-lotto-x004xle\\\/#primaryimage\"},\"image\":{\"@id\":\"https:\\\/\\\/profumix.it\\\/en\\\/prodotto\\\/jean-patou-1000-eau-de-toilette-splash-30ml-rare-vintage-lotto-x004xle\\\/#primaryimage\"},\"thumbnailUrl\":\"https:\\\/\\\/profumix.it\\\/wp-content\\\/uploads\\\/2018\\\/01\\\/product_j_e_jean-patou_1000_30ml.jpg\",\"datePublished\":\"2018-01-13T15:37:55+00:00\",\"dateModified\":\"2022-10-19T10:11:30+00:00\",\"breadcrumb\":{\"@id\":\"https:\\\/\\\/profumix.it\\\/en\\\/prodotto\\\/jean-patou-1000-eau-de-toilette-splash-30ml-rare-vintage-lotto-x004xle\\\/#breadcrumb\"},\"inLanguage\":\"en-US\",\"potentialAction\":[{\"@type\":\"ReadAction\",\"target\":[\"https:\\\/\\\/profumix.it\\\/en\\\/prodotto\\\/jean-patou-1000-eau-de-toilette-splash-30ml-rare-vintage-lotto-x004xle\\\/\"]}]},{\"@type\":\"ImageObject\",\"inLanguage\":\"en-US\",\"@id\":\"https:\\\/\\\/profumix.it\\\/en\\\/prodotto\\\/jean-patou-1000-eau-de-toilette-splash-30ml-rare-vintage-lotto-x004xle\\\/#primaryimage\",\"url\":\"https:\\\/\\\/profumix.it\\\/wp-content\\\/uploads\\\/2018\\\/01\\\/product_j_e_jean-patou_1000_30ml.jpg\",\"contentUrl\":\"https:\\\/\\\/profumix.it\\\/wp-content\\\/uploads\\\/2018\\\/01\\\/product_j_e_jean-patou_1000_30ml.jpg\",\"width\":765,\"height\":765,\"caption\":\"JEAN PATOU 1000 EAU DE TOILETTE SPLASH 30ML RARE\\\/VINTAGE LOTTO X004XLE\"},{\"@type\":\"BreadcrumbList\",\"@id\":\"https:\\\/\\\/profumix.it\\\/en\\\/prodotto\\\/jean-patou-1000-eau-de-toilette-splash-30ml-rare-vintage-lotto-x004xle\\\/#breadcrumb\",\"itemListElement\":[{\"@type\":\"ListItem\",\"position\":1,\"name\":\"Home\",\"item\":\"https:\\\/\\\/profumix.it\\\/en\\\/home\\\/\"},{\"@type\":\"ListItem\",\"position\":2,\"name\":\"Shop\",\"item\":\"https:\\\/\\\/profumix.it\\\/en\\\/shop\\\/\"},{\"@type\":\"ListItem\",\"position\":3,\"name\":\"JEAN PATOU 1000 EAU DE TOILETTE SPLASH 30ML RARE\\\/VINTAGE LOTTO X004XLE\"}]},{\"@type\":\"WebSite\",\"@id\":\"https:\\\/\\\/profumix.it\\\/en\\\/#website\",\"url\":\"https:\\\/\\\/profumix.it\\\/en\\\/\",\"name\":\"Profumix Perfumes\",\"description\":\"\",\"potentialAction\":[{\"@type\":\"SearchAction\",\"target\":{\"@type\":\"EntryPoint\",\"urlTemplate\":\"https:\\\/\\\/profumix.it\\\/en\\\/?s={search_term_string}\"},\"query-input\":{\"@type\":\"PropertyValueSpecification\",\"valueRequired\":true,\"valueName\":\"search_term_string\"}}],\"inLanguage\":\"en-US\"}]}<\/script>\n<!-- \/ Yoast SEO plugin. -->","yoast_head_json":{"title":"JEAN PATOU 1000 EAU DE TOILETTE SPLASH 30ML RARE\/VINTAGE LOTTO X004XLE","robots":{"index":"index","follow":"follow","max-snippet":"max-snippet:-1","max-image-preview":"max-image-preview:large","max-video-preview":"max-video-preview:-1"},"canonical":"https:\/\/profumix.it\/en\/prodotto\/jean-patou-1000-eau-de-toilette-splash-30ml-rare-vintage-lotto-x004xle\/","og_locale":"en_US","og_type":"article","og_title":"JEAN PATOU 1000 EAU DE TOILETTE SPLASH 30ML RARE\/VINTAGE LOTTO X004XLE","og_description":"1000 di Jean Patou \u00e8 una fragranza del gruppo Floreale da donna.  1000 \u00e8 stato lanciato sul mercato nel 1972. Il Naso di questa fragranza \u00e8 Jean Kerleo.   Le note di testa sono Osmanto, Violetta e Albicocca;  le note di cuore sono Gelsomino, Mughetto, Rosa e Geranio;  le note di base sono Sandalo, Patchouli e Quercia.","og_url":"https:\/\/profumix.it\/en\/prodotto\/jean-patou-1000-eau-de-toilette-splash-30ml-rare-vintage-lotto-x004xle\/","og_site_name":"Profumix Perfumes","article_publisher":"https:\/\/www.facebook.com\/profumix","article_modified_time":"2022-10-19T10:11:30+00:00","og_image":[{"width":765,"height":765,"url":"https:\/\/profumix.it\/wp-content\/uploads\/2018\/01\/product_j_e_jean-patou_1000_30ml.jpg","type":"image\/jpeg"}],"twitter_card":"summary_large_image","schema":{"@context":"https:\/\/schema.org","@graph":[{"@type":"WebPage","@id":"https:\/\/profumix.it\/en\/prodotto\/jean-patou-1000-eau-de-toilette-splash-30ml-rare-vintage-lotto-x004xle\/","url":"https:\/\/profumix.it\/en\/prodotto\/jean-patou-1000-eau-de-toilette-splash-30ml-rare-vintage-lotto-x004xle\/","name":"JEAN PATOU 1000 EAU DE TOILETTE SPLASH 30ML RARE\/VINTAGE LOTTO X004XLE","isPartOf":{"@id":"https:\/\/profumix.it\/en\/#website"},"primaryImageOfPage":{"@id":"https:\/\/profumix.it\/en\/prodotto\/jean-patou-1000-eau-de-toilette-splash-30ml-rare-vintage-lotto-x004xle\/#primaryimage"},"image":{"@id":"https:\/\/profumix.it\/en\/prodotto\/jean-patou-1000-eau-de-toilette-splash-30ml-rare-vintage-lotto-x004xle\/#primaryimage"},"thumbnailUrl":"https:\/\/profumix.it\/wp-content\/uploads\/2018\/01\/product_j_e_jean-patou_1000_30ml.jpg","datePublished":"2018-01-13T15:37:55+00:00","dateModified":"2022-10-19T10:11:30+00:00","breadcrumb":{"@id":"https:\/\/profumix.it\/en\/prodotto\/jean-patou-1000-eau-de-toilette-splash-30ml-rare-vintage-lotto-x004xle\/#breadcrumb"},"inLanguage":"en-US","potentialAction":[{"@type":"ReadAction","target":["https:\/\/profumix.it\/en\/prodotto\/jean-patou-1000-eau-de-toilette-splash-30ml-rare-vintage-lotto-x004xle\/"]}]},{"@type":"ImageObject","inLanguage":"en-US","@id":"https:\/\/profumix.it\/en\/prodotto\/jean-patou-1000-eau-de-toilette-splash-30ml-rare-vintage-lotto-x004xle\/#primaryimage","url":"https:\/\/profumix.it\/wp-content\/uploads\/2018\/01\/product_j_e_jean-patou_1000_30ml.jpg","contentUrl":"https:\/\/profumix.it\/wp-content\/uploads\/2018\/01\/product_j_e_jean-patou_1000_30ml.jpg","width":765,"height":765,"caption":"JEAN PATOU 1000 EAU DE TOILETTE SPLASH 30ML RARE\/VINTAGE LOTTO X004XLE"},{"@type":"BreadcrumbList","@id":"https:\/\/profumix.it\/en\/prodotto\/jean-patou-1000-eau-de-toilette-splash-30ml-rare-vintage-lotto-x004xle\/#breadcrumb","itemListElement":[{"@type":"ListItem","position":1,"name":"Home","item":"https:\/\/profumix.it\/en\/home\/"},{"@type":"ListItem","position":2,"name":"Shop","item":"https:\/\/profumix.it\/en\/shop\/"},{"@type":"ListItem","position":3,"name":"JEAN PATOU 1000 EAU DE TOILETTE SPLASH 30ML RARE\/VINTAGE LOTTO X004XLE"}]},{"@type":"WebSite","@id":"https:\/\/profumix.it\/en\/#website","url":"https:\/\/profumix.it\/en\/","name":"Profumix Perfumes","description":"","potentialAction":[{"@type":"SearchAction","target":{"@type":"EntryPoint","urlTemplate":"https:\/\/profumix.it\/en\/?s={search_term_string}"},"query-input":{"@type":"PropertyValueSpecification","valueRequired":true,"valueName":"search_term_string"}}],"inLanguage":"en-US"}]}},"_links":{"self":[{"href":"https:\/\/profumix.it\/en\/wp-json\/wp\/v2\/product\/80774","targetHints":{"allow":["GET"]}}],"collection":[{"href":"https:\/\/profumix.it\/en\/wp-json\/wp\/v2\/product"}],"about":[{"href":"https:\/\/profumix.it\/en\/wp-json\/wp\/v2\/types\/product"}],"replies":[{"embeddable":true,"href":"https:\/\/profumix.it\/en\/wp-json\/wp\/v2\/comments?post=80774"}],"wp:featuredmedia":[{"embeddable":true,"href":"https:\/\/profumix.it\/en\/wp-json\/wp\/v2\/media\/80773"}],"wp:attachment":[{"href":"https:\/\/profumix.it\/en\/wp-json\/wp\/v2\/media?parent=80774"}],"wp:term":[{"taxonomy":"product_brand","embeddable":true,"href":"https:\/\/profumix.it\/en\/wp-json\/wp\/v2\/product_brand?post=80774"},{"taxonomy":"product_cat","embeddable":true,"href":"https:\/\/profumix.it\/en\/wp-json\/wp\/v2\/product_cat?post=80774"},{"taxonomy":"product_tag","embeddable":true,"href":"https:\/\/profumix.it\/en\/wp-json\/wp\/v2\/product_tag?post=80774"}],"curies":[{"name":"wp","href":"https:\/\/api.w.org\/{rel}","templated":true}]}}