{"id":80836,"date":"2018-01-24T11:24:17","date_gmt":"2018-01-24T10:24:17","guid":{"rendered":"https:\/\/profumix.it\/prodotto\/caron-aimez-moi-100ml-spray-eau-de-toilette-ref-13-127-96-emb-27229\/"},"modified":"2022-10-19T12:11:37","modified_gmt":"2022-10-19T10:11:37","slug":"caron-aimez-moi-100ml-spray-eau-de-toilette-ref-13-127-96-emb-27229","status":"publish","type":"product","link":"https:\/\/profumix.it\/en\/prodotto\/caron-aimez-moi-100ml-spray-eau-de-toilette-ref-13-127-96-emb-27229\/","title":{"rendered":"CARON AIMEZ-MOI 100ML SPRAY EAU DE TOILETTE REF. 13.127.96 &#8211; EMB. 27229"},"content":{"rendered":"<p>Aimez &#8211; Moi Di Caron \u00c8 Una Fragranza Del Gruppo Orientale Floreale Da Donna. Aimez &#8211; Moi \u00c8 Stato Lanciato Sul Mercato Nel 1996. Il Naso Di Questa Fragranza \u00c8 Dominique Ropion. Le Note Di Testa Sono Cardamomo, Bergamotto, Anice Stellato, Violetta E Menta; Le Note Di Cuore Sono Iris, Gelsomino, Tintura Di Rosa, Magnolia E Pesca; Le Note Di Base Sono Note Legnose, Ambra, Muschio Animale, Sandalo E Vaniglia.<\/p>\n","protected":false},"excerpt":{"rendered":"<p>Aimez &#8211; Moi Di Caron \u00c8 Una Fragranza Del Gruppo Orientale Floreale Da Donna. Aimez &#8211; Moi \u00c8 Stato Lanciato Sul Mercato Nel 1996. Il Naso Di Questa Fragranza \u00c8 Dominique Ropion. Le Note Di Testa Sono Cardamomo, Bergamotto, Anice Stellato, Violetta E Menta; Le Note Di Cuore Sono Iris, Gelsomino, Tintura Di Rosa, Magnolia E Pesca; Le Note Di Base Sono Note Legnose, Ambra, Muschio Animale, Sandalo E Vaniglia.<\/p>\n","protected":false},"featured_media":80835,"comment_status":"open","ping_status":"closed","template":"","meta":{"_et_pb_use_builder":"","_et_pb_old_content":"","_et_gb_content_width":""},"product_brand":[],"product_cat":[7173,7109,7099,7098,7106],"product_tag":[],"class_list":{"0":"post-80836","1":"product","2":"type-product","3":"status-publish","4":"has-post-thumbnail","6":"product_cat-articoli-fuori-produzione-e-rarita","7":"product_cat-donna","8":"product_cat-offerte-da-non-perdere-default-category","9":"product_cat-default-category","10":"product_cat-profumi-default-category","11":"pa_categoria_desc-profumidonna","12":"pa_confezione_desc-34-confezioneoriginalecomedaf","13":"pa_formato_filtro-100ml","14":"pa_manufacturer-caronparis","15":"pa_spedizione_gratuita-si","16":"pa_tipo_filtro-sprayeaudetoilette","18":"first","19":"outofstock","20":"shipping-taxable","21":"purchasable","22":"product-type-simple"},"yoast_head":"<!-- This site is optimized with the Yoast SEO plugin v27.4 - https:\/\/yoast.com\/product\/yoast-seo-wordpress\/ -->\n<title>CARON AIMEZ-MOI 100ML SPRAY EAU DE TOILETTE REF. 13.127.96 - EMB. 27229<\/title>\n<meta name=\"robots\" content=\"index, follow, max-snippet:-1, max-image-preview:large, max-video-preview:-1\" \/>\n<link rel=\"canonical\" href=\"https:\/\/profumix.it\/en\/prodotto\/caron-aimez-moi-100ml-spray-eau-de-toilette-ref-13-127-96-emb-27229\/\" \/>\n<meta property=\"og:locale\" content=\"en_US\" \/>\n<meta property=\"og:type\" content=\"article\" \/>\n<meta property=\"og:title\" content=\"CARON AIMEZ-MOI 100ML SPRAY EAU DE TOILETTE REF. 13.127.96 - EMB. 27229\" \/>\n<meta property=\"og:description\" content=\"Aimez - Moi Di Caron \u00c8 Una Fragranza Del Gruppo Orientale Floreale Da Donna. Aimez - Moi \u00c8 Stato Lanciato Sul Mercato Nel 1996. Il Naso Di Questa Fragranza \u00c8 Dominique Ropion. Le Note Di Testa Sono Cardamomo, Bergamotto, Anice Stellato, Violetta E Menta; Le Note Di Cuore Sono Iris, Gelsomino, Tintura Di Rosa, Magnolia E Pesca; Le Note Di Base Sono Note Legnose, Ambra, Muschio Animale, Sandalo E Vaniglia.\" \/>\n<meta property=\"og:url\" content=\"https:\/\/profumix.it\/en\/prodotto\/caron-aimez-moi-100ml-spray-eau-de-toilette-ref-13-127-96-emb-27229\/\" \/>\n<meta property=\"og:site_name\" content=\"Profumix Perfumes\" \/>\n<meta property=\"article:publisher\" content=\"https:\/\/www.facebook.com\/profumix\" \/>\n<meta property=\"article:modified_time\" content=\"2022-10-19T10:11:37+00:00\" \/>\n<meta property=\"og:image\" content=\"https:\/\/profumix.it\/wp-content\/uploads\/2018\/01\/product_c_a_caron_aimez-moi_edt_spray.jpg\" \/>\n\t<meta property=\"og:image:width\" content=\"1500\" \/>\n\t<meta property=\"og:image:height\" content=\"1500\" \/>\n\t<meta property=\"og:image:type\" content=\"image\/jpeg\" \/>\n<meta name=\"twitter:card\" content=\"summary_large_image\" \/>\n<script type=\"application\/ld+json\" class=\"yoast-schema-graph\">{\"@context\":\"https:\\\/\\\/schema.org\",\"@graph\":[{\"@type\":\"WebPage\",\"@id\":\"https:\\\/\\\/profumix.it\\\/en\\\/prodotto\\\/caron-aimez-moi-100ml-spray-eau-de-toilette-ref-13-127-96-emb-27229\\\/\",\"url\":\"https:\\\/\\\/profumix.it\\\/en\\\/prodotto\\\/caron-aimez-moi-100ml-spray-eau-de-toilette-ref-13-127-96-emb-27229\\\/\",\"name\":\"CARON AIMEZ-MOI 100ML SPRAY EAU DE TOILETTE REF. 13.127.96 - EMB. 27229\",\"isPartOf\":{\"@id\":\"https:\\\/\\\/profumix.it\\\/en\\\/#website\"},\"primaryImageOfPage\":{\"@id\":\"https:\\\/\\\/profumix.it\\\/en\\\/prodotto\\\/caron-aimez-moi-100ml-spray-eau-de-toilette-ref-13-127-96-emb-27229\\\/#primaryimage\"},\"image\":{\"@id\":\"https:\\\/\\\/profumix.it\\\/en\\\/prodotto\\\/caron-aimez-moi-100ml-spray-eau-de-toilette-ref-13-127-96-emb-27229\\\/#primaryimage\"},\"thumbnailUrl\":\"https:\\\/\\\/profumix.it\\\/wp-content\\\/uploads\\\/2018\\\/01\\\/product_c_a_caron_aimez-moi_edt_spray.jpg\",\"datePublished\":\"2018-01-24T10:24:17+00:00\",\"dateModified\":\"2022-10-19T10:11:37+00:00\",\"breadcrumb\":{\"@id\":\"https:\\\/\\\/profumix.it\\\/en\\\/prodotto\\\/caron-aimez-moi-100ml-spray-eau-de-toilette-ref-13-127-96-emb-27229\\\/#breadcrumb\"},\"inLanguage\":\"en-US\",\"potentialAction\":[{\"@type\":\"ReadAction\",\"target\":[\"https:\\\/\\\/profumix.it\\\/en\\\/prodotto\\\/caron-aimez-moi-100ml-spray-eau-de-toilette-ref-13-127-96-emb-27229\\\/\"]}]},{\"@type\":\"ImageObject\",\"inLanguage\":\"en-US\",\"@id\":\"https:\\\/\\\/profumix.it\\\/en\\\/prodotto\\\/caron-aimez-moi-100ml-spray-eau-de-toilette-ref-13-127-96-emb-27229\\\/#primaryimage\",\"url\":\"https:\\\/\\\/profumix.it\\\/wp-content\\\/uploads\\\/2018\\\/01\\\/product_c_a_caron_aimez-moi_edt_spray.jpg\",\"contentUrl\":\"https:\\\/\\\/profumix.it\\\/wp-content\\\/uploads\\\/2018\\\/01\\\/product_c_a_caron_aimez-moi_edt_spray.jpg\",\"width\":1500,\"height\":1500,\"caption\":\"CARON AIMEZ-MOI 100ML SPRAY EAU DE TOILETTE REF. 13.127.96 - EMB. 27229\"},{\"@type\":\"BreadcrumbList\",\"@id\":\"https:\\\/\\\/profumix.it\\\/en\\\/prodotto\\\/caron-aimez-moi-100ml-spray-eau-de-toilette-ref-13-127-96-emb-27229\\\/#breadcrumb\",\"itemListElement\":[{\"@type\":\"ListItem\",\"position\":1,\"name\":\"Home\",\"item\":\"https:\\\/\\\/profumix.it\\\/en\\\/home\\\/\"},{\"@type\":\"ListItem\",\"position\":2,\"name\":\"Shop\",\"item\":\"https:\\\/\\\/profumix.it\\\/en\\\/shop\\\/\"},{\"@type\":\"ListItem\",\"position\":3,\"name\":\"CARON AIMEZ-MOI 100ML SPRAY EAU DE TOILETTE REF. 13.127.96 &#8211; EMB. 27229\"}]},{\"@type\":\"WebSite\",\"@id\":\"https:\\\/\\\/profumix.it\\\/en\\\/#website\",\"url\":\"https:\\\/\\\/profumix.it\\\/en\\\/\",\"name\":\"Profumix Perfumes\",\"description\":\"\",\"potentialAction\":[{\"@type\":\"SearchAction\",\"target\":{\"@type\":\"EntryPoint\",\"urlTemplate\":\"https:\\\/\\\/profumix.it\\\/en\\\/?s={search_term_string}\"},\"query-input\":{\"@type\":\"PropertyValueSpecification\",\"valueRequired\":true,\"valueName\":\"search_term_string\"}}],\"inLanguage\":\"en-US\"}]}<\/script>\n<!-- \/ Yoast SEO plugin. -->","yoast_head_json":{"title":"CARON AIMEZ-MOI 100ML SPRAY EAU DE TOILETTE REF. 13.127.96 - EMB. 27229","robots":{"index":"index","follow":"follow","max-snippet":"max-snippet:-1","max-image-preview":"max-image-preview:large","max-video-preview":"max-video-preview:-1"},"canonical":"https:\/\/profumix.it\/en\/prodotto\/caron-aimez-moi-100ml-spray-eau-de-toilette-ref-13-127-96-emb-27229\/","og_locale":"en_US","og_type":"article","og_title":"CARON AIMEZ-MOI 100ML SPRAY EAU DE TOILETTE REF. 13.127.96 - EMB. 27229","og_description":"Aimez - Moi Di Caron \u00c8 Una Fragranza Del Gruppo Orientale Floreale Da Donna. Aimez - Moi \u00c8 Stato Lanciato Sul Mercato Nel 1996. Il Naso Di Questa Fragranza \u00c8 Dominique Ropion. Le Note Di Testa Sono Cardamomo, Bergamotto, Anice Stellato, Violetta E Menta; Le Note Di Cuore Sono Iris, Gelsomino, Tintura Di Rosa, Magnolia E Pesca; Le Note Di Base Sono Note Legnose, Ambra, Muschio Animale, Sandalo E Vaniglia.","og_url":"https:\/\/profumix.it\/en\/prodotto\/caron-aimez-moi-100ml-spray-eau-de-toilette-ref-13-127-96-emb-27229\/","og_site_name":"Profumix Perfumes","article_publisher":"https:\/\/www.facebook.com\/profumix","article_modified_time":"2022-10-19T10:11:37+00:00","og_image":[{"width":1500,"height":1500,"url":"https:\/\/profumix.it\/wp-content\/uploads\/2018\/01\/product_c_a_caron_aimez-moi_edt_spray.jpg","type":"image\/jpeg"}],"twitter_card":"summary_large_image","schema":{"@context":"https:\/\/schema.org","@graph":[{"@type":"WebPage","@id":"https:\/\/profumix.it\/en\/prodotto\/caron-aimez-moi-100ml-spray-eau-de-toilette-ref-13-127-96-emb-27229\/","url":"https:\/\/profumix.it\/en\/prodotto\/caron-aimez-moi-100ml-spray-eau-de-toilette-ref-13-127-96-emb-27229\/","name":"CARON AIMEZ-MOI 100ML SPRAY EAU DE TOILETTE REF. 13.127.96 - EMB. 27229","isPartOf":{"@id":"https:\/\/profumix.it\/en\/#website"},"primaryImageOfPage":{"@id":"https:\/\/profumix.it\/en\/prodotto\/caron-aimez-moi-100ml-spray-eau-de-toilette-ref-13-127-96-emb-27229\/#primaryimage"},"image":{"@id":"https:\/\/profumix.it\/en\/prodotto\/caron-aimez-moi-100ml-spray-eau-de-toilette-ref-13-127-96-emb-27229\/#primaryimage"},"thumbnailUrl":"https:\/\/profumix.it\/wp-content\/uploads\/2018\/01\/product_c_a_caron_aimez-moi_edt_spray.jpg","datePublished":"2018-01-24T10:24:17+00:00","dateModified":"2022-10-19T10:11:37+00:00","breadcrumb":{"@id":"https:\/\/profumix.it\/en\/prodotto\/caron-aimez-moi-100ml-spray-eau-de-toilette-ref-13-127-96-emb-27229\/#breadcrumb"},"inLanguage":"en-US","potentialAction":[{"@type":"ReadAction","target":["https:\/\/profumix.it\/en\/prodotto\/caron-aimez-moi-100ml-spray-eau-de-toilette-ref-13-127-96-emb-27229\/"]}]},{"@type":"ImageObject","inLanguage":"en-US","@id":"https:\/\/profumix.it\/en\/prodotto\/caron-aimez-moi-100ml-spray-eau-de-toilette-ref-13-127-96-emb-27229\/#primaryimage","url":"https:\/\/profumix.it\/wp-content\/uploads\/2018\/01\/product_c_a_caron_aimez-moi_edt_spray.jpg","contentUrl":"https:\/\/profumix.it\/wp-content\/uploads\/2018\/01\/product_c_a_caron_aimez-moi_edt_spray.jpg","width":1500,"height":1500,"caption":"CARON AIMEZ-MOI 100ML SPRAY EAU DE TOILETTE REF. 13.127.96 - EMB. 27229"},{"@type":"BreadcrumbList","@id":"https:\/\/profumix.it\/en\/prodotto\/caron-aimez-moi-100ml-spray-eau-de-toilette-ref-13-127-96-emb-27229\/#breadcrumb","itemListElement":[{"@type":"ListItem","position":1,"name":"Home","item":"https:\/\/profumix.it\/en\/home\/"},{"@type":"ListItem","position":2,"name":"Shop","item":"https:\/\/profumix.it\/en\/shop\/"},{"@type":"ListItem","position":3,"name":"CARON AIMEZ-MOI 100ML SPRAY EAU DE TOILETTE REF. 13.127.96 &#8211; EMB. 27229"}]},{"@type":"WebSite","@id":"https:\/\/profumix.it\/en\/#website","url":"https:\/\/profumix.it\/en\/","name":"Profumix Perfumes","description":"","potentialAction":[{"@type":"SearchAction","target":{"@type":"EntryPoint","urlTemplate":"https:\/\/profumix.it\/en\/?s={search_term_string}"},"query-input":{"@type":"PropertyValueSpecification","valueRequired":true,"valueName":"search_term_string"}}],"inLanguage":"en-US"}]}},"_links":{"self":[{"href":"https:\/\/profumix.it\/en\/wp-json\/wp\/v2\/product\/80836","targetHints":{"allow":["GET"]}}],"collection":[{"href":"https:\/\/profumix.it\/en\/wp-json\/wp\/v2\/product"}],"about":[{"href":"https:\/\/profumix.it\/en\/wp-json\/wp\/v2\/types\/product"}],"replies":[{"embeddable":true,"href":"https:\/\/profumix.it\/en\/wp-json\/wp\/v2\/comments?post=80836"}],"wp:featuredmedia":[{"embeddable":true,"href":"https:\/\/profumix.it\/en\/wp-json\/wp\/v2\/media\/80835"}],"wp:attachment":[{"href":"https:\/\/profumix.it\/en\/wp-json\/wp\/v2\/media?parent=80836"}],"wp:term":[{"taxonomy":"product_brand","embeddable":true,"href":"https:\/\/profumix.it\/en\/wp-json\/wp\/v2\/product_brand?post=80836"},{"taxonomy":"product_cat","embeddable":true,"href":"https:\/\/profumix.it\/en\/wp-json\/wp\/v2\/product_cat?post=80836"},{"taxonomy":"product_tag","embeddable":true,"href":"https:\/\/profumix.it\/en\/wp-json\/wp\/v2\/product_tag?post=80836"}],"curies":[{"name":"wp","href":"https:\/\/api.w.org\/{rel}","templated":true}]}}