{"id":81000,"date":"2018-02-21T09:41:12","date_gmt":"2018-02-21T08:41:12","guid":{"rendered":"https:\/\/profumix.it\/prodotto\/paolo-pecora-edition-1-milano-magenta-eau-de-parfum-spray-50ml\/"},"modified":"2022-10-19T12:11:58","modified_gmt":"2022-10-19T10:11:58","slug":"paolo-pecora-edition-1-milano-magenta-eau-de-parfum-spray-50ml","status":"publish","type":"product","link":"https:\/\/profumix.it\/en\/prodotto\/paolo-pecora-edition-1-milano-magenta-eau-de-parfum-spray-50ml\/","title":{"rendered":"PAOLO PECORA EDITION:1 MILANO MAGENTA EAU DE PARFUM SPRAY 50ML"},"content":{"rendered":"<p>Magenta di Paolo Pecora Milano \u00e8 una fragranza del gruppo Legnoso da uomo. Magenta \u00e8 stato lanciato sul mercato nel 2014.<br \/>\nIl Naso di questa fragranza \u00e8 Jean Jacques. <\/p>\n<p>Le note di testa sono Cardamomo, Agrumi e Pepe Rosa;<br \/>\nLe note di cuore sono Patchouli, Legno di Agar (Oud), Vetiver e Salvia;<br \/>\nLe note di base sono Opoponax e Fava Tonka.<\/p>\n","protected":false},"excerpt":{"rendered":"<p>Magenta di Paolo Pecora Milano \u00e8 una fragranza del gruppo Legnoso da uomo. Magenta \u00e8 stato lanciato sul mercato nel 2014.<br \/>\nIl Naso di questa fragranza \u00e8 Jean Jacques. <\/p>\n<p>Le note di testa sono Cardamomo, Agrumi e Pepe Rosa;<br \/>\nLe note di cuore sono Patchouli, Legno di Agar (Oud), Vetiver e Salvia;<br \/>\nLe note di base sono Opoponax e Fava Tonka.<\/p>\n","protected":false},"featured_media":80999,"comment_status":"open","ping_status":"closed","template":"","meta":{"_et_pb_use_builder":"","_et_pb_old_content":"","_et_gb_content_width":""},"product_brand":[],"product_cat":[7100,7098,7106,7107],"product_tag":[],"class_list":{"0":"post-81000","1":"product","2":"type-product","3":"status-publish","4":"has-post-thumbnail","6":"product_cat-in-vetrina","7":"product_cat-default-category","8":"product_cat-profumi-default-category","9":"product_cat-uomo-profumi-default-category","10":"pa_categoria_desc-profumiuomo","11":"pa_formato_filtro-50ml","12":"pa_manufacturer-paolopecora","13":"pa_spedizione_gratuita-no","14":"pa_tipo_filtro-eaudeparfum","16":"first","17":"outofstock","18":"shipping-taxable","19":"purchasable","20":"product-type-simple"},"yoast_head":"<!-- This site is optimized with the Yoast SEO plugin v27.4 - https:\/\/yoast.com\/product\/yoast-seo-wordpress\/ -->\n<title>PAOLO PECORA EDITION:1 MILANO MAGENTA EAU DE PARFUM SPRAY 50ML<\/title>\n<meta name=\"robots\" content=\"index, follow, max-snippet:-1, max-image-preview:large, max-video-preview:-1\" \/>\n<link rel=\"canonical\" href=\"https:\/\/profumix.it\/en\/prodotto\/paolo-pecora-edition-1-milano-magenta-eau-de-parfum-spray-50ml\/\" \/>\n<meta property=\"og:locale\" content=\"en_US\" \/>\n<meta property=\"og:type\" content=\"article\" \/>\n<meta property=\"og:title\" content=\"PAOLO PECORA EDITION:1 MILANO MAGENTA EAU DE PARFUM SPRAY 50ML\" \/>\n<meta property=\"og:description\" content=\"Magenta di Paolo Pecora Milano \u00e8 una fragranza del gruppo Legnoso da uomo. Magenta \u00e8 stato lanciato sul mercato nel 2014.  Il Naso di questa fragranza \u00e8 Jean Jacques.   Le note di testa sono Cardamomo, Agrumi e Pepe Rosa;  Le note di cuore sono Patchouli, Legno di Agar (Oud), Vetiver e Salvia;  Le note di base sono Opoponax e Fava Tonka.\" \/>\n<meta property=\"og:url\" content=\"https:\/\/profumix.it\/en\/prodotto\/paolo-pecora-edition-1-milano-magenta-eau-de-parfum-spray-50ml\/\" \/>\n<meta property=\"og:site_name\" content=\"Profumix Perfumes\" \/>\n<meta property=\"article:publisher\" content=\"https:\/\/www.facebook.com\/profumix\" \/>\n<meta property=\"article:modified_time\" content=\"2022-10-19T10:11:58+00:00\" \/>\n<meta property=\"og:image\" content=\"https:\/\/profumix.it\/wp-content\/uploads\/2018\/02\/product_m_a_magenta_edp_50ml_bottiglia.jpg\" \/>\n\t<meta property=\"og:image:width\" content=\"1000\" \/>\n\t<meta property=\"og:image:height\" content=\"1000\" \/>\n\t<meta property=\"og:image:type\" content=\"image\/jpeg\" \/>\n<meta name=\"twitter:card\" content=\"summary_large_image\" \/>\n<script type=\"application\/ld+json\" class=\"yoast-schema-graph\">{\"@context\":\"https:\\\/\\\/schema.org\",\"@graph\":[{\"@type\":\"WebPage\",\"@id\":\"https:\\\/\\\/profumix.it\\\/en\\\/prodotto\\\/paolo-pecora-edition-1-milano-magenta-eau-de-parfum-spray-50ml\\\/\",\"url\":\"https:\\\/\\\/profumix.it\\\/en\\\/prodotto\\\/paolo-pecora-edition-1-milano-magenta-eau-de-parfum-spray-50ml\\\/\",\"name\":\"PAOLO PECORA EDITION:1 MILANO MAGENTA EAU DE PARFUM SPRAY 50ML\",\"isPartOf\":{\"@id\":\"https:\\\/\\\/profumix.it\\\/en\\\/#website\"},\"primaryImageOfPage\":{\"@id\":\"https:\\\/\\\/profumix.it\\\/en\\\/prodotto\\\/paolo-pecora-edition-1-milano-magenta-eau-de-parfum-spray-50ml\\\/#primaryimage\"},\"image\":{\"@id\":\"https:\\\/\\\/profumix.it\\\/en\\\/prodotto\\\/paolo-pecora-edition-1-milano-magenta-eau-de-parfum-spray-50ml\\\/#primaryimage\"},\"thumbnailUrl\":\"https:\\\/\\\/profumix.it\\\/wp-content\\\/uploads\\\/2018\\\/02\\\/product_m_a_magenta_edp_50ml_bottiglia.jpg\",\"datePublished\":\"2018-02-21T08:41:12+00:00\",\"dateModified\":\"2022-10-19T10:11:58+00:00\",\"breadcrumb\":{\"@id\":\"https:\\\/\\\/profumix.it\\\/en\\\/prodotto\\\/paolo-pecora-edition-1-milano-magenta-eau-de-parfum-spray-50ml\\\/#breadcrumb\"},\"inLanguage\":\"en-US\",\"potentialAction\":[{\"@type\":\"ReadAction\",\"target\":[\"https:\\\/\\\/profumix.it\\\/en\\\/prodotto\\\/paolo-pecora-edition-1-milano-magenta-eau-de-parfum-spray-50ml\\\/\"]}]},{\"@type\":\"ImageObject\",\"inLanguage\":\"en-US\",\"@id\":\"https:\\\/\\\/profumix.it\\\/en\\\/prodotto\\\/paolo-pecora-edition-1-milano-magenta-eau-de-parfum-spray-50ml\\\/#primaryimage\",\"url\":\"https:\\\/\\\/profumix.it\\\/wp-content\\\/uploads\\\/2018\\\/02\\\/product_m_a_magenta_edp_50ml_bottiglia.jpg\",\"contentUrl\":\"https:\\\/\\\/profumix.it\\\/wp-content\\\/uploads\\\/2018\\\/02\\\/product_m_a_magenta_edp_50ml_bottiglia.jpg\",\"width\":1000,\"height\":1000,\"caption\":\"PAOLO PECORA EDITION:1 MILANO MAGENTA EAU DE PARFUM SPRAY 50ML\"},{\"@type\":\"BreadcrumbList\",\"@id\":\"https:\\\/\\\/profumix.it\\\/en\\\/prodotto\\\/paolo-pecora-edition-1-milano-magenta-eau-de-parfum-spray-50ml\\\/#breadcrumb\",\"itemListElement\":[{\"@type\":\"ListItem\",\"position\":1,\"name\":\"Home\",\"item\":\"https:\\\/\\\/profumix.it\\\/en\\\/home\\\/\"},{\"@type\":\"ListItem\",\"position\":2,\"name\":\"Shop\",\"item\":\"https:\\\/\\\/profumix.it\\\/en\\\/shop\\\/\"},{\"@type\":\"ListItem\",\"position\":3,\"name\":\"PAOLO PECORA EDITION:1 MILANO MAGENTA EAU DE PARFUM SPRAY 50ML\"}]},{\"@type\":\"WebSite\",\"@id\":\"https:\\\/\\\/profumix.it\\\/en\\\/#website\",\"url\":\"https:\\\/\\\/profumix.it\\\/en\\\/\",\"name\":\"Profumix Perfumes\",\"description\":\"\",\"potentialAction\":[{\"@type\":\"SearchAction\",\"target\":{\"@type\":\"EntryPoint\",\"urlTemplate\":\"https:\\\/\\\/profumix.it\\\/en\\\/?s={search_term_string}\"},\"query-input\":{\"@type\":\"PropertyValueSpecification\",\"valueRequired\":true,\"valueName\":\"search_term_string\"}}],\"inLanguage\":\"en-US\"}]}<\/script>\n<!-- \/ Yoast SEO plugin. -->","yoast_head_json":{"title":"PAOLO PECORA EDITION:1 MILANO MAGENTA EAU DE PARFUM SPRAY 50ML","robots":{"index":"index","follow":"follow","max-snippet":"max-snippet:-1","max-image-preview":"max-image-preview:large","max-video-preview":"max-video-preview:-1"},"canonical":"https:\/\/profumix.it\/en\/prodotto\/paolo-pecora-edition-1-milano-magenta-eau-de-parfum-spray-50ml\/","og_locale":"en_US","og_type":"article","og_title":"PAOLO PECORA EDITION:1 MILANO MAGENTA EAU DE PARFUM SPRAY 50ML","og_description":"Magenta di Paolo Pecora Milano \u00e8 una fragranza del gruppo Legnoso da uomo. Magenta \u00e8 stato lanciato sul mercato nel 2014.  Il Naso di questa fragranza \u00e8 Jean Jacques.   Le note di testa sono Cardamomo, Agrumi e Pepe Rosa;  Le note di cuore sono Patchouli, Legno di Agar (Oud), Vetiver e Salvia;  Le note di base sono Opoponax e Fava Tonka.","og_url":"https:\/\/profumix.it\/en\/prodotto\/paolo-pecora-edition-1-milano-magenta-eau-de-parfum-spray-50ml\/","og_site_name":"Profumix Perfumes","article_publisher":"https:\/\/www.facebook.com\/profumix","article_modified_time":"2022-10-19T10:11:58+00:00","og_image":[{"width":1000,"height":1000,"url":"https:\/\/profumix.it\/wp-content\/uploads\/2018\/02\/product_m_a_magenta_edp_50ml_bottiglia.jpg","type":"image\/jpeg"}],"twitter_card":"summary_large_image","schema":{"@context":"https:\/\/schema.org","@graph":[{"@type":"WebPage","@id":"https:\/\/profumix.it\/en\/prodotto\/paolo-pecora-edition-1-milano-magenta-eau-de-parfum-spray-50ml\/","url":"https:\/\/profumix.it\/en\/prodotto\/paolo-pecora-edition-1-milano-magenta-eau-de-parfum-spray-50ml\/","name":"PAOLO PECORA EDITION:1 MILANO MAGENTA EAU DE PARFUM SPRAY 50ML","isPartOf":{"@id":"https:\/\/profumix.it\/en\/#website"},"primaryImageOfPage":{"@id":"https:\/\/profumix.it\/en\/prodotto\/paolo-pecora-edition-1-milano-magenta-eau-de-parfum-spray-50ml\/#primaryimage"},"image":{"@id":"https:\/\/profumix.it\/en\/prodotto\/paolo-pecora-edition-1-milano-magenta-eau-de-parfum-spray-50ml\/#primaryimage"},"thumbnailUrl":"https:\/\/profumix.it\/wp-content\/uploads\/2018\/02\/product_m_a_magenta_edp_50ml_bottiglia.jpg","datePublished":"2018-02-21T08:41:12+00:00","dateModified":"2022-10-19T10:11:58+00:00","breadcrumb":{"@id":"https:\/\/profumix.it\/en\/prodotto\/paolo-pecora-edition-1-milano-magenta-eau-de-parfum-spray-50ml\/#breadcrumb"},"inLanguage":"en-US","potentialAction":[{"@type":"ReadAction","target":["https:\/\/profumix.it\/en\/prodotto\/paolo-pecora-edition-1-milano-magenta-eau-de-parfum-spray-50ml\/"]}]},{"@type":"ImageObject","inLanguage":"en-US","@id":"https:\/\/profumix.it\/en\/prodotto\/paolo-pecora-edition-1-milano-magenta-eau-de-parfum-spray-50ml\/#primaryimage","url":"https:\/\/profumix.it\/wp-content\/uploads\/2018\/02\/product_m_a_magenta_edp_50ml_bottiglia.jpg","contentUrl":"https:\/\/profumix.it\/wp-content\/uploads\/2018\/02\/product_m_a_magenta_edp_50ml_bottiglia.jpg","width":1000,"height":1000,"caption":"PAOLO PECORA EDITION:1 MILANO MAGENTA EAU DE PARFUM SPRAY 50ML"},{"@type":"BreadcrumbList","@id":"https:\/\/profumix.it\/en\/prodotto\/paolo-pecora-edition-1-milano-magenta-eau-de-parfum-spray-50ml\/#breadcrumb","itemListElement":[{"@type":"ListItem","position":1,"name":"Home","item":"https:\/\/profumix.it\/en\/home\/"},{"@type":"ListItem","position":2,"name":"Shop","item":"https:\/\/profumix.it\/en\/shop\/"},{"@type":"ListItem","position":3,"name":"PAOLO PECORA EDITION:1 MILANO MAGENTA EAU DE PARFUM SPRAY 50ML"}]},{"@type":"WebSite","@id":"https:\/\/profumix.it\/en\/#website","url":"https:\/\/profumix.it\/en\/","name":"Profumix Perfumes","description":"","potentialAction":[{"@type":"SearchAction","target":{"@type":"EntryPoint","urlTemplate":"https:\/\/profumix.it\/en\/?s={search_term_string}"},"query-input":{"@type":"PropertyValueSpecification","valueRequired":true,"valueName":"search_term_string"}}],"inLanguage":"en-US"}]}},"_links":{"self":[{"href":"https:\/\/profumix.it\/en\/wp-json\/wp\/v2\/product\/81000","targetHints":{"allow":["GET"]}}],"collection":[{"href":"https:\/\/profumix.it\/en\/wp-json\/wp\/v2\/product"}],"about":[{"href":"https:\/\/profumix.it\/en\/wp-json\/wp\/v2\/types\/product"}],"replies":[{"embeddable":true,"href":"https:\/\/profumix.it\/en\/wp-json\/wp\/v2\/comments?post=81000"}],"wp:featuredmedia":[{"embeddable":true,"href":"https:\/\/profumix.it\/en\/wp-json\/wp\/v2\/media\/80999"}],"wp:attachment":[{"href":"https:\/\/profumix.it\/en\/wp-json\/wp\/v2\/media?parent=81000"}],"wp:term":[{"taxonomy":"product_brand","embeddable":true,"href":"https:\/\/profumix.it\/en\/wp-json\/wp\/v2\/product_brand?post=81000"},{"taxonomy":"product_cat","embeddable":true,"href":"https:\/\/profumix.it\/en\/wp-json\/wp\/v2\/product_cat?post=81000"},{"taxonomy":"product_tag","embeddable":true,"href":"https:\/\/profumix.it\/en\/wp-json\/wp\/v2\/product_tag?post=81000"}],"curies":[{"name":"wp","href":"https:\/\/api.w.org\/{rel}","templated":true}]}}