{"id":81170,"date":"2018-04-06T13:56:28","date_gmt":"2018-04-06T11:56:28","guid":{"rendered":"https:\/\/profumix.it\/prodotto\/lanvin-avant-garde-30-ml-spray-eau-de-toilette-discontinued\/"},"modified":"2018-04-06T13:56:28","modified_gmt":"2018-04-06T11:56:28","slug":"lanvin-avant-garde-30-ml-spray-eau-de-toilette-discontinued","status":"publish","type":"product","link":"https:\/\/profumix.it\/en\/prodotto\/lanvin-avant-garde-30-ml-spray-eau-de-toilette-discontinued\/","title":{"rendered":"LANVIN AVANT GARDE 30ML SPRAY EAU DE TOILETTE DISCONTINUED"},"content":{"rendered":"<p>PROFUMARSI \u201cAVANT GARDE\u201d, SIGNIFICA FAR PARTE DI UN SOGNO, CHE PARTE DA UNO STILE OLFATTIVO UNICO. ELEGANTE E SOFISTICATO, FINE E RAFFINATO, SENSUALE ED AUDACE, QUESTA FIRMA DECISA, IMMEDIATAMENTE RICONOSCIBILE, \u00c8 L\u2019INCARNAZIONE CONTEMPORANEA DELLO STILE MASCHILE FRANCESE.<br \/>\nL\u2019UOMO AVANT GARDE \u00c8 IL \u201cDANDY\u201d DEI TEMPI MODERNI. DISINVOLTO, VIRILE, ELEGANTE. UN UOMO SICURO DI S\u00c9 SENZA ESSERE ARROGANTE. IL SUO GUSTO DECISO PER GLI ABITI DI CLASSE E PER I MATERIALI PREGIATI EVIDENZIA LA SUA ESSENZA MASCOLINA MA ANCHE LA PARTE SENSIBILE E SENSUALE. \u00c8 UN UOMO INDIPENDENTE, DALLE MOLTEPLICI SFACCETTATURE. TUTTA L\u2019ATTITUDINE DI QUEST\u2019UOMO VIENE EVOCATA CON RAFFINATEZZA IN UN PROFUMO CONTEMPORANEO E DECISAMENTE MODERNO.<br \/>\nUN FLACONE ELEGANTE DAL DESIGN SEMPLICE MA ALLO STESSO TEMPO MODERNO, LUSSUOSO E SOFISTICATO. RIFLETTE L\u2019ANIMA PERFEZIONISTA DELLA MODA LANVIN UOMO. FORMA ERGONOMICA E CURVE RAFFINATE. ORIGINALIT\u00c0 NEL DETTAGLIO E NELLA TECNOLOGIA. IL CORPO DEL FLACONE \u00c8 RIVESTITO DI UN NERO OPACO ED ATTRAVERSATO DA UNA BANDA GRIGIO VERDE METALLIZZATA, RITAGLIATA SUL FLACONE A BORDO VIVO.<br \/>\nLA COMBINAZIONE DI COLORI E MATERIALI PREGIATI EVIDENZIA L\u2019ABILIT\u00c0 UNICA DELLA MAISON. COME LO DEFINISCE LO STILISTA PR\u00caT-\u00c0-PORTER LUCAS OSSENDRIJVER: \u201cL\u2019UOMO LANVIN AMA I TESSUTI ESCLUSIVI DAI RIFLESSI DELICATI, I BLU INTENSI, I NERI SFUMATI, I VERDI SCURI, L\u2019INSIEME DEI GRIGI\u2026 TUTTO \u00c8 RACCHIUSO NELLA SFUMATURA, LA TAVOLOZZA DEI TONI, L\u2019EMOZIONE\u201c. SUL TAPPO IN ALLUMINIO, IL LOGO LANVIN \u00c8 SOBRIAMENTE SERIGRAFATO IN NERO. CONTEMPORANEO E CHIARO, \u00c8 DECISAMENTE UN FLACONE \u201c AVAN-GUARDISTA\u201d.<br \/>\nUNA FRAGRANZA DALL\u2019ORIGINALIT\u00c0 SORPRENDENTE, UN\u2019ESSENZA ORIENTALE SPEZIATA CHE HA L\u2019ENERGIA PURA DEL DESIDERIO. L\u2019ELEGANZA MASCHILE LANVIN SI AFFERMA GRAZIE AD UN PROFUMO DOLCE, SENSUALE E CALDO, UN PROFUMO DALLA VOLUTT\u00c0 CONTROLLATA E DALL\u2019AUDACIA DOMINATA. TAGLIATO SU MISURA PER UN UOMO DALLA VIRILIT\u00c0 ISTINTIVA MA DALLO STILE DELICATO. AVANT GARD DI LANVIN HA LA CLASSE MODERNA ED IMMATERIALE DEL DANDY.<br \/>\nIMMAGINATO DA SHYAMALA MAISONDIEU, ESPRIME CON PRECISIONE I CODICI DELLA MODA MASCHILE LANVIN: \u201cHO VOLUTO INTERPRETARE OLFATTIVAMENTE L\u2019ELEGANZA DEL BRAND LANVIN GRAZIE AD UNA SCRITTURA EPURATA, MASCHILE ED UNICA. I PROFUMI BOIS\u00c9 MI AFFASCINANO. LI TROVO ELEGANTI E CONFORTEVOLI. LA LORO NOTA CALDA E SENSUALE MI ATTIRA TALMENTE TANTO CHE ISPIRANO TUTTO IL MIO LAVORO. L\u2019UNIVERSO CHE HO CREATO PER AVANT GARD UNISCE DELLE MATERIE PRIME NOBILI COME IL VETIVER ED IL BENZOINO CON ALTRE, INATTESE, COME LA CERA D\u2019API ASSOLUTA E IL TABACCO. LE SPEZIE? HO SEMPRE AMATO LAVORARE CON ESSE POICH\u00c9 BISOGNA SAPERLE DOSARE CON PRECAUZIONE PER TROVARE LA FRESCHEZZA PI\u00d9 ADATTA, PI\u00d9 DECISA MA AL TEMPO STESSO PICCANTE ED INCISIVA. HO GIOCATO ANCHE CON UNA NOTA INNOVATIVA, UNICA E POTENTE, IL GEORGYWOOD. QUESTA MATERIA PRIMA GENERATA DALLA TECNOLOGIA PI\u00d9 RECENTE, SI UNISCE PERFETTAMENTE ALL\u2019ARCHITETTURA VIRILE DEL PROFUMO, GRAZIE ALLE SUE SFACCETTATURE BOSCOSE AMBRATE\u201d.<br \/>\nL\u2019ESORDIO FRESCO DEL BERGAMOTTO ITALIANO DIVENTA MISTERIOSO PER LA PRESENZA DI PEPE NERO, BACCHE DI ROSA ED ESSENZA DI GINEPRO. L\u2019ANIMA VERDE E LEGNOSA DELLA LAVANDA, IMPREZIOSITA DA SPEZIE FRESCHE COME NOCE MOSCATA E CARDAMOMO E DA UN TOCCO DI MIELE, AFFERMA IL CARATTERE MASCHILE DELLA FRAGRANZA. L\u2019INTENSIT\u00c0 DEL VETIVER SI COMBINA CON LE NOTE CALDE ED AVVOLGENTI DEL BENZOINO, CON L\u2019ACCORDO DI TABACCO E CON IL GEORGYWOOD, CAPACE DI DONARE UN\u2019ANIMA CASUAL E VITALE ALLA FRAGRANZA .<br \/>\nUNA FRAGRANZA CHE OSA E CHE AL TEMPO STESSO LASCIA SULLA PELLE UNA NOTA INTENSA ED ELEGANTE, PIENA E STRUTTURATA. IMPOSSIBILE RINUNCIARE A QUESTA ESSENZA.<\/p>\n","protected":false},"excerpt":{"rendered":"<p>PROFUMARSI \u201cAVANT GARDE\u201d, SIGNIFICA FAR PARTE DI UN SOGNO, CHE PARTE DA UNO STILE OLFATTIVO UNICO. ELEGANTE E SOFISTICATO, FINE E RAFFINATO, SENSUALE ED AUDACE, QUESTA FIRMA DECISA, IMMEDIATAMENTE RICONOSCIBILE, \u00c8 L\u2019INCARNAZIONE CONTEMPORANEA DELLO STILE MASCHILE FRANCESE.<br \/>\nL\u2019UOMO AVANT GARDE \u00c8 IL \u201cDANDY\u201d DEI TEMPI MODERNI. DISINVOLTO, VIRILE, ELEGANTE. UN UOMO SICURO DI S\u00c9 SENZA ESSERE ARROGANTE. IL SUO GUSTO DECISO PER GLI ABITI DI CLASSE E PER I MATERIALI PREGIATI EVIDENZIA LA SUA ESSENZA MASCOLINA MA ANCHE LA PARTE SENSIBILE E SENSUALE. \u00c8 UN UOMO INDIPENDENTE, DALLE MOLTEPLICI SFACCETTATURE. TUTTA L\u2019ATTITUDINE DI QUEST\u2019UOMO VIENE EVOCATA CON RAFFINATEZZA IN UN PROFUMO CONTEMPORANEO E DECISAMENTE MODERNO.<br \/>\nUN FLACONE ELEGANTE DAL DESIGN SEMPLICE MA ALLO STESSO TEMPO MODERNO, LUSSUOSO E SOFISTICATO. RIFLETTE L\u2019ANIMA PERFEZIONISTA DELLA MODA LANVIN UOMO. FORMA ERGONOMICA E CURVE RAFFINATE. ORIGINALIT\u00c0 NEL DETTAGLIO E NELLA TECNOLOGIA. IL CORPO DEL FLACONE \u00c8 RIVESTITO DI UN NERO OPACO ED ATTRAVERSATO DA UNA BANDA GRIGIO VERDE METALLIZZATA, RITAGLIATA SUL FLACONE A BORDO VIVO.<br \/>\nLA COMBINAZIONE DI COLORI E MATERIALI PREGIATI EVIDENZIA L\u2019ABILIT\u00c0 UNICA DELLA MAISON. COME LO DEFINISCE LO STILISTA PR\u00caT-\u00c0-PORTER LUCAS OSSENDRIJVER: \u201cL\u2019UOMO LANVIN AMA I TESSUTI ESCLUSIVI DAI RIFLESSI DELICATI, I BLU INTENSI, I NERI SFUMATI, I VERDI SCURI, L\u2019INSIEME DEI GRIGI\u2026 TUTTO \u00c8 RACCHIUSO NELLA SFUMATURA, LA TAVOLOZZA DEI TONI, L\u2019EMOZIONE\u201c. SUL TAPPO IN ALLUMINIO, IL LOGO LANVIN \u00c8 SOBRIAMENTE SERIGRAFATO IN NERO. CONTEMPORANEO E CHIARO, \u00c8 DECISAMENTE UN FLACONE \u201c AVAN-GUARDISTA\u201d.<br \/>\nUNA FRAGRANZA DALL\u2019ORIGINALIT\u00c0 SORPRENDENTE, UN\u2019ESSENZA ORIENTALE SPEZIATA CHE HA L\u2019ENERGIA PURA DEL DESIDERIO. L\u2019ELEGANZA MASCHILE LANVIN SI AFFERMA GRAZIE AD UN PROFUMO DOLCE, SENSUALE E CALDO, UN PROFUMO DALLA VOLUTT\u00c0 CONTROLLATA E DALL\u2019AUDACIA DOMINATA. TAGLIATO SU MISURA PER UN UOMO DALLA VIRILIT\u00c0 ISTINTIVA MA DALLO STILE DELICATO. AVANT GARD DI LANVIN HA LA CLASSE MODERNA ED IMMATERIALE DEL DANDY.<br \/>\nIMMAGINATO DA SHYAMALA MAISONDIEU, ESPRIME CON PRECISIONE I CODICI DELLA MODA MASCHILE LANVIN: \u201cHO VOLUTO INTERPRETARE OLFATTIVAMENTE L\u2019ELEGANZA DEL BRAND LANVIN GRAZIE AD UNA SCRITTURA EPURATA, MASCHILE ED UNICA. I PROFUMI BOIS\u00c9 MI AFFASCINANO. LI TROVO ELEGANTI E CONFORTEVOLI. LA LORO NOTA CALDA E SENSUALE MI ATTIRA TALMENTE TANTO CHE ISPIRANO TUTTO IL MIO LAVORO. L\u2019UNIVERSO CHE HO CREATO PER AVANT GARD UNISCE DELLE MATERIE PRIME NOBILI COME IL VETIVER ED IL BENZOINO CON ALTRE, INATTESE, COME LA CERA D\u2019API ASSOLUTA E IL TABACCO. LE SPEZIE? HO SEMPRE AMATO LAVORARE CON ESSE POICH\u00c9 BISOGNA SAPERLE DOSARE CON PRECAUZIONE PER TROVARE LA FRESCHEZZA PI\u00d9 ADATTA, PI\u00d9 DECISA MA AL TEMPO STESSO PICCANTE ED INCISIVA. HO GIOCATO ANCHE CON UNA NOTA INNOVATIVA, UNICA E POTENTE, IL GEORGYWOOD. QUESTA MATERIA PRIMA GENERATA DALLA TECNOLOGIA PI\u00d9 RECENTE, SI UNISCE PERFETTAMENTE ALL\u2019ARCHITETTURA VIRILE DEL PROFUMO, GRAZIE ALLE SUE SFACCETTATURE BOSCOSE AMBRATE\u201d.<br \/>\nL\u2019ESORDIO FRESCO DEL BERGAMOTTO ITALIANO DIVENTA MISTERIOSO PER LA PRESENZA DI PEPE NERO, BACCHE DI ROSA ED ESSENZA DI GINEPRO. L\u2019ANIMA VERDE E LEGNOSA DELLA LAVANDA, IMPREZIOSITA DA SPEZIE FRESCHE COME NOCE MOSCATA E CARDAMOMO E DA UN TOCCO DI MIELE, AFFERMA IL CARATTERE MASCHILE DELLA FRAGRANZA. L\u2019INTENSIT\u00c0 DEL VETIVER SI COMBINA CON LE NOTE CALDE ED AVVOLGENTI DEL BENZOINO, CON L\u2019ACCORDO DI TABACCO E CON IL GEORGYWOOD, CAPACE DI DONARE UN\u2019ANIMA CASUAL E VITALE ALLA FRAGRANZA .<br \/>\nUNA FRAGRANZA CHE OSA E CHE AL TEMPO STESSO LASCIA SULLA PELLE UNA NOTA INTENSA ED ELEGANTE, PIENA E STRUTTURATA. IMPOSSIBILE RINUNCIARE A QUESTA ESSENZA.<\/p>\n","protected":false},"featured_media":81169,"comment_status":"open","ping_status":"closed","template":"","meta":{"_et_pb_use_builder":"","_et_pb_old_content":"","_et_gb_content_width":""},"product_brand":[],"product_cat":[7099,7098,7106,7107],"product_tag":[],"class_list":{"0":"post-81170","1":"product","2":"type-product","3":"status-publish","4":"has-post-thumbnail","6":"product_cat-offerte-da-non-perdere-default-category","7":"product_cat-default-category","8":"product_cat-profumi-default-category","9":"product_cat-uomo-profumi-default-category","10":"pa_bollino-offerta_speciale","11":"pa_categoria_desc-profumiuomo","12":"pa_confezione_desc-confezioneoriginalenotester","13":"pa_formato_filtro-30ml","14":"pa_manufacturer-lanvinparis","15":"pa_sconto_desc-6891","16":"pa_spedizione_gratuita-no","17":"pa_tipo_filtro-sprayeaudetoilette","19":"first","20":"outofstock","21":"sale","22":"shipping-taxable","23":"purchasable","24":"product-type-simple"},"yoast_head":"<!-- This site is optimized with the Yoast SEO plugin v27.4 - https:\/\/yoast.com\/product\/yoast-seo-wordpress\/ -->\n<title>LANVIN AVANT GARDE 30ML SPRAY EAU DE TOILETTE DISCONTINUED<\/title>\n<meta name=\"robots\" content=\"index, follow, max-snippet:-1, max-image-preview:large, max-video-preview:-1\" \/>\n<link rel=\"canonical\" href=\"https:\/\/profumix.it\/en\/prodotto\/lanvin-avant-garde-30-ml-spray-eau-de-toilette-discontinued\/\" \/>\n<meta property=\"og:locale\" content=\"en_US\" \/>\n<meta property=\"og:type\" content=\"article\" \/>\n<meta property=\"og:title\" content=\"LANVIN AVANT GARDE 30ML SPRAY EAU DE TOILETTE DISCONTINUED\" \/>\n<meta property=\"og:description\" content=\"PROFUMARSI \u201cAVANT GARDE\u201d, SIGNIFICA FAR PARTE DI UN SOGNO, CHE PARTE DA UNO STILE OLFATTIVO UNICO. ELEGANTE E SOFISTICATO, FINE E RAFFINATO, SENSUALE ED AUDACE, QUESTA FIRMA DECISA, IMMEDIATAMENTE RICONOSCIBILE, \u00c8 L\u2019INCARNAZIONE CONTEMPORANEA DELLO STILE MASCHILE FRANCESE. L\u2019UOMO AVANT GARDE \u00c8 IL \u201cDANDY\u201d DEI TEMPI MODERNI. DISINVOLTO, VIRILE, ELEGANTE. UN UOMO SICURO DI S\u00c9 SENZA ESSERE ARROGANTE. IL SUO GUSTO DECISO PER GLI ABITI DI CLASSE E PER I MATERIALI PREGIATI EVIDENZIA LA SUA ESSENZA MASCOLINA MA ANCHE LA PARTE SENSIBILE E SENSUALE. \u00c8 UN UOMO INDIPENDENTE, DALLE MOLTEPLICI SFACCETTATURE. TUTTA L\u2019ATTITUDINE DI QUEST\u2019UOMO VIENE EVOCATA CON RAFFINATEZZA IN UN PROFUMO CONTEMPORANEO E DECISAMENTE MODERNO. UN FLACONE ELEGANTE DAL DESIGN SEMPLICE MA ALLO STESSO TEMPO MODERNO, LUSSUOSO E SOFISTICATO. RIFLETTE L\u2019ANIMA PERFEZIONISTA DELLA MODA LANVIN UOMO. FORMA ERGONOMICA E CURVE RAFFINATE. ORIGINALIT\u00c0 NEL DETTAGLIO E NELLA TECNOLOGIA. IL CORPO DEL FLACONE \u00c8 RIVESTITO DI UN NERO OPACO ED ATTRAVERSATO DA UNA BANDA GRIGIO VERDE METALLIZZATA, RITAGLIATA SUL FLACONE A BORDO VIVO. LA COMBINAZIONE DI COLORI E MATERIALI PREGIATI EVIDENZIA L\u2019ABILIT\u00c0 UNICA DELLA MAISON. COME LO DEFINISCE LO STILISTA PR\u00caT-\u00c0-PORTER LUCAS OSSENDRIJVER: \u201cL\u2019UOMO LANVIN AMA I TESSUTI ESCLUSIVI DAI RIFLESSI DELICATI, I BLU INTENSI, I NERI SFUMATI, I VERDI SCURI, L\u2019INSIEME DEI GRIGI\u2026 TUTTO \u00c8 RACCHIUSO NELLA SFUMATURA, LA TAVOLOZZA DEI TONI, L\u2019EMOZIONE\u201c. SUL TAPPO IN ALLUMINIO, IL LOGO LANVIN \u00c8 SOBRIAMENTE SERIGRAFATO IN NERO. CONTEMPORANEO E CHIARO, \u00c8 DECISAMENTE UN FLACONE \u201c AVAN-GUARDISTA\u201d. UNA FRAGRANZA DALL\u2019ORIGINALIT\u00c0 SORPRENDENTE, UN\u2019ESSENZA ORIENTALE SPEZIATA CHE HA L\u2019ENERGIA PURA DEL DESIDERIO. L\u2019ELEGANZA MASCHILE LANVIN SI AFFERMA GRAZIE AD UN PROFUMO DOLCE, SENSUALE E CALDO, UN PROFUMO DALLA VOLUTT\u00c0 CONTROLLATA E DALL\u2019AUDACIA DOMINATA. TAGLIATO SU MISURA PER UN UOMO DALLA VIRILIT\u00c0 ISTINTIVA MA DALLO STILE DELICATO. AVANT GARD DI LANVIN HA LA CLASSE MODERNA ED IMMATERIALE DEL DANDY. IMMAGINATO DA SHYAMALA MAISONDIEU, ESPRIME CON PRECISIONE I CODICI DELLA MODA MASCHILE LANVIN: \u201cHO VOLUTO INTERPRETARE OLFATTIVAMENTE L\u2019ELEGANZA DEL BRAND LANVIN GRAZIE AD UNA SCRITTURA EPURATA, MASCHILE ED UNICA. I PROFUMI BOIS\u00c9 MI AFFASCINANO. LI TROVO ELEGANTI E CONFORTEVOLI. LA LORO NOTA CALDA E SENSUALE MI ATTIRA TALMENTE TANTO CHE ISPIRANO TUTTO IL MIO LAVORO. L\u2019UNIVERSO CHE HO CREATO PER AVANT GARD UNISCE DELLE MATERIE PRIME NOBILI COME IL VETIVER ED IL BENZOINO CON ALTRE, INATTESE, COME LA CERA D\u2019API ASSOLUTA E IL TABACCO. LE SPEZIE? HO SEMPRE AMATO LAVORARE CON ESSE POICH\u00c9 BISOGNA SAPERLE DOSARE CON PRECAUZIONE PER TROVARE LA FRESCHEZZA PI\u00d9 ADATTA, PI\u00d9 DECISA MA AL TEMPO STESSO PICCANTE ED INCISIVA. HO GIOCATO ANCHE CON UNA NOTA INNOVATIVA, UNICA E POTENTE, IL GEORGYWOOD. QUESTA MATERIA PRIMA GENERATA DALLA TECNOLOGIA PI\u00d9 RECENTE, SI UNISCE PERFETTAMENTE ALL\u2019ARCHITETTURA VIRILE DEL PROFUMO, GRAZIE ALLE SUE SFACCETTATURE BOSCOSE AMBRATE\u201d. L\u2019ESORDIO FRESCO DEL BERGAMOTTO ITALIANO DIVENTA MISTERIOSO PER LA PRESENZA DI PEPE NERO, BACCHE DI ROSA ED ESSENZA DI GINEPRO. L\u2019ANIMA VERDE E LEGNOSA DELLA LAVANDA, IMPREZIOSITA DA SPEZIE FRESCHE COME NOCE MOSCATA E CARDAMOMO E DA UN TOCCO DI MIELE, AFFERMA IL CARATTERE MASCHILE DELLA FRAGRANZA. L\u2019INTENSIT\u00c0 DEL VETIVER SI COMBINA CON LE NOTE CALDE ED AVVOLGENTI DEL BENZOINO, CON L\u2019ACCORDO DI TABACCO E CON IL GEORGYWOOD, CAPACE DI DONARE UN\u2019ANIMA CASUAL E VITALE ALLA FRAGRANZA . UNA FRAGRANZA CHE OSA E CHE AL TEMPO STESSO LASCIA SULLA PELLE UNA NOTA INTENSA ED ELEGANTE, PIENA E STRUTTURATA. IMPOSSIBILE RINUNCIARE A QUESTA ESSENZA.\" \/>\n<meta property=\"og:url\" content=\"https:\/\/profumix.it\/en\/prodotto\/lanvin-avant-garde-30-ml-spray-eau-de-toilette-discontinued\/\" \/>\n<meta property=\"og:site_name\" content=\"Profumix Perfumes\" \/>\n<meta property=\"article:publisher\" content=\"https:\/\/www.facebook.com\/profumix\" \/>\n<meta property=\"og:image\" content=\"https:\/\/profumix.it\/wp-content\/uploads\/2018\/04\/product_l_a_lanvin-avant-garde-30ml.jpg\" \/>\n\t<meta property=\"og:image:width\" content=\"500\" \/>\n\t<meta property=\"og:image:height\" content=\"500\" \/>\n\t<meta property=\"og:image:type\" content=\"image\/jpeg\" \/>\n<meta name=\"twitter:card\" content=\"summary_large_image\" \/>\n<meta name=\"twitter:label1\" content=\"Est. reading time\" \/>\n\t<meta name=\"twitter:data1\" content=\"3 minutes\" \/>\n<script type=\"application\/ld+json\" class=\"yoast-schema-graph\">{\"@context\":\"https:\\\/\\\/schema.org\",\"@graph\":[{\"@type\":\"WebPage\",\"@id\":\"https:\\\/\\\/profumix.it\\\/en\\\/prodotto\\\/lanvin-avant-garde-30-ml-spray-eau-de-toilette-discontinued\\\/\",\"url\":\"https:\\\/\\\/profumix.it\\\/en\\\/prodotto\\\/lanvin-avant-garde-30-ml-spray-eau-de-toilette-discontinued\\\/\",\"name\":\"LANVIN AVANT GARDE 30ML SPRAY EAU DE TOILETTE DISCONTINUED\",\"isPartOf\":{\"@id\":\"https:\\\/\\\/profumix.it\\\/en\\\/#website\"},\"primaryImageOfPage\":{\"@id\":\"https:\\\/\\\/profumix.it\\\/en\\\/prodotto\\\/lanvin-avant-garde-30-ml-spray-eau-de-toilette-discontinued\\\/#primaryimage\"},\"image\":{\"@id\":\"https:\\\/\\\/profumix.it\\\/en\\\/prodotto\\\/lanvin-avant-garde-30-ml-spray-eau-de-toilette-discontinued\\\/#primaryimage\"},\"thumbnailUrl\":\"https:\\\/\\\/profumix.it\\\/wp-content\\\/uploads\\\/2018\\\/04\\\/product_l_a_lanvin-avant-garde-30ml.jpg\",\"datePublished\":\"2018-04-06T11:56:28+00:00\",\"breadcrumb\":{\"@id\":\"https:\\\/\\\/profumix.it\\\/en\\\/prodotto\\\/lanvin-avant-garde-30-ml-spray-eau-de-toilette-discontinued\\\/#breadcrumb\"},\"inLanguage\":\"en-US\",\"potentialAction\":[{\"@type\":\"ReadAction\",\"target\":[\"https:\\\/\\\/profumix.it\\\/en\\\/prodotto\\\/lanvin-avant-garde-30-ml-spray-eau-de-toilette-discontinued\\\/\"]}]},{\"@type\":\"ImageObject\",\"inLanguage\":\"en-US\",\"@id\":\"https:\\\/\\\/profumix.it\\\/en\\\/prodotto\\\/lanvin-avant-garde-30-ml-spray-eau-de-toilette-discontinued\\\/#primaryimage\",\"url\":\"https:\\\/\\\/profumix.it\\\/wp-content\\\/uploads\\\/2018\\\/04\\\/product_l_a_lanvin-avant-garde-30ml.jpg\",\"contentUrl\":\"https:\\\/\\\/profumix.it\\\/wp-content\\\/uploads\\\/2018\\\/04\\\/product_l_a_lanvin-avant-garde-30ml.jpg\",\"width\":500,\"height\":500,\"caption\":\"LANVIN AVANT GARDE 30ML SPRAY EAU DE TOILETTE DISCONTINUED\"},{\"@type\":\"BreadcrumbList\",\"@id\":\"https:\\\/\\\/profumix.it\\\/en\\\/prodotto\\\/lanvin-avant-garde-30-ml-spray-eau-de-toilette-discontinued\\\/#breadcrumb\",\"itemListElement\":[{\"@type\":\"ListItem\",\"position\":1,\"name\":\"Home\",\"item\":\"https:\\\/\\\/profumix.it\\\/en\\\/home\\\/\"},{\"@type\":\"ListItem\",\"position\":2,\"name\":\"Shop\",\"item\":\"https:\\\/\\\/profumix.it\\\/en\\\/shop\\\/\"},{\"@type\":\"ListItem\",\"position\":3,\"name\":\"LANVIN AVANT GARDE 30ML SPRAY EAU DE TOILETTE DISCONTINUED\"}]},{\"@type\":\"WebSite\",\"@id\":\"https:\\\/\\\/profumix.it\\\/en\\\/#website\",\"url\":\"https:\\\/\\\/profumix.it\\\/en\\\/\",\"name\":\"Profumix Perfumes\",\"description\":\"\",\"potentialAction\":[{\"@type\":\"SearchAction\",\"target\":{\"@type\":\"EntryPoint\",\"urlTemplate\":\"https:\\\/\\\/profumix.it\\\/en\\\/?s={search_term_string}\"},\"query-input\":{\"@type\":\"PropertyValueSpecification\",\"valueRequired\":true,\"valueName\":\"search_term_string\"}}],\"inLanguage\":\"en-US\"}]}<\/script>\n<!-- \/ Yoast SEO plugin. -->","yoast_head_json":{"title":"LANVIN AVANT GARDE 30ML SPRAY EAU DE TOILETTE DISCONTINUED","robots":{"index":"index","follow":"follow","max-snippet":"max-snippet:-1","max-image-preview":"max-image-preview:large","max-video-preview":"max-video-preview:-1"},"canonical":"https:\/\/profumix.it\/en\/prodotto\/lanvin-avant-garde-30-ml-spray-eau-de-toilette-discontinued\/","og_locale":"en_US","og_type":"article","og_title":"LANVIN AVANT GARDE 30ML SPRAY EAU DE TOILETTE DISCONTINUED","og_description":"PROFUMARSI \u201cAVANT GARDE\u201d, SIGNIFICA FAR PARTE DI UN SOGNO, CHE PARTE DA UNO STILE OLFATTIVO UNICO. ELEGANTE E SOFISTICATO, FINE E RAFFINATO, SENSUALE ED AUDACE, QUESTA FIRMA DECISA, IMMEDIATAMENTE RICONOSCIBILE, \u00c8 L\u2019INCARNAZIONE CONTEMPORANEA DELLO STILE MASCHILE FRANCESE. L\u2019UOMO AVANT GARDE \u00c8 IL \u201cDANDY\u201d DEI TEMPI MODERNI. DISINVOLTO, VIRILE, ELEGANTE. UN UOMO SICURO DI S\u00c9 SENZA ESSERE ARROGANTE. IL SUO GUSTO DECISO PER GLI ABITI DI CLASSE E PER I MATERIALI PREGIATI EVIDENZIA LA SUA ESSENZA MASCOLINA MA ANCHE LA PARTE SENSIBILE E SENSUALE. \u00c8 UN UOMO INDIPENDENTE, DALLE MOLTEPLICI SFACCETTATURE. TUTTA L\u2019ATTITUDINE DI QUEST\u2019UOMO VIENE EVOCATA CON RAFFINATEZZA IN UN PROFUMO CONTEMPORANEO E DECISAMENTE MODERNO. UN FLACONE ELEGANTE DAL DESIGN SEMPLICE MA ALLO STESSO TEMPO MODERNO, LUSSUOSO E SOFISTICATO. RIFLETTE L\u2019ANIMA PERFEZIONISTA DELLA MODA LANVIN UOMO. FORMA ERGONOMICA E CURVE RAFFINATE. ORIGINALIT\u00c0 NEL DETTAGLIO E NELLA TECNOLOGIA. IL CORPO DEL FLACONE \u00c8 RIVESTITO DI UN NERO OPACO ED ATTRAVERSATO DA UNA BANDA GRIGIO VERDE METALLIZZATA, RITAGLIATA SUL FLACONE A BORDO VIVO. LA COMBINAZIONE DI COLORI E MATERIALI PREGIATI EVIDENZIA L\u2019ABILIT\u00c0 UNICA DELLA MAISON. COME LO DEFINISCE LO STILISTA PR\u00caT-\u00c0-PORTER LUCAS OSSENDRIJVER: \u201cL\u2019UOMO LANVIN AMA I TESSUTI ESCLUSIVI DAI RIFLESSI DELICATI, I BLU INTENSI, I NERI SFUMATI, I VERDI SCURI, L\u2019INSIEME DEI GRIGI\u2026 TUTTO \u00c8 RACCHIUSO NELLA SFUMATURA, LA TAVOLOZZA DEI TONI, L\u2019EMOZIONE\u201c. SUL TAPPO IN ALLUMINIO, IL LOGO LANVIN \u00c8 SOBRIAMENTE SERIGRAFATO IN NERO. CONTEMPORANEO E CHIARO, \u00c8 DECISAMENTE UN FLACONE \u201c AVAN-GUARDISTA\u201d. UNA FRAGRANZA DALL\u2019ORIGINALIT\u00c0 SORPRENDENTE, UN\u2019ESSENZA ORIENTALE SPEZIATA CHE HA L\u2019ENERGIA PURA DEL DESIDERIO. L\u2019ELEGANZA MASCHILE LANVIN SI AFFERMA GRAZIE AD UN PROFUMO DOLCE, SENSUALE E CALDO, UN PROFUMO DALLA VOLUTT\u00c0 CONTROLLATA E DALL\u2019AUDACIA DOMINATA. TAGLIATO SU MISURA PER UN UOMO DALLA VIRILIT\u00c0 ISTINTIVA MA DALLO STILE DELICATO. AVANT GARD DI LANVIN HA LA CLASSE MODERNA ED IMMATERIALE DEL DANDY. IMMAGINATO DA SHYAMALA MAISONDIEU, ESPRIME CON PRECISIONE I CODICI DELLA MODA MASCHILE LANVIN: \u201cHO VOLUTO INTERPRETARE OLFATTIVAMENTE L\u2019ELEGANZA DEL BRAND LANVIN GRAZIE AD UNA SCRITTURA EPURATA, MASCHILE ED UNICA. I PROFUMI BOIS\u00c9 MI AFFASCINANO. LI TROVO ELEGANTI E CONFORTEVOLI. LA LORO NOTA CALDA E SENSUALE MI ATTIRA TALMENTE TANTO CHE ISPIRANO TUTTO IL MIO LAVORO. L\u2019UNIVERSO CHE HO CREATO PER AVANT GARD UNISCE DELLE MATERIE PRIME NOBILI COME IL VETIVER ED IL BENZOINO CON ALTRE, INATTESE, COME LA CERA D\u2019API ASSOLUTA E IL TABACCO. LE SPEZIE? HO SEMPRE AMATO LAVORARE CON ESSE POICH\u00c9 BISOGNA SAPERLE DOSARE CON PRECAUZIONE PER TROVARE LA FRESCHEZZA PI\u00d9 ADATTA, PI\u00d9 DECISA MA AL TEMPO STESSO PICCANTE ED INCISIVA. HO GIOCATO ANCHE CON UNA NOTA INNOVATIVA, UNICA E POTENTE, IL GEORGYWOOD. QUESTA MATERIA PRIMA GENERATA DALLA TECNOLOGIA PI\u00d9 RECENTE, SI UNISCE PERFETTAMENTE ALL\u2019ARCHITETTURA VIRILE DEL PROFUMO, GRAZIE ALLE SUE SFACCETTATURE BOSCOSE AMBRATE\u201d. L\u2019ESORDIO FRESCO DEL BERGAMOTTO ITALIANO DIVENTA MISTERIOSO PER LA PRESENZA DI PEPE NERO, BACCHE DI ROSA ED ESSENZA DI GINEPRO. L\u2019ANIMA VERDE E LEGNOSA DELLA LAVANDA, IMPREZIOSITA DA SPEZIE FRESCHE COME NOCE MOSCATA E CARDAMOMO E DA UN TOCCO DI MIELE, AFFERMA IL CARATTERE MASCHILE DELLA FRAGRANZA. L\u2019INTENSIT\u00c0 DEL VETIVER SI COMBINA CON LE NOTE CALDE ED AVVOLGENTI DEL BENZOINO, CON L\u2019ACCORDO DI TABACCO E CON IL GEORGYWOOD, CAPACE DI DONARE UN\u2019ANIMA CASUAL E VITALE ALLA FRAGRANZA . UNA FRAGRANZA CHE OSA E CHE AL TEMPO STESSO LASCIA SULLA PELLE UNA NOTA INTENSA ED ELEGANTE, PIENA E STRUTTURATA. IMPOSSIBILE RINUNCIARE A QUESTA ESSENZA.","og_url":"https:\/\/profumix.it\/en\/prodotto\/lanvin-avant-garde-30-ml-spray-eau-de-toilette-discontinued\/","og_site_name":"Profumix Perfumes","article_publisher":"https:\/\/www.facebook.com\/profumix","og_image":[{"width":500,"height":500,"url":"https:\/\/profumix.it\/wp-content\/uploads\/2018\/04\/product_l_a_lanvin-avant-garde-30ml.jpg","type":"image\/jpeg"}],"twitter_card":"summary_large_image","twitter_misc":{"Est. reading time":"3 minutes"},"schema":{"@context":"https:\/\/schema.org","@graph":[{"@type":"WebPage","@id":"https:\/\/profumix.it\/en\/prodotto\/lanvin-avant-garde-30-ml-spray-eau-de-toilette-discontinued\/","url":"https:\/\/profumix.it\/en\/prodotto\/lanvin-avant-garde-30-ml-spray-eau-de-toilette-discontinued\/","name":"LANVIN AVANT GARDE 30ML SPRAY EAU DE TOILETTE DISCONTINUED","isPartOf":{"@id":"https:\/\/profumix.it\/en\/#website"},"primaryImageOfPage":{"@id":"https:\/\/profumix.it\/en\/prodotto\/lanvin-avant-garde-30-ml-spray-eau-de-toilette-discontinued\/#primaryimage"},"image":{"@id":"https:\/\/profumix.it\/en\/prodotto\/lanvin-avant-garde-30-ml-spray-eau-de-toilette-discontinued\/#primaryimage"},"thumbnailUrl":"https:\/\/profumix.it\/wp-content\/uploads\/2018\/04\/product_l_a_lanvin-avant-garde-30ml.jpg","datePublished":"2018-04-06T11:56:28+00:00","breadcrumb":{"@id":"https:\/\/profumix.it\/en\/prodotto\/lanvin-avant-garde-30-ml-spray-eau-de-toilette-discontinued\/#breadcrumb"},"inLanguage":"en-US","potentialAction":[{"@type":"ReadAction","target":["https:\/\/profumix.it\/en\/prodotto\/lanvin-avant-garde-30-ml-spray-eau-de-toilette-discontinued\/"]}]},{"@type":"ImageObject","inLanguage":"en-US","@id":"https:\/\/profumix.it\/en\/prodotto\/lanvin-avant-garde-30-ml-spray-eau-de-toilette-discontinued\/#primaryimage","url":"https:\/\/profumix.it\/wp-content\/uploads\/2018\/04\/product_l_a_lanvin-avant-garde-30ml.jpg","contentUrl":"https:\/\/profumix.it\/wp-content\/uploads\/2018\/04\/product_l_a_lanvin-avant-garde-30ml.jpg","width":500,"height":500,"caption":"LANVIN AVANT GARDE 30ML SPRAY EAU DE TOILETTE DISCONTINUED"},{"@type":"BreadcrumbList","@id":"https:\/\/profumix.it\/en\/prodotto\/lanvin-avant-garde-30-ml-spray-eau-de-toilette-discontinued\/#breadcrumb","itemListElement":[{"@type":"ListItem","position":1,"name":"Home","item":"https:\/\/profumix.it\/en\/home\/"},{"@type":"ListItem","position":2,"name":"Shop","item":"https:\/\/profumix.it\/en\/shop\/"},{"@type":"ListItem","position":3,"name":"LANVIN AVANT GARDE 30ML SPRAY EAU DE TOILETTE DISCONTINUED"}]},{"@type":"WebSite","@id":"https:\/\/profumix.it\/en\/#website","url":"https:\/\/profumix.it\/en\/","name":"Profumix Perfumes","description":"","potentialAction":[{"@type":"SearchAction","target":{"@type":"EntryPoint","urlTemplate":"https:\/\/profumix.it\/en\/?s={search_term_string}"},"query-input":{"@type":"PropertyValueSpecification","valueRequired":true,"valueName":"search_term_string"}}],"inLanguage":"en-US"}]}},"_links":{"self":[{"href":"https:\/\/profumix.it\/en\/wp-json\/wp\/v2\/product\/81170","targetHints":{"allow":["GET"]}}],"collection":[{"href":"https:\/\/profumix.it\/en\/wp-json\/wp\/v2\/product"}],"about":[{"href":"https:\/\/profumix.it\/en\/wp-json\/wp\/v2\/types\/product"}],"replies":[{"embeddable":true,"href":"https:\/\/profumix.it\/en\/wp-json\/wp\/v2\/comments?post=81170"}],"wp:featuredmedia":[{"embeddable":true,"href":"https:\/\/profumix.it\/en\/wp-json\/wp\/v2\/media\/81169"}],"wp:attachment":[{"href":"https:\/\/profumix.it\/en\/wp-json\/wp\/v2\/media?parent=81170"}],"wp:term":[{"taxonomy":"product_brand","embeddable":true,"href":"https:\/\/profumix.it\/en\/wp-json\/wp\/v2\/product_brand?post=81170"},{"taxonomy":"product_cat","embeddable":true,"href":"https:\/\/profumix.it\/en\/wp-json\/wp\/v2\/product_cat?post=81170"},{"taxonomy":"product_tag","embeddable":true,"href":"https:\/\/profumix.it\/en\/wp-json\/wp\/v2\/product_tag?post=81170"}],"curies":[{"name":"wp","href":"https:\/\/api.w.org\/{rel}","templated":true}]}}