{"id":81393,"date":"2018-07-21T10:06:46","date_gmt":"2018-07-21T08:06:46","guid":{"rendered":"https:\/\/profumix.it\/prodotto\/emmanuel-levain-1971-100ml-spray-eau-de-parfum\/"},"modified":"2022-10-19T12:12:55","modified_gmt":"2022-10-19T10:12:55","slug":"emmanuel-levain-1971-100ml-spray-eau-de-parfum","status":"publish","type":"product","link":"https:\/\/profumix.it\/en\/prodotto\/emmanuel-levain-1971-100ml-spray-eau-de-parfum\/","title":{"rendered":"EMMANUEL LEVAIN 1971 100ML SPRAY EAU DE PARFUM"},"content":{"rendered":"<p>1971 di Emmanuel Levain \u00e8 una fragranza del gruppo Orientale Legnoso unisex.<br \/>\nE&#8217; una nuova fragranza. 1971 \u00e8 stato lanciato sul mercato nel 2016. Il Naso di questa fragranza \u00e8 Emmanuel Levain. <\/p>\n<p>La fragranza contiene note di Iris, Ambra, Cedro, Magnolia, Muschio Bianco, Sandalo e Patchouli. <\/p>\n","protected":false},"excerpt":{"rendered":"<p>1971 di Emmanuel Levain \u00e8 una fragranza del gruppo Orientale Legnoso unisex.<br \/>\nE&#8217; una nuova fragranza. 1971 \u00e8 stato lanciato sul mercato nel 2016. Il Naso di questa fragranza \u00e8 Emmanuel Levain. <\/p>\n<p>La fragranza contiene note di Iris, Ambra, Cedro, Magnolia, Muschio Bianco, Sandalo e Patchouli. <\/p>\n","protected":false},"featured_media":81392,"comment_status":"open","ping_status":"closed","template":"","meta":{"_et_pb_use_builder":"","_et_pb_old_content":"","_et_gb_content_width":""},"product_brand":[],"product_cat":[7109,7098,7106,7108,7107],"product_tag":[],"class_list":{"0":"post-81393","1":"product","2":"type-product","3":"status-publish","4":"has-post-thumbnail","6":"product_cat-donna","7":"product_cat-default-category","8":"product_cat-profumi-default-category","9":"product_cat-unisex","10":"product_cat-uomo-profumi-default-category","11":"pa_categoria_desc-profumiunisex","12":"pa_confezione_desc-21-scatolaoriginaleblisterata","13":"pa_formato_filtro-100ml","14":"pa_manufacturer-emmanuellevain","15":"pa_spedizione_gratuita-si","16":"pa_tipo_filtro-eaudeparfum","18":"first","19":"instock","20":"shipping-taxable","21":"purchasable","22":"product-type-simple"},"yoast_head":"<!-- This site is optimized with the Yoast SEO plugin v27.4 - https:\/\/yoast.com\/product\/yoast-seo-wordpress\/ -->\n<title>EMMANUEL LEVAIN 1971 100ML SPRAY EAU DE PARFUM<\/title>\n<meta name=\"robots\" content=\"index, follow, max-snippet:-1, max-image-preview:large, max-video-preview:-1\" \/>\n<link rel=\"canonical\" href=\"https:\/\/profumix.it\/en\/prodotto\/emmanuel-levain-1971-100ml-spray-eau-de-parfum\/\" \/>\n<meta property=\"og:locale\" content=\"en_US\" \/>\n<meta property=\"og:type\" content=\"article\" \/>\n<meta property=\"og:title\" content=\"EMMANUEL LEVAIN 1971 100ML SPRAY EAU DE PARFUM\" \/>\n<meta property=\"og:description\" content=\"1971 di Emmanuel Levain \u00e8 una fragranza del gruppo Orientale Legnoso unisex.  E&#039; una nuova fragranza. 1971 \u00e8 stato lanciato sul mercato nel 2016. Il Naso di questa fragranza \u00e8 Emmanuel Levain.   La fragranza contiene note di Iris, Ambra, Cedro, Magnolia, Muschio Bianco, Sandalo e Patchouli.\" \/>\n<meta property=\"og:url\" content=\"https:\/\/profumix.it\/en\/prodotto\/emmanuel-levain-1971-100ml-spray-eau-de-parfum\/\" \/>\n<meta property=\"og:site_name\" content=\"Profumix Perfumes\" \/>\n<meta property=\"article:publisher\" content=\"https:\/\/www.facebook.com\/profumix\" \/>\n<meta property=\"article:modified_time\" content=\"2022-10-19T10:12:55+00:00\" \/>\n<meta property=\"og:image\" content=\"https:\/\/profumix.it\/wp-content\/uploads\/2018\/07\/product_1_9_1971_100ml_edp.jpg\" \/>\n\t<meta property=\"og:image:width\" content=\"750\" \/>\n\t<meta property=\"og:image:height\" content=\"716\" \/>\n\t<meta property=\"og:image:type\" content=\"image\/jpeg\" \/>\n<meta name=\"twitter:card\" content=\"summary_large_image\" \/>\n<script type=\"application\/ld+json\" class=\"yoast-schema-graph\">{\"@context\":\"https:\\\/\\\/schema.org\",\"@graph\":[{\"@type\":\"WebPage\",\"@id\":\"https:\\\/\\\/profumix.it\\\/en\\\/prodotto\\\/emmanuel-levain-1971-100ml-spray-eau-de-parfum\\\/\",\"url\":\"https:\\\/\\\/profumix.it\\\/en\\\/prodotto\\\/emmanuel-levain-1971-100ml-spray-eau-de-parfum\\\/\",\"name\":\"EMMANUEL LEVAIN 1971 100ML SPRAY EAU DE PARFUM\",\"isPartOf\":{\"@id\":\"https:\\\/\\\/profumix.it\\\/en\\\/#website\"},\"primaryImageOfPage\":{\"@id\":\"https:\\\/\\\/profumix.it\\\/en\\\/prodotto\\\/emmanuel-levain-1971-100ml-spray-eau-de-parfum\\\/#primaryimage\"},\"image\":{\"@id\":\"https:\\\/\\\/profumix.it\\\/en\\\/prodotto\\\/emmanuel-levain-1971-100ml-spray-eau-de-parfum\\\/#primaryimage\"},\"thumbnailUrl\":\"https:\\\/\\\/profumix.it\\\/wp-content\\\/uploads\\\/2018\\\/07\\\/product_1_9_1971_100ml_edp.jpg\",\"datePublished\":\"2018-07-21T08:06:46+00:00\",\"dateModified\":\"2022-10-19T10:12:55+00:00\",\"breadcrumb\":{\"@id\":\"https:\\\/\\\/profumix.it\\\/en\\\/prodotto\\\/emmanuel-levain-1971-100ml-spray-eau-de-parfum\\\/#breadcrumb\"},\"inLanguage\":\"en-US\",\"potentialAction\":[{\"@type\":\"ReadAction\",\"target\":[\"https:\\\/\\\/profumix.it\\\/en\\\/prodotto\\\/emmanuel-levain-1971-100ml-spray-eau-de-parfum\\\/\"]}]},{\"@type\":\"ImageObject\",\"inLanguage\":\"en-US\",\"@id\":\"https:\\\/\\\/profumix.it\\\/en\\\/prodotto\\\/emmanuel-levain-1971-100ml-spray-eau-de-parfum\\\/#primaryimage\",\"url\":\"https:\\\/\\\/profumix.it\\\/wp-content\\\/uploads\\\/2018\\\/07\\\/product_1_9_1971_100ml_edp.jpg\",\"contentUrl\":\"https:\\\/\\\/profumix.it\\\/wp-content\\\/uploads\\\/2018\\\/07\\\/product_1_9_1971_100ml_edp.jpg\",\"width\":750,\"height\":716,\"caption\":\"EMMANUEL LEVAIN 1971 100ML SPRAY EAU DE PARFUM\"},{\"@type\":\"BreadcrumbList\",\"@id\":\"https:\\\/\\\/profumix.it\\\/en\\\/prodotto\\\/emmanuel-levain-1971-100ml-spray-eau-de-parfum\\\/#breadcrumb\",\"itemListElement\":[{\"@type\":\"ListItem\",\"position\":1,\"name\":\"Home\",\"item\":\"https:\\\/\\\/profumix.it\\\/en\\\/home\\\/\"},{\"@type\":\"ListItem\",\"position\":2,\"name\":\"Shop\",\"item\":\"https:\\\/\\\/profumix.it\\\/en\\\/shop\\\/\"},{\"@type\":\"ListItem\",\"position\":3,\"name\":\"EMMANUEL LEVAIN 1971 100ML SPRAY EAU DE PARFUM\"}]},{\"@type\":\"WebSite\",\"@id\":\"https:\\\/\\\/profumix.it\\\/en\\\/#website\",\"url\":\"https:\\\/\\\/profumix.it\\\/en\\\/\",\"name\":\"Profumix Perfumes\",\"description\":\"\",\"potentialAction\":[{\"@type\":\"SearchAction\",\"target\":{\"@type\":\"EntryPoint\",\"urlTemplate\":\"https:\\\/\\\/profumix.it\\\/en\\\/?s={search_term_string}\"},\"query-input\":{\"@type\":\"PropertyValueSpecification\",\"valueRequired\":true,\"valueName\":\"search_term_string\"}}],\"inLanguage\":\"en-US\"}]}<\/script>\n<!-- \/ Yoast SEO plugin. -->","yoast_head_json":{"title":"EMMANUEL LEVAIN 1971 100ML SPRAY EAU DE PARFUM","robots":{"index":"index","follow":"follow","max-snippet":"max-snippet:-1","max-image-preview":"max-image-preview:large","max-video-preview":"max-video-preview:-1"},"canonical":"https:\/\/profumix.it\/en\/prodotto\/emmanuel-levain-1971-100ml-spray-eau-de-parfum\/","og_locale":"en_US","og_type":"article","og_title":"EMMANUEL LEVAIN 1971 100ML SPRAY EAU DE PARFUM","og_description":"1971 di Emmanuel Levain \u00e8 una fragranza del gruppo Orientale Legnoso unisex.  E' una nuova fragranza. 1971 \u00e8 stato lanciato sul mercato nel 2016. Il Naso di questa fragranza \u00e8 Emmanuel Levain.   La fragranza contiene note di Iris, Ambra, Cedro, Magnolia, Muschio Bianco, Sandalo e Patchouli.","og_url":"https:\/\/profumix.it\/en\/prodotto\/emmanuel-levain-1971-100ml-spray-eau-de-parfum\/","og_site_name":"Profumix Perfumes","article_publisher":"https:\/\/www.facebook.com\/profumix","article_modified_time":"2022-10-19T10:12:55+00:00","og_image":[{"width":750,"height":716,"url":"https:\/\/profumix.it\/wp-content\/uploads\/2018\/07\/product_1_9_1971_100ml_edp.jpg","type":"image\/jpeg"}],"twitter_card":"summary_large_image","schema":{"@context":"https:\/\/schema.org","@graph":[{"@type":"WebPage","@id":"https:\/\/profumix.it\/en\/prodotto\/emmanuel-levain-1971-100ml-spray-eau-de-parfum\/","url":"https:\/\/profumix.it\/en\/prodotto\/emmanuel-levain-1971-100ml-spray-eau-de-parfum\/","name":"EMMANUEL LEVAIN 1971 100ML SPRAY EAU DE PARFUM","isPartOf":{"@id":"https:\/\/profumix.it\/en\/#website"},"primaryImageOfPage":{"@id":"https:\/\/profumix.it\/en\/prodotto\/emmanuel-levain-1971-100ml-spray-eau-de-parfum\/#primaryimage"},"image":{"@id":"https:\/\/profumix.it\/en\/prodotto\/emmanuel-levain-1971-100ml-spray-eau-de-parfum\/#primaryimage"},"thumbnailUrl":"https:\/\/profumix.it\/wp-content\/uploads\/2018\/07\/product_1_9_1971_100ml_edp.jpg","datePublished":"2018-07-21T08:06:46+00:00","dateModified":"2022-10-19T10:12:55+00:00","breadcrumb":{"@id":"https:\/\/profumix.it\/en\/prodotto\/emmanuel-levain-1971-100ml-spray-eau-de-parfum\/#breadcrumb"},"inLanguage":"en-US","potentialAction":[{"@type":"ReadAction","target":["https:\/\/profumix.it\/en\/prodotto\/emmanuel-levain-1971-100ml-spray-eau-de-parfum\/"]}]},{"@type":"ImageObject","inLanguage":"en-US","@id":"https:\/\/profumix.it\/en\/prodotto\/emmanuel-levain-1971-100ml-spray-eau-de-parfum\/#primaryimage","url":"https:\/\/profumix.it\/wp-content\/uploads\/2018\/07\/product_1_9_1971_100ml_edp.jpg","contentUrl":"https:\/\/profumix.it\/wp-content\/uploads\/2018\/07\/product_1_9_1971_100ml_edp.jpg","width":750,"height":716,"caption":"EMMANUEL LEVAIN 1971 100ML SPRAY EAU DE PARFUM"},{"@type":"BreadcrumbList","@id":"https:\/\/profumix.it\/en\/prodotto\/emmanuel-levain-1971-100ml-spray-eau-de-parfum\/#breadcrumb","itemListElement":[{"@type":"ListItem","position":1,"name":"Home","item":"https:\/\/profumix.it\/en\/home\/"},{"@type":"ListItem","position":2,"name":"Shop","item":"https:\/\/profumix.it\/en\/shop\/"},{"@type":"ListItem","position":3,"name":"EMMANUEL LEVAIN 1971 100ML SPRAY EAU DE PARFUM"}]},{"@type":"WebSite","@id":"https:\/\/profumix.it\/en\/#website","url":"https:\/\/profumix.it\/en\/","name":"Profumix Perfumes","description":"","potentialAction":[{"@type":"SearchAction","target":{"@type":"EntryPoint","urlTemplate":"https:\/\/profumix.it\/en\/?s={search_term_string}"},"query-input":{"@type":"PropertyValueSpecification","valueRequired":true,"valueName":"search_term_string"}}],"inLanguage":"en-US"}]}},"_links":{"self":[{"href":"https:\/\/profumix.it\/en\/wp-json\/wp\/v2\/product\/81393","targetHints":{"allow":["GET"]}}],"collection":[{"href":"https:\/\/profumix.it\/en\/wp-json\/wp\/v2\/product"}],"about":[{"href":"https:\/\/profumix.it\/en\/wp-json\/wp\/v2\/types\/product"}],"replies":[{"embeddable":true,"href":"https:\/\/profumix.it\/en\/wp-json\/wp\/v2\/comments?post=81393"}],"wp:featuredmedia":[{"embeddable":true,"href":"https:\/\/profumix.it\/en\/wp-json\/wp\/v2\/media\/81392"}],"wp:attachment":[{"href":"https:\/\/profumix.it\/en\/wp-json\/wp\/v2\/media?parent=81393"}],"wp:term":[{"taxonomy":"product_brand","embeddable":true,"href":"https:\/\/profumix.it\/en\/wp-json\/wp\/v2\/product_brand?post=81393"},{"taxonomy":"product_cat","embeddable":true,"href":"https:\/\/profumix.it\/en\/wp-json\/wp\/v2\/product_cat?post=81393"},{"taxonomy":"product_tag","embeddable":true,"href":"https:\/\/profumix.it\/en\/wp-json\/wp\/v2\/product_tag?post=81393"}],"curies":[{"name":"wp","href":"https:\/\/api.w.org\/{rel}","templated":true}]}}