{"id":81399,"date":"2018-07-24T08:30:12","date_gmt":"2018-07-24T06:30:12","guid":{"rendered":"https:\/\/profumix.it\/prodotto\/le-galion-eau-de-vetyver-450-ml-splash-vintage-rare\/"},"modified":"2022-10-19T12:12:56","modified_gmt":"2022-10-19T10:12:56","slug":"le-galion-eau-de-vetyver-450-ml-splash-vintage-rare","status":"publish","type":"product","link":"https:\/\/profumix.it\/en\/prodotto\/le-galion-eau-de-vetyver-450-ml-splash-vintage-rare\/","title":{"rendered":"LE GALION EAU DE VETYVER 450 ML SPLASH VINTAGE\/RARE"},"content":{"rendered":"<p>Eau de Vetyver di Le Galion \u00e8 una fragranza del gruppo Aromatico da uomo.<br \/>\nEau de Vetyver \u00e8 stato lanciato sul mercato nel 1968. Il Naso di questa fragranza \u00e8 Paul Vacher. La fragranza contiene note di Vetiver. <\/p>\n","protected":false},"excerpt":{"rendered":"<p>Eau de Vetyver di Le Galion \u00e8 una fragranza del gruppo Aromatico da uomo.<br \/>\nEau de Vetyver \u00e8 stato lanciato sul mercato nel 1968. Il Naso di questa fragranza \u00e8 Paul Vacher. La fragranza contiene note di Vetiver. <\/p>\n","protected":false},"featured_media":81398,"comment_status":"open","ping_status":"closed","template":"","meta":{"_et_pb_use_builder":"","_et_pb_old_content":"","_et_gb_content_width":""},"product_brand":[],"product_cat":[7173,7098,7106,7107],"product_tag":[],"class_list":{"0":"post-81399","1":"product","2":"type-product","3":"status-publish","4":"has-post-thumbnail","6":"product_cat-articoli-fuori-produzione-e-rarita","7":"product_cat-default-category","8":"product_cat-profumi-default-category","9":"product_cat-uomo-profumi-default-category","10":"pa_categoria_desc-profumiuomo","11":"pa_confezione_desc-21-scatolaoriginalenonblister","12":"pa_formato_filtro-100ml","13":"pa_manufacturer-legalionparis","14":"pa_spedizione_gratuita-si","15":"pa_tipo_filtro-nospray","17":"first","18":"outofstock","19":"shipping-taxable","20":"purchasable","21":"product-type-simple"},"yoast_head":"<!-- This site is optimized with the Yoast SEO plugin v27.4 - https:\/\/yoast.com\/product\/yoast-seo-wordpress\/ -->\n<title>LE GALION EAU DE VETYVER 450 ML SPLASH VINTAGE\/RARE<\/title>\n<meta name=\"robots\" content=\"index, follow, max-snippet:-1, max-image-preview:large, max-video-preview:-1\" \/>\n<link rel=\"canonical\" href=\"https:\/\/profumix.it\/en\/prodotto\/le-galion-eau-de-vetyver-450-ml-splash-vintage-rare\/\" \/>\n<meta property=\"og:locale\" content=\"en_US\" \/>\n<meta property=\"og:type\" content=\"article\" \/>\n<meta property=\"og:title\" content=\"LE GALION EAU DE VETYVER 450 ML SPLASH VINTAGE\/RARE\" \/>\n<meta property=\"og:description\" content=\"Eau de Vetyver di Le Galion \u00e8 una fragranza del gruppo Aromatico da uomo.  Eau de Vetyver \u00e8 stato lanciato sul mercato nel 1968. Il Naso di questa fragranza \u00e8 Paul Vacher. La fragranza contiene note di Vetiver.\" \/>\n<meta property=\"og:url\" content=\"https:\/\/profumix.it\/en\/prodotto\/le-galion-eau-de-vetyver-450-ml-splash-vintage-rare\/\" \/>\n<meta property=\"og:site_name\" content=\"Profumix Perfumes\" \/>\n<meta property=\"article:publisher\" content=\"https:\/\/www.facebook.com\/profumix\" \/>\n<meta property=\"article:modified_time\" content=\"2022-10-19T10:12:56+00:00\" \/>\n<meta property=\"og:image\" content=\"https:\/\/profumix.it\/wp-content\/uploads\/2018\/07\/product_e_a_eau_de_vetiver_le_galion_450ml_splash.jpg\" \/>\n\t<meta property=\"og:image:width\" content=\"1000\" \/>\n\t<meta property=\"og:image:height\" content=\"1000\" \/>\n\t<meta property=\"og:image:type\" content=\"image\/jpeg\" \/>\n<meta name=\"twitter:card\" content=\"summary_large_image\" \/>\n<script type=\"application\/ld+json\" class=\"yoast-schema-graph\">{\"@context\":\"https:\\\/\\\/schema.org\",\"@graph\":[{\"@type\":\"WebPage\",\"@id\":\"https:\\\/\\\/profumix.it\\\/en\\\/prodotto\\\/le-galion-eau-de-vetyver-450-ml-splash-vintage-rare\\\/\",\"url\":\"https:\\\/\\\/profumix.it\\\/en\\\/prodotto\\\/le-galion-eau-de-vetyver-450-ml-splash-vintage-rare\\\/\",\"name\":\"LE GALION EAU DE VETYVER 450 ML SPLASH VINTAGE\\\/RARE\",\"isPartOf\":{\"@id\":\"https:\\\/\\\/profumix.it\\\/en\\\/#website\"},\"primaryImageOfPage\":{\"@id\":\"https:\\\/\\\/profumix.it\\\/en\\\/prodotto\\\/le-galion-eau-de-vetyver-450-ml-splash-vintage-rare\\\/#primaryimage\"},\"image\":{\"@id\":\"https:\\\/\\\/profumix.it\\\/en\\\/prodotto\\\/le-galion-eau-de-vetyver-450-ml-splash-vintage-rare\\\/#primaryimage\"},\"thumbnailUrl\":\"https:\\\/\\\/profumix.it\\\/wp-content\\\/uploads\\\/2018\\\/07\\\/product_e_a_eau_de_vetiver_le_galion_450ml_splash.jpg\",\"datePublished\":\"2018-07-24T06:30:12+00:00\",\"dateModified\":\"2022-10-19T10:12:56+00:00\",\"breadcrumb\":{\"@id\":\"https:\\\/\\\/profumix.it\\\/en\\\/prodotto\\\/le-galion-eau-de-vetyver-450-ml-splash-vintage-rare\\\/#breadcrumb\"},\"inLanguage\":\"en-US\",\"potentialAction\":[{\"@type\":\"ReadAction\",\"target\":[\"https:\\\/\\\/profumix.it\\\/en\\\/prodotto\\\/le-galion-eau-de-vetyver-450-ml-splash-vintage-rare\\\/\"]}]},{\"@type\":\"ImageObject\",\"inLanguage\":\"en-US\",\"@id\":\"https:\\\/\\\/profumix.it\\\/en\\\/prodotto\\\/le-galion-eau-de-vetyver-450-ml-splash-vintage-rare\\\/#primaryimage\",\"url\":\"https:\\\/\\\/profumix.it\\\/wp-content\\\/uploads\\\/2018\\\/07\\\/product_e_a_eau_de_vetiver_le_galion_450ml_splash.jpg\",\"contentUrl\":\"https:\\\/\\\/profumix.it\\\/wp-content\\\/uploads\\\/2018\\\/07\\\/product_e_a_eau_de_vetiver_le_galion_450ml_splash.jpg\",\"width\":1000,\"height\":1000,\"caption\":\"LE GALION EAU DE VETYVER 450 ML SPLASH VINTAGE\\\/RARE\"},{\"@type\":\"BreadcrumbList\",\"@id\":\"https:\\\/\\\/profumix.it\\\/en\\\/prodotto\\\/le-galion-eau-de-vetyver-450-ml-splash-vintage-rare\\\/#breadcrumb\",\"itemListElement\":[{\"@type\":\"ListItem\",\"position\":1,\"name\":\"Home\",\"item\":\"https:\\\/\\\/profumix.it\\\/en\\\/home\\\/\"},{\"@type\":\"ListItem\",\"position\":2,\"name\":\"Shop\",\"item\":\"https:\\\/\\\/profumix.it\\\/en\\\/shop\\\/\"},{\"@type\":\"ListItem\",\"position\":3,\"name\":\"LE GALION EAU DE VETYVER 450 ML SPLASH VINTAGE\\\/RARE\"}]},{\"@type\":\"WebSite\",\"@id\":\"https:\\\/\\\/profumix.it\\\/en\\\/#website\",\"url\":\"https:\\\/\\\/profumix.it\\\/en\\\/\",\"name\":\"Profumix Perfumes\",\"description\":\"\",\"potentialAction\":[{\"@type\":\"SearchAction\",\"target\":{\"@type\":\"EntryPoint\",\"urlTemplate\":\"https:\\\/\\\/profumix.it\\\/en\\\/?s={search_term_string}\"},\"query-input\":{\"@type\":\"PropertyValueSpecification\",\"valueRequired\":true,\"valueName\":\"search_term_string\"}}],\"inLanguage\":\"en-US\"}]}<\/script>\n<!-- \/ Yoast SEO plugin. -->","yoast_head_json":{"title":"LE GALION EAU DE VETYVER 450 ML SPLASH VINTAGE\/RARE","robots":{"index":"index","follow":"follow","max-snippet":"max-snippet:-1","max-image-preview":"max-image-preview:large","max-video-preview":"max-video-preview:-1"},"canonical":"https:\/\/profumix.it\/en\/prodotto\/le-galion-eau-de-vetyver-450-ml-splash-vintage-rare\/","og_locale":"en_US","og_type":"article","og_title":"LE GALION EAU DE VETYVER 450 ML SPLASH VINTAGE\/RARE","og_description":"Eau de Vetyver di Le Galion \u00e8 una fragranza del gruppo Aromatico da uomo.  Eau de Vetyver \u00e8 stato lanciato sul mercato nel 1968. Il Naso di questa fragranza \u00e8 Paul Vacher. La fragranza contiene note di Vetiver.","og_url":"https:\/\/profumix.it\/en\/prodotto\/le-galion-eau-de-vetyver-450-ml-splash-vintage-rare\/","og_site_name":"Profumix Perfumes","article_publisher":"https:\/\/www.facebook.com\/profumix","article_modified_time":"2022-10-19T10:12:56+00:00","og_image":[{"width":1000,"height":1000,"url":"https:\/\/profumix.it\/wp-content\/uploads\/2018\/07\/product_e_a_eau_de_vetiver_le_galion_450ml_splash.jpg","type":"image\/jpeg"}],"twitter_card":"summary_large_image","schema":{"@context":"https:\/\/schema.org","@graph":[{"@type":"WebPage","@id":"https:\/\/profumix.it\/en\/prodotto\/le-galion-eau-de-vetyver-450-ml-splash-vintage-rare\/","url":"https:\/\/profumix.it\/en\/prodotto\/le-galion-eau-de-vetyver-450-ml-splash-vintage-rare\/","name":"LE GALION EAU DE VETYVER 450 ML SPLASH VINTAGE\/RARE","isPartOf":{"@id":"https:\/\/profumix.it\/en\/#website"},"primaryImageOfPage":{"@id":"https:\/\/profumix.it\/en\/prodotto\/le-galion-eau-de-vetyver-450-ml-splash-vintage-rare\/#primaryimage"},"image":{"@id":"https:\/\/profumix.it\/en\/prodotto\/le-galion-eau-de-vetyver-450-ml-splash-vintage-rare\/#primaryimage"},"thumbnailUrl":"https:\/\/profumix.it\/wp-content\/uploads\/2018\/07\/product_e_a_eau_de_vetiver_le_galion_450ml_splash.jpg","datePublished":"2018-07-24T06:30:12+00:00","dateModified":"2022-10-19T10:12:56+00:00","breadcrumb":{"@id":"https:\/\/profumix.it\/en\/prodotto\/le-galion-eau-de-vetyver-450-ml-splash-vintage-rare\/#breadcrumb"},"inLanguage":"en-US","potentialAction":[{"@type":"ReadAction","target":["https:\/\/profumix.it\/en\/prodotto\/le-galion-eau-de-vetyver-450-ml-splash-vintage-rare\/"]}]},{"@type":"ImageObject","inLanguage":"en-US","@id":"https:\/\/profumix.it\/en\/prodotto\/le-galion-eau-de-vetyver-450-ml-splash-vintage-rare\/#primaryimage","url":"https:\/\/profumix.it\/wp-content\/uploads\/2018\/07\/product_e_a_eau_de_vetiver_le_galion_450ml_splash.jpg","contentUrl":"https:\/\/profumix.it\/wp-content\/uploads\/2018\/07\/product_e_a_eau_de_vetiver_le_galion_450ml_splash.jpg","width":1000,"height":1000,"caption":"LE GALION EAU DE VETYVER 450 ML SPLASH VINTAGE\/RARE"},{"@type":"BreadcrumbList","@id":"https:\/\/profumix.it\/en\/prodotto\/le-galion-eau-de-vetyver-450-ml-splash-vintage-rare\/#breadcrumb","itemListElement":[{"@type":"ListItem","position":1,"name":"Home","item":"https:\/\/profumix.it\/en\/home\/"},{"@type":"ListItem","position":2,"name":"Shop","item":"https:\/\/profumix.it\/en\/shop\/"},{"@type":"ListItem","position":3,"name":"LE GALION EAU DE VETYVER 450 ML SPLASH VINTAGE\/RARE"}]},{"@type":"WebSite","@id":"https:\/\/profumix.it\/en\/#website","url":"https:\/\/profumix.it\/en\/","name":"Profumix Perfumes","description":"","potentialAction":[{"@type":"SearchAction","target":{"@type":"EntryPoint","urlTemplate":"https:\/\/profumix.it\/en\/?s={search_term_string}"},"query-input":{"@type":"PropertyValueSpecification","valueRequired":true,"valueName":"search_term_string"}}],"inLanguage":"en-US"}]}},"_links":{"self":[{"href":"https:\/\/profumix.it\/en\/wp-json\/wp\/v2\/product\/81399","targetHints":{"allow":["GET"]}}],"collection":[{"href":"https:\/\/profumix.it\/en\/wp-json\/wp\/v2\/product"}],"about":[{"href":"https:\/\/profumix.it\/en\/wp-json\/wp\/v2\/types\/product"}],"replies":[{"embeddable":true,"href":"https:\/\/profumix.it\/en\/wp-json\/wp\/v2\/comments?post=81399"}],"wp:featuredmedia":[{"embeddable":true,"href":"https:\/\/profumix.it\/en\/wp-json\/wp\/v2\/media\/81398"}],"wp:attachment":[{"href":"https:\/\/profumix.it\/en\/wp-json\/wp\/v2\/media?parent=81399"}],"wp:term":[{"taxonomy":"product_brand","embeddable":true,"href":"https:\/\/profumix.it\/en\/wp-json\/wp\/v2\/product_brand?post=81399"},{"taxonomy":"product_cat","embeddable":true,"href":"https:\/\/profumix.it\/en\/wp-json\/wp\/v2\/product_cat?post=81399"},{"taxonomy":"product_tag","embeddable":true,"href":"https:\/\/profumix.it\/en\/wp-json\/wp\/v2\/product_tag?post=81399"}],"curies":[{"name":"wp","href":"https:\/\/api.w.org\/{rel}","templated":true}]}}