{"id":81419,"date":"2018-08-01T08:27:42","date_gmt":"2018-08-01T06:27:42","guid":{"rendered":"https:\/\/profumix.it\/prodotto\/azzaro-visit-100ml-spray-eau-de-toilette-tester-183\/"},"modified":"2022-10-19T12:12:59","modified_gmt":"2022-10-19T10:12:59","slug":"azzaro-visit-100ml-spray-eau-de-toilette-tester-183","status":"publish","type":"product","link":"https:\/\/profumix.it\/en\/prodotto\/azzaro-visit-100ml-spray-eau-de-toilette-tester-183\/","title":{"rendered":"I PROFUMI DEL MARMO ARABESCATO 100ML EAU DE PARFUM SPRAY"},"content":{"rendered":"<p>Arabescato di I Profumi Del Marmo \u00e8 una fragranza del gruppo Orientale unisex.<br \/>\nArabescato \u00e8 stato lanciato sul mercato nel 2014. Il Naso di questa fragranza \u00e8 Arturetto Landi. <\/p>\n<p>La nota di testa \u00e8 Miele ;<br \/>\nLe note di cuore sono Vaniglia e Mango;<br \/>\nLa nota di base \u00e8 Ambra. <\/p>\n","protected":false},"excerpt":{"rendered":"<p>Arabescato di I Profumi Del Marmo \u00e8 una fragranza del gruppo Orientale unisex.<br \/>\nArabescato \u00e8 stato lanciato sul mercato nel 2014. Il Naso di questa fragranza \u00e8 Arturetto Landi. <\/p>\n<p>La nota di testa \u00e8 Miele ;<br \/>\nLe note di cuore sono Vaniglia e Mango;<br \/>\nLa nota di base \u00e8 Ambra. <\/p>\n","protected":false},"featured_media":81418,"comment_status":"open","ping_status":"closed","template":"","meta":{"_et_pb_use_builder":"","_et_pb_old_content":"","_et_gb_content_width":""},"product_brand":[],"product_cat":[7109,7100,7172,7098,7106,7108,7107],"product_tag":[],"class_list":{"0":"post-81419","1":"product","2":"type-product","3":"status-publish","4":"has-post-thumbnail","6":"product_cat-donna","7":"product_cat-in-vetrina","8":"product_cat-novita","9":"product_cat-default-category","10":"product_cat-profumi-default-category","11":"product_cat-unisex","12":"product_cat-uomo-profumi-default-category","13":"pa_categoria_desc-profumiunisex","14":"pa_confezione_desc-confezioneoriginalenotester","15":"pa_formato_filtro-100ml","16":"pa_manufacturer-iprofumidelmarmo","17":"pa_spedizione_gratuita-si","18":"pa_tipo_filtro-sprayeaudeparfum","20":"first","21":"outofstock","22":"shipping-taxable","23":"purchasable","24":"product-type-simple"},"yoast_head":"<!-- This site is optimized with the Yoast SEO plugin v27.4 - https:\/\/yoast.com\/product\/yoast-seo-wordpress\/ -->\n<title>I PROFUMI DEL MARMO ARABESCATO 100ML EAU DE PARFUM SPRAY<\/title>\n<meta name=\"robots\" content=\"index, follow, max-snippet:-1, max-image-preview:large, max-video-preview:-1\" \/>\n<link rel=\"canonical\" href=\"https:\/\/profumix.it\/en\/prodotto\/azzaro-visit-100ml-spray-eau-de-toilette-tester-183\/\" \/>\n<meta property=\"og:locale\" content=\"en_US\" \/>\n<meta property=\"og:type\" content=\"article\" \/>\n<meta property=\"og:title\" content=\"I PROFUMI DEL MARMO ARABESCATO 100ML EAU DE PARFUM SPRAY\" \/>\n<meta property=\"og:description\" content=\"Arabescato di I Profumi Del Marmo \u00e8 una fragranza del gruppo Orientale unisex.  Arabescato \u00e8 stato lanciato sul mercato nel 2014. Il Naso di questa fragranza \u00e8 Arturetto Landi.   La nota di testa \u00e8 Miele ;  Le note di cuore sono Vaniglia e Mango;  La nota di base \u00e8 Ambra.\" \/>\n<meta property=\"og:url\" content=\"https:\/\/profumix.it\/en\/prodotto\/azzaro-visit-100ml-spray-eau-de-toilette-tester-183\/\" \/>\n<meta property=\"og:site_name\" content=\"Profumix Perfumes\" \/>\n<meta property=\"article:publisher\" content=\"https:\/\/www.facebook.com\/profumix\" \/>\n<meta property=\"article:modified_time\" content=\"2022-10-19T10:12:59+00:00\" \/>\n<meta property=\"og:image\" content=\"https:\/\/profumix.it\/wp-content\/uploads\/2018\/08\/product_p_r_profumi_del_marmo_foto_gruppo.jpg\" \/>\n\t<meta property=\"og:image:width\" content=\"985\" \/>\n\t<meta property=\"og:image:height\" content=\"604\" \/>\n\t<meta property=\"og:image:type\" content=\"image\/jpeg\" \/>\n<meta name=\"twitter:card\" content=\"summary_large_image\" \/>\n<script type=\"application\/ld+json\" class=\"yoast-schema-graph\">{\"@context\":\"https:\\\/\\\/schema.org\",\"@graph\":[{\"@type\":\"WebPage\",\"@id\":\"https:\\\/\\\/profumix.it\\\/en\\\/prodotto\\\/azzaro-visit-100ml-spray-eau-de-toilette-tester-183\\\/\",\"url\":\"https:\\\/\\\/profumix.it\\\/en\\\/prodotto\\\/azzaro-visit-100ml-spray-eau-de-toilette-tester-183\\\/\",\"name\":\"I PROFUMI DEL MARMO ARABESCATO 100ML EAU DE PARFUM SPRAY\",\"isPartOf\":{\"@id\":\"https:\\\/\\\/profumix.it\\\/en\\\/#website\"},\"primaryImageOfPage\":{\"@id\":\"https:\\\/\\\/profumix.it\\\/en\\\/prodotto\\\/azzaro-visit-100ml-spray-eau-de-toilette-tester-183\\\/#primaryimage\"},\"image\":{\"@id\":\"https:\\\/\\\/profumix.it\\\/en\\\/prodotto\\\/azzaro-visit-100ml-spray-eau-de-toilette-tester-183\\\/#primaryimage\"},\"thumbnailUrl\":\"https:\\\/\\\/profumix.it\\\/wp-content\\\/uploads\\\/2018\\\/08\\\/product_p_r_profumi_del_marmo_foto_gruppo.jpg\",\"datePublished\":\"2018-08-01T06:27:42+00:00\",\"dateModified\":\"2022-10-19T10:12:59+00:00\",\"breadcrumb\":{\"@id\":\"https:\\\/\\\/profumix.it\\\/en\\\/prodotto\\\/azzaro-visit-100ml-spray-eau-de-toilette-tester-183\\\/#breadcrumb\"},\"inLanguage\":\"en-US\",\"potentialAction\":[{\"@type\":\"ReadAction\",\"target\":[\"https:\\\/\\\/profumix.it\\\/en\\\/prodotto\\\/azzaro-visit-100ml-spray-eau-de-toilette-tester-183\\\/\"]}]},{\"@type\":\"ImageObject\",\"inLanguage\":\"en-US\",\"@id\":\"https:\\\/\\\/profumix.it\\\/en\\\/prodotto\\\/azzaro-visit-100ml-spray-eau-de-toilette-tester-183\\\/#primaryimage\",\"url\":\"https:\\\/\\\/profumix.it\\\/wp-content\\\/uploads\\\/2018\\\/08\\\/product_p_r_profumi_del_marmo_foto_gruppo.jpg\",\"contentUrl\":\"https:\\\/\\\/profumix.it\\\/wp-content\\\/uploads\\\/2018\\\/08\\\/product_p_r_profumi_del_marmo_foto_gruppo.jpg\",\"width\":985,\"height\":604,\"caption\":\"I PROFUMI DEL MARMO ARABESCATO 100ML EAU DE PARFUM SPRAY\"},{\"@type\":\"BreadcrumbList\",\"@id\":\"https:\\\/\\\/profumix.it\\\/en\\\/prodotto\\\/azzaro-visit-100ml-spray-eau-de-toilette-tester-183\\\/#breadcrumb\",\"itemListElement\":[{\"@type\":\"ListItem\",\"position\":1,\"name\":\"Home\",\"item\":\"https:\\\/\\\/profumix.it\\\/en\\\/home\\\/\"},{\"@type\":\"ListItem\",\"position\":2,\"name\":\"Shop\",\"item\":\"https:\\\/\\\/profumix.it\\\/en\\\/shop\\\/\"},{\"@type\":\"ListItem\",\"position\":3,\"name\":\"I PROFUMI DEL MARMO ARABESCATO 100ML EAU DE PARFUM SPRAY\"}]},{\"@type\":\"WebSite\",\"@id\":\"https:\\\/\\\/profumix.it\\\/en\\\/#website\",\"url\":\"https:\\\/\\\/profumix.it\\\/en\\\/\",\"name\":\"Profumix Perfumes\",\"description\":\"\",\"potentialAction\":[{\"@type\":\"SearchAction\",\"target\":{\"@type\":\"EntryPoint\",\"urlTemplate\":\"https:\\\/\\\/profumix.it\\\/en\\\/?s={search_term_string}\"},\"query-input\":{\"@type\":\"PropertyValueSpecification\",\"valueRequired\":true,\"valueName\":\"search_term_string\"}}],\"inLanguage\":\"en-US\"}]}<\/script>\n<!-- \/ Yoast SEO plugin. -->","yoast_head_json":{"title":"I PROFUMI DEL MARMO ARABESCATO 100ML EAU DE PARFUM SPRAY","robots":{"index":"index","follow":"follow","max-snippet":"max-snippet:-1","max-image-preview":"max-image-preview:large","max-video-preview":"max-video-preview:-1"},"canonical":"https:\/\/profumix.it\/en\/prodotto\/azzaro-visit-100ml-spray-eau-de-toilette-tester-183\/","og_locale":"en_US","og_type":"article","og_title":"I PROFUMI DEL MARMO ARABESCATO 100ML EAU DE PARFUM SPRAY","og_description":"Arabescato di I Profumi Del Marmo \u00e8 una fragranza del gruppo Orientale unisex.  Arabescato \u00e8 stato lanciato sul mercato nel 2014. Il Naso di questa fragranza \u00e8 Arturetto Landi.   La nota di testa \u00e8 Miele ;  Le note di cuore sono Vaniglia e Mango;  La nota di base \u00e8 Ambra.","og_url":"https:\/\/profumix.it\/en\/prodotto\/azzaro-visit-100ml-spray-eau-de-toilette-tester-183\/","og_site_name":"Profumix Perfumes","article_publisher":"https:\/\/www.facebook.com\/profumix","article_modified_time":"2022-10-19T10:12:59+00:00","og_image":[{"width":985,"height":604,"url":"https:\/\/profumix.it\/wp-content\/uploads\/2018\/08\/product_p_r_profumi_del_marmo_foto_gruppo.jpg","type":"image\/jpeg"}],"twitter_card":"summary_large_image","schema":{"@context":"https:\/\/schema.org","@graph":[{"@type":"WebPage","@id":"https:\/\/profumix.it\/en\/prodotto\/azzaro-visit-100ml-spray-eau-de-toilette-tester-183\/","url":"https:\/\/profumix.it\/en\/prodotto\/azzaro-visit-100ml-spray-eau-de-toilette-tester-183\/","name":"I PROFUMI DEL MARMO ARABESCATO 100ML EAU DE PARFUM SPRAY","isPartOf":{"@id":"https:\/\/profumix.it\/en\/#website"},"primaryImageOfPage":{"@id":"https:\/\/profumix.it\/en\/prodotto\/azzaro-visit-100ml-spray-eau-de-toilette-tester-183\/#primaryimage"},"image":{"@id":"https:\/\/profumix.it\/en\/prodotto\/azzaro-visit-100ml-spray-eau-de-toilette-tester-183\/#primaryimage"},"thumbnailUrl":"https:\/\/profumix.it\/wp-content\/uploads\/2018\/08\/product_p_r_profumi_del_marmo_foto_gruppo.jpg","datePublished":"2018-08-01T06:27:42+00:00","dateModified":"2022-10-19T10:12:59+00:00","breadcrumb":{"@id":"https:\/\/profumix.it\/en\/prodotto\/azzaro-visit-100ml-spray-eau-de-toilette-tester-183\/#breadcrumb"},"inLanguage":"en-US","potentialAction":[{"@type":"ReadAction","target":["https:\/\/profumix.it\/en\/prodotto\/azzaro-visit-100ml-spray-eau-de-toilette-tester-183\/"]}]},{"@type":"ImageObject","inLanguage":"en-US","@id":"https:\/\/profumix.it\/en\/prodotto\/azzaro-visit-100ml-spray-eau-de-toilette-tester-183\/#primaryimage","url":"https:\/\/profumix.it\/wp-content\/uploads\/2018\/08\/product_p_r_profumi_del_marmo_foto_gruppo.jpg","contentUrl":"https:\/\/profumix.it\/wp-content\/uploads\/2018\/08\/product_p_r_profumi_del_marmo_foto_gruppo.jpg","width":985,"height":604,"caption":"I PROFUMI DEL MARMO ARABESCATO 100ML EAU DE PARFUM SPRAY"},{"@type":"BreadcrumbList","@id":"https:\/\/profumix.it\/en\/prodotto\/azzaro-visit-100ml-spray-eau-de-toilette-tester-183\/#breadcrumb","itemListElement":[{"@type":"ListItem","position":1,"name":"Home","item":"https:\/\/profumix.it\/en\/home\/"},{"@type":"ListItem","position":2,"name":"Shop","item":"https:\/\/profumix.it\/en\/shop\/"},{"@type":"ListItem","position":3,"name":"I PROFUMI DEL MARMO ARABESCATO 100ML EAU DE PARFUM SPRAY"}]},{"@type":"WebSite","@id":"https:\/\/profumix.it\/en\/#website","url":"https:\/\/profumix.it\/en\/","name":"Profumix Perfumes","description":"","potentialAction":[{"@type":"SearchAction","target":{"@type":"EntryPoint","urlTemplate":"https:\/\/profumix.it\/en\/?s={search_term_string}"},"query-input":{"@type":"PropertyValueSpecification","valueRequired":true,"valueName":"search_term_string"}}],"inLanguage":"en-US"}]}},"_links":{"self":[{"href":"https:\/\/profumix.it\/en\/wp-json\/wp\/v2\/product\/81419","targetHints":{"allow":["GET"]}}],"collection":[{"href":"https:\/\/profumix.it\/en\/wp-json\/wp\/v2\/product"}],"about":[{"href":"https:\/\/profumix.it\/en\/wp-json\/wp\/v2\/types\/product"}],"replies":[{"embeddable":true,"href":"https:\/\/profumix.it\/en\/wp-json\/wp\/v2\/comments?post=81419"}],"wp:featuredmedia":[{"embeddable":true,"href":"https:\/\/profumix.it\/en\/wp-json\/wp\/v2\/media\/81418"}],"wp:attachment":[{"href":"https:\/\/profumix.it\/en\/wp-json\/wp\/v2\/media?parent=81419"}],"wp:term":[{"taxonomy":"product_brand","embeddable":true,"href":"https:\/\/profumix.it\/en\/wp-json\/wp\/v2\/product_brand?post=81419"},{"taxonomy":"product_cat","embeddable":true,"href":"https:\/\/profumix.it\/en\/wp-json\/wp\/v2\/product_cat?post=81419"},{"taxonomy":"product_tag","embeddable":true,"href":"https:\/\/profumix.it\/en\/wp-json\/wp\/v2\/product_tag?post=81419"}],"curies":[{"name":"wp","href":"https:\/\/api.w.org\/{rel}","templated":true}]}}