{"id":81425,"date":"2018-08-02T09:56:04","date_gmt":"2018-08-02T07:56:04","guid":{"rendered":"https:\/\/profumix.it\/prodotto\/narciso-rodriguez-bleu-noir-for-him-50ml-spray-eau-de-parfum\/"},"modified":"2024-08-14T12:31:55","modified_gmt":"2024-08-14T10:31:55","slug":"narciso-rodriguez-bleu-noir-for-him-50ml-spray-eau-de-parfum","status":"publish","type":"product","link":"https:\/\/profumix.it\/en\/prodotto\/narciso-rodriguez-bleu-noir-for-him-50ml-spray-eau-de-parfum\/","title":{"rendered":"NARCISO RODRIGUEZ BLEU NOIR FOR HIM 50ML SPRAY EAU DE PARFUM"},"content":{"rendered":"<p>Narciso Rodriguez for Him Bleu Noir di Narciso Rodriguez \u00e8 una fragranza del gruppo Legnoso Speziato da uomo. E&#8217; una nuova fragranza. Narciso Rodriguez for Him Bleu Noir \u00e8 stato lanciato sul mercato nel 2015. Il Naso di questa fragranza \u00e8 Sonia Constant.<br \/>\nLe note di testa sono Noce Moscata e Cardamomo;<br \/>\nla nota di cuore \u00e8 Muschio Animale;<br \/>\nle note di base sono Legno di Ebano, Cedro, Vetiver e Ambra. <\/p>\n","protected":false},"excerpt":{"rendered":"<p>Narciso Rodriguez for Him Bleu Noir di Narciso Rodriguez \u00e8 una fragranza del gruppo Legnoso Speziato da uomo. E&#8217; una nuova fragranza. Narciso Rodriguez for Him Bleu Noir \u00e8 stato lanciato sul mercato nel 2015. Il Naso di questa fragranza \u00e8 Sonia Constant.<br \/>\nLe note di testa sono Noce Moscata e Cardamomo;<br \/>\nla nota di cuore \u00e8 Muschio Animale;<br \/>\nle note di base sono Legno di Ebano, Cedro, Vetiver e Ambra. <\/p>\n","protected":false},"featured_media":81424,"comment_status":"open","ping_status":"closed","template":"","meta":{"_et_pb_use_builder":"","_et_pb_old_content":"","_et_gb_content_width":""},"product_brand":[],"product_cat":[7099,7098,7106,7107],"product_tag":[],"class_list":{"0":"post-81425","1":"product","2":"type-product","3":"status-publish","4":"has-post-thumbnail","6":"product_cat-offerte-da-non-perdere-default-category","7":"product_cat-default-category","8":"product_cat-profumi-default-category","9":"product_cat-uomo-profumi-default-category","10":"pa_bollino-offerta_speciale","11":"pa_categoria_desc-profumiuomo","12":"pa_confezione_desc-confezioneoriginalenotester","13":"pa_formato_filtro-50ml","14":"pa_manufacturer-narcisorodriguez","15":"pa_sconto_desc-6891","16":"pa_spedizione_gratuita-no","17":"pa_tipo_filtro-sprayeaudeparfum","19":"first","20":"outofstock","21":"sale","22":"shipping-taxable","23":"purchasable","24":"product-type-simple"},"yoast_head":"<!-- This site is optimized with the Yoast SEO plugin v27.4 - https:\/\/yoast.com\/product\/yoast-seo-wordpress\/ -->\n<title>NARCISO RODRIGUEZ BLEU NOIR FOR HIM 50ML SPRAY EAU DE PARFUM<\/title>\n<meta name=\"robots\" content=\"index, follow, max-snippet:-1, max-image-preview:large, max-video-preview:-1\" \/>\n<link rel=\"canonical\" href=\"https:\/\/profumix.it\/en\/prodotto\/narciso-rodriguez-bleu-noir-for-him-50ml-spray-eau-de-parfum\/\" \/>\n<meta property=\"og:locale\" content=\"en_US\" \/>\n<meta property=\"og:type\" content=\"article\" \/>\n<meta property=\"og:title\" content=\"NARCISO RODRIGUEZ BLEU NOIR FOR HIM 50ML SPRAY EAU DE PARFUM\" \/>\n<meta property=\"og:description\" content=\"Narciso Rodriguez for Him Bleu Noir di Narciso Rodriguez \u00e8 una fragranza del gruppo Legnoso Speziato da uomo. E&#039; una nuova fragranza. Narciso Rodriguez for Him Bleu Noir \u00e8 stato lanciato sul mercato nel 2015. Il Naso di questa fragranza \u00e8 Sonia Constant.  Le note di testa sono Noce Moscata e Cardamomo;  la nota di cuore \u00e8 Muschio Animale;  le note di base sono Legno di Ebano, Cedro, Vetiver e Ambra.\" \/>\n<meta property=\"og:url\" content=\"https:\/\/profumix.it\/en\/prodotto\/narciso-rodriguez-bleu-noir-for-him-50ml-spray-eau-de-parfum\/\" \/>\n<meta property=\"og:site_name\" content=\"Profumix Perfumes\" \/>\n<meta property=\"article:publisher\" content=\"https:\/\/www.facebook.com\/profumix\" \/>\n<meta property=\"article:modified_time\" content=\"2024-08-14T10:31:55+00:00\" \/>\n<meta property=\"og:image\" content=\"https:\/\/profumix.it\/wp-content\/uploads\/2018\/08\/product_n_a_narciso-rodriguez-blue-noir-for-him-50ml-spray-eau_de_parfum.jpg\" \/>\n\t<meta property=\"og:image:width\" content=\"700\" \/>\n\t<meta property=\"og:image:height\" content=\"700\" \/>\n\t<meta property=\"og:image:type\" content=\"image\/jpeg\" \/>\n<meta name=\"twitter:card\" content=\"summary_large_image\" \/>\n<script type=\"application\/ld+json\" class=\"yoast-schema-graph\">{\"@context\":\"https:\\\/\\\/schema.org\",\"@graph\":[{\"@type\":\"WebPage\",\"@id\":\"https:\\\/\\\/profumix.it\\\/en\\\/prodotto\\\/narciso-rodriguez-bleu-noir-for-him-50ml-spray-eau-de-parfum\\\/\",\"url\":\"https:\\\/\\\/profumix.it\\\/en\\\/prodotto\\\/narciso-rodriguez-bleu-noir-for-him-50ml-spray-eau-de-parfum\\\/\",\"name\":\"NARCISO RODRIGUEZ BLEU NOIR FOR HIM 50ML SPRAY EAU DE PARFUM\",\"isPartOf\":{\"@id\":\"https:\\\/\\\/profumix.it\\\/en\\\/#website\"},\"primaryImageOfPage\":{\"@id\":\"https:\\\/\\\/profumix.it\\\/en\\\/prodotto\\\/narciso-rodriguez-bleu-noir-for-him-50ml-spray-eau-de-parfum\\\/#primaryimage\"},\"image\":{\"@id\":\"https:\\\/\\\/profumix.it\\\/en\\\/prodotto\\\/narciso-rodriguez-bleu-noir-for-him-50ml-spray-eau-de-parfum\\\/#primaryimage\"},\"thumbnailUrl\":\"https:\\\/\\\/profumix.it\\\/wp-content\\\/uploads\\\/2018\\\/08\\\/product_n_a_narciso-rodriguez-blue-noir-for-him-50ml-spray-eau_de_parfum.jpg\",\"datePublished\":\"2018-08-02T07:56:04+00:00\",\"dateModified\":\"2024-08-14T10:31:55+00:00\",\"breadcrumb\":{\"@id\":\"https:\\\/\\\/profumix.it\\\/en\\\/prodotto\\\/narciso-rodriguez-bleu-noir-for-him-50ml-spray-eau-de-parfum\\\/#breadcrumb\"},\"inLanguage\":\"en-US\",\"potentialAction\":[{\"@type\":\"ReadAction\",\"target\":[\"https:\\\/\\\/profumix.it\\\/en\\\/prodotto\\\/narciso-rodriguez-bleu-noir-for-him-50ml-spray-eau-de-parfum\\\/\"]}]},{\"@type\":\"ImageObject\",\"inLanguage\":\"en-US\",\"@id\":\"https:\\\/\\\/profumix.it\\\/en\\\/prodotto\\\/narciso-rodriguez-bleu-noir-for-him-50ml-spray-eau-de-parfum\\\/#primaryimage\",\"url\":\"https:\\\/\\\/profumix.it\\\/wp-content\\\/uploads\\\/2018\\\/08\\\/product_n_a_narciso-rodriguez-blue-noir-for-him-50ml-spray-eau_de_parfum.jpg\",\"contentUrl\":\"https:\\\/\\\/profumix.it\\\/wp-content\\\/uploads\\\/2018\\\/08\\\/product_n_a_narciso-rodriguez-blue-noir-for-him-50ml-spray-eau_de_parfum.jpg\",\"width\":700,\"height\":700,\"caption\":\"NARCISO RODRIGUEZ BLEU NOIR FOR HIM 50ML SPRAY EAU DE PARFUM\"},{\"@type\":\"BreadcrumbList\",\"@id\":\"https:\\\/\\\/profumix.it\\\/en\\\/prodotto\\\/narciso-rodriguez-bleu-noir-for-him-50ml-spray-eau-de-parfum\\\/#breadcrumb\",\"itemListElement\":[{\"@type\":\"ListItem\",\"position\":1,\"name\":\"Home\",\"item\":\"https:\\\/\\\/profumix.it\\\/en\\\/home\\\/\"},{\"@type\":\"ListItem\",\"position\":2,\"name\":\"Shop\",\"item\":\"https:\\\/\\\/profumix.it\\\/en\\\/shop\\\/\"},{\"@type\":\"ListItem\",\"position\":3,\"name\":\"NARCISO RODRIGUEZ BLEU NOIR FOR HIM 50ML SPRAY EAU DE PARFUM\"}]},{\"@type\":\"WebSite\",\"@id\":\"https:\\\/\\\/profumix.it\\\/en\\\/#website\",\"url\":\"https:\\\/\\\/profumix.it\\\/en\\\/\",\"name\":\"Profumix Perfumes\",\"description\":\"\",\"potentialAction\":[{\"@type\":\"SearchAction\",\"target\":{\"@type\":\"EntryPoint\",\"urlTemplate\":\"https:\\\/\\\/profumix.it\\\/en\\\/?s={search_term_string}\"},\"query-input\":{\"@type\":\"PropertyValueSpecification\",\"valueRequired\":true,\"valueName\":\"search_term_string\"}}],\"inLanguage\":\"en-US\"}]}<\/script>\n<!-- \/ Yoast SEO plugin. -->","yoast_head_json":{"title":"NARCISO RODRIGUEZ BLEU NOIR FOR HIM 50ML SPRAY EAU DE PARFUM","robots":{"index":"index","follow":"follow","max-snippet":"max-snippet:-1","max-image-preview":"max-image-preview:large","max-video-preview":"max-video-preview:-1"},"canonical":"https:\/\/profumix.it\/en\/prodotto\/narciso-rodriguez-bleu-noir-for-him-50ml-spray-eau-de-parfum\/","og_locale":"en_US","og_type":"article","og_title":"NARCISO RODRIGUEZ BLEU NOIR FOR HIM 50ML SPRAY EAU DE PARFUM","og_description":"Narciso Rodriguez for Him Bleu Noir di Narciso Rodriguez \u00e8 una fragranza del gruppo Legnoso Speziato da uomo. E' una nuova fragranza. Narciso Rodriguez for Him Bleu Noir \u00e8 stato lanciato sul mercato nel 2015. Il Naso di questa fragranza \u00e8 Sonia Constant.  Le note di testa sono Noce Moscata e Cardamomo;  la nota di cuore \u00e8 Muschio Animale;  le note di base sono Legno di Ebano, Cedro, Vetiver e Ambra.","og_url":"https:\/\/profumix.it\/en\/prodotto\/narciso-rodriguez-bleu-noir-for-him-50ml-spray-eau-de-parfum\/","og_site_name":"Profumix Perfumes","article_publisher":"https:\/\/www.facebook.com\/profumix","article_modified_time":"2024-08-14T10:31:55+00:00","og_image":[{"width":700,"height":700,"url":"https:\/\/profumix.it\/wp-content\/uploads\/2018\/08\/product_n_a_narciso-rodriguez-blue-noir-for-him-50ml-spray-eau_de_parfum.jpg","type":"image\/jpeg"}],"twitter_card":"summary_large_image","schema":{"@context":"https:\/\/schema.org","@graph":[{"@type":"WebPage","@id":"https:\/\/profumix.it\/en\/prodotto\/narciso-rodriguez-bleu-noir-for-him-50ml-spray-eau-de-parfum\/","url":"https:\/\/profumix.it\/en\/prodotto\/narciso-rodriguez-bleu-noir-for-him-50ml-spray-eau-de-parfum\/","name":"NARCISO RODRIGUEZ BLEU NOIR FOR HIM 50ML SPRAY EAU DE PARFUM","isPartOf":{"@id":"https:\/\/profumix.it\/en\/#website"},"primaryImageOfPage":{"@id":"https:\/\/profumix.it\/en\/prodotto\/narciso-rodriguez-bleu-noir-for-him-50ml-spray-eau-de-parfum\/#primaryimage"},"image":{"@id":"https:\/\/profumix.it\/en\/prodotto\/narciso-rodriguez-bleu-noir-for-him-50ml-spray-eau-de-parfum\/#primaryimage"},"thumbnailUrl":"https:\/\/profumix.it\/wp-content\/uploads\/2018\/08\/product_n_a_narciso-rodriguez-blue-noir-for-him-50ml-spray-eau_de_parfum.jpg","datePublished":"2018-08-02T07:56:04+00:00","dateModified":"2024-08-14T10:31:55+00:00","breadcrumb":{"@id":"https:\/\/profumix.it\/en\/prodotto\/narciso-rodriguez-bleu-noir-for-him-50ml-spray-eau-de-parfum\/#breadcrumb"},"inLanguage":"en-US","potentialAction":[{"@type":"ReadAction","target":["https:\/\/profumix.it\/en\/prodotto\/narciso-rodriguez-bleu-noir-for-him-50ml-spray-eau-de-parfum\/"]}]},{"@type":"ImageObject","inLanguage":"en-US","@id":"https:\/\/profumix.it\/en\/prodotto\/narciso-rodriguez-bleu-noir-for-him-50ml-spray-eau-de-parfum\/#primaryimage","url":"https:\/\/profumix.it\/wp-content\/uploads\/2018\/08\/product_n_a_narciso-rodriguez-blue-noir-for-him-50ml-spray-eau_de_parfum.jpg","contentUrl":"https:\/\/profumix.it\/wp-content\/uploads\/2018\/08\/product_n_a_narciso-rodriguez-blue-noir-for-him-50ml-spray-eau_de_parfum.jpg","width":700,"height":700,"caption":"NARCISO RODRIGUEZ BLEU NOIR FOR HIM 50ML SPRAY EAU DE PARFUM"},{"@type":"BreadcrumbList","@id":"https:\/\/profumix.it\/en\/prodotto\/narciso-rodriguez-bleu-noir-for-him-50ml-spray-eau-de-parfum\/#breadcrumb","itemListElement":[{"@type":"ListItem","position":1,"name":"Home","item":"https:\/\/profumix.it\/en\/home\/"},{"@type":"ListItem","position":2,"name":"Shop","item":"https:\/\/profumix.it\/en\/shop\/"},{"@type":"ListItem","position":3,"name":"NARCISO RODRIGUEZ BLEU NOIR FOR HIM 50ML SPRAY EAU DE PARFUM"}]},{"@type":"WebSite","@id":"https:\/\/profumix.it\/en\/#website","url":"https:\/\/profumix.it\/en\/","name":"Profumix Perfumes","description":"","potentialAction":[{"@type":"SearchAction","target":{"@type":"EntryPoint","urlTemplate":"https:\/\/profumix.it\/en\/?s={search_term_string}"},"query-input":{"@type":"PropertyValueSpecification","valueRequired":true,"valueName":"search_term_string"}}],"inLanguage":"en-US"}]}},"_links":{"self":[{"href":"https:\/\/profumix.it\/en\/wp-json\/wp\/v2\/product\/81425","targetHints":{"allow":["GET"]}}],"collection":[{"href":"https:\/\/profumix.it\/en\/wp-json\/wp\/v2\/product"}],"about":[{"href":"https:\/\/profumix.it\/en\/wp-json\/wp\/v2\/types\/product"}],"replies":[{"embeddable":true,"href":"https:\/\/profumix.it\/en\/wp-json\/wp\/v2\/comments?post=81425"}],"wp:featuredmedia":[{"embeddable":true,"href":"https:\/\/profumix.it\/en\/wp-json\/wp\/v2\/media\/81424"}],"wp:attachment":[{"href":"https:\/\/profumix.it\/en\/wp-json\/wp\/v2\/media?parent=81425"}],"wp:term":[{"taxonomy":"product_brand","embeddable":true,"href":"https:\/\/profumix.it\/en\/wp-json\/wp\/v2\/product_brand?post=81425"},{"taxonomy":"product_cat","embeddable":true,"href":"https:\/\/profumix.it\/en\/wp-json\/wp\/v2\/product_cat?post=81425"},{"taxonomy":"product_tag","embeddable":true,"href":"https:\/\/profumix.it\/en\/wp-json\/wp\/v2\/product_tag?post=81425"}],"curies":[{"name":"wp","href":"https:\/\/api.w.org\/{rel}","templated":true}]}}