{"id":83475,"date":"2022-10-19T11:45:50","date_gmt":"2022-10-19T09:45:50","guid":{"rendered":"https:\/\/profumix.it\/?post_type=product&#038;p=83475"},"modified":"2022-10-19T11:46:06","modified_gmt":"2022-10-19T09:46:06","slug":"elizabeth-arden-green-tea-scent-100ml-spray-eau-de-toilette-disabled","status":"publish","type":"product","link":"https:\/\/profumix.it\/en\/prodotto\/elizabeth-arden-green-tea-scent-100ml-spray-eau-de-toilette-disabled\/","title":{"rendered":"ELIZABETH ARDEN GREEN TEA CHERRY BLOSSOM SPRAY 100ML SPRAY EDT"},"content":{"rendered":"<p>Green Tea Cherry Blossom di Elizabeth Arden \u00e8 una fragranza del gruppo Floreale Legnoso Muschiato da donna. <\/p>\n<p>Le note di testa sono T\u00e8 Verde, Limone, Bergamotto, Petitgrain, Tangerino e Mandorla Dolce;<br \/>\nLe note di cuore sono T\u00e8, Fiore di Ciliegio, Peonia, Albicocca e Prugna;<br \/>\nLe note di base sono Betulla, Giglio Bianco, Muschio, Muschio di Quercia e Eliotropio. <\/p>\n","protected":false},"excerpt":{"rendered":"<p>Green Tea Cherry Blossom di Elizabeth Arden \u00e8 una fragranza del gruppo Floreale Legnoso Muschiato da donna. <\/p>\n<p>Le note di testa sono T\u00e8 Verde, Limone, Bergamotto, Petitgrain, Tangerino e Mandorla Dolce;<br \/>\nLe note di cuore sono T\u00e8, Fiore di Ciliegio, Peonia, Albicocca e Prugna;<br \/>\nLe note di base sono Betulla, Giglio Bianco, Muschio, Muschio di Quercia e Eliotropio. <\/p>\n","protected":false},"featured_media":83474,"comment_status":"open","ping_status":"closed","template":"","meta":{"_et_pb_use_builder":"","_et_pb_old_content":"","_et_gb_content_width":""},"product_brand":[],"product_cat":[7109,7099,7098,7106],"product_tag":[],"class_list":{"0":"post-83475","1":"product","2":"type-product","3":"status-publish","4":"has-post-thumbnail","6":"product_cat-donna","7":"product_cat-offerte-da-non-perdere-default-category","8":"product_cat-default-category","9":"product_cat-profumi-default-category","10":"pa_bollino-offerta_speciale","11":"pa_categoria_desc-profumidonna","12":"pa_confezione_desc-21-scatolaoriginaleblisterata","13":"pa_formato_filtro-100ml","14":"pa_manufacturer-elizabetharden","15":"pa_sconto_desc-6937","16":"pa_spedizione_gratuita-no","17":"pa_tipo_filtro-spray","19":"first","20":"outofstock","21":"sale","22":"shipping-taxable","23":"purchasable","24":"product-type-simple"},"yoast_head":"<!-- This site is optimized with the Yoast SEO plugin v27.4 - https:\/\/yoast.com\/product\/yoast-seo-wordpress\/ -->\n<title>ELIZABETH ARDEN GREEN TEA CHERRY BLOSSOM SPRAY 100ML SPRAY EAU DE TOILETTE<\/title>\n<meta name=\"robots\" content=\"index, follow, max-snippet:-1, max-image-preview:large, max-video-preview:-1\" \/>\n<link rel=\"canonical\" href=\"https:\/\/profumix.it\/en\/prodotto\/elizabeth-arden-green-tea-scent-100ml-spray-eau-de-toilette-disabled\/\" \/>\n<meta property=\"og:locale\" content=\"en_US\" \/>\n<meta property=\"og:type\" content=\"article\" \/>\n<meta property=\"og:title\" content=\"ELIZABETH ARDEN GREEN TEA CHERRY BLOSSOM SPRAY 100ML SPRAY EAU DE TOILETTE\" \/>\n<meta property=\"og:description\" content=\"Green Tea Cherry Blossom di Elizabeth Arden \u00e8 una fragranza del gruppo Floreale Legnoso Muschiato da donna.   Le note di testa sono T\u00e8 Verde, Limone, Bergamotto, Petitgrain, Tangerino e Mandorla Dolce;  Le note di cuore sono T\u00e8, Fiore di Ciliegio, Peonia, Albicocca e Prugna;  Le note di base sono Betulla, Giglio Bianco, Muschio, Muschio di Quercia e Eliotropio.\" \/>\n<meta property=\"og:url\" content=\"https:\/\/profumix.it\/en\/prodotto\/elizabeth-arden-green-tea-scent-100ml-spray-eau-de-toilette-disabled\/\" \/>\n<meta property=\"og:site_name\" content=\"Profumix Perfumes\" \/>\n<meta property=\"article:publisher\" content=\"https:\/\/www.facebook.com\/profumix\" \/>\n<meta property=\"article:modified_time\" content=\"2022-10-19T09:46:06+00:00\" \/>\n<meta property=\"og:image\" content=\"https:\/\/profumix.it\/wp-content\/uploads\/2021\/02\/product_e_l_elisabeth_a.gren_tea_cherry_blossom.jpg\" \/>\n\t<meta property=\"og:image:width\" content=\"1600\" \/>\n\t<meta property=\"og:image:height\" content=\"1600\" \/>\n\t<meta property=\"og:image:type\" content=\"image\/jpeg\" \/>\n<meta name=\"twitter:card\" content=\"summary_large_image\" \/>\n<script type=\"application\/ld+json\" class=\"yoast-schema-graph\">{\"@context\":\"https:\\\/\\\/schema.org\",\"@graph\":[{\"@type\":\"WebPage\",\"@id\":\"https:\\\/\\\/profumix.it\\\/en\\\/prodotto\\\/elizabeth-arden-green-tea-scent-100ml-spray-eau-de-toilette-disabled\\\/\",\"url\":\"https:\\\/\\\/profumix.it\\\/en\\\/prodotto\\\/elizabeth-arden-green-tea-scent-100ml-spray-eau-de-toilette-disabled\\\/\",\"name\":\"ELIZABETH ARDEN GREEN TEA CHERRY BLOSSOM SPRAY 100ML SPRAY EAU DE TOILETTE\",\"isPartOf\":{\"@id\":\"https:\\\/\\\/profumix.it\\\/en\\\/#website\"},\"primaryImageOfPage\":{\"@id\":\"https:\\\/\\\/profumix.it\\\/en\\\/prodotto\\\/elizabeth-arden-green-tea-scent-100ml-spray-eau-de-toilette-disabled\\\/#primaryimage\"},\"image\":{\"@id\":\"https:\\\/\\\/profumix.it\\\/en\\\/prodotto\\\/elizabeth-arden-green-tea-scent-100ml-spray-eau-de-toilette-disabled\\\/#primaryimage\"},\"thumbnailUrl\":\"https:\\\/\\\/profumix.it\\\/wp-content\\\/uploads\\\/2021\\\/02\\\/product_e_l_elisabeth_a.gren_tea_cherry_blossom.jpg\",\"datePublished\":\"2022-10-19T09:45:50+00:00\",\"dateModified\":\"2022-10-19T09:46:06+00:00\",\"breadcrumb\":{\"@id\":\"https:\\\/\\\/profumix.it\\\/en\\\/prodotto\\\/elizabeth-arden-green-tea-scent-100ml-spray-eau-de-toilette-disabled\\\/#breadcrumb\"},\"inLanguage\":\"en-US\",\"potentialAction\":[{\"@type\":\"ReadAction\",\"target\":[\"https:\\\/\\\/profumix.it\\\/en\\\/prodotto\\\/elizabeth-arden-green-tea-scent-100ml-spray-eau-de-toilette-disabled\\\/\"]}]},{\"@type\":\"ImageObject\",\"inLanguage\":\"en-US\",\"@id\":\"https:\\\/\\\/profumix.it\\\/en\\\/prodotto\\\/elizabeth-arden-green-tea-scent-100ml-spray-eau-de-toilette-disabled\\\/#primaryimage\",\"url\":\"https:\\\/\\\/profumix.it\\\/wp-content\\\/uploads\\\/2021\\\/02\\\/product_e_l_elisabeth_a.gren_tea_cherry_blossom.jpg\",\"contentUrl\":\"https:\\\/\\\/profumix.it\\\/wp-content\\\/uploads\\\/2021\\\/02\\\/product_e_l_elisabeth_a.gren_tea_cherry_blossom.jpg\",\"width\":1600,\"height\":1600,\"caption\":\"ELIZABETH ARDEN GREEN TEA CHERRY BLOSSOM SPRAY 100ML SPRAY EAU DE TOILETTE\"},{\"@type\":\"BreadcrumbList\",\"@id\":\"https:\\\/\\\/profumix.it\\\/en\\\/prodotto\\\/elizabeth-arden-green-tea-scent-100ml-spray-eau-de-toilette-disabled\\\/#breadcrumb\",\"itemListElement\":[{\"@type\":\"ListItem\",\"position\":1,\"name\":\"Home\",\"item\":\"https:\\\/\\\/profumix.it\\\/en\\\/home\\\/\"},{\"@type\":\"ListItem\",\"position\":2,\"name\":\"Shop\",\"item\":\"https:\\\/\\\/profumix.it\\\/en\\\/shop\\\/\"},{\"@type\":\"ListItem\",\"position\":3,\"name\":\"ELIZABETH ARDEN GREEN TEA CHERRY BLOSSOM SPRAY 100ML SPRAY EDT\"}]},{\"@type\":\"WebSite\",\"@id\":\"https:\\\/\\\/profumix.it\\\/en\\\/#website\",\"url\":\"https:\\\/\\\/profumix.it\\\/en\\\/\",\"name\":\"Profumix Perfumes\",\"description\":\"\",\"potentialAction\":[{\"@type\":\"SearchAction\",\"target\":{\"@type\":\"EntryPoint\",\"urlTemplate\":\"https:\\\/\\\/profumix.it\\\/en\\\/?s={search_term_string}\"},\"query-input\":{\"@type\":\"PropertyValueSpecification\",\"valueRequired\":true,\"valueName\":\"search_term_string\"}}],\"inLanguage\":\"en-US\"}]}<\/script>\n<!-- \/ Yoast SEO plugin. -->","yoast_head_json":{"title":"ELIZABETH ARDEN GREEN TEA CHERRY BLOSSOM SPRAY 100ML SPRAY EAU DE TOILETTE","robots":{"index":"index","follow":"follow","max-snippet":"max-snippet:-1","max-image-preview":"max-image-preview:large","max-video-preview":"max-video-preview:-1"},"canonical":"https:\/\/profumix.it\/en\/prodotto\/elizabeth-arden-green-tea-scent-100ml-spray-eau-de-toilette-disabled\/","og_locale":"en_US","og_type":"article","og_title":"ELIZABETH ARDEN GREEN TEA CHERRY BLOSSOM SPRAY 100ML SPRAY EAU DE TOILETTE","og_description":"Green Tea Cherry Blossom di Elizabeth Arden \u00e8 una fragranza del gruppo Floreale Legnoso Muschiato da donna.   Le note di testa sono T\u00e8 Verde, Limone, Bergamotto, Petitgrain, Tangerino e Mandorla Dolce;  Le note di cuore sono T\u00e8, Fiore di Ciliegio, Peonia, Albicocca e Prugna;  Le note di base sono Betulla, Giglio Bianco, Muschio, Muschio di Quercia e Eliotropio.","og_url":"https:\/\/profumix.it\/en\/prodotto\/elizabeth-arden-green-tea-scent-100ml-spray-eau-de-toilette-disabled\/","og_site_name":"Profumix Perfumes","article_publisher":"https:\/\/www.facebook.com\/profumix","article_modified_time":"2022-10-19T09:46:06+00:00","og_image":[{"width":1600,"height":1600,"url":"https:\/\/profumix.it\/wp-content\/uploads\/2021\/02\/product_e_l_elisabeth_a.gren_tea_cherry_blossom.jpg","type":"image\/jpeg"}],"twitter_card":"summary_large_image","schema":{"@context":"https:\/\/schema.org","@graph":[{"@type":"WebPage","@id":"https:\/\/profumix.it\/en\/prodotto\/elizabeth-arden-green-tea-scent-100ml-spray-eau-de-toilette-disabled\/","url":"https:\/\/profumix.it\/en\/prodotto\/elizabeth-arden-green-tea-scent-100ml-spray-eau-de-toilette-disabled\/","name":"ELIZABETH ARDEN GREEN TEA CHERRY BLOSSOM SPRAY 100ML SPRAY EAU DE TOILETTE","isPartOf":{"@id":"https:\/\/profumix.it\/en\/#website"},"primaryImageOfPage":{"@id":"https:\/\/profumix.it\/en\/prodotto\/elizabeth-arden-green-tea-scent-100ml-spray-eau-de-toilette-disabled\/#primaryimage"},"image":{"@id":"https:\/\/profumix.it\/en\/prodotto\/elizabeth-arden-green-tea-scent-100ml-spray-eau-de-toilette-disabled\/#primaryimage"},"thumbnailUrl":"https:\/\/profumix.it\/wp-content\/uploads\/2021\/02\/product_e_l_elisabeth_a.gren_tea_cherry_blossom.jpg","datePublished":"2022-10-19T09:45:50+00:00","dateModified":"2022-10-19T09:46:06+00:00","breadcrumb":{"@id":"https:\/\/profumix.it\/en\/prodotto\/elizabeth-arden-green-tea-scent-100ml-spray-eau-de-toilette-disabled\/#breadcrumb"},"inLanguage":"en-US","potentialAction":[{"@type":"ReadAction","target":["https:\/\/profumix.it\/en\/prodotto\/elizabeth-arden-green-tea-scent-100ml-spray-eau-de-toilette-disabled\/"]}]},{"@type":"ImageObject","inLanguage":"en-US","@id":"https:\/\/profumix.it\/en\/prodotto\/elizabeth-arden-green-tea-scent-100ml-spray-eau-de-toilette-disabled\/#primaryimage","url":"https:\/\/profumix.it\/wp-content\/uploads\/2021\/02\/product_e_l_elisabeth_a.gren_tea_cherry_blossom.jpg","contentUrl":"https:\/\/profumix.it\/wp-content\/uploads\/2021\/02\/product_e_l_elisabeth_a.gren_tea_cherry_blossom.jpg","width":1600,"height":1600,"caption":"ELIZABETH ARDEN GREEN TEA CHERRY BLOSSOM SPRAY 100ML SPRAY EAU DE TOILETTE"},{"@type":"BreadcrumbList","@id":"https:\/\/profumix.it\/en\/prodotto\/elizabeth-arden-green-tea-scent-100ml-spray-eau-de-toilette-disabled\/#breadcrumb","itemListElement":[{"@type":"ListItem","position":1,"name":"Home","item":"https:\/\/profumix.it\/en\/home\/"},{"@type":"ListItem","position":2,"name":"Shop","item":"https:\/\/profumix.it\/en\/shop\/"},{"@type":"ListItem","position":3,"name":"ELIZABETH ARDEN GREEN TEA CHERRY BLOSSOM SPRAY 100ML SPRAY EDT"}]},{"@type":"WebSite","@id":"https:\/\/profumix.it\/en\/#website","url":"https:\/\/profumix.it\/en\/","name":"Profumix Perfumes","description":"","potentialAction":[{"@type":"SearchAction","target":{"@type":"EntryPoint","urlTemplate":"https:\/\/profumix.it\/en\/?s={search_term_string}"},"query-input":{"@type":"PropertyValueSpecification","valueRequired":true,"valueName":"search_term_string"}}],"inLanguage":"en-US"}]}},"_links":{"self":[{"href":"https:\/\/profumix.it\/en\/wp-json\/wp\/v2\/product\/83475","targetHints":{"allow":["GET"]}}],"collection":[{"href":"https:\/\/profumix.it\/en\/wp-json\/wp\/v2\/product"}],"about":[{"href":"https:\/\/profumix.it\/en\/wp-json\/wp\/v2\/types\/product"}],"replies":[{"embeddable":true,"href":"https:\/\/profumix.it\/en\/wp-json\/wp\/v2\/comments?post=83475"}],"wp:featuredmedia":[{"embeddable":true,"href":"https:\/\/profumix.it\/en\/wp-json\/wp\/v2\/media\/83474"}],"wp:attachment":[{"href":"https:\/\/profumix.it\/en\/wp-json\/wp\/v2\/media?parent=83475"}],"wp:term":[{"taxonomy":"product_brand","embeddable":true,"href":"https:\/\/profumix.it\/en\/wp-json\/wp\/v2\/product_brand?post=83475"},{"taxonomy":"product_cat","embeddable":true,"href":"https:\/\/profumix.it\/en\/wp-json\/wp\/v2\/product_cat?post=83475"},{"taxonomy":"product_tag","embeddable":true,"href":"https:\/\/profumix.it\/en\/wp-json\/wp\/v2\/product_tag?post=83475"}],"curies":[{"name":"wp","href":"https:\/\/api.w.org\/{rel}","templated":true}]}}